{"id":15599,"date":"2024-09-30T18:27:29","date_gmt":"2024-09-30T18:27:29","guid":{"rendered":"https:\/\/elfsight.com\/fr\/?page_id=15599"},"modified":"2025-07-09T17:01:55","modified_gmt":"2025-07-09T17:01:55","slug":"squarespace","status":"publish","type":"page","link":"https:\/\/elfsight.com\/fr\/calculator-form-widget\/squarespace\/","title":{"rendered":"Calculator &#8211; Squarespace"},"content":{"rendered":"<div class=\"application-platform-content-item-description application-platform-content-item\" id=\"description\" data-nav-section=\"description\"> <h2>Int\u00e9grer la calculatrice dans Squarespace avec un plugin Elfsight<\/h2> <p>Le widget Calculatrice offre aux utilisateurs de votre site Web la possibilit\u00e9 de planifier leurs d\u00e9penses , itin\u00e9raires de voyage, proportions de cuisson et bien plus encore concernant votre domaine d&rsquo;activit\u00e9. On peut incorporer des champs sp\u00e9cifiques et des options suppl\u00e9mentaires dans ce widget sur la page, afin que les visiteurs puissent inspecter leurs avantages sans quitter l&rsquo;onglet. La fonctionnalit\u00e9 de logique conditionnelle vous permet de cr\u00e9er des mod\u00e8les universels pour n&rsquo;importe quel sc\u00e9nario et chaque utilisateur.<\/p><p>Des \u00e9l\u00e9ments personnalisables tels que des cases \u00e0 cocher, des curseurs et des menus d\u00e9roulants vous permettent d&rsquo;inclure n&rsquo;importe quel mod\u00e8le de tarification pour certains produits. Par exemple, on peut calculer des pr\u00eats \u00e0 un pourcentage indiqu\u00e9 sur une p\u00e9riode de temps raisonnable. Vous pouvez proposer une location de voiture avec de nombreuses options suppl\u00e9mentaires parmi lesquelles choisir. De m\u00eame, le calculateur est capable de projeter le voyage de vos r\u00eaves \u00e0 condition de prendre en compte le transfert, l\u2019h\u00e9bergement et les meilleures activit\u00e9s. <\/p><p><b>Offrez \u00e0 vos visiteurs une solide exp\u00e9rience de calcul en incorporant le widget de comptage simple\u00a0! <\/b><\/p> <\/div><div class=\"application-platform-content-item-features application-platform-content-item\" id=\"features\" data-nav-section=\"features\"> <h2>Les fonctionnalit\u00e9s de base du widget contiennent<\/h2> <ul><li>Un outil avec une interface simple qui fonctionne avec tout type de comptage<\/li><li>Solutions de champ d&rsquo;op\u00e9rations multiples pour diff\u00e9rents objectifs<\/li><li>Logique conditionnelle pour permettre un comptage m\u00eame d\u00e9taill\u00e9<\/li><li>Mod\u00e8les r\u00e9glables pour commencer facilement<\/li><li>Outil int\u00e9gr\u00e9 qui inspire la prise de d\u00e9cision<\/li><\/ul><p><a href=\"#demo\">Essayez toutes les options de personnalisation dans une d\u00e9mo enti\u00e8rement fonctionnelle<\/a><\/p><\/div> <div class=\"application-platform-content-item-installation  application-platform-content-item\" id=\"installation \" data-nav-section=\"installation \"> <h2>Comment int\u00e9grer la Calculatrice dans ma page Web Squarespace\u00a0?<\/h2><p>Suivez simplement les \u00e9tapes d\u00e9crites ci-dessous pour commencer \u00e0 utiliser le widget.<\/p> <ol><li><b>G\u00e9rer notre configurateur gratuit et commencez \u00e0 cr\u00e9er votre widget personnalis\u00e9. <\/b><br> Choisissez l&rsquo;apparence et les param\u00e8tres personnalis\u00e9s du plugin et enregistrez les modifications. <\/li> <li><b>Recevez votre code unique expos\u00e9 dans la bo\u00eete sur Elfsight Apps. <\/b><br> D\u00e8s que la cr\u00e9ation de votre plugin personnel est termin\u00e9e, copiez le code individuel dans la case qui appara\u00eet et conservez-le pour des occasions ult\u00e9rieures. <\/li> <li><b>Commencez l&rsquo;application du widget sur votre site Squarespace. <\/b><br> Int\u00e9grez le code enregistr\u00e9 r\u00e9cemment dans votre page et appliquez les am\u00e9liorations. <\/li> <li><b>L&rsquo;installation est enti\u00e8rement termin\u00e9e. <\/b><br> Acc\u00e9dez \u00e0 votre page pour inspecter le fonctionnement de l&rsquo;outil. <\/li><\/ol> <p>Si vous avez des questions ou rencontrez des difficult\u00e9s, n&rsquo;h\u00e9sitez pas \u00e0 vous adresser \u00e0 notre \u00e9quipe d&rsquo;assistance. Nos consultants seront ravis de r\u00e9soudre tous les probl\u00e8mes que vous pourriez rencontrer avec le widget. <\/p> <\/div>","protected":false},"excerpt":{"rendered":"","protected":false},"author":9,"featured_media":0,"parent":14325,"menu_order":0,"comment_status":"closed","ping_status":"closed","template":"templates\/template-application-platform.php","meta":{"publish_to_discourse":"","publish_post_category":"","wpdc_auto_publish_overridden":"","wpdc_topic_tags":"","wpdc_pin_topic":"","wpdc_pin_until":"","discourse_post_id":"","discourse_permalink":"","wpdc_publishing_response":"","wpdc_publishing_error":"","footnotes":""},"class_list":["post-15599","page","type-page","status-publish","hentry"],"yoast_head":"<!-- This site is optimized with the Yoast SEO plugin v25.3.1 - https:\/\/yoast.com\/wordpress\/plugins\/seo\/ -->\n<title>Calculatrice Squarespace - Cr\u00e9ez une calculatrice pour votre site Web Squarespace<\/title>\n<meta name=\"description\" content=\"Cr\u00e9ez une calculatrice en ligne pour Squarespace afin de ma\u00eetriser m\u00eame les calculs d\u00e9taill\u00e9s sur le site Web. Utilisez un simple g\u00e9n\u00e9rateur de calculatrice Squarespace.\" \/>\n<meta name=\"robots\" content=\"index, follow, max-snippet:-1, max-image-preview:large, max-video-preview:-1\" \/>\n<link rel=\"canonical\" href=\"https:\/\/elfsight.com\/fr\/calculator-form-widget\/squarespace\/\" \/>\n<meta property=\"og:locale\" content=\"fr_FR\" \/>\n<meta property=\"og:type\" content=\"article\" \/>\n<meta property=\"og:title\" content=\"Calculatrice Squarespace - Cr\u00e9ez une calculatrice pour votre site Web Squarespace\" \/>\n<meta property=\"og:description\" content=\"Cr\u00e9ez une calculatrice en ligne pour Squarespace afin de ma\u00eetriser m\u00eame les calculs d\u00e9taill\u00e9s sur le site Web. Utilisez un simple g\u00e9n\u00e9rateur de calculatrice Squarespace.\" \/>\n<meta property=\"og:url\" content=\"https:\/\/elfsight.com\/fr\/calculator-form-widget\/squarespace\/\" \/>\n<meta property=\"og:site_name\" content=\"Elfsight FR\" \/>\n<meta property=\"article:modified_time\" content=\"2025-07-09T17:01:55+00:00\" \/>\n<meta name=\"twitter:card\" content=\"summary_large_image\" \/>\n<meta name=\"twitter:label1\" content=\"Dur\u00e9e de lecture estim\u00e9e\" \/>\n\t<meta name=\"twitter:data1\" content=\"2 minutes\" \/>\n<!-- \/ Yoast SEO plugin. -->","yoast_head_json":{"title":"Calculatrice Squarespace - Cr\u00e9ez une calculatrice pour votre site Web Squarespace","description":"Cr\u00e9ez une calculatrice en ligne pour Squarespace afin de ma\u00eetriser m\u00eame les calculs d\u00e9taill\u00e9s sur le site Web. Utilisez un simple g\u00e9n\u00e9rateur de calculatrice Squarespace.","robots":{"index":"index","follow":"follow","max-snippet":"max-snippet:-1","max-image-preview":"max-image-preview:large","max-video-preview":"max-video-preview:-1"},"canonical":"https:\/\/elfsight.com\/fr\/calculator-form-widget\/squarespace\/","og_locale":"fr_FR","og_type":"article","og_title":"Calculatrice Squarespace - Cr\u00e9ez une calculatrice pour votre site Web Squarespace","og_description":"Cr\u00e9ez une calculatrice en ligne pour Squarespace afin de ma\u00eetriser m\u00eame les calculs d\u00e9taill\u00e9s sur le site Web. Utilisez un simple g\u00e9n\u00e9rateur de calculatrice Squarespace.","og_url":"https:\/\/elfsight.com\/fr\/calculator-form-widget\/squarespace\/","og_site_name":"Elfsight FR","article_modified_time":"2025-07-09T17:01:55+00:00","twitter_card":"summary_large_image","twitter_misc":{"Dur\u00e9e de lecture estim\u00e9e":"2 minutes"},"schema":{"@context":"https:\/\/schema.org","@graph":[{"@type":"WebPage","@id":"https:\/\/elfsight.com\/fr\/calculator-form-widget\/squarespace\/","url":"https:\/\/elfsight.com\/fr\/calculator-form-widget\/squarespace\/","name":"Calculatrice Squarespace - Cr\u00e9ez une calculatrice pour votre site Web Squarespace","isPartOf":{"@id":"https:\/\/elfsight.com\/fr\/#website"},"datePublished":"2024-09-30T18:27:29+00:00","dateModified":"2025-07-09T17:01:55+00:00","description":"Cr\u00e9ez une calculatrice en ligne pour Squarespace afin de ma\u00eetriser m\u00eame les calculs d\u00e9taill\u00e9s sur le site Web. Utilisez un simple g\u00e9n\u00e9rateur de calculatrice Squarespace.","breadcrumb":{"@id":"https:\/\/elfsight.com\/fr\/calculator-form-widget\/squarespace\/#breadcrumb"},"inLanguage":"fr-FR","potentialAction":[{"@type":"ReadAction","target":["https:\/\/elfsight.com\/fr\/calculator-form-widget\/squarespace\/"]}]},{"@type":"BreadcrumbList","@id":"https:\/\/elfsight.com\/fr\/calculator-form-widget\/squarespace\/#breadcrumb","itemListElement":[{"@type":"ListItem","position":1,"name":"Home","item":"https:\/\/elfsight.com\/fr\/"},{"@type":"ListItem","position":2,"name":"Calculator","item":"https:\/\/elfsight.com\/fr\/calculator-form-widget\/"},{"@type":"ListItem","position":3,"name":"Calculator &#8211; Squarespace"}]},{"@type":"WebSite","@id":"https:\/\/elfsight.com\/fr\/#website","url":"https:\/\/elfsight.com\/fr\/","name":"Elfsight FR","description":"","potentialAction":[{"@type":"SearchAction","target":{"@type":"EntryPoint","urlTemplate":"https:\/\/elfsight.com\/fr\/?s={search_term_string}"},"query-input":{"@type":"PropertyValueSpecification","valueRequired":true,"valueName":"search_term_string"}}],"inLanguage":"fr-FR"}]}},"meta_box":{"industry":"","seo_heading":"","heading":"","description":"","cta_heading":"","cta_description":"","application":"14318","h1":"Calculateur d'espace carr\u00e9","h1_caption":"Fournissez une calculatrice personnalis\u00e9e \u00e0 vos visiteurs, offrant des solutions rapides pour des \u00e9l\u00e9ments tels que les prix, les remises ou le calcul du retour sur investissement sur votre site Web Squarespace, sans effort.","application_category":[],"applications_title":"","applications_request_title":"","applications_request_button_text":"","hero_text":"","hero_video":"","hero_video_schema_markup":"","selling_points_title":"","selling_points_caption":"","selling_points":[],"selling_points_cta_text":"","features_title":"","features":"","ed_cta_examples_text":"","ed_cta_examples_hidden":"","ed_cta_demo_text":"","ed_cta_demo_hidden":"","why_caption":"","why_editor_title":"","why_editor_text":"","why_team_title":"","why_team_text":"","why_service_title":"","why_service_text":"","template_catalog_visible":"","template_catalog_title":"","template_catalog_text":"","template_catalog_categories_visible":"","demo_title":"Cr\u00e9ez votre plugin Calculatrice","demo_caption":"Configurez votre calculatrice et ajoutez-la gratuitement \u00e0 votre site Web Squarespace\u00a0!","default_faq_hidden":"","app_template_category":[],"platform":"361","template_public_id":"","codecanyon_url":"","codecanyon_item_id":"","codecanyon_price":"","pricing_caption":"","pricing_elfsight_apps_hide_column":"","pricing_elfsight_apps_url":"","pricing_codecanyon_price_caption":"","integration_category":[],"integration_request_title":"","integration_request_cta":"","integration_platform":"","integrations":[],"platform_category":[],"video_schema_markup":"","price":"\u00e0 partir de 0$ \/ mois","trial":"","benefits":[{"text":"Service d'installation gratuit"},{"text":"Service client professionnel"},{"text":"Garantie de remboursement de 14 jours"},{"text":"Mise \u00e0 jour constante"}],"button_url":"#demo","button_target_blank":"","button_nofollow":"","attributes":[{"name":"Installations","content":"50,000 - 100,000"},{"name":"Sensible","content":"Oui"},{"name":"Navigateurs compatibles","content":"Firefox, Safari, Opera, Chrome, Edge"}],"tags":[],"tags_disable_links":"","hide_more_platforms":"","video_object":"","demo_hide_cta":"","demo_hide_cloud_options":"","pricing_title":"","pricing":[{"pricing_icon":"platform","pricing_title":"Elfsight Apps","pricing_title_caption":"Solution num\u00e9rique multiplateforme","pricing_price":"\u00e0 partir de 0$ \/ mois","pricing_price_caption":"commencez avec un forfait gratuit","pricing_benefits":[{"text":"Sites Web illimit\u00e9s"},{"text":"Support client 24h\/24 et 7j\/7 et bien document\u00e9"},{"text":"Assistance \u00e0 l'installation gratuite"}],"pricing_button_text":"Ajouter au site Web","pricing_button_url":"#demo"}],"related_apps_title":"","related_apps_hidden":"","author":"","image":[],"title":"","job":"","social_networks":[]},"_links":{"self":[{"href":"https:\/\/elfsight.com\/fr\/wp-json\/wp\/v2\/pages\/15599","targetHints":{"allow":["GET"]}}],"collection":[{"href":"https:\/\/elfsight.com\/fr\/wp-json\/wp\/v2\/pages"}],"about":[{"href":"https:\/\/elfsight.com\/fr\/wp-json\/wp\/v2\/types\/page"}],"author":[{"embeddable":true,"href":"https:\/\/elfsight.com\/fr\/wp-json\/wp\/v2\/users\/9"}],"replies":[{"embeddable":true,"href":"https:\/\/elfsight.com\/fr\/wp-json\/wp\/v2\/comments?post=15599"}],"version-history":[{"count":1,"href":"https:\/\/elfsight.com\/fr\/wp-json\/wp\/v2\/pages\/15599\/revisions"}],"predecessor-version":[{"id":15603,"href":"https:\/\/elfsight.com\/fr\/wp-json\/wp\/v2\/pages\/15599\/revisions\/15603"}],"up":[{"embeddable":true,"href":"https:\/\/elfsight.com\/fr\/wp-json\/wp\/v2\/pages\/14325"}],"wp:attachment":[{"href":"https:\/\/elfsight.com\/fr\/wp-json\/wp\/v2\/media?parent=15599"}],"curies":[{"name":"wp","href":"https:\/\/api.w.org\/{rel}","templated":true}]}}