{"id":15598,"date":"2024-09-30T18:27:29","date_gmt":"2024-09-30T18:27:29","guid":{"rendered":"https:\/\/elfsight.com\/fr\/?page_id=15598"},"modified":"2025-07-09T17:02:24","modified_gmt":"2025-07-09T17:02:24","slug":"wix","status":"publish","type":"page","link":"https:\/\/elfsight.com\/fr\/calculator-form-widget\/wix\/","title":{"rendered":"Calculator &#8211; Wix"},"content":{"rendered":"<div class=\"application-platform-content-item-description application-platform-content-item\" id=\"description\" data-nav-section=\"description\"> <h2>Int\u00e9grer la calculatrice dans Wix avec une application Elfsight<\/h2> <p>Le widget Calculatrice permet aux utilisateurs de votre site Web d&rsquo;avoir la possibilit\u00e9 de planifier leurs co\u00fbts. , itin\u00e9raires de voyage, proportions de cuisson et bien plus encore selon votre domaine d&rsquo;activit\u00e9. Vous pouvez ajouter des champs sp\u00e9cifiques et des options suppl\u00e9mentaires \u00e0 ce widget sur la page, afin que les utilisateurs puissent analyser les avantages sans quitter l&rsquo;onglet. La fonctionnalit\u00e9 de logique conditionnelle vous permet de cr\u00e9er des mod\u00e8les universels pour votre sc\u00e9nario et chaque client.<\/p><p>Des \u00e9l\u00e9ments g\u00e9rables tels que des cases \u00e0 cocher, des curseurs et des menus d\u00e9roulants vous permettent d&rsquo;inclure n&rsquo;importe quel mod\u00e8le de cr\u00e9ation de prix pour diff\u00e9rents produits. Par exemple, essayez de calculer des pr\u00eats avec un int\u00e9r\u00eat d\u00e9clar\u00e9 pour une dur\u00e9e convenable. Vous pouvez proposer une location de voiture avec de nombreux services suppl\u00e9mentaires parmi lesquels choisir. De m\u00eame, la calculatrice est capable de planifier le voyage de vos r\u00eaves en calculant le vol, le s\u00e9jour et les meilleurs \u00e9v\u00e9nements. <\/p><p><b>Vos clients appr\u00e9cieront une exp\u00e9rience de calcul pratique, en int\u00e9grant le widget de comptage orient\u00e9 utilisateur\u00a0! <\/b><\/p><\/div> <div class=\"application-platform-content-item-features application-platform-content-item\" id=\"features\" data-nav-section=\"features\"> <h2>Les fonctionnalit\u00e9s cl\u00e9s du widget contiennent<\/h2> <ul><li>Solution avec une interface claire qui permet toutes les op\u00e9rations<\/li> <li>Plusieurs types de champs de comptage pour diverses id\u00e9es<\/li><li>Fonctionnalit\u00e9 de logique conditionnelle qui permet m\u00eame des calculs complexes<\/li><li>Mod\u00e8les de d\u00e9marrage rapide pour un d\u00e9marrage en douceur<\/li><li>Outil int\u00e9gr\u00e9 pour am\u00e9liorez la prise de d\u00e9cision<\/li><\/ul><p><a href=\"#demo\">Essayez simplement cette d\u00e9mo pour avoir une id\u00e9e compl\u00e8te<\/a><\/p><\/div> <div class=\"application-platform-content-item- installation application-platform-content-item\" id=\" installation\" data-nav-section=\" installation\"> <h2>Comment puis-je int\u00e9grer la Calculatrice dans mon site Web Wix\u00a0?<\/h2><p>Appliquez simplement les instructions ci-dessous pour activer l&rsquo;outil.<\/p> <ol><li><b>G\u00e9rez notre \u00e9diteur gratuit et commencez \u00e0 cr\u00e9er votre instrument sur mesure. <\/b><br> Choisissez l&rsquo;apparence et les options pr\u00e9f\u00e9rables du widget et appliquez les modifications. <\/li> <li><b>Acqu\u00e9rir le code unique expos\u00e9 dans le formulaire sp\u00e9cial sur Elfsight Apps. <\/b><br> D\u00e8s que la configuration de votre plugin personnel est termin\u00e9e, copiez le code individuel dans la fen\u00eatre contextuelle qui appara\u00eet et conservez-le pour une utilisation future. <\/li> <li><b>Commencez l&rsquo;utilisation du widget sur la page Web Wix. <\/b><br> Int\u00e9grez le code que vous avez copi\u00e9 auparavant dans votre page d&rsquo;accueil et appliquez les modifications. <\/li> <li><b>Vous avez termin\u00e9\u00a0! L&rsquo;int\u00e9gration est pleinement r\u00e9alis\u00e9e. <\/b><br> Acc\u00e9dez \u00e0 votre page pour v\u00e9rifier les performances du plugin. <\/li><\/ol> <p>En cas de questions ou de probl\u00e8mes, n&rsquo;h\u00e9sitez pas \u00e0 contacter notre \u00e9quipe d&rsquo;assistance. Nos consultants seront ravis de r\u00e9soudre toutes les difficult\u00e9s que vous pourriez rencontrer avec le plugin. <\/p><\/div> ","protected":false},"excerpt":{"rendered":"","protected":false},"author":9,"featured_media":0,"parent":14325,"menu_order":0,"comment_status":"closed","ping_status":"closed","template":"templates\/template-application-platform.php","meta":{"publish_to_discourse":"","publish_post_category":"","wpdc_auto_publish_overridden":"","wpdc_topic_tags":"","wpdc_pin_topic":"","wpdc_pin_until":"","discourse_post_id":"","discourse_permalink":"","wpdc_publishing_response":"","wpdc_publishing_error":"","footnotes":""},"class_list":["post-15598","page","type-page","status-publish","hentry"],"yoast_head":"<!-- This site is optimized with the Yoast SEO plugin v25.3.1 - https:\/\/yoast.com\/wordpress\/plugins\/seo\/ -->\n<title>Wix Calculator Builder - Cr\u00e9ez une calculatrice pour votre site Web Wix<\/title>\n<meta name=\"description\" content=\"Ajoutez une calculatrice personnalisable pour simplifier les calculs sur le site Web. Utilisez un g\u00e9n\u00e9rateur Wix Calculator gratuit et simple.\" \/>\n<meta name=\"robots\" content=\"index, follow, max-snippet:-1, max-image-preview:large, max-video-preview:-1\" \/>\n<link rel=\"canonical\" href=\"https:\/\/elfsight.com\/fr\/calculator-form-widget\/wix\/\" \/>\n<meta property=\"og:locale\" content=\"fr_FR\" \/>\n<meta property=\"og:type\" content=\"article\" \/>\n<meta property=\"og:title\" content=\"Wix Calculator Builder - Cr\u00e9ez une calculatrice pour votre site Web Wix\" \/>\n<meta property=\"og:description\" content=\"Ajoutez une calculatrice personnalisable pour simplifier les calculs sur le site Web. Utilisez un g\u00e9n\u00e9rateur Wix Calculator gratuit et simple.\" \/>\n<meta property=\"og:url\" content=\"https:\/\/elfsight.com\/fr\/calculator-form-widget\/wix\/\" \/>\n<meta property=\"og:site_name\" content=\"Elfsight FR\" \/>\n<meta property=\"article:modified_time\" content=\"2025-07-09T17:02:24+00:00\" \/>\n<meta name=\"twitter:card\" content=\"summary_large_image\" \/>\n<meta name=\"twitter:label1\" content=\"Dur\u00e9e de lecture estim\u00e9e\" \/>\n\t<meta name=\"twitter:data1\" content=\"2 minutes\" \/>\n<!-- \/ Yoast SEO plugin. -->","yoast_head_json":{"title":"Wix Calculator Builder - Cr\u00e9ez une calculatrice pour votre site Web Wix","description":"Ajoutez une calculatrice personnalisable pour simplifier les calculs sur le site Web. Utilisez un g\u00e9n\u00e9rateur Wix Calculator gratuit et simple.","robots":{"index":"index","follow":"follow","max-snippet":"max-snippet:-1","max-image-preview":"max-image-preview:large","max-video-preview":"max-video-preview:-1"},"canonical":"https:\/\/elfsight.com\/fr\/calculator-form-widget\/wix\/","og_locale":"fr_FR","og_type":"article","og_title":"Wix Calculator Builder - Cr\u00e9ez une calculatrice pour votre site Web Wix","og_description":"Ajoutez une calculatrice personnalisable pour simplifier les calculs sur le site Web. Utilisez un g\u00e9n\u00e9rateur Wix Calculator gratuit et simple.","og_url":"https:\/\/elfsight.com\/fr\/calculator-form-widget\/wix\/","og_site_name":"Elfsight FR","article_modified_time":"2025-07-09T17:02:24+00:00","twitter_card":"summary_large_image","twitter_misc":{"Dur\u00e9e de lecture estim\u00e9e":"2 minutes"},"schema":{"@context":"https:\/\/schema.org","@graph":[{"@type":"WebPage","@id":"https:\/\/elfsight.com\/fr\/calculator-form-widget\/wix\/","url":"https:\/\/elfsight.com\/fr\/calculator-form-widget\/wix\/","name":"Wix Calculator Builder - Cr\u00e9ez une calculatrice pour votre site Web Wix","isPartOf":{"@id":"https:\/\/elfsight.com\/fr\/#website"},"datePublished":"2024-09-30T18:27:29+00:00","dateModified":"2025-07-09T17:02:24+00:00","description":"Ajoutez une calculatrice personnalisable pour simplifier les calculs sur le site Web. Utilisez un g\u00e9n\u00e9rateur Wix Calculator gratuit et simple.","breadcrumb":{"@id":"https:\/\/elfsight.com\/fr\/calculator-form-widget\/wix\/#breadcrumb"},"inLanguage":"fr-FR","potentialAction":[{"@type":"ReadAction","target":["https:\/\/elfsight.com\/fr\/calculator-form-widget\/wix\/"]}]},{"@type":"BreadcrumbList","@id":"https:\/\/elfsight.com\/fr\/calculator-form-widget\/wix\/#breadcrumb","itemListElement":[{"@type":"ListItem","position":1,"name":"Home","item":"https:\/\/elfsight.com\/fr\/"},{"@type":"ListItem","position":2,"name":"Calculator","item":"https:\/\/elfsight.com\/fr\/calculator-form-widget\/"},{"@type":"ListItem","position":3,"name":"Calculator &#8211; Wix"}]},{"@type":"WebSite","@id":"https:\/\/elfsight.com\/fr\/#website","url":"https:\/\/elfsight.com\/fr\/","name":"Elfsight FR","description":"","potentialAction":[{"@type":"SearchAction","target":{"@type":"EntryPoint","urlTemplate":"https:\/\/elfsight.com\/fr\/?s={search_term_string}"},"query-input":{"@type":"PropertyValueSpecification","valueRequired":true,"valueName":"search_term_string"}}],"inLanguage":"fr-FR"}]}},"meta_box":{"industry":"","seo_heading":"","heading":"","description":"","cta_heading":"","cta_description":"","application":"14318","h1":"G\u00e9n\u00e9rateur de calculatrice Wix","h1_caption":"Fournissez une calculatrice personnalis\u00e9e \u00e0 vos visiteurs, offrant des solutions rapides pour des \u00e9l\u00e9ments tels que les prix, les remises ou les calculs du retour sur investissement sur votre site Web Wix, sans effort.","application_category":[],"applications_title":"","applications_request_title":"","applications_request_button_text":"","hero_text":"","hero_video":"","hero_video_schema_markup":"","selling_points_title":"","selling_points_caption":"","selling_points":[],"selling_points_cta_text":"","features_title":"","features":"","ed_cta_examples_text":"","ed_cta_examples_hidden":"","ed_cta_demo_text":"","ed_cta_demo_hidden":"","why_caption":"","why_editor_title":"","why_editor_text":"","why_team_title":"","why_team_text":"","why_service_title":"","why_service_text":"","template_catalog_visible":"","template_catalog_title":"","template_catalog_text":"","template_catalog_categories_visible":"","demo_title":"Cr\u00e9ez votre application Calculatrice","demo_caption":"Configurez votre calculatrice et ajoutez-la \u00e0 votre site Wix gratuitement !","default_faq_hidden":"","app_template_category":[],"platform":"345","template_public_id":"","codecanyon_url":"","codecanyon_item_id":"","codecanyon_price":"","pricing_caption":"","pricing_elfsight_apps_hide_column":"","pricing_elfsight_apps_url":"","pricing_codecanyon_price_caption":"","integration_category":[],"integration_request_title":"","integration_request_cta":"","integration_platform":"","integrations":[],"platform_category":[],"video_schema_markup":"","price":"\u00e0 partir de 0$ \/ mois","trial":"","benefits":[{"text":"Aide \u00e0 l'installation gratuite"},{"text":"Service client comp\u00e9tent"},{"text":"Garantie de remboursement de 14 jours"},{"text":"Mises \u00e0 jour gratuites \u00e0 vie"}],"button_url":"#demo","button_target_blank":"","button_nofollow":"","attributes":[{"name":"Installations","content":"50,000 - 100,000"},{"name":"Sensible","content":"Oui"},{"name":"Navigateurs compatibles","content":"Firefox, Safari, Opera, Chrome, Edge"}],"tags":[],"tags_disable_links":"","hide_more_platforms":"","video_object":"","demo_hide_cta":"","demo_hide_cloud_options":"","pricing_title":"","pricing":[{"pricing_icon":"platform","pricing_title":"Elfsight Apps","pricing_title_caption":"Logiciel multiplateforme adapt\u00e9 \u00e0 n'importe quel site","pricing_price":"\u00e0 partir de 0$ \/ mois","pricing_price_caption":"commencez avec un forfait gratuit","pricing_benefits":[{"text":"Domaines illimit\u00e9s"},{"text":"Support client rapide"},{"text":"Aide \u00e0 l'installation gratuite"}],"pricing_button_text":"Ajouter au site Web","pricing_button_url":"#demo"}],"related_apps_title":"","related_apps_hidden":"","author":"","image":[],"title":"","job":"","social_networks":[]},"_links":{"self":[{"href":"https:\/\/elfsight.com\/fr\/wp-json\/wp\/v2\/pages\/15598","targetHints":{"allow":["GET"]}}],"collection":[{"href":"https:\/\/elfsight.com\/fr\/wp-json\/wp\/v2\/pages"}],"about":[{"href":"https:\/\/elfsight.com\/fr\/wp-json\/wp\/v2\/types\/page"}],"author":[{"embeddable":true,"href":"https:\/\/elfsight.com\/fr\/wp-json\/wp\/v2\/users\/9"}],"replies":[{"embeddable":true,"href":"https:\/\/elfsight.com\/fr\/wp-json\/wp\/v2\/comments?post=15598"}],"version-history":[{"count":1,"href":"https:\/\/elfsight.com\/fr\/wp-json\/wp\/v2\/pages\/15598\/revisions"}],"predecessor-version":[{"id":15602,"href":"https:\/\/elfsight.com\/fr\/wp-json\/wp\/v2\/pages\/15598\/revisions\/15602"}],"up":[{"embeddable":true,"href":"https:\/\/elfsight.com\/fr\/wp-json\/wp\/v2\/pages\/14325"}],"wp:attachment":[{"href":"https:\/\/elfsight.com\/fr\/wp-json\/wp\/v2\/media?parent=15598"}],"curies":[{"name":"wp","href":"https:\/\/api.w.org\/{rel}","templated":true}]}}