{"id":15596,"date":"2024-09-30T18:27:29","date_gmt":"2024-09-30T18:27:29","guid":{"rendered":"https:\/\/elfsight.com\/fr\/?page_id=15596"},"modified":"2025-07-09T17:02:10","modified_gmt":"2025-07-09T17:02:10","slug":"webflow","status":"publish","type":"page","link":"https:\/\/elfsight.com\/fr\/calculator-form-widget\/webflow\/","title":{"rendered":"Calculator &#8211; Webflow"},"content":{"rendered":"<div class=\"application-platform-content-item-description application-platform-content-item\" id=\"description\" data-nav-section=\"description\"> <h2>Int\u00e9grer la calculatrice dans Webflow avec un widget Elfsight<\/h2> <p>Le widget Calculatrice donne aux utilisateurs de votre site Web la possibilit\u00e9 de planifier leurs co\u00fbts, itin\u00e9raires de voyage, proportions de cuisson et bien plus encore selon votre domaine d&rsquo;activit\u00e9. On peut ajouter divers champs et options suppl\u00e9mentaires \u00e0 ce widget int\u00e9gr\u00e9, afin que les clients puissent voir les avantages sans quitter l&rsquo;onglet. La fonctionnalit\u00e9 de logique conditionnelle vous aide \u00e0 cr\u00e9er des mod\u00e8les universels pour chaque sc\u00e9nario et chaque utilisateur.<\/p><p>Des \u00e9l\u00e9ments g\u00e9rables tels que des cases \u00e0 cocher, des curseurs et des menus d\u00e9roulants vous permettent d&rsquo;inclure n&rsquo;importe quel aspect de la tarification pour certaines offres. Par exemple, on peut calculer des pr\u00eats avec un int\u00e9r\u00eat d\u00e9clar\u00e9 pour une dur\u00e9e convenable. Vous pouvez proposer une location de voiture avec de nombreux ajustements suppl\u00e9mentaires parmi lesquels choisir. De m\u00eame, le calculateur peut projeter le voyage de vos r\u00eaves \u00e0 condition que le transfert, l\u2019h\u00e9bergement et les meilleures activit\u00e9s soient calcul\u00e9s. <\/p><p><b>Impressionnez vos clients avec une exp\u00e9rience de calcul parfaite, en int\u00e9grant le puissant widget de comptage\u00a0! <\/b><\/p><\/div> <div class=\"application-platform-content-item-features application-platform-content-item\" id=\"features\" data-nav-section=\"features\"> <h2>Voici les principales fonctionnalit\u00e9s du widget\u00a0:<\/h2> <ul><li>Outil avec une interface conviviale qui convient \u00e0 tous les calculs<\/li><li>De nombreux types de champs de calcul pour divers sc\u00e9narios<\/li><li>Fonctionnalit\u00e9 de logique conditionnelle qui simplifie m\u00eame le comptage \u00e0 plusieurs \u00e9tapes<\/li><li>Mod\u00e8les polyvalents pour un D\u00e9marrage en douceur<\/li><li>Solution int\u00e9gr\u00e9e pour faciliter la prise de d\u00e9cision<\/li><\/ul><p><a href=\"#demo\">Essayez toutes les fonctionnalit\u00e9s de personnalisation dans une d\u00e9mo 100\u00a0% fonctionnelle<\/a><\/p><\/div> <div class=\"application-platform-content-item-installation application-platform-content-item\" id=\"installation\" data-nav-section=\"installation\"> <h2>Comment int\u00e9grer Calculatrice dans mes pages Webflow\u00a0?<\/h2> <p>Suivez simplement les instructions ci-dessous pour int\u00e9grer le outil.<\/p> <ol><li><b>Ouvrez notre d\u00e9mo gratuite et commencez \u00e0 former votre instrument sur mesure. <\/b><br> D\u00e9terminez le formulaire personnalis\u00e9 et les param\u00e8tres du widget et appliquez les modifications. <\/li> <li><b>Obtenez votre code individuel qui est affich\u00e9 dans la case sur les applications Elfsight. <\/b><br> Juste apr\u00e8s la cr\u00e9ation de votre widget personnel, copiez le code exclusif dans la fen\u00eatre qui appara\u00eet et enregistrez-le pour d&rsquo;autres occasions. <\/li> <li><b>Initiez l&rsquo;utilisation de l&rsquo;outil sur votre site Web Webflow. <\/b><br> Ajoutez le code que vous avez copi\u00e9 auparavant dans votre page et enregistrez les ajustements. <\/li> <li><b>L&rsquo;installation s&rsquo;est termin\u00e9e avec succ\u00e8s. <\/b><br> Visitez votre site pour observer le fonctionnement du widget. <\/li><\/ol> <p>Si vous avez des questions ou rencontrez des probl\u00e8mes, n&rsquo;h\u00e9sitez pas \u00e0 contacter notre \u00e9quipe d&rsquo;assistance. Nos sp\u00e9cialistes sont impatients de vous aider avec tous les probl\u00e8mes que vous pourriez rencontrer avec le produit. <\/p><\/div><div class=\"faq\" data-component=\"FAQ\"><div class=\"faq-item\">\r\n\t\t\t\t\t<div class=\"faq-item-question\">\r\n\t\t\t\t\t\t<h3 class=\"faq-item-question-text\">Existe-t-il un exemple r\u00e9el de calculatrice sur Webflow ?<\/h3>\r\n\r\n\t\t\t\t\t\t<div class=\"faq-item-question-icon\"><\/div>\r\n\t\t\t\t\t<\/div>\r\n\r\n\t\t\t\t\t<div class=\"faq-item-answer\">\r\n\t\t\t\t\t\t<div class=\"faq-item-answer-text\">Notre site Web Webflow est un endroit id\u00e9al pour voir notre <a href=\"https:\/\/webflow .com\/made-in-webflow\/website\/webflow-calculator-widget-elfsight\" target=\"_blank\" rel=\"noreferrer noopener\">Int\u00e9grations de calculatrice<\/a> en action. Nous avons quelques exemples visuels qui donnent vie au produit. <\/div>\r\n\t\t\t\t\t<\/div>\r\n\t\t\t\t<\/div><\/div>","protected":false},"excerpt":{"rendered":"","protected":false},"author":9,"featured_media":0,"parent":14325,"menu_order":0,"comment_status":"closed","ping_status":"closed","template":"templates\/template-application-platform.php","meta":{"publish_to_discourse":"","publish_post_category":"","wpdc_auto_publish_overridden":"","wpdc_topic_tags":"","wpdc_pin_topic":"","wpdc_pin_until":"","discourse_post_id":"","discourse_permalink":"","wpdc_publishing_response":"","wpdc_publishing_error":"","footnotes":""},"class_list":["post-15596","page","type-page","status-publish","hentry"],"yoast_head":"<!-- This site is optimized with the Yoast SEO plugin v25.3.1 - https:\/\/yoast.com\/wordpress\/plugins\/seo\/ -->\n<title>Calculateur Webflow - Cr\u00e9er un calculateur de prix pour Webflow<\/title>\n<meta name=\"description\" content=\"Utilisez un g\u00e9n\u00e9rateur Webflow Calculator pour int\u00e9grer un simple widget dans votre site Web. Am\u00e9liorez votre Webflow avec un calculateur de prix ou d&#039;estimation.\" \/>\n<meta name=\"robots\" content=\"index, follow, max-snippet:-1, max-image-preview:large, max-video-preview:-1\" \/>\n<link rel=\"canonical\" href=\"https:\/\/elfsight.com\/fr\/calculator-form-widget\/webflow\/\" \/>\n<meta property=\"og:locale\" content=\"fr_FR\" \/>\n<meta property=\"og:type\" content=\"article\" \/>\n<meta property=\"og:title\" content=\"Calculateur Webflow - Cr\u00e9er un calculateur de prix pour Webflow\" \/>\n<meta property=\"og:description\" content=\"Utilisez un g\u00e9n\u00e9rateur Webflow Calculator pour int\u00e9grer un simple widget dans votre site Web. Am\u00e9liorez votre Webflow avec un calculateur de prix ou d&#039;estimation.\" \/>\n<meta property=\"og:url\" content=\"https:\/\/elfsight.com\/fr\/calculator-form-widget\/webflow\/\" \/>\n<meta property=\"og:site_name\" content=\"Elfsight FR\" \/>\n<meta property=\"article:modified_time\" content=\"2025-07-09T17:02:10+00:00\" \/>\n<meta name=\"twitter:card\" content=\"summary_large_image\" \/>\n<meta name=\"twitter:label1\" content=\"Dur\u00e9e de lecture estim\u00e9e\" \/>\n\t<meta name=\"twitter:data1\" content=\"3 minutes\" \/>\n<!-- \/ Yoast SEO plugin. -->","yoast_head_json":{"title":"Calculateur Webflow - Cr\u00e9er un calculateur de prix pour Webflow","description":"Utilisez un g\u00e9n\u00e9rateur Webflow Calculator pour int\u00e9grer un simple widget dans votre site Web. Am\u00e9liorez votre Webflow avec un calculateur de prix ou d'estimation.","robots":{"index":"index","follow":"follow","max-snippet":"max-snippet:-1","max-image-preview":"max-image-preview:large","max-video-preview":"max-video-preview:-1"},"canonical":"https:\/\/elfsight.com\/fr\/calculator-form-widget\/webflow\/","og_locale":"fr_FR","og_type":"article","og_title":"Calculateur Webflow - Cr\u00e9er un calculateur de prix pour Webflow","og_description":"Utilisez un g\u00e9n\u00e9rateur Webflow Calculator pour int\u00e9grer un simple widget dans votre site Web. Am\u00e9liorez votre Webflow avec un calculateur de prix ou d'estimation.","og_url":"https:\/\/elfsight.com\/fr\/calculator-form-widget\/webflow\/","og_site_name":"Elfsight FR","article_modified_time":"2025-07-09T17:02:10+00:00","twitter_card":"summary_large_image","twitter_misc":{"Dur\u00e9e de lecture estim\u00e9e":"3 minutes"},"schema":{"@context":"https:\/\/schema.org","@graph":[{"@type":"WebPage","@id":"https:\/\/elfsight.com\/fr\/calculator-form-widget\/webflow\/","url":"https:\/\/elfsight.com\/fr\/calculator-form-widget\/webflow\/","name":"Calculateur Webflow - Cr\u00e9er un calculateur de prix pour Webflow","isPartOf":{"@id":"https:\/\/elfsight.com\/fr\/#website"},"datePublished":"2024-09-30T18:27:29+00:00","dateModified":"2025-07-09T17:02:10+00:00","description":"Utilisez un g\u00e9n\u00e9rateur Webflow Calculator pour int\u00e9grer un simple widget dans votre site Web. Am\u00e9liorez votre Webflow avec un calculateur de prix ou d'estimation.","breadcrumb":{"@id":"https:\/\/elfsight.com\/fr\/calculator-form-widget\/webflow\/#breadcrumb"},"inLanguage":"fr-FR","potentialAction":[{"@type":"ReadAction","target":["https:\/\/elfsight.com\/fr\/calculator-form-widget\/webflow\/"]}]},{"@type":"BreadcrumbList","@id":"https:\/\/elfsight.com\/fr\/calculator-form-widget\/webflow\/#breadcrumb","itemListElement":[{"@type":"ListItem","position":1,"name":"Home","item":"https:\/\/elfsight.com\/fr\/"},{"@type":"ListItem","position":2,"name":"Calculator","item":"https:\/\/elfsight.com\/fr\/calculator-form-widget\/"},{"@type":"ListItem","position":3,"name":"Calculator &#8211; Webflow"}]},{"@type":"WebSite","@id":"https:\/\/elfsight.com\/fr\/#website","url":"https:\/\/elfsight.com\/fr\/","name":"Elfsight FR","description":"","potentialAction":[{"@type":"SearchAction","target":{"@type":"EntryPoint","urlTemplate":"https:\/\/elfsight.com\/fr\/?s={search_term_string}"},"query-input":{"@type":"PropertyValueSpecification","valueRequired":true,"valueName":"search_term_string"}}],"inLanguage":"fr-FR"}]}},"meta_box":{"industry":"","seo_heading":"","heading":"","description":"","cta_heading":"","cta_description":"","application":"14318","h1":"G\u00e9n\u00e9rateur de calculateur de flux Web","h1_caption":"Fournissez une calculatrice personnalis\u00e9e \u00e0 vos visiteurs, offrant des solutions rapides pour des \u00e9l\u00e9ments tels que les prix, les remises ou les calculs du retour sur investissement dans votre site Web Webflow sans effort.","application_category":[],"applications_title":"","applications_request_title":"","applications_request_button_text":"","hero_text":"","hero_video":"","hero_video_schema_markup":"","selling_points_title":"","selling_points_caption":"","selling_points":[],"selling_points_cta_text":"","features_title":"","features":"","ed_cta_examples_text":"","ed_cta_examples_hidden":"","ed_cta_demo_text":"","ed_cta_demo_hidden":"","why_caption":"","why_editor_title":"","why_editor_text":"","why_team_title":"","why_team_text":"","why_service_title":"","why_service_text":"","template_catalog_visible":"","template_catalog_title":"","template_catalog_text":"","template_catalog_categories_visible":"","demo_title":"Cr\u00e9ez votre widget Calculatrice","demo_caption":"Configurez votre calculatrice et ajoutez-la \u00e0 votre site Web Webflow gratuitement\u00a0!","default_faq_hidden":"","app_template_category":[],"platform":"362","template_public_id":"","codecanyon_url":"","codecanyon_item_id":"","codecanyon_price":"","pricing_caption":"","pricing_elfsight_apps_hide_column":"","pricing_elfsight_apps_url":"","pricing_codecanyon_price_caption":"","integration_category":[],"integration_request_title":"","integration_request_cta":"","integration_platform":"","integrations":[],"platform_category":[],"video_schema_markup":"","price":"\u00e0 partir de 0$ \/ mois","trial":"","benefits":[{"text":"Aide \u00e0 l'installation gratuite"},{"text":"Service client professionnel"},{"text":"Garantie de remboursement de 14 jours"},{"text":"D\u00e9veloppement continu"}],"button_url":"#demo","button_target_blank":"","button_nofollow":"","attributes":[{"name":"Installations","content":"50,000 - 100,000"},{"name":"Sensible","content":"Oui"},{"name":"Navigateurs compatibles","content":"Firefox, Safari, Opera, Chrome, Edge"}],"tags":[],"tags_disable_links":"","hide_more_platforms":"","video_object":"","demo_hide_cta":"","demo_hide_cloud_options":"","pricing_title":"","pricing":[{"pricing_icon":"platform","pricing_title":"Elfsight Apps","pricing_title_caption":"Version ind\u00e9pendante de la plateforme","pricing_price":"\u00e0 partir de 0$ \/ mois","pricing_price_caption":"commencez avec un forfait gratuit","pricing_benefits":[{"text":"Sites Web illimit\u00e9s"},{"text":"Support client d\u00e9di\u00e9"},{"text":"Service d'installation gratuit"}],"pricing_button_text":"Ajouter au site Web","pricing_button_url":"#demo"}],"related_apps_title":"","related_apps_hidden":"","author":"","image":[],"title":"","job":"","social_networks":[]},"_links":{"self":[{"href":"https:\/\/elfsight.com\/fr\/wp-json\/wp\/v2\/pages\/15596","targetHints":{"allow":["GET"]}}],"collection":[{"href":"https:\/\/elfsight.com\/fr\/wp-json\/wp\/v2\/pages"}],"about":[{"href":"https:\/\/elfsight.com\/fr\/wp-json\/wp\/v2\/types\/page"}],"author":[{"embeddable":true,"href":"https:\/\/elfsight.com\/fr\/wp-json\/wp\/v2\/users\/9"}],"replies":[{"embeddable":true,"href":"https:\/\/elfsight.com\/fr\/wp-json\/wp\/v2\/comments?post=15596"}],"version-history":[{"count":1,"href":"https:\/\/elfsight.com\/fr\/wp-json\/wp\/v2\/pages\/15596\/revisions"}],"predecessor-version":[{"id":15600,"href":"https:\/\/elfsight.com\/fr\/wp-json\/wp\/v2\/pages\/15596\/revisions\/15600"}],"up":[{"embeddable":true,"href":"https:\/\/elfsight.com\/fr\/wp-json\/wp\/v2\/pages\/14325"}],"wp:attachment":[{"href":"https:\/\/elfsight.com\/fr\/wp-json\/wp\/v2\/media?parent=15596"}],"curies":[{"name":"wp","href":"https:\/\/api.w.org\/{rel}","templated":true}]}}