{"id":15589,"date":"2024-09-30T18:27:29","date_gmt":"2024-09-30T18:27:29","guid":{"rendered":"https:\/\/elfsight.com\/fr\/?page_id=15589"},"modified":"2025-07-09T17:00:45","modified_gmt":"2025-07-09T17:00:45","slug":"google-sites","status":"publish","type":"page","link":"https:\/\/elfsight.com\/fr\/calculator-form-widget\/google-sites\/","title":{"rendered":"Calculator &#8211; Google Sites"},"content":{"rendered":"<div class=\"application-platform-content-item-description application-platform-content-item\" id=\"description\" data-nav-section=\"description\"> <h2>Int\u00e9grer la calculatrice dans Google Sites avec un plugin Elfsight<\/h2> <p>Le widget Calculatrice offre aux utilisateurs de votre site Web un moyen de planifier leur budget. , itin\u00e9raires de voyage, proportions de cuisine et bien plus encore concernant votre domaine d&rsquo;activit\u00e9. On peut int\u00e9grer des champs obligatoires et des options utiles dans ce widget int\u00e9gr\u00e9, afin que les utilisateurs puissent inspecter les avantages sans quitter l&rsquo;onglet. La fonctionnalit\u00e9 de logique conditionnelle permet d&rsquo;inventer des mod\u00e8les universels pour votre sc\u00e9nario et chaque client.<\/p><p>Des \u00e9l\u00e9ments g\u00e9rables tels que des cases \u00e0 cocher, des curseurs et des menus d\u00e9roulants vous permettent d&rsquo;inclure n&rsquo;importe quel mod\u00e8le de tarification pour divers produits. Par exemple, vous pouvez calculer des pr\u00eats \u00e0 un taux d\u2019int\u00e9r\u00eat d\u00e9clar\u00e9 sur une p\u00e9riode raisonnable. Vous pouvez proposer une location de voiture avec de nombreux services suppl\u00e9mentaires parmi lesquels choisir. De plus, la calculatrice peut projeter le voyage de vos r\u00eaves en prenant en compte le vol, le s\u00e9jour et les \u00e9v\u00e9nements n\u00e9cessaires. <\/p><p><b>Offrez aux visiteurs de votre site Web une exp\u00e9rience de calcul pratique, en int\u00e9grant le widget de comptage orient\u00e9 utilisateur\u00a0! <\/b><\/p><\/div> <div class=\"application-platform-content-item-features application-platform-content-item\" id=\"features\" data-nav-section=\"features\"> <h2>Etudiez la liste des fonctionnalit\u00e9s les plus utiles\u00a0:<\/h2> <ul><li>Solution avec une interface claire qui effectue toutes les op\u00e9rations <\/li><li>De nombreuses solutions de champs de calcul pour vos besoins<\/li><li>Fonctionnalit\u00e9 de logique conditionnelle qui permet m\u00eame des calculs complexes<\/li><li>Mod\u00e8les de d\u00e9marrage rapide pour un simple d\u00e9butant<\/li><li>Solution int\u00e9gr\u00e9e pour inspirer la prise de d\u00e9cision<\/li><\/ul><p><a href=\"#demo\">Vous pouvez tester toutes les capacit\u00e9s du widget dans la d\u00e9mo juste ici<\/a><\/p><\/div> <div class=\"application-platform-content-item-installation application-platform-content-item\" id=\"installation\" data-nav-section=\"installation\"> <h2>Comment int\u00e9grer la Calculatrice \u00e0 ma page Web Google\u00a0Sites\u00a0?<\/h2> <p>Suivez simplement les instructions ci-dessous pour commencer \u00e0 utiliser l&rsquo;outil. outil.<\/p> <ol><li><b>Ex\u00e9cutez notre configurateur gratuit et commencez \u00e0 construire votre instrument personnalis\u00e9. <\/b><br> Sp\u00e9cifiez l&rsquo;apparence et les sp\u00e9cifications s\u00e9lectionn\u00e9es du plugin et enregistrez les modifications. <\/li> <li><b>Acqu\u00e9rir votre code individuel expos\u00e9 dans le formulaire sp\u00e9cial sur Elfsight Apps. <\/b><br> Une fois la g\u00e9n\u00e9ration de votre outil termin\u00e9e, copiez le code exclusif dans la case qui appara\u00eet et enregistrez-le pour une utilisation ult\u00e9rieure. <\/li> <li><b>Lancer l&rsquo;utilisation de l&rsquo;outil sur la page d&rsquo;accueil de Google\u00a0Sites. <\/b><br> Ajoutez le code que vous avez copi\u00e9 auparavant dans votre page d&rsquo;accueil et appliquez les am\u00e9liorations. <\/li> <li><b>L&rsquo;installation est termin\u00e9e avec succ\u00e8s. <\/b><br> Visitez votre page pour jeter un \u0153il au fonctionnement du plugin. <\/li><\/ol> <p>Si vous rencontrez des difficult\u00e9s, n&rsquo;h\u00e9sitez pas \u00e0 contacter notre \u00e9quipe d&rsquo;assistance. Nos collaborateurs ont h\u00e2te de r\u00e9soudre tous les probl\u00e8mes que vous pourriez rencontrer avec le widget. <\/p><\/div>","protected":false},"excerpt":{"rendered":"","protected":false},"author":9,"featured_media":0,"parent":14325,"menu_order":0,"comment_status":"closed","ping_status":"closed","template":"templates\/template-application-platform.php","meta":{"publish_to_discourse":"","publish_post_category":"","wpdc_auto_publish_overridden":"","wpdc_topic_tags":"","wpdc_pin_topic":"","wpdc_pin_until":"","discourse_post_id":"","discourse_permalink":"","wpdc_publishing_response":"","wpdc_publishing_error":"","footnotes":""},"class_list":["post-15589","page","type-page","status-publish","hentry"],"yoast_head":"<!-- This site is optimized with the Yoast SEO plugin v25.3.1 - https:\/\/yoast.com\/wordpress\/plugins\/seo\/ -->\n<title>Utiliser la calculatrice sur Google Sites\u00a0\u2013\u00a0Am\u00e9liorez les options de comptage sur les pages<\/title>\n<meta name=\"description\" content=\"Simplifiez le comptage, m\u00eame d\u00e9taill\u00e9, avec la calculatrice interactive. Essayez une d\u00e9mo simple d&#039;Elfsight pour cr\u00e9er le puissant widget.\" \/>\n<meta name=\"robots\" content=\"index, follow, max-snippet:-1, max-image-preview:large, max-video-preview:-1\" \/>\n<link rel=\"canonical\" href=\"https:\/\/elfsight.com\/fr\/calculator-form-widget\/google-sites\/\" \/>\n<meta property=\"og:locale\" content=\"fr_FR\" \/>\n<meta property=\"og:type\" content=\"article\" \/>\n<meta property=\"og:title\" content=\"Utiliser la calculatrice sur Google Sites\u00a0\u2013\u00a0Am\u00e9liorez les options de comptage sur les pages\" \/>\n<meta property=\"og:description\" content=\"Simplifiez le comptage, m\u00eame d\u00e9taill\u00e9, avec la calculatrice interactive. Essayez une d\u00e9mo simple d&#039;Elfsight pour cr\u00e9er le puissant widget.\" \/>\n<meta property=\"og:url\" content=\"https:\/\/elfsight.com\/fr\/calculator-form-widget\/google-sites\/\" \/>\n<meta property=\"og:site_name\" content=\"Elfsight FR\" \/>\n<meta property=\"article:modified_time\" content=\"2025-07-09T17:00:45+00:00\" \/>\n<meta name=\"twitter:card\" content=\"summary_large_image\" \/>\n<meta name=\"twitter:label1\" content=\"Dur\u00e9e de lecture estim\u00e9e\" \/>\n\t<meta name=\"twitter:data1\" content=\"2 minutes\" \/>\n<!-- \/ Yoast SEO plugin. -->","yoast_head_json":{"title":"Utiliser la calculatrice sur Google Sites\u00a0\u2013\u00a0Am\u00e9liorez les options de comptage sur les pages","description":"Simplifiez le comptage, m\u00eame d\u00e9taill\u00e9, avec la calculatrice interactive. Essayez une d\u00e9mo simple d'Elfsight pour cr\u00e9er le puissant widget.","robots":{"index":"index","follow":"follow","max-snippet":"max-snippet:-1","max-image-preview":"max-image-preview:large","max-video-preview":"max-video-preview:-1"},"canonical":"https:\/\/elfsight.com\/fr\/calculator-form-widget\/google-sites\/","og_locale":"fr_FR","og_type":"article","og_title":"Utiliser la calculatrice sur Google Sites\u00a0\u2013\u00a0Am\u00e9liorez les options de comptage sur les pages","og_description":"Simplifiez le comptage, m\u00eame d\u00e9taill\u00e9, avec la calculatrice interactive. Essayez une d\u00e9mo simple d'Elfsight pour cr\u00e9er le puissant widget.","og_url":"https:\/\/elfsight.com\/fr\/calculator-form-widget\/google-sites\/","og_site_name":"Elfsight FR","article_modified_time":"2025-07-09T17:00:45+00:00","twitter_card":"summary_large_image","twitter_misc":{"Dur\u00e9e de lecture estim\u00e9e":"2 minutes"},"schema":{"@context":"https:\/\/schema.org","@graph":[{"@type":"WebPage","@id":"https:\/\/elfsight.com\/fr\/calculator-form-widget\/google-sites\/","url":"https:\/\/elfsight.com\/fr\/calculator-form-widget\/google-sites\/","name":"Utiliser la calculatrice sur Google Sites\u00a0\u2013\u00a0Am\u00e9liorez les options de comptage sur les pages","isPartOf":{"@id":"https:\/\/elfsight.com\/fr\/#website"},"datePublished":"2024-09-30T18:27:29+00:00","dateModified":"2025-07-09T17:00:45+00:00","description":"Simplifiez le comptage, m\u00eame d\u00e9taill\u00e9, avec la calculatrice interactive. Essayez une d\u00e9mo simple d'Elfsight pour cr\u00e9er le puissant widget.","breadcrumb":{"@id":"https:\/\/elfsight.com\/fr\/calculator-form-widget\/google-sites\/#breadcrumb"},"inLanguage":"fr-FR","potentialAction":[{"@type":"ReadAction","target":["https:\/\/elfsight.com\/fr\/calculator-form-widget\/google-sites\/"]}]},{"@type":"BreadcrumbList","@id":"https:\/\/elfsight.com\/fr\/calculator-form-widget\/google-sites\/#breadcrumb","itemListElement":[{"@type":"ListItem","position":1,"name":"Home","item":"https:\/\/elfsight.com\/fr\/"},{"@type":"ListItem","position":2,"name":"Calculator","item":"https:\/\/elfsight.com\/fr\/calculator-form-widget\/"},{"@type":"ListItem","position":3,"name":"Calculator &#8211; Google Sites"}]},{"@type":"WebSite","@id":"https:\/\/elfsight.com\/fr\/#website","url":"https:\/\/elfsight.com\/fr\/","name":"Elfsight FR","description":"","potentialAction":[{"@type":"SearchAction","target":{"@type":"EntryPoint","urlTemplate":"https:\/\/elfsight.com\/fr\/?s={search_term_string}"},"query-input":{"@type":"PropertyValueSpecification","valueRequired":true,"valueName":"search_term_string"}}],"inLanguage":"fr-FR"}]}},"meta_box":{"industry":"","seo_heading":"","heading":"","description":"","cta_heading":"","cta_description":"","application":"14318","h1":"Plugin Calculateur Google Sites","h1_caption":"Fournissez une calculatrice personnalis\u00e9e \u00e0 vos visiteurs, offrant des solutions rapides pour des \u00e9l\u00e9ments tels que les prix, les remises ou le calcul du retour sur investissement dans vos sites Google, sans effort.","application_category":[],"applications_title":"","applications_request_title":"","applications_request_button_text":"","hero_text":"","hero_video":"","hero_video_schema_markup":"","selling_points_title":"","selling_points_caption":"","selling_points":[],"selling_points_cta_text":"","features_title":"","features":"","ed_cta_examples_text":"","ed_cta_examples_hidden":"","ed_cta_demo_text":"","ed_cta_demo_hidden":"","why_caption":"","why_editor_title":"","why_editor_text":"","why_team_title":"","why_team_text":"","why_service_title":"","why_service_text":"","template_catalog_visible":"","template_catalog_title":"","template_catalog_text":"","template_catalog_categories_visible":"","demo_title":"Cr\u00e9ez votre widget Calculatrice","demo_caption":"Configurez votre calculatrice et ajoutez-la gratuitement \u00e0 votre site Web Google Sites\u00a0!","default_faq_hidden":"","app_template_category":[],"platform":"","template_public_id":"","codecanyon_url":"","codecanyon_item_id":"","codecanyon_price":"","pricing_caption":"","pricing_elfsight_apps_hide_column":"","pricing_elfsight_apps_url":"","pricing_codecanyon_price_caption":"","integration_category":[],"integration_request_title":"","integration_request_cta":"","integration_platform":"","integrations":[],"platform_category":[],"video_schema_markup":"","price":"\u00e0 partir de 0$ \/ mois","trial":"","benefits":[{"text":"Aide \u00e0 l'installation gratuite"},{"text":"Service client efficace"},{"text":"Garantie de remboursement de 14 jours"},{"text":"D\u00e9veloppement continu"}],"button_url":"#demo","button_target_blank":"","button_nofollow":"","attributes":[{"name":"Installations","content":"50,000 - 100,000"},{"name":"Sensible","content":"Oui"},{"name":"Navigateurs compatibles","content":"Firefox, Safari, Opera, Chrome, Edge"}],"tags":[],"tags_disable_links":"","hide_more_platforms":"","video_object":"","demo_hide_cta":"","demo_hide_cloud_options":"","pricing_title":"","pricing":[{"pricing_icon":"platform","pricing_title":"Elfsight Apps","pricing_title_caption":"Solution ind\u00e9pendante de la plate-forme qui convient \u00e0 n'importe quel site","pricing_price":"\u00e0 partir de 0$ \/ mois","pricing_price_caption":"commencez avec un forfait gratuit","pricing_benefits":[{"text":"Sites Web illimit\u00e9s"},{"text":"Assistance de l'entreprise 24h\/24 et 7j\/7 et bien document\u00e9e"},{"text":"Aide \u00e0 l'installation gratuite"}],"pricing_button_text":"Ajouter au site Web","pricing_button_url":"#demo"}],"related_apps_title":"","related_apps_hidden":"","author":"","image":[],"title":"","job":"","social_networks":[]},"_links":{"self":[{"href":"https:\/\/elfsight.com\/fr\/wp-json\/wp\/v2\/pages\/15589","targetHints":{"allow":["GET"]}}],"collection":[{"href":"https:\/\/elfsight.com\/fr\/wp-json\/wp\/v2\/pages"}],"about":[{"href":"https:\/\/elfsight.com\/fr\/wp-json\/wp\/v2\/types\/page"}],"author":[{"embeddable":true,"href":"https:\/\/elfsight.com\/fr\/wp-json\/wp\/v2\/users\/9"}],"replies":[{"embeddable":true,"href":"https:\/\/elfsight.com\/fr\/wp-json\/wp\/v2\/comments?post=15589"}],"version-history":[{"count":1,"href":"https:\/\/elfsight.com\/fr\/wp-json\/wp\/v2\/pages\/15589\/revisions"}],"predecessor-version":[{"id":15593,"href":"https:\/\/elfsight.com\/fr\/wp-json\/wp\/v2\/pages\/15589\/revisions\/15593"}],"up":[{"embeddable":true,"href":"https:\/\/elfsight.com\/fr\/wp-json\/wp\/v2\/pages\/14325"}],"wp:attachment":[{"href":"https:\/\/elfsight.com\/fr\/wp-json\/wp\/v2\/media?parent=15589"}],"curies":[{"name":"wp","href":"https:\/\/api.w.org\/{rel}","templated":true}]}}