{"id":15588,"date":"2024-09-30T18:27:29","date_gmt":"2024-09-30T18:27:29","guid":{"rendered":"https:\/\/elfsight.com\/fr\/?page_id=15588"},"modified":"2025-07-09T17:00:56","modified_gmt":"2025-07-09T17:00:56","slug":"iframe","status":"publish","type":"page","link":"https:\/\/elfsight.com\/fr\/calculator-form-widget\/iframe\/","title":{"rendered":"Calculator &#8211; iFrame"},"content":{"rendered":"<div class=\"application-platform-content-item-description application-platform-content-item\" id=\"description\" data-nav-section=\"description\"> <h2>Int\u00e9grer la calculatrice dans iFrame avec un plugin Elfsight<\/h2> <p>Le widget Calculatrice donne \u00e0 vos clients la possibilit\u00e9 de planifier leur budget, leur voyage itin\u00e9raires, proportions de cuisson et bien plus encore selon votre domaine d&rsquo;activit\u00e9. On peut ajouter divers champs et options suppl\u00e9mentaires \u00e0 ce widget sur la page, afin que les visiteurs puissent analyser leurs avantages sans quitter la page. La logique conditionnelle vous permet de cr\u00e9er des mod\u00e8les universels pour chaque sc\u00e9nario et chaque utilisateur.<\/p><p>Des \u00e9l\u00e9ments g\u00e9rables tels que des cases \u00e0 cocher, des curseurs et des menus d\u00e9roulants vous permettent d&rsquo;inclure n&rsquo;importe quel mod\u00e8le de tarification pour certaines offres. Par exemple, on peut calculer des pr\u00eats \u00e0 un int\u00e9r\u00eat d\u00e9clar\u00e9 pour une p\u00e9riode de temps souhait\u00e9e. Vous pouvez promouvoir une location de voiture avec de nombreuses options suppl\u00e9mentaires parmi lesquelles choisir. De plus, le calculateur peut projeter le voyage de vos r\u00eaves o\u00f9 sont calcul\u00e9s le transport, la r\u00e9sidence et les meilleurs \u00e9v\u00e9nements. <\/p><p><b>Permettez \u00e0 vos clients de b\u00e9n\u00e9ficier d&rsquo;une exp\u00e9rience de calcul pratique en ajoutant le widget de comptage orient\u00e9 utilisateur\u00a0! <\/b><\/p><\/div> <div class=\"application-platform-content-item-features application-platform-content-item\" id=\"features\" data-nav-section=\"features\"> <h2>Voici seulement quelques-unes des nombreuses fonctionnalit\u00e9s du widget\u00a0:<\/h2> <ul><li>Outil avec une interface conviviale qui permet tout type de comptage<\/li><li>De nombreuses options de champs de calcul pour divers objectifs<\/li><li>Logique conditionnelle pour g\u00e9rer des calculs m\u00eame complexes<\/li><li>Mod\u00e8les de d\u00e9marrage rapide pour un simple commen\u00e7ant<\/li><li>Outil sur la page qui augmente la prise de d\u00e9cision<\/li><\/ul><p><a href=\"#demo\">Essayez simplement cette d\u00e9mo pour voir ce que vaut le widget<\/a><\/p><\/div> <div class=\"application-platform-content-item-installation application-platform-content-item\" id=\"installation\" data-nav-section=\"installation\"> <h2>Comment int\u00e9grer la calculatrice dans ma page Web iFrame\u00a0?<\/h2> <p>Suivez simplement les instructions ci-dessous pour int\u00e9grer l&rsquo;outil.<\/p> <ol><li><b>Utilisez notre d\u00e9mo gratuite et commencez \u00e0 cr\u00e9er votre widget unique. <\/b><br> D\u00e9terminez la conception et les fonctionnalit\u00e9s appropri\u00e9es du plugin et enregistrez les modifications. <\/li> <li><b>Recevez votre code individuel apparaissant dans le formulaire sp\u00e9cial sur Elfsight Apps. <\/b><br> Lorsque la configuration de votre plugin personnel est termin\u00e9e, copiez le code personnel dans la fen\u00eatre contextuelle qui appara\u00eet et enregistrez-le pour d&rsquo;autres besoins. <\/li> <li><b>Commencez \u00e0 utiliser le plugin sur la page d&rsquo;accueil d&rsquo;iFrame. <\/b><br> Int\u00e9grez le code enregistr\u00e9 r\u00e9cemment dans votre site Web et enregistrez les ajustements. <\/li> <li><b>Vous avez termin\u00e9\u00a0! La configuration est termin\u00e9e avec succ\u00e8s. <\/b><br> Visitez votre site pour observer le fonctionnement de l&rsquo;outil. <\/li><\/ol> <p>Si vous rencontrez des complications, n&rsquo;h\u00e9sitez pas \u00e0 contacter notre \u00e9quipe d&rsquo;assistance. Nos collaborateurs ont h\u00e2te de vous aider \u00e0 r\u00e9soudre tous les probl\u00e8mes que vous pourriez rencontrer avec le produit. <\/p><\/div>","protected":false},"excerpt":{"rendered":"","protected":false},"author":9,"featured_media":0,"parent":14325,"menu_order":0,"comment_status":"closed","ping_status":"closed","template":"templates\/template-application-platform.php","meta":{"publish_to_discourse":"","publish_post_category":"","wpdc_auto_publish_overridden":"","wpdc_topic_tags":"","wpdc_pin_topic":"","wpdc_pin_until":"","discourse_post_id":"","discourse_permalink":"","wpdc_publishing_response":"","wpdc_publishing_error":"","footnotes":""},"class_list":["post-15588","page","type-page","status-publish","hentry"],"yoast_head":"<!-- This site is optimized with the Yoast SEO plugin v25.3.1 - https:\/\/yoast.com\/wordpress\/plugins\/seo\/ -->\n<title>Ajouter une calculatrice \u00e0 iFrame - Fournir une solution de calcul sur site<\/title>\n<meta name=\"description\" content=\"G\u00e9rez m\u00eame des calculs d\u00e9taill\u00e9s \u00e0 l\u2019aide de la calculatrice interactive. Essayez une d\u00e9mo pratique d&#039;Elfsight pour cr\u00e9er le widget polyvalent.\" \/>\n<meta name=\"robots\" content=\"index, follow, max-snippet:-1, max-image-preview:large, max-video-preview:-1\" \/>\n<link rel=\"canonical\" href=\"https:\/\/elfsight.com\/fr\/calculator-form-widget\/iframe\/\" \/>\n<meta property=\"og:locale\" content=\"fr_FR\" \/>\n<meta property=\"og:type\" content=\"article\" \/>\n<meta property=\"og:title\" content=\"Ajouter une calculatrice \u00e0 iFrame - Fournir une solution de calcul sur site\" \/>\n<meta property=\"og:description\" content=\"G\u00e9rez m\u00eame des calculs d\u00e9taill\u00e9s \u00e0 l\u2019aide de la calculatrice interactive. Essayez une d\u00e9mo pratique d&#039;Elfsight pour cr\u00e9er le widget polyvalent.\" \/>\n<meta property=\"og:url\" content=\"https:\/\/elfsight.com\/fr\/calculator-form-widget\/iframe\/\" \/>\n<meta property=\"og:site_name\" content=\"Elfsight FR\" \/>\n<meta property=\"article:modified_time\" content=\"2025-07-09T17:00:56+00:00\" \/>\n<meta name=\"twitter:card\" content=\"summary_large_image\" \/>\n<meta name=\"twitter:label1\" content=\"Dur\u00e9e de lecture estim\u00e9e\" \/>\n\t<meta name=\"twitter:data1\" content=\"2 minutes\" \/>\n<!-- \/ Yoast SEO plugin. -->","yoast_head_json":{"title":"Ajouter une calculatrice \u00e0 iFrame - Fournir une solution de calcul sur site","description":"G\u00e9rez m\u00eame des calculs d\u00e9taill\u00e9s \u00e0 l\u2019aide de la calculatrice interactive. Essayez une d\u00e9mo pratique d'Elfsight pour cr\u00e9er le widget polyvalent.","robots":{"index":"index","follow":"follow","max-snippet":"max-snippet:-1","max-image-preview":"max-image-preview:large","max-video-preview":"max-video-preview:-1"},"canonical":"https:\/\/elfsight.com\/fr\/calculator-form-widget\/iframe\/","og_locale":"fr_FR","og_type":"article","og_title":"Ajouter une calculatrice \u00e0 iFrame - Fournir une solution de calcul sur site","og_description":"G\u00e9rez m\u00eame des calculs d\u00e9taill\u00e9s \u00e0 l\u2019aide de la calculatrice interactive. Essayez une d\u00e9mo pratique d'Elfsight pour cr\u00e9er le widget polyvalent.","og_url":"https:\/\/elfsight.com\/fr\/calculator-form-widget\/iframe\/","og_site_name":"Elfsight FR","article_modified_time":"2025-07-09T17:00:56+00:00","twitter_card":"summary_large_image","twitter_misc":{"Dur\u00e9e de lecture estim\u00e9e":"2 minutes"},"schema":{"@context":"https:\/\/schema.org","@graph":[{"@type":"WebPage","@id":"https:\/\/elfsight.com\/fr\/calculator-form-widget\/iframe\/","url":"https:\/\/elfsight.com\/fr\/calculator-form-widget\/iframe\/","name":"Ajouter une calculatrice \u00e0 iFrame - Fournir une solution de calcul sur site","isPartOf":{"@id":"https:\/\/elfsight.com\/fr\/#website"},"datePublished":"2024-09-30T18:27:29+00:00","dateModified":"2025-07-09T17:00:56+00:00","description":"G\u00e9rez m\u00eame des calculs d\u00e9taill\u00e9s \u00e0 l\u2019aide de la calculatrice interactive. Essayez une d\u00e9mo pratique d'Elfsight pour cr\u00e9er le widget polyvalent.","breadcrumb":{"@id":"https:\/\/elfsight.com\/fr\/calculator-form-widget\/iframe\/#breadcrumb"},"inLanguage":"fr-FR","potentialAction":[{"@type":"ReadAction","target":["https:\/\/elfsight.com\/fr\/calculator-form-widget\/iframe\/"]}]},{"@type":"BreadcrumbList","@id":"https:\/\/elfsight.com\/fr\/calculator-form-widget\/iframe\/#breadcrumb","itemListElement":[{"@type":"ListItem","position":1,"name":"Home","item":"https:\/\/elfsight.com\/fr\/"},{"@type":"ListItem","position":2,"name":"Calculator","item":"https:\/\/elfsight.com\/fr\/calculator-form-widget\/"},{"@type":"ListItem","position":3,"name":"Calculator &#8211; iFrame"}]},{"@type":"WebSite","@id":"https:\/\/elfsight.com\/fr\/#website","url":"https:\/\/elfsight.com\/fr\/","name":"Elfsight FR","description":"","potentialAction":[{"@type":"SearchAction","target":{"@type":"EntryPoint","urlTemplate":"https:\/\/elfsight.com\/fr\/?s={search_term_string}"},"query-input":{"@type":"PropertyValueSpecification","valueRequired":true,"valueName":"search_term_string"}}],"inLanguage":"fr-FR"}]}},"meta_box":{"industry":"","seo_heading":"","heading":"","description":"","cta_heading":"","cta_description":"","application":"14318","h1":"Widget Calculateur iFrame","h1_caption":"Fournissez une calculatrice personnalis\u00e9e \u00e0 vos visiteurs, offrant des solutions rapides pour des \u00e9l\u00e9ments tels que les prix, les remises ou les calculs du retour sur investissement sur votre site Web iFrame, sans effort.","application_category":[],"applications_title":"","applications_request_title":"","applications_request_button_text":"","hero_text":"","hero_video":"","hero_video_schema_markup":"","selling_points_title":"","selling_points_caption":"","selling_points":[],"selling_points_cta_text":"","features_title":"","features":"","ed_cta_examples_text":"","ed_cta_examples_hidden":"","ed_cta_demo_text":"","ed_cta_demo_hidden":"","why_caption":"","why_editor_title":"","why_editor_text":"","why_team_title":"","why_team_text":"","why_service_title":"","why_service_text":"","template_catalog_visible":"","template_catalog_title":"","template_catalog_text":"","template_catalog_categories_visible":"","demo_title":"Cr\u00e9ez votre widget Calculatrice","demo_caption":"Configurez votre calculatrice et ajoutez-la gratuitement \u00e0 votre site Web iFrame\u00a0!","default_faq_hidden":"","app_template_category":[],"platform":"371","template_public_id":"","codecanyon_url":"","codecanyon_item_id":"","codecanyon_price":"","pricing_caption":"","pricing_elfsight_apps_hide_column":"","pricing_elfsight_apps_url":"","pricing_codecanyon_price_caption":"","integration_category":[],"integration_request_title":"","integration_request_cta":"","integration_platform":"","integrations":[],"platform_category":[],"video_schema_markup":"","price":"\u00e0 partir de 0$ \/ mois","trial":"","benefits":[{"text":"Service d'installation gratuit"},{"text":"Assistance premium"},{"text":"Garantie de remboursement de 14 jours"},{"text":"Am\u00e9liorations r\u00e9guli\u00e8res"}],"button_url":"#demo","button_target_blank":"","button_nofollow":"","attributes":[{"name":"Installations","content":"50,000 - 100,000"},{"name":"Sensible","content":"Oui"},{"name":"Navigateurs compatibles","content":"Firefox, Safari, Opera, Chrome, Edge"}],"tags":[],"tags_disable_links":"","hide_more_platforms":"","video_object":"","demo_hide_cta":"","demo_hide_cloud_options":"","pricing_title":"","pricing":[{"pricing_icon":"platform","pricing_title":"Elfsight Apps","pricing_title_caption":"Solution num\u00e9rique multiplateforme","pricing_price":"\u00e0 partir de 0$ \/ mois","pricing_price_caption":"commencez avec un forfait gratuit","pricing_benefits":[{"text":"Domaines illimit\u00e9s"},{"text":"Support d\u2019entreprise d\u00e9di\u00e9 et bien document\u00e9"},{"text":"Aide \u00e0 l'installation gratuite"}],"pricing_button_text":"Ajouter au site Web","pricing_button_url":"#demo"}],"related_apps_title":"","related_apps_hidden":"","author":"","image":[],"title":"","job":"","social_networks":[]},"_links":{"self":[{"href":"https:\/\/elfsight.com\/fr\/wp-json\/wp\/v2\/pages\/15588","targetHints":{"allow":["GET"]}}],"collection":[{"href":"https:\/\/elfsight.com\/fr\/wp-json\/wp\/v2\/pages"}],"about":[{"href":"https:\/\/elfsight.com\/fr\/wp-json\/wp\/v2\/types\/page"}],"author":[{"embeddable":true,"href":"https:\/\/elfsight.com\/fr\/wp-json\/wp\/v2\/users\/9"}],"replies":[{"embeddable":true,"href":"https:\/\/elfsight.com\/fr\/wp-json\/wp\/v2\/comments?post=15588"}],"version-history":[{"count":1,"href":"https:\/\/elfsight.com\/fr\/wp-json\/wp\/v2\/pages\/15588\/revisions"}],"predecessor-version":[{"id":15592,"href":"https:\/\/elfsight.com\/fr\/wp-json\/wp\/v2\/pages\/15588\/revisions\/15592"}],"up":[{"embeddable":true,"href":"https:\/\/elfsight.com\/fr\/wp-json\/wp\/v2\/pages\/14325"}],"wp:attachment":[{"href":"https:\/\/elfsight.com\/fr\/wp-json\/wp\/v2\/media?parent=15588"}],"curies":[{"name":"wp","href":"https:\/\/api.w.org\/{rel}","templated":true}]}}