{"id":15582,"date":"2024-09-30T18:27:29","date_gmt":"2024-09-30T18:27:29","guid":{"rendered":"https:\/\/elfsight.com\/fr\/?page_id=15582"},"modified":"2025-07-09T17:01:08","modified_gmt":"2025-07-09T17:01:08","slug":"joomla","status":"publish","type":"page","link":"https:\/\/elfsight.com\/fr\/calculator-form-widget\/joomla\/","title":{"rendered":"Calculator &#8211; Joomla"},"content":{"rendered":"<div class=\"application-platform-content-item-description application-platform-content-item\" id=\"description\" data-nav-section=\"description\"> <h2>Int\u00e9grer la calculatrice dans Joomla avec une extension Elfsight<\/h2> <p>Le widget Calculatrice permet \u00e0 vos clients de planifier leurs co\u00fbts, itin\u00e9raires de voyage, proportions de cuisson et bien plus encore concernant votre domaine d&rsquo;activit\u00e9. Vous pouvez ajouter des champs sp\u00e9cifiques et des options utiles \u00e0 ce widget int\u00e9gr\u00e9, afin que les clients puissent inspecter leurs avantages sans quitter l&rsquo;onglet. La fonctionnalit\u00e9 de logique conditionnelle vous permet de cr\u00e9er des mod\u00e8les universels pour n&rsquo;importe quel sc\u00e9nario et chaque client.<\/p><p>Des \u00e9l\u00e9ments g\u00e9rables tels que des cases \u00e0 cocher, des curseurs et des listes d\u00e9roulantes vous permettent d&rsquo;inclure n&rsquo;importe quel mod\u00e8le de cr\u00e9ation de prix pour diff\u00e9rents produits. Par exemple, on peut calculer des pr\u00eats \u00e0 un pourcentage indiqu\u00e9 sur une p\u00e9riode de temps raisonnable. Vous pouvez promouvoir une location de voiture avec de nombreux produits suppl\u00e9mentaires parmi lesquels choisir. De m\u00eame, la calculatrice est capable de planifier le voyage de vos r\u00eaves lorsque le vol, le s\u00e9jour et les principales excursions sont calcul\u00e9s. <\/p><p><b>Laissez vos clients vivre une exp\u00e9rience de calcul parfaite, en ajoutant le widget de comptage orient\u00e9 utilisateur\u00a0! <\/b><\/p><\/div> <div class=\"application-platform-content-item-features application-platform-content-item\" id=\"features\" data-nav-section=\"features\"> <h2>Les fonctionnalit\u00e9s de widget les plus populaires incluent<\/h2> <ul><li>Un outil avec une interface simple qui permet toutes les op\u00e9rations<\/li><li>De nombreuses solutions de terrain d&rsquo;op\u00e9ration pour diverses id\u00e9es<\/li><li>Logique conditionnelle qui permet m\u00eame des calculs en plusieurs \u00e9tapes<\/li><li>Mod\u00e8les pr\u00eats \u00e0 l&#8217;emploi pour un d\u00e9marrage en douceur<\/li><li>Int\u00e9gr\u00e9 solution qui inspire la prise de d\u00e9cision<\/li><\/ul><p><a href=\"#demo\">Testez tous les param\u00e8tres dans une d\u00e9mo compl\u00e8te<\/a><\/p><\/div> <div class=\"application-platform-content-item-installation application-platform-content-item\" id=\"installation\" data-nav-section=\"installation\"> <h2>Comment int\u00e9grer la Calculatrice dans mes pages Joomla\u00a0?<\/h2> <p>Appliquez simplement les instructions ci-dessous pour commencer \u00e0 travailler avec le widget.<\/p> <ol><li><b>G\u00e9rer notre \u00e9diteur gratuit et commencez \u00e0 fa\u00e7onner votre widget sur mesure. <\/b><br> Sp\u00e9cifiez l&rsquo;apparence et les aspects pr\u00e9f\u00e9r\u00e9s de l&rsquo;outil et appliquez les corrections. <\/li> <li><b>Obtenez le code individuel qui appara\u00eet dans la bo\u00eete sur les applications Elfsight. <\/b><br> D\u00e8s que la g\u00e9n\u00e9ration de votre widget personnel est termin\u00e9e, copiez le code personnel dans la case qui appara\u00eet et conservez-le pour une utilisation ult\u00e9rieure. <\/li> <li><b>Commencez \u00e0 utiliser le plugin sur le site Joomla. <\/b><br> Ajoutez le code enregistr\u00e9 pr\u00e9c\u00e9demment dans votre page web et enregistrez les modifications. <\/li> <li><b>L&rsquo;installation s&rsquo;est termin\u00e9e avec succ\u00e8s. <\/b><br> Visitez votre site pour examiner le fonctionnement de l&rsquo;outil. <\/li><\/ol> <p>Si vous avez des questions ou faites face \u00e0 des complications, veuillez vous adresser \u00e0 notre service client. Nos sp\u00e9cialistes seront ravis de vous aider avec toutes les difficult\u00e9s que vous pourriez rencontrer avec l&rsquo;outil. <\/p> <\/div> ","protected":false},"excerpt":{"rendered":"","protected":false},"author":9,"featured_media":0,"parent":14325,"menu_order":0,"comment_status":"closed","ping_status":"closed","template":"templates\/template-application-platform.php","meta":{"publish_to_discourse":"","publish_post_category":"","wpdc_auto_publish_overridden":"","wpdc_topic_tags":"","wpdc_pin_topic":"","wpdc_pin_until":"","discourse_post_id":"","discourse_permalink":"","wpdc_publishing_response":"","wpdc_publishing_error":"","footnotes":""},"class_list":["post-15582","page","type-page","status-publish","hentry"],"yoast_head":"<!-- This site is optimized with the Yoast SEO plugin v25.3.1 - https:\/\/yoast.com\/wordpress\/plugins\/seo\/ -->\n<title>Ajouter une calculatrice \u00e0 Joomla - Simplifiez les op\u00e9rations de comptage sur le site Web<\/title>\n<meta name=\"description\" content=\"G\u00e9rez m\u00eame le comptage en plusieurs \u00e9tapes avec notre calculatrice conviviale. Essayez une d\u00e9mo pratique d&#039;Elfsight pour cr\u00e9er un widget attrayant.\" \/>\n<meta name=\"robots\" content=\"index, follow, max-snippet:-1, max-image-preview:large, max-video-preview:-1\" \/>\n<link rel=\"canonical\" href=\"https:\/\/elfsight.com\/fr\/calculator-form-widget\/joomla\/\" \/>\n<meta property=\"og:locale\" content=\"fr_FR\" \/>\n<meta property=\"og:type\" content=\"article\" \/>\n<meta property=\"og:title\" content=\"Ajouter une calculatrice \u00e0 Joomla - Simplifiez les op\u00e9rations de comptage sur le site Web\" \/>\n<meta property=\"og:description\" content=\"G\u00e9rez m\u00eame le comptage en plusieurs \u00e9tapes avec notre calculatrice conviviale. Essayez une d\u00e9mo pratique d&#039;Elfsight pour cr\u00e9er un widget attrayant.\" \/>\n<meta property=\"og:url\" content=\"https:\/\/elfsight.com\/fr\/calculator-form-widget\/joomla\/\" \/>\n<meta property=\"og:site_name\" content=\"Elfsight FR\" \/>\n<meta property=\"article:modified_time\" content=\"2025-07-09T17:01:08+00:00\" \/>\n<meta name=\"twitter:card\" content=\"summary_large_image\" \/>\n<meta name=\"twitter:label1\" content=\"Dur\u00e9e de lecture estim\u00e9e\" \/>\n\t<meta name=\"twitter:data1\" content=\"2 minutes\" \/>\n<!-- \/ Yoast SEO plugin. -->","yoast_head_json":{"title":"Ajouter une calculatrice \u00e0 Joomla - Simplifiez les op\u00e9rations de comptage sur le site Web","description":"G\u00e9rez m\u00eame le comptage en plusieurs \u00e9tapes avec notre calculatrice conviviale. Essayez une d\u00e9mo pratique d'Elfsight pour cr\u00e9er un widget attrayant.","robots":{"index":"index","follow":"follow","max-snippet":"max-snippet:-1","max-image-preview":"max-image-preview:large","max-video-preview":"max-video-preview:-1"},"canonical":"https:\/\/elfsight.com\/fr\/calculator-form-widget\/joomla\/","og_locale":"fr_FR","og_type":"article","og_title":"Ajouter une calculatrice \u00e0 Joomla - Simplifiez les op\u00e9rations de comptage sur le site Web","og_description":"G\u00e9rez m\u00eame le comptage en plusieurs \u00e9tapes avec notre calculatrice conviviale. Essayez une d\u00e9mo pratique d'Elfsight pour cr\u00e9er un widget attrayant.","og_url":"https:\/\/elfsight.com\/fr\/calculator-form-widget\/joomla\/","og_site_name":"Elfsight FR","article_modified_time":"2025-07-09T17:01:08+00:00","twitter_card":"summary_large_image","twitter_misc":{"Dur\u00e9e de lecture estim\u00e9e":"2 minutes"},"schema":{"@context":"https:\/\/schema.org","@graph":[{"@type":"WebPage","@id":"https:\/\/elfsight.com\/fr\/calculator-form-widget\/joomla\/","url":"https:\/\/elfsight.com\/fr\/calculator-form-widget\/joomla\/","name":"Ajouter une calculatrice \u00e0 Joomla - Simplifiez les op\u00e9rations de comptage sur le site Web","isPartOf":{"@id":"https:\/\/elfsight.com\/fr\/#website"},"datePublished":"2024-09-30T18:27:29+00:00","dateModified":"2025-07-09T17:01:08+00:00","description":"G\u00e9rez m\u00eame le comptage en plusieurs \u00e9tapes avec notre calculatrice conviviale. Essayez une d\u00e9mo pratique d'Elfsight pour cr\u00e9er un widget attrayant.","breadcrumb":{"@id":"https:\/\/elfsight.com\/fr\/calculator-form-widget\/joomla\/#breadcrumb"},"inLanguage":"fr-FR","potentialAction":[{"@type":"ReadAction","target":["https:\/\/elfsight.com\/fr\/calculator-form-widget\/joomla\/"]}]},{"@type":"BreadcrumbList","@id":"https:\/\/elfsight.com\/fr\/calculator-form-widget\/joomla\/#breadcrumb","itemListElement":[{"@type":"ListItem","position":1,"name":"Home","item":"https:\/\/elfsight.com\/fr\/"},{"@type":"ListItem","position":2,"name":"Calculator","item":"https:\/\/elfsight.com\/fr\/calculator-form-widget\/"},{"@type":"ListItem","position":3,"name":"Calculator &#8211; Joomla"}]},{"@type":"WebSite","@id":"https:\/\/elfsight.com\/fr\/#website","url":"https:\/\/elfsight.com\/fr\/","name":"Elfsight FR","description":"","potentialAction":[{"@type":"SearchAction","target":{"@type":"EntryPoint","urlTemplate":"https:\/\/elfsight.com\/fr\/?s={search_term_string}"},"query-input":{"@type":"PropertyValueSpecification","valueRequired":true,"valueName":"search_term_string"}}],"inLanguage":"fr-FR"}]}},"meta_box":{"industry":"","seo_heading":"","heading":"","description":"","cta_heading":"","cta_description":"","application":"14318","h1":"Extension de la calculatrice Joomla","h1_caption":"Fournissez une calculatrice personnalis\u00e9e \u00e0 vos visiteurs, offrant des solutions rapides pour des \u00e9l\u00e9ments tels que les prix, les remises ou les calculs du retour sur investissement sur votre site Web Joomla, sans effort.","application_category":[],"applications_title":"","applications_request_title":"","applications_request_button_text":"","hero_text":"","hero_video":"","hero_video_schema_markup":"","selling_points_title":"","selling_points_caption":"","selling_points":[],"selling_points_cta_text":"","features_title":"","features":"","ed_cta_examples_text":"","ed_cta_examples_hidden":"","ed_cta_demo_text":"","ed_cta_demo_hidden":"","why_caption":"","why_editor_title":"","why_editor_text":"","why_team_title":"","why_team_text":"","why_service_title":"","why_service_text":"","template_catalog_visible":"","template_catalog_title":"","template_catalog_text":"","template_catalog_categories_visible":"","demo_title":"Cr\u00e9ez votre plugin Calculatrice","demo_caption":"Configurez votre calculatrice et ajoutez-la \u00e0 votre site Joomla gratuitement !","default_faq_hidden":"","app_template_category":[],"platform":"354","template_public_id":"","codecanyon_url":"","codecanyon_item_id":"","codecanyon_price":"","pricing_caption":"","pricing_elfsight_apps_hide_column":"","pricing_elfsight_apps_url":"","pricing_codecanyon_price_caption":"","integration_category":[],"integration_request_title":"","integration_request_cta":"","integration_platform":"","integrations":[],"platform_category":[],"video_schema_markup":"","price":"\u00e0 partir de 0$ \/ mois","trial":"","benefits":[{"text":"Aide \u00e0 l'installation gratuite"},{"text":"Assistance premium"},{"text":"Garantie de remboursement de 14 jours"},{"text":"D\u00e9veloppement continu"}],"button_url":"#demo","button_target_blank":"","button_nofollow":"","attributes":[{"name":"Installations","content":"50,000 - 100,000"},{"name":"Sensible","content":"Oui"},{"name":"Navigateurs compatibles","content":"Firefox, Safari, Opera, Chrome, Edge"}],"tags":[],"tags_disable_links":"","hide_more_platforms":"","video_object":"","demo_hide_cta":"","demo_hide_cloud_options":"","pricing_title":"","pricing":[{"pricing_icon":"platform","pricing_title":"Elfsight Apps","pricing_title_caption":"Version ind\u00e9pendante de la plate-forme qui fonctionne sur n'importe quel site","pricing_price":"\u00e0 partir de 0$ \/ mois","pricing_price_caption":"commencez avec un forfait gratuit","pricing_benefits":[{"text":"Domaines illimit\u00e9s"},{"text":"Assistance entreprise 24h\/24 et 7j\/7"},{"text":"Assistance \u00e0 l'installation gratuite"}],"pricing_button_text":"Ajouter au site Web","pricing_button_url":"#demo"}],"related_apps_title":"","related_apps_hidden":"","author":"","image":[],"title":"","job":"","social_networks":[]},"_links":{"self":[{"href":"https:\/\/elfsight.com\/fr\/wp-json\/wp\/v2\/pages\/15582","targetHints":{"allow":["GET"]}}],"collection":[{"href":"https:\/\/elfsight.com\/fr\/wp-json\/wp\/v2\/pages"}],"about":[{"href":"https:\/\/elfsight.com\/fr\/wp-json\/wp\/v2\/types\/page"}],"author":[{"embeddable":true,"href":"https:\/\/elfsight.com\/fr\/wp-json\/wp\/v2\/users\/9"}],"replies":[{"embeddable":true,"href":"https:\/\/elfsight.com\/fr\/wp-json\/wp\/v2\/comments?post=15582"}],"version-history":[{"count":1,"href":"https:\/\/elfsight.com\/fr\/wp-json\/wp\/v2\/pages\/15582\/revisions"}],"predecessor-version":[{"id":15586,"href":"https:\/\/elfsight.com\/fr\/wp-json\/wp\/v2\/pages\/15582\/revisions\/15586"}],"up":[{"embeddable":true,"href":"https:\/\/elfsight.com\/fr\/wp-json\/wp\/v2\/pages\/14325"}],"wp:attachment":[{"href":"https:\/\/elfsight.com\/fr\/wp-json\/wp\/v2\/media?parent=15582"}],"curies":[{"name":"wp","href":"https:\/\/api.w.org\/{rel}","templated":true}]}}