{"id":15580,"date":"2024-09-30T18:27:29","date_gmt":"2024-09-30T18:27:29","guid":{"rendered":"https:\/\/elfsight.com\/fr\/?page_id=15580"},"modified":"2024-12-20T12:05:21","modified_gmt":"2024-12-20T12:05:21","slug":"facebook","status":"publish","type":"page","link":"https:\/\/elfsight.com\/fr\/calculator-form-widget\/facebook\/","title":{"rendered":"Calculator &#8211; Facebook Page"},"content":{"rendered":"\n<div class=\"application-platform-content-item-description application-platform-content-item\" id=\"description\" data-nav-section=\"description\">\n  <h2>Int\u00e9grer la calculatrice dans une page Facebook avec un widget Elfsight<\/h2>\n  <p>Le widget Calculatrice offre \u00e0 vos clients la possibilit\u00e9 de planifier leurs co\u00fbts, itin\u00e9raires de voyage, proportions de cuisson et bien plus encore concernant votre domaine d&rsquo;activit\u00e9. Vous pouvez ajouter des champs sp\u00e9cifiques et des options suppl\u00e9mentaires \u00e0 ce widget sur la page, afin que les utilisateurs puissent inspecter les avantages sans quitter la page. La fonctionnalit\u00e9 de logique conditionnelle vous aide \u00e0 inventer des solutions universelles pour n&rsquo;importe quel sc\u00e9nario et chaque utilisateur.<\/p>\n  <p>Les \u00e9l\u00e9ments r\u00e9glables tels que les cases \u00e0 cocher, les curseurs et les listes d\u00e9roulantes vous permettent d&rsquo;inclure n&rsquo;importe quel mod\u00e8le de cr\u00e9ation de prix pour certains produits. Par exemple, utilisez-le pour calculer des pr\u00eats \u00e0 un int\u00e9r\u00eat d\u00e9clar\u00e9 pour une p\u00e9riode de temps convenable. Vous pouvez proposer une location de voiture avec de nombreux services suppl\u00e9mentaires parmi lesquels choisir. De m\u00eame, la calculatrice est capable de planifier le voyage de vos r\u00eaves lorsque le vol, l\u2019h\u00e9bergement et les meilleurs \u00e9v\u00e9nements sont calcul\u00e9s.<\/p>\n  <p><b>Vos clients appr\u00e9cieront une exp\u00e9rience de calcul conviviale, en ajoutant le widget de comptage orient\u00e9 utilisateur !<\/b><\/p>\n<\/div>\n\n<div class=\"application-platform-content-item-features application-platform-content-item\" id=\"features\" data-nav-section=\"features\">\n  <h2>Voici les principales fonctionnalit\u00e9s du widget :<\/h2>\n  <ul>\n    <li>Outil avec une interface claire qui convient \u00e0 tout type de comptage<\/li>\n    <li>De nombreuses solutions de terrain d&rsquo;op\u00e9ration pour vos objectifs<\/li>\n    <li>Logique conditionnelle pour simplifier le comptage, m\u00eame compliqu\u00e9<\/li>\n    <li>Mod\u00e8les pr\u00eats \u00e0 l&#8217;emploi pour un comptage simple start<\/li>\n    <li>Outil sur la page pour faciliter la prise de d\u00e9cision<\/li>\n  <\/ul>\n  <p><a href=\"#demo\">Vous pouvez explorer ce que propose le widget \u00e0 l&rsquo;aide de la d\u00e9mo<\/a><\/p>\n<\/div>\n\n<div class=\"application-platform-content-item-installation application-platform-content-item\" id=\"installation\" data-nav-section=\"installation\">\n  <h2>Comment puis-je int\u00e9grer la calculatrice dans mon site de page Facebook ?<\/h2>\n  <div class=\"tip-yellow tip\">\n    <b>En raison des r\u00e9cents changements sur Facebook et de la transition vers le Nouveau Page Experience, l&rsquo;utilisation n&rsquo;est actuellement possible qu&rsquo;en ajoutant un lien direct vers le widget. Nous recherchons activement une solution et mettrons \u00e0 jour la configuration de la page Facebook d\u00e8s que nous trouverons un moyen.<\/b>\n  <\/div>\n  <p>Suivez simplement les instructions ci-dessous pour int\u00e9grer l&rsquo;outil.<\/p>\n  <ol>\n    <li><b>G\u00e9rez notre configurateur gratuit et commencez \u00e0 cr\u00e9er votre propre widget.<\/b><br> D\u00e9terminez l&rsquo;apparence pr\u00e9f\u00e9r\u00e9e et les caract\u00e9ristiques fonctionnelles du widget et enregistrez les modifications.<\/li>\n    <li><b>Acqu\u00e9rez votre code unique affich\u00e9 dans la case sur les applications Elfsight.<\/b><br> Juste une fois la configuration de votre outil termin\u00e9e, copiez le code personnel de la fen\u00eatre qui appara\u00eet et conservez-le pour une utilisation ult\u00e9rieure.<\/li>\n    <li><b>Commencez \u00e0 utiliser le widget sur la page Facebook.<\/b><br> Int\u00e9grez le code que vous avez enregistr\u00e9 auparavant dans votre page et enregistrez les corrections.<\/li>\n    <li><b>L&rsquo;installation est termin\u00e9e avec succ\u00e8s.<\/b><br> Visitez votre site pour voir les performances de l&rsquo;outil.<\/li>\n  <\/ol>\n  <p>Si vous rencontrez des difficult\u00e9s, n&rsquo;h\u00e9sitez pas \u00e0 demander l&rsquo;aide de notre \u00e9quipe d&rsquo;assistance. Nos sp\u00e9cialistes sont impatients de r\u00e9soudre toutes les questions que vous pourriez vous poser avec le plugin.<\/p>\n<\/div>\n","protected":false},"excerpt":{"rendered":"","protected":false},"author":9,"featured_media":0,"parent":14325,"menu_order":0,"comment_status":"closed","ping_status":"closed","template":"templates\/template-application-platform.php","meta":{"publish_to_discourse":"","publish_post_category":"","wpdc_auto_publish_overridden":"","wpdc_topic_tags":"","wpdc_pin_topic":"","wpdc_pin_until":"","discourse_post_id":"","discourse_permalink":"","wpdc_publishing_response":"","wpdc_publishing_error":"","footnotes":""},"class_list":["post-15580","page","type-page","status-publish","hentry"],"yoast_head":"<!-- This site is optimized with the Yoast SEO plugin v25.3.1 - https:\/\/yoast.com\/wordpress\/plugins\/seo\/ -->\n<title>Ajouter une calculatrice \u00e0 la page Facebook - Am\u00e9liorez le comptage sur le site Web<\/title>\n<meta name=\"description\" content=\"Simplifiez m\u00eame les calculs d\u00e9taill\u00e9s \u00e0 l\u2019aide de la calculatrice orient\u00e9e utilisateur. Essayez une d\u00e9mo pratique d&#039;Elfsight pour g\u00e9n\u00e9rer le puissant widget.\" \/>\n<meta name=\"robots\" content=\"index, follow, max-snippet:-1, max-image-preview:large, max-video-preview:-1\" \/>\n<link rel=\"canonical\" href=\"https:\/\/elfsight.com\/fr\/calculator-form-widget\/facebook\/\" \/>\n<meta property=\"og:locale\" content=\"fr_FR\" \/>\n<meta property=\"og:type\" content=\"article\" \/>\n<meta property=\"og:title\" content=\"Ajouter une calculatrice \u00e0 la page Facebook - Am\u00e9liorez le comptage sur le site Web\" \/>\n<meta property=\"og:description\" content=\"Simplifiez m\u00eame les calculs d\u00e9taill\u00e9s \u00e0 l\u2019aide de la calculatrice orient\u00e9e utilisateur. Essayez une d\u00e9mo pratique d&#039;Elfsight pour g\u00e9n\u00e9rer le puissant widget.\" \/>\n<meta property=\"og:url\" content=\"https:\/\/elfsight.com\/fr\/calculator-form-widget\/facebook\/\" \/>\n<meta property=\"og:site_name\" content=\"Elfsight FR\" \/>\n<meta property=\"article:modified_time\" content=\"2024-12-20T12:05:21+00:00\" \/>\n<meta name=\"twitter:card\" content=\"summary_large_image\" \/>\n<meta name=\"twitter:label1\" content=\"Dur\u00e9e de lecture estim\u00e9e\" \/>\n\t<meta name=\"twitter:data1\" content=\"3 minutes\" \/>\n<!-- \/ Yoast SEO plugin. -->","yoast_head_json":{"title":"Ajouter une calculatrice \u00e0 la page Facebook - Am\u00e9liorez le comptage sur le site Web","description":"Simplifiez m\u00eame les calculs d\u00e9taill\u00e9s \u00e0 l\u2019aide de la calculatrice orient\u00e9e utilisateur. Essayez une d\u00e9mo pratique d'Elfsight pour g\u00e9n\u00e9rer le puissant widget.","robots":{"index":"index","follow":"follow","max-snippet":"max-snippet:-1","max-image-preview":"max-image-preview:large","max-video-preview":"max-video-preview:-1"},"canonical":"https:\/\/elfsight.com\/fr\/calculator-form-widget\/facebook\/","og_locale":"fr_FR","og_type":"article","og_title":"Ajouter une calculatrice \u00e0 la page Facebook - Am\u00e9liorez le comptage sur le site Web","og_description":"Simplifiez m\u00eame les calculs d\u00e9taill\u00e9s \u00e0 l\u2019aide de la calculatrice orient\u00e9e utilisateur. Essayez une d\u00e9mo pratique d'Elfsight pour g\u00e9n\u00e9rer le puissant widget.","og_url":"https:\/\/elfsight.com\/fr\/calculator-form-widget\/facebook\/","og_site_name":"Elfsight FR","article_modified_time":"2024-12-20T12:05:21+00:00","twitter_card":"summary_large_image","twitter_misc":{"Dur\u00e9e de lecture estim\u00e9e":"3 minutes"},"schema":{"@context":"https:\/\/schema.org","@graph":[{"@type":"WebPage","@id":"https:\/\/elfsight.com\/fr\/calculator-form-widget\/facebook\/","url":"https:\/\/elfsight.com\/fr\/calculator-form-widget\/facebook\/","name":"Ajouter une calculatrice \u00e0 la page Facebook - Am\u00e9liorez le comptage sur le site Web","isPartOf":{"@id":"https:\/\/elfsight.com\/fr\/#website"},"datePublished":"2024-09-30T18:27:29+00:00","dateModified":"2024-12-20T12:05:21+00:00","description":"Simplifiez m\u00eame les calculs d\u00e9taill\u00e9s \u00e0 l\u2019aide de la calculatrice orient\u00e9e utilisateur. Essayez une d\u00e9mo pratique d'Elfsight pour g\u00e9n\u00e9rer le puissant widget.","breadcrumb":{"@id":"https:\/\/elfsight.com\/fr\/calculator-form-widget\/facebook\/#breadcrumb"},"inLanguage":"fr-FR","potentialAction":[{"@type":"ReadAction","target":["https:\/\/elfsight.com\/fr\/calculator-form-widget\/facebook\/"]}]},{"@type":"BreadcrumbList","@id":"https:\/\/elfsight.com\/fr\/calculator-form-widget\/facebook\/#breadcrumb","itemListElement":[{"@type":"ListItem","position":1,"name":"Home","item":"https:\/\/elfsight.com\/fr\/"},{"@type":"ListItem","position":2,"name":"Calculator","item":"https:\/\/elfsight.com\/fr\/calculator-form-widget\/"},{"@type":"ListItem","position":3,"name":"Calculator &#8211; Facebook Page"}]},{"@type":"WebSite","@id":"https:\/\/elfsight.com\/fr\/#website","url":"https:\/\/elfsight.com\/fr\/","name":"Elfsight FR","description":"","potentialAction":[{"@type":"SearchAction","target":{"@type":"EntryPoint","urlTemplate":"https:\/\/elfsight.com\/fr\/?s={search_term_string}"},"query-input":{"@type":"PropertyValueSpecification","valueRequired":true,"valueName":"search_term_string"}}],"inLanguage":"fr-FR"}]}},"meta_box":{"industry":"","seo_heading":"","heading":"","description":"","cta_heading":"","cta_description":"","application":"14318","h1":"Widget Calculateur de page Facebook","h1_caption":"Fournissez une calculatrice personnalis\u00e9e \u00e0 vos visiteurs, offrant des solutions rapides pour des \u00e9l\u00e9ments tels que les prix, les remises ou les calculs du retour sur investissement sur votre site Web de page Facebook sans effort.","application_category":[],"applications_title":"","applications_request_title":"","applications_request_button_text":"","hero_text":"","hero_video":"","hero_video_schema_markup":"","selling_points_title":"","selling_points_caption":"","selling_points":[],"selling_points_cta_text":"","features_title":"","features":"","ed_cta_examples_text":"","ed_cta_examples_hidden":"","ed_cta_demo_text":"","ed_cta_demo_hidden":"","why_caption":"","why_editor_title":"","why_editor_text":"","why_team_title":"","why_team_text":"","why_service_title":"","why_service_text":"","template_catalog_visible":"0","template_catalog_title":"","template_catalog_text":"","template_catalog_categories_visible":"","demo_title":"Cr\u00e9ez votre widget Calculatrice","demo_caption":"Configurez votre calculatrice et ajoutez-la gratuitement \u00e0 votre page Facebook\u00a0!","default_faq_hidden":"","app_template_category":[],"platform":"423","template_public_id":"","codecanyon_url":"","codecanyon_item_id":"","codecanyon_price":"","pricing_caption":"","pricing_elfsight_apps_hide_column":"","pricing_elfsight_apps_url":"","pricing_codecanyon_price_caption":"","integration_category":[],"integration_request_title":"","integration_request_cta":"","integration_platform":"","integrations":[],"platform_category":[],"video_schema_markup":"","price":"\u00e0 partir de 0$ \/ mois","trial":"","benefits":[{"text":"Aide \u00e0 l'installation gratuite"},{"text":"Assistance premium"},{"text":"Garantie de remboursement de 14 jours"},{"text":"Mises \u00e0 jour \u00e0 vie"}],"button_url":"#demo","button_target_blank":"0","button_nofollow":"0","attributes":[{"name":"Installations","content":"50,000 - 100,000"},{"name":"Sensible","content":"Oui"},{"name":"Navigateurs compatibles","content":"Firefox, Safari, Opera, Chrome, Edge"}],"tags":[],"tags_disable_links":"0","hide_more_platforms":"","video_object":"","demo_hide_cta":"0","demo_hide_cloud_options":"0","pricing_title":"","pricing":[{"pricing_icon":"platform","pricing_title":"Elfsight Apps","pricing_title_caption":"Version multiplateforme qui fonctionne sur n'importe quel site","pricing_price":"\u00e0 partir de 0$ \/ mois","pricing_price_caption":"commencez avec un forfait gratuit","pricing_benefits":[{"text":"Sites Web illimit\u00e9s"},{"text":"Assistance gratuite, ponctuelle et bien document\u00e9e"},{"text":"Service d'installation gratuit"}],"pricing_button_text":"Ajouter au site Web","pricing_button_url":"#demo"}],"related_apps_title":"","related_apps_hidden":"0","author":"","image":[],"title":"","job":"","social_networks":[]},"_links":{"self":[{"href":"https:\/\/elfsight.com\/fr\/wp-json\/wp\/v2\/pages\/15580","targetHints":{"allow":["GET"]}}],"collection":[{"href":"https:\/\/elfsight.com\/fr\/wp-json\/wp\/v2\/pages"}],"about":[{"href":"https:\/\/elfsight.com\/fr\/wp-json\/wp\/v2\/types\/page"}],"author":[{"embeddable":true,"href":"https:\/\/elfsight.com\/fr\/wp-json\/wp\/v2\/users\/9"}],"replies":[{"embeddable":true,"href":"https:\/\/elfsight.com\/fr\/wp-json\/wp\/v2\/comments?post=15580"}],"version-history":[{"count":2,"href":"https:\/\/elfsight.com\/fr\/wp-json\/wp\/v2\/pages\/15580\/revisions"}],"predecessor-version":[{"id":15969,"href":"https:\/\/elfsight.com\/fr\/wp-json\/wp\/v2\/pages\/15580\/revisions\/15969"}],"up":[{"embeddable":true,"href":"https:\/\/elfsight.com\/fr\/wp-json\/wp\/v2\/pages\/14325"}],"wp:attachment":[{"href":"https:\/\/elfsight.com\/fr\/wp-json\/wp\/v2\/media?parent=15580"}],"curies":[{"name":"wp","href":"https:\/\/api.w.org\/{rel}","templated":true}]}}