{"id":15575,"date":"2024-09-30T18:27:29","date_gmt":"2024-09-30T18:27:29","guid":{"rendered":"https:\/\/elfsight.com\/fr\/?page_id=15575"},"modified":"2025-07-09T17:00:21","modified_gmt":"2025-07-09T17:00:21","slug":"bigcommerce","status":"publish","type":"page","link":"https:\/\/elfsight.com\/fr\/calculator-form-widget\/bigcommerce\/","title":{"rendered":"Calculator &#8211; BigCommerce"},"content":{"rendered":"<div class=\"application-platform-content-item-description application-platform-content-item\" id=\"description\" data-nav-section=\"description\"> <h2>Int\u00e9grer la calculatrice dans BigCommerce avec une application Elfsight<\/h2> <p>Le widget Calculatrice offre \u00e0 vos clients un moyen de planifier leur budget, itin\u00e9raires de voyage, proportions de cuisson et bien plus encore en fonction de votre domaine d&rsquo;activit\u00e9. On peut incorporer des champs sp\u00e9cifiques et des options utiles dans ce widget int\u00e9gr\u00e9, afin que les utilisateurs puissent voir les avantages sans quitter la page du site Web. La logique conditionnelle vous permet d&rsquo;inventer des solutions universelles pour chaque sc\u00e9nario et chaque utilisateur.<\/p><p>Les \u00e9l\u00e9ments variables tels que les cases \u00e0 cocher, les curseurs et les listes d\u00e9roulantes vous permettent d&rsquo;inclure n&rsquo;importe quel mod\u00e8le de tarification pour certaines offres. Par exemple, on peut calculer des pr\u00eats avec un pourcentage indiqu\u00e9 pour une p\u00e9riode de temps souhait\u00e9e. Vous pouvez proposer une location de voiture avec de nombreux services suppl\u00e9mentaires parmi lesquels choisir. De plus, le calculateur est capable de planifier le voyage de vos r\u00eaves \u00e0 condition de prendre en compte le transfert, l\u2019h\u00e9bergement et les \u00e9v\u00e9nements n\u00e9cessaires. <\/p><p><b>Offrez \u00e0 vos clients une exp\u00e9rience de calcul pratique, en incorporant le widget de comptage simple\u00a0! <\/b><\/p><\/div> <div class=\"application-platform-content-item-features application-platform-content-item\" id=\"features\" data-nav-section=\"features\"> <h2>Les fonctionnalit\u00e9s essentielles du widget offrent<\/h2> <ul><li>Solution avec une interface conviviale qui permet tous les calculs<\/li><li>De nombreux types de champs d&rsquo;op\u00e9ration pour divers objectifs<\/li><li>Fonctionnalit\u00e9 de logique conditionnelle qui permet un comptage m\u00eame compliqu\u00e9<\/li><li>Mod\u00e8les pr\u00eats \u00e0 l&#8217;emploi pour un comptage simple start<\/li><li>Outil int\u00e9gr\u00e9 qui augmente la prise de d\u00e9cision<\/li><\/ul><p><a href=\"#demo\">Vous pouvez v\u00e9rifier ce que propose le widget en essayant la d\u00e9mo<\/a><\/p> <\/div> <div class=\"application-platform-content-item-installation application-platform-content-item\" id=\"installation\" data-nav-section=\"installation\"> <h2>Comment int\u00e9grer la calculatrice \u00e0 mon site Web BigCommerce\u00a0?<\/h2> <p>Suivez simplement les instructions ci-dessous pour int\u00e9grer l&rsquo;outil.<\/p> <ol><li><b>Ouvrez notre d\u00e9mo gratuite et commencez \u00e0 fa\u00e7onner votre propre instrument. <\/b><br> Sp\u00e9cifiez la disposition et les sp\u00e9cifications pr\u00e9f\u00e9r\u00e9es de l&rsquo;outil et enregistrez les corrections. <\/li> <li><b>Recevez votre code individuel qui est affich\u00e9 dans le formulaire sp\u00e9cial sur Elfsight Apps. <\/b><br> Juste apr\u00e8s la g\u00e9n\u00e9ration de votre plugin, copiez le code personnel dans la case qui appara\u00eet et enregistrez-le pour une utilisation future. <\/li> <li><b>Commencez l&rsquo;utilisation du widget sur le site BigCommerce. <\/b><br> Int\u00e9grez le code que vous avez enregistr\u00e9 auparavant dans votre site Web et enregistrez les corrections. <\/li> <li><b>L&rsquo;installation est enti\u00e8rement termin\u00e9e. <\/b><br> Visitez votre page pour voir les performances de l&rsquo;outil. <\/li><\/ol> <p>\u00c0 condition de r\u00e9pondre \u00e0 des questions ou de rencontrer des obstacles, n&rsquo;h\u00e9sitez pas \u00e0 demander l&rsquo;aide de notre service client. Nos collaborateurs sont d\u00e9sireux de r\u00e9soudre toutes les difficult\u00e9s que vous pourriez rencontrer avec le widget. <\/p><\/div>","protected":false},"excerpt":{"rendered":"","protected":false},"author":9,"featured_media":0,"parent":14325,"menu_order":0,"comment_status":"closed","ping_status":"closed","template":"templates\/template-application-platform.php","meta":{"publish_to_discourse":"","publish_post_category":"","wpdc_auto_publish_overridden":"","wpdc_topic_tags":"","wpdc_pin_topic":"","wpdc_pin_until":"","discourse_post_id":"","discourse_permalink":"","wpdc_publishing_response":"","wpdc_publishing_error":"","footnotes":""},"class_list":["post-15575","page","type-page","status-publish","hentry"],"yoast_head":"<!-- This site is optimized with the Yoast SEO plugin v25.3.1 - https:\/\/yoast.com\/wordpress\/plugins\/seo\/ -->\n<title>Int\u00e9grer la calculatrice dans BigCommerce - Boostez les calculs sur les pages<\/title>\n<meta name=\"description\" content=\"Simplifiez les comptages, m\u00eame complexes, \u00e0 l&#039;aide de notre calculatrice orient\u00e9e utilisateur. Essayez une d\u00e9mo pratique d&#039;Elfsight pour cr\u00e9er le widget polyvalent.\" \/>\n<meta name=\"robots\" content=\"index, follow, max-snippet:-1, max-image-preview:large, max-video-preview:-1\" \/>\n<link rel=\"canonical\" href=\"https:\/\/elfsight.com\/fr\/calculator-form-widget\/bigcommerce\/\" \/>\n<meta property=\"og:locale\" content=\"fr_FR\" \/>\n<meta property=\"og:type\" content=\"article\" \/>\n<meta property=\"og:title\" content=\"Int\u00e9grer la calculatrice dans BigCommerce - Boostez les calculs sur les pages\" \/>\n<meta property=\"og:description\" content=\"Simplifiez les comptages, m\u00eame complexes, \u00e0 l&#039;aide de notre calculatrice orient\u00e9e utilisateur. Essayez une d\u00e9mo pratique d&#039;Elfsight pour cr\u00e9er le widget polyvalent.\" \/>\n<meta property=\"og:url\" content=\"https:\/\/elfsight.com\/fr\/calculator-form-widget\/bigcommerce\/\" \/>\n<meta property=\"og:site_name\" content=\"Elfsight FR\" \/>\n<meta property=\"article:modified_time\" content=\"2025-07-09T17:00:21+00:00\" \/>\n<meta name=\"twitter:card\" content=\"summary_large_image\" \/>\n<meta name=\"twitter:label1\" content=\"Dur\u00e9e de lecture estim\u00e9e\" \/>\n\t<meta name=\"twitter:data1\" content=\"2 minutes\" \/>\n<!-- \/ Yoast SEO plugin. -->","yoast_head_json":{"title":"Int\u00e9grer la calculatrice dans BigCommerce - Boostez les calculs sur les pages","description":"Simplifiez les comptages, m\u00eame complexes, \u00e0 l'aide de notre calculatrice orient\u00e9e utilisateur. Essayez une d\u00e9mo pratique d'Elfsight pour cr\u00e9er le widget polyvalent.","robots":{"index":"index","follow":"follow","max-snippet":"max-snippet:-1","max-image-preview":"max-image-preview:large","max-video-preview":"max-video-preview:-1"},"canonical":"https:\/\/elfsight.com\/fr\/calculator-form-widget\/bigcommerce\/","og_locale":"fr_FR","og_type":"article","og_title":"Int\u00e9grer la calculatrice dans BigCommerce - Boostez les calculs sur les pages","og_description":"Simplifiez les comptages, m\u00eame complexes, \u00e0 l'aide de notre calculatrice orient\u00e9e utilisateur. Essayez une d\u00e9mo pratique d'Elfsight pour cr\u00e9er le widget polyvalent.","og_url":"https:\/\/elfsight.com\/fr\/calculator-form-widget\/bigcommerce\/","og_site_name":"Elfsight FR","article_modified_time":"2025-07-09T17:00:21+00:00","twitter_card":"summary_large_image","twitter_misc":{"Dur\u00e9e de lecture estim\u00e9e":"2 minutes"},"schema":{"@context":"https:\/\/schema.org","@graph":[{"@type":"WebPage","@id":"https:\/\/elfsight.com\/fr\/calculator-form-widget\/bigcommerce\/","url":"https:\/\/elfsight.com\/fr\/calculator-form-widget\/bigcommerce\/","name":"Int\u00e9grer la calculatrice dans BigCommerce - Boostez les calculs sur les pages","isPartOf":{"@id":"https:\/\/elfsight.com\/fr\/#website"},"datePublished":"2024-09-30T18:27:29+00:00","dateModified":"2025-07-09T17:00:21+00:00","description":"Simplifiez les comptages, m\u00eame complexes, \u00e0 l'aide de notre calculatrice orient\u00e9e utilisateur. Essayez une d\u00e9mo pratique d'Elfsight pour cr\u00e9er le widget polyvalent.","breadcrumb":{"@id":"https:\/\/elfsight.com\/fr\/calculator-form-widget\/bigcommerce\/#breadcrumb"},"inLanguage":"fr-FR","potentialAction":[{"@type":"ReadAction","target":["https:\/\/elfsight.com\/fr\/calculator-form-widget\/bigcommerce\/"]}]},{"@type":"BreadcrumbList","@id":"https:\/\/elfsight.com\/fr\/calculator-form-widget\/bigcommerce\/#breadcrumb","itemListElement":[{"@type":"ListItem","position":1,"name":"Home","item":"https:\/\/elfsight.com\/fr\/"},{"@type":"ListItem","position":2,"name":"Calculator","item":"https:\/\/elfsight.com\/fr\/calculator-form-widget\/"},{"@type":"ListItem","position":3,"name":"Calculator &#8211; BigCommerce"}]},{"@type":"WebSite","@id":"https:\/\/elfsight.com\/fr\/#website","url":"https:\/\/elfsight.com\/fr\/","name":"Elfsight FR","description":"","potentialAction":[{"@type":"SearchAction","target":{"@type":"EntryPoint","urlTemplate":"https:\/\/elfsight.com\/fr\/?s={search_term_string}"},"query-input":{"@type":"PropertyValueSpecification","valueRequired":true,"valueName":"search_term_string"}}],"inLanguage":"fr-FR"}]}},"meta_box":{"industry":"","seo_heading":"","heading":"","description":"","cta_heading":"","cta_description":"","application":"14318","h1":"Application Calculatrice BigCommerce","h1_caption":"Fournissez une calculatrice personnalis\u00e9e \u00e0 vos visiteurs, offrant des solutions rapides pour des \u00e9l\u00e9ments tels que les prix, les remises ou les calculs du retour sur investissement sur votre site Web BigCommerce, sans effort.","application_category":[],"applications_title":"","applications_request_title":"","applications_request_button_text":"","hero_text":"","hero_video":"","hero_video_schema_markup":"","selling_points_title":"","selling_points_caption":"","selling_points":[],"selling_points_cta_text":"","features_title":"","features":"","ed_cta_examples_text":"","ed_cta_examples_hidden":"","ed_cta_demo_text":"","ed_cta_demo_hidden":"","why_caption":"","why_editor_title":"","why_editor_text":"","why_team_title":"","why_team_text":"","why_service_title":"","why_service_text":"","template_catalog_visible":"","template_catalog_title":"","template_catalog_text":"","template_catalog_categories_visible":"","demo_title":"Cr\u00e9ez votre application Calculatrice","demo_caption":"Configurez votre calculatrice et ajoutez-la gratuitement \u00e0 votre site Web BigCommerce\u00a0!","default_faq_hidden":"","app_template_category":[],"platform":"347","template_public_id":"","codecanyon_url":"","codecanyon_item_id":"","codecanyon_price":"","pricing_caption":"","pricing_elfsight_apps_hide_column":"","pricing_elfsight_apps_url":"","pricing_codecanyon_price_caption":"","integration_category":[],"integration_request_title":"","integration_request_cta":"","integration_platform":"","integrations":[],"platform_category":[],"video_schema_markup":"","price":"\u00e0 partir de 0$ \/ mois","trial":"","benefits":[{"text":"Aide \u00e0 l'installation gratuite"},{"text":"Service client professionnel"},{"text":"Garantie de remboursement de 14 jours"},{"text":"Futures mises \u00e0 jour gratuites"}],"button_url":"#demo","button_target_blank":"","button_nofollow":"","attributes":[{"name":"Installations","content":"50,000 - 100,000"},{"name":"Sensible","content":"Oui"},{"name":"Navigateurs compatibles","content":"Firefox, Safari, Opera, Chrome, Edge"}],"tags":[],"tags_disable_links":"","hide_more_platforms":"","video_object":"","demo_hide_cta":"","demo_hide_cloud_options":"","pricing_title":"","pricing":[{"pricing_icon":"platform","pricing_title":"Elfsight Apps","pricing_title_caption":"Logiciel multiplateforme","pricing_price":"\u00e0 partir de 0$ \/ mois","pricing_price_caption":"commencez avec un forfait gratuit","pricing_benefits":[{"text":"Sites Web illimit\u00e9s"},{"text":"Assistance de l'entreprise 24h\/24 et 7j\/7 et bien document\u00e9e"},{"text":"Service d'installation gratuit"}],"pricing_button_text":"Ajouter au site Web","pricing_button_url":"#demo"}],"related_apps_title":"","related_apps_hidden":"","author":"","image":[],"title":"","job":"","social_networks":[]},"_links":{"self":[{"href":"https:\/\/elfsight.com\/fr\/wp-json\/wp\/v2\/pages\/15575","targetHints":{"allow":["GET"]}}],"collection":[{"href":"https:\/\/elfsight.com\/fr\/wp-json\/wp\/v2\/pages"}],"about":[{"href":"https:\/\/elfsight.com\/fr\/wp-json\/wp\/v2\/types\/page"}],"author":[{"embeddable":true,"href":"https:\/\/elfsight.com\/fr\/wp-json\/wp\/v2\/users\/9"}],"replies":[{"embeddable":true,"href":"https:\/\/elfsight.com\/fr\/wp-json\/wp\/v2\/comments?post=15575"}],"version-history":[{"count":1,"href":"https:\/\/elfsight.com\/fr\/wp-json\/wp\/v2\/pages\/15575\/revisions"}],"predecessor-version":[{"id":15579,"href":"https:\/\/elfsight.com\/fr\/wp-json\/wp\/v2\/pages\/15575\/revisions\/15579"}],"up":[{"embeddable":true,"href":"https:\/\/elfsight.com\/fr\/wp-json\/wp\/v2\/pages\/14325"}],"wp:attachment":[{"href":"https:\/\/elfsight.com\/fr\/wp-json\/wp\/v2\/media?parent=15575"}],"curies":[{"name":"wp","href":"https:\/\/api.w.org\/{rel}","templated":true}]}}