{"id":15574,"date":"2024-09-30T18:27:29","date_gmt":"2024-09-30T18:27:29","guid":{"rendered":"https:\/\/elfsight.com\/fr\/?page_id=15574"},"modified":"2025-07-09T17:00:27","modified_gmt":"2025-07-09T17:00:27","slug":"blogger","status":"publish","type":"page","link":"https:\/\/elfsight.com\/fr\/calculator-form-widget\/blogger\/","title":{"rendered":"Calculator &#8211; Blogger"},"content":{"rendered":"<div class=\"application-platform-content-item-description application-platform-content-item\" id=\"description\" data-nav-section=\"description\"> <h2>Int\u00e9grer la calculatrice dans Blogger avec un widget Elfsight<\/h2> <p>Le widget Calculatrice offre aux utilisateurs de votre site Web un moyen de planifier leurs d\u00e9penses, itin\u00e9raires de voyage, proportions de cuisson et bien plus encore en fonction de votre domaine d&rsquo;activit\u00e9. Vous pouvez ajouter des champs obligatoires et des options utiles \u00e0 ce widget sur la page, afin que les utilisateurs puissent voir les avantages sans quitter la page. La logique conditionnelle vous permet d&rsquo;inventer des mod\u00e8les universels pour chaque sc\u00e9nario et chaque client.<\/p><p>Des \u00e9l\u00e9ments personnalisables tels que des cases \u00e0 cocher, des curseurs et des listes d\u00e9roulantes vous permettent d&rsquo;inclure n&rsquo;importe quel aspect de la construction des prix pour certaines offres. Par exemple, on peut calculer des pr\u00eats avec un int\u00e9r\u00eat d\u00e9clar\u00e9 pour une dur\u00e9e convenable. Vous pouvez promouvoir une location de voiture avec de nombreux changements suppl\u00e9mentaires parmi lesquels choisir. De plus, le calculateur est capable de projeter le voyage de vos r\u00eaves \u00e0 condition de prendre en compte le transport, l\u2019h\u00e9bergement et les \u00e9v\u00e9nements n\u00e9cessaires. <\/p><p><b>Offrez aux visiteurs de votre site Web une solide exp\u00e9rience de calcul, en ajoutant le widget de comptage orient\u00e9 utilisateur\u00a0! <\/b><\/p><\/div> <div class=\"application-platform-content-item-features application-platform-content-item\" id=\"features\" data-nav-section=\"features\"> <h2>Vous trouverez ci-dessous les fonctionnalit\u00e9s essentielles du widget\u00a0:<\/h2> <ul><li>Outil avec une interface conviviale qui convient \u00e0 tous les calculs<\/li><li>Toutes les options de champs de calcul pour vos besoins<\/li><li>Fonctionnalit\u00e9 de logique conditionnelle qui couvre m\u00eame le comptage d\u00e9taill\u00e9<\/li><li>Mod\u00e8les g\u00e9rables pour commencer facilement<\/li><li>Solution int\u00e9gr\u00e9e pour am\u00e9liorer la prise de d\u00e9cision<\/li><\/ul><p><a href=\"#demo\">Essayez simplement cette d\u00e9mo pour avoir une id\u00e9e compl\u00e8te<\/a><\/p><\/div> <div class=\"application-platform-content-item-installation application-platform-content-item\" id=\"installation\" data-nav-section=\"installation\"> <h2>Comment puis-je int\u00e9grer la calculatrice dans mes pages Blogger\u00a0?<\/h2> <p>Suivez simplement les \u00e9tapes ci-dessous pour commencer \u00e0 travailler avec le plugin.<\/p> <ol><li><b>Utilisez notre \u00e9diteur gratuit et commencez \u00e0 fa\u00e7onner votre plugin personnalis\u00e9. <\/b><br> Sp\u00e9cifiez l&rsquo;interface et les fonctionnalit\u00e9s pr\u00e9f\u00e9rables du plugin et appliquez les modifications. <\/li> <li><b>Recevez votre code personnel qui est affich\u00e9 dans le formulaire sp\u00e9cial sur Elfsight Apps. <\/b><br> D\u00e8s que la cr\u00e9ation de votre widget est termin\u00e9e, copiez le code personnel dans la popup apparue et enregistrez-le pour une utilisation ult\u00e9rieure. <\/li> <li><b>Commencez \u00e0 utiliser le plug-in sur la page d&rsquo;accueil de Blogger. <\/b><br> Ins\u00e9rez le code que vous avez copi\u00e9 r\u00e9cemment dans votre page d&rsquo;accueil et appliquez les corrections. <\/li> <li><b>Fait\u00a0! La configuration est enti\u00e8rement r\u00e9alis\u00e9e. <\/b><br> Visitez votre page Web pour v\u00e9rifier les performances du plugin. <\/li><\/ol> <p>Si vous avez des questions ou si vous rencontrez des complications, n&rsquo;h\u00e9sitez pas \u00e0 \u00e9crire \u00e0 notre \u00e9quipe d&rsquo;assistance. Nos sp\u00e9cialistes ont h\u00e2te de r\u00e9soudre toutes les questions que vous pourriez avoir avec le produit. <\/p><\/div> ","protected":false},"excerpt":{"rendered":"","protected":false},"author":9,"featured_media":0,"parent":14325,"menu_order":0,"comment_status":"closed","ping_status":"closed","template":"templates\/template-application-platform.php","meta":{"publish_to_discourse":"","publish_post_category":"","wpdc_auto_publish_overridden":"","wpdc_topic_tags":"","wpdc_pin_topic":"","wpdc_pin_until":"","discourse_post_id":"","discourse_permalink":"","wpdc_publishing_response":"","wpdc_publishing_error":"","footnotes":""},"class_list":["post-15574","page","type-page","status-publish","hentry"],"yoast_head":"<!-- This site is optimized with the Yoast SEO plugin v25.3.1 - https:\/\/yoast.com\/wordpress\/plugins\/seo\/ -->\n<title>Ajouter une calculatrice \u00e0 Blogger - Facilitez les calculs sur le site Web<\/title>\n<meta name=\"description\" content=\"Ma\u00eetrisez le comptage m\u00eame compliqu\u00e9 \u00e0 l\u2019aide de notre calculatrice r\u00e9active. B\u00e9n\u00e9ficiez d&#039;une d\u00e9mo pratique d&#039;Elfsight pour cr\u00e9er le widget utile.\" \/>\n<meta name=\"robots\" content=\"index, follow, max-snippet:-1, max-image-preview:large, max-video-preview:-1\" \/>\n<link rel=\"canonical\" href=\"https:\/\/elfsight.com\/fr\/calculator-form-widget\/blogger\/\" \/>\n<meta property=\"og:locale\" content=\"fr_FR\" \/>\n<meta property=\"og:type\" content=\"article\" \/>\n<meta property=\"og:title\" content=\"Ajouter une calculatrice \u00e0 Blogger - Facilitez les calculs sur le site Web\" \/>\n<meta property=\"og:description\" content=\"Ma\u00eetrisez le comptage m\u00eame compliqu\u00e9 \u00e0 l\u2019aide de notre calculatrice r\u00e9active. B\u00e9n\u00e9ficiez d&#039;une d\u00e9mo pratique d&#039;Elfsight pour cr\u00e9er le widget utile.\" \/>\n<meta property=\"og:url\" content=\"https:\/\/elfsight.com\/fr\/calculator-form-widget\/blogger\/\" \/>\n<meta property=\"og:site_name\" content=\"Elfsight FR\" \/>\n<meta property=\"article:modified_time\" content=\"2025-07-09T17:00:27+00:00\" \/>\n<meta name=\"twitter:card\" content=\"summary_large_image\" \/>\n<meta name=\"twitter:label1\" content=\"Dur\u00e9e de lecture estim\u00e9e\" \/>\n\t<meta name=\"twitter:data1\" content=\"2 minutes\" \/>\n<!-- \/ Yoast SEO plugin. -->","yoast_head_json":{"title":"Ajouter une calculatrice \u00e0 Blogger - Facilitez les calculs sur le site Web","description":"Ma\u00eetrisez le comptage m\u00eame compliqu\u00e9 \u00e0 l\u2019aide de notre calculatrice r\u00e9active. B\u00e9n\u00e9ficiez d'une d\u00e9mo pratique d'Elfsight pour cr\u00e9er le widget utile.","robots":{"index":"index","follow":"follow","max-snippet":"max-snippet:-1","max-image-preview":"max-image-preview:large","max-video-preview":"max-video-preview:-1"},"canonical":"https:\/\/elfsight.com\/fr\/calculator-form-widget\/blogger\/","og_locale":"fr_FR","og_type":"article","og_title":"Ajouter une calculatrice \u00e0 Blogger - Facilitez les calculs sur le site Web","og_description":"Ma\u00eetrisez le comptage m\u00eame compliqu\u00e9 \u00e0 l\u2019aide de notre calculatrice r\u00e9active. B\u00e9n\u00e9ficiez d'une d\u00e9mo pratique d'Elfsight pour cr\u00e9er le widget utile.","og_url":"https:\/\/elfsight.com\/fr\/calculator-form-widget\/blogger\/","og_site_name":"Elfsight FR","article_modified_time":"2025-07-09T17:00:27+00:00","twitter_card":"summary_large_image","twitter_misc":{"Dur\u00e9e de lecture estim\u00e9e":"2 minutes"},"schema":{"@context":"https:\/\/schema.org","@graph":[{"@type":"WebPage","@id":"https:\/\/elfsight.com\/fr\/calculator-form-widget\/blogger\/","url":"https:\/\/elfsight.com\/fr\/calculator-form-widget\/blogger\/","name":"Ajouter une calculatrice \u00e0 Blogger - Facilitez les calculs sur le site Web","isPartOf":{"@id":"https:\/\/elfsight.com\/fr\/#website"},"datePublished":"2024-09-30T18:27:29+00:00","dateModified":"2025-07-09T17:00:27+00:00","description":"Ma\u00eetrisez le comptage m\u00eame compliqu\u00e9 \u00e0 l\u2019aide de notre calculatrice r\u00e9active. B\u00e9n\u00e9ficiez d'une d\u00e9mo pratique d'Elfsight pour cr\u00e9er le widget utile.","breadcrumb":{"@id":"https:\/\/elfsight.com\/fr\/calculator-form-widget\/blogger\/#breadcrumb"},"inLanguage":"fr-FR","potentialAction":[{"@type":"ReadAction","target":["https:\/\/elfsight.com\/fr\/calculator-form-widget\/blogger\/"]}]},{"@type":"BreadcrumbList","@id":"https:\/\/elfsight.com\/fr\/calculator-form-widget\/blogger\/#breadcrumb","itemListElement":[{"@type":"ListItem","position":1,"name":"Home","item":"https:\/\/elfsight.com\/fr\/"},{"@type":"ListItem","position":2,"name":"Calculator","item":"https:\/\/elfsight.com\/fr\/calculator-form-widget\/"},{"@type":"ListItem","position":3,"name":"Calculator &#8211; Blogger"}]},{"@type":"WebSite","@id":"https:\/\/elfsight.com\/fr\/#website","url":"https:\/\/elfsight.com\/fr\/","name":"Elfsight FR","description":"","potentialAction":[{"@type":"SearchAction","target":{"@type":"EntryPoint","urlTemplate":"https:\/\/elfsight.com\/fr\/?s={search_term_string}"},"query-input":{"@type":"PropertyValueSpecification","valueRequired":true,"valueName":"search_term_string"}}],"inLanguage":"fr-FR"}]}},"meta_box":{"industry":"","seo_heading":"","heading":"","description":"","cta_heading":"","cta_description":"","application":"14318","h1":"Widget Calculatrice Blogger","h1_caption":"Fournissez une calculatrice personnalis\u00e9e \u00e0 vos visiteurs, offrant des solutions rapides pour des \u00e9l\u00e9ments tels que les prix, les remises ou les calculs du retour sur investissement sur votre site Web Blogger, sans effort.","application_category":[],"applications_title":"","applications_request_title":"","applications_request_button_text":"","hero_text":"","hero_video":"","hero_video_schema_markup":"","selling_points_title":"","selling_points_caption":"","selling_points":[],"selling_points_cta_text":"","features_title":"","features":"","ed_cta_examples_text":"","ed_cta_examples_hidden":"","ed_cta_demo_text":"","ed_cta_demo_hidden":"","why_caption":"","why_editor_title":"","why_editor_text":"","why_team_title":"","why_team_text":"","why_service_title":"","why_service_text":"","template_catalog_visible":"","template_catalog_title":"","template_catalog_text":"","template_catalog_categories_visible":"","demo_title":"Cr\u00e9ez votre widget Calculatrice","demo_caption":"Configurez votre calculatrice et ajoutez-la gratuitement \u00e0 votre site Web Blogger\u00a0!","default_faq_hidden":"","app_template_category":[],"platform":"348","template_public_id":"","codecanyon_url":"","codecanyon_item_id":"","codecanyon_price":"","pricing_caption":"","pricing_elfsight_apps_hide_column":"","pricing_elfsight_apps_url":"","pricing_codecanyon_price_caption":"","integration_category":[],"integration_request_title":"","integration_request_cta":"","integration_platform":"","integrations":[],"platform_category":[],"video_schema_markup":"","price":"\u00e0 partir de 0$ \/ mois","trial":"","benefits":[{"text":"Service d'installation gratuit"},{"text":"Service client efficace"},{"text":"Garantie de remboursement de 14 jours"},{"text":"Mises \u00e0 jour gratuites r\u00e9guli\u00e8res"}],"button_url":"#demo","button_target_blank":"","button_nofollow":"","attributes":[{"name":"Installations","content":"50,000 - 100,000"},{"name":"Sensible","content":"Oui"},{"name":"Navigateurs compatibles","content":"Firefox, Safari, Opera, Chrome, Edge"}],"tags":[],"tags_disable_links":"","hide_more_platforms":"","video_object":"","demo_hide_cta":"","demo_hide_cloud_options":"","pricing_title":"","pricing":[{"pricing_icon":"platform","pricing_title":"Elfsight Apps","pricing_title_caption":"Logiciel multiplateforme","pricing_price":"\u00e0 partir de 0$ \/ mois","pricing_price_caption":"commencez avec un forfait gratuit","pricing_benefits":[{"text":"Domaines illimit\u00e9s"},{"text":"Assistance rapide et ponctuelle et bien document\u00e9e"},{"text":"Assistance \u00e0 l'installation gratuite"}],"pricing_button_text":"Ajouter au site Web","pricing_button_url":"#demo"}],"related_apps_title":"","related_apps_hidden":"","author":"","image":[],"title":"","job":"","social_networks":[]},"_links":{"self":[{"href":"https:\/\/elfsight.com\/fr\/wp-json\/wp\/v2\/pages\/15574","targetHints":{"allow":["GET"]}}],"collection":[{"href":"https:\/\/elfsight.com\/fr\/wp-json\/wp\/v2\/pages"}],"about":[{"href":"https:\/\/elfsight.com\/fr\/wp-json\/wp\/v2\/types\/page"}],"author":[{"embeddable":true,"href":"https:\/\/elfsight.com\/fr\/wp-json\/wp\/v2\/users\/9"}],"replies":[{"embeddable":true,"href":"https:\/\/elfsight.com\/fr\/wp-json\/wp\/v2\/comments?post=15574"}],"version-history":[{"count":1,"href":"https:\/\/elfsight.com\/fr\/wp-json\/wp\/v2\/pages\/15574\/revisions"}],"predecessor-version":[{"id":15578,"href":"https:\/\/elfsight.com\/fr\/wp-json\/wp\/v2\/pages\/15574\/revisions\/15578"}],"up":[{"embeddable":true,"href":"https:\/\/elfsight.com\/fr\/wp-json\/wp\/v2\/pages\/14325"}],"wp:attachment":[{"href":"https:\/\/elfsight.com\/fr\/wp-json\/wp\/v2\/media?parent=15574"}],"curies":[{"name":"wp","href":"https:\/\/api.w.org\/{rel}","templated":true}]}}