{"id":15573,"date":"2024-09-30T18:27:29","date_gmt":"2024-09-30T18:27:29","guid":{"rendered":"https:\/\/elfsight.com\/fr\/?page_id=15573"},"modified":"2025-07-09T17:02:49","modified_gmt":"2025-07-09T17:02:49","slug":"woocommerce","status":"publish","type":"page","link":"https:\/\/elfsight.com\/fr\/calculator-form-widget\/woocommerce\/","title":{"rendered":"Calculator &#8211; WooCommerce"},"content":{"rendered":"<div class=\"application-platform-content-item-description application-platform-content-item\" id=\"description\" data-nav-section=\"description\"> <h2>Int\u00e9grer la calculatrice dans WooCommerce avec un plugin Elfsight<\/h2> <p>Le widget Calculatrice offre \u00e0 vos clients la possibilit\u00e9 de planifier leurs d\u00e9penses, itin\u00e9raires de voyage, proportions de cuisson et bien plus encore selon votre domaine d&rsquo;activit\u00e9. On peut ajouter divers champs et options suppl\u00e9mentaires \u00e0 ce widget int\u00e9gr\u00e9, afin que les utilisateurs puissent voir les avantages sans quitter l&rsquo;onglet. La logique conditionnelle aide \u00e0 inventer des mod\u00e8les universels pour votre sc\u00e9nario et chaque utilisateur.<\/p><p>Les \u00e9l\u00e9ments r\u00e9glables tels que les cases \u00e0 cocher, les curseurs et les listes d\u00e9roulantes vous permettent d&rsquo;inclure n&rsquo;importe quel aspect de la cr\u00e9ation de prix pour diverses offres. Par exemple, vous pouvez calculer des pr\u00eats \u00e0 un int\u00e9r\u00eat d\u00e9clar\u00e9 pour une dur\u00e9e requise. Vous pouvez proposer une location de voiture avec de nombreuses options suppl\u00e9mentaires parmi lesquelles choisir. De m\u00eame, la calculatrice est capable de planifier le voyage de vos r\u00eaves en calculant le transport, la r\u00e9sidence et les meilleurs \u00e9v\u00e9nements. <\/p><p><b>Impressionnez vos clients avec une solide exp\u00e9rience de calcul, en int\u00e9grant le puissant widget de comptage\u00a0! <\/b><\/p><\/div> <div class=\"application-platform-content-item-features application-platform-content-item\" id=\"features\" data-nav-section=\"features\"> <h2>Le widget comprend des fonctionnalit\u00e9s utiles et simples, v\u00e9rifiez-en quelques-unes\u00a0:<\/h2> <ul><li>Solution avec l&rsquo;utilisateur- interface conviviale qui fonctionne avec toutes les op\u00e9rations<\/li><li>De nombreux types de champs d&rsquo;op\u00e9ration pour divers objectifs<\/li><li>Logique conditionnelle qui couvre m\u00eame les calculs en plusieurs \u00e9tapes<\/li><li>Mod\u00e8les r\u00e9glables pour d\u00e9marrer facilement<\/li><li>Solution sur la page pour inspirer la prise de d\u00e9cision<\/li><\/ul><p><a href=\"#demo\">Vous pouvez d\u00e9couvrir toutes les capacit\u00e9s du widget dans la d\u00e9mo juste ici<\/a><\/p><\/div> <div class=\"application-platform-content-item-installation application-platform-content-item\" id=\"installation\" data-nav-section=\"installation\"> <h2>Comment int\u00e9grer la calculatrice dans ma page Web WooCommerce\u00a0?<\/h2> <p>Suivez simplement plusieurs \u00e9tapes d\u00e9crites ci-dessous pour ajouter le plugin .<\/p> <ol><li><b>Utilisez notre d\u00e9mo gratuite et commencez \u00e0 cr\u00e9er votre plugin personnalis\u00e9. <\/b><br> Sp\u00e9cifiez l&rsquo;apparence et les fonctionnalit\u00e9s s\u00e9lectionn\u00e9es du widget et appliquez les corrections. <\/li> <li><b>Acqu\u00e9rir le code individuel affich\u00e9 dans la case sur les applications Elfsight. <\/b><br> Une fois la cr\u00e9ation de votre widget termin\u00e9e, copiez le code exclusif de la fen\u00eatre apparue et conservez-le pour une occasion ult\u00e9rieure. <\/li> <li><b>Commencez \u00e0 utiliser l&rsquo;outil sur la page Web WooCommerce. <\/b><br> Int\u00e9grez le code que vous avez copi\u00e9 auparavant dans votre page et appliquez les corrections. <\/li> <li><b>L&rsquo;installation s&rsquo;est termin\u00e9e avec succ\u00e8s. <\/b><br> Acc\u00e9dez \u00e0 votre page Web pour inspecter le fonctionnement du widget. <\/li><\/ol> <p>Si vous rencontrez des complications, n&rsquo;h\u00e9sitez pas \u00e0 demander de l&rsquo;aide \u00e0 notre \u00e9quipe d&rsquo;assistance. Nos collaborateurs seront ravis de r\u00e9soudre toutes les questions que vous pourriez vous poser avec le widget. <\/p><\/div>","protected":false},"excerpt":{"rendered":"","protected":false},"author":9,"featured_media":0,"parent":14325,"menu_order":0,"comment_status":"closed","ping_status":"closed","template":"templates\/template-application-platform.php","meta":{"publish_to_discourse":"","publish_post_category":"","wpdc_auto_publish_overridden":"","wpdc_topic_tags":"","wpdc_pin_topic":"","wpdc_pin_until":"","discourse_post_id":"","discourse_permalink":"","wpdc_publishing_response":"","wpdc_publishing_error":"","footnotes":""},"class_list":["post-15573","page","type-page","status-publish","hentry"],"yoast_head":"<!-- This site is optimized with the Yoast SEO plugin v25.3.1 - https:\/\/yoast.com\/wordpress\/plugins\/seo\/ -->\n<title>Ajouter une calculatrice \u00e0 WooCommerce \u2013 Am\u00e9liorez le comptage des pages<\/title>\n<meta name=\"description\" content=\"G\u00e9rez m\u00eame des calculs en plusieurs \u00e9tapes avec notre calculatrice r\u00e9active. Utilisez une d\u00e9mo pratique d&#039;Elfsight pour cr\u00e9er le widget polyvalent.\" \/>\n<meta name=\"robots\" content=\"index, follow, max-snippet:-1, max-image-preview:large, max-video-preview:-1\" \/>\n<link rel=\"canonical\" href=\"https:\/\/elfsight.com\/fr\/calculator-form-widget\/woocommerce\/\" \/>\n<meta property=\"og:locale\" content=\"fr_FR\" \/>\n<meta property=\"og:type\" content=\"article\" \/>\n<meta property=\"og:title\" content=\"Ajouter une calculatrice \u00e0 WooCommerce \u2013 Am\u00e9liorez le comptage des pages\" \/>\n<meta property=\"og:description\" content=\"G\u00e9rez m\u00eame des calculs en plusieurs \u00e9tapes avec notre calculatrice r\u00e9active. Utilisez une d\u00e9mo pratique d&#039;Elfsight pour cr\u00e9er le widget polyvalent.\" \/>\n<meta property=\"og:url\" content=\"https:\/\/elfsight.com\/fr\/calculator-form-widget\/woocommerce\/\" \/>\n<meta property=\"og:site_name\" content=\"Elfsight FR\" \/>\n<meta property=\"article:modified_time\" content=\"2025-07-09T17:02:49+00:00\" \/>\n<meta name=\"twitter:card\" content=\"summary_large_image\" \/>\n<meta name=\"twitter:label1\" content=\"Dur\u00e9e de lecture estim\u00e9e\" \/>\n\t<meta name=\"twitter:data1\" content=\"2 minutes\" \/>\n<!-- \/ Yoast SEO plugin. -->","yoast_head_json":{"title":"Ajouter une calculatrice \u00e0 WooCommerce \u2013 Am\u00e9liorez le comptage des pages","description":"G\u00e9rez m\u00eame des calculs en plusieurs \u00e9tapes avec notre calculatrice r\u00e9active. Utilisez une d\u00e9mo pratique d'Elfsight pour cr\u00e9er le widget polyvalent.","robots":{"index":"index","follow":"follow","max-snippet":"max-snippet:-1","max-image-preview":"max-image-preview:large","max-video-preview":"max-video-preview:-1"},"canonical":"https:\/\/elfsight.com\/fr\/calculator-form-widget\/woocommerce\/","og_locale":"fr_FR","og_type":"article","og_title":"Ajouter une calculatrice \u00e0 WooCommerce \u2013 Am\u00e9liorez le comptage des pages","og_description":"G\u00e9rez m\u00eame des calculs en plusieurs \u00e9tapes avec notre calculatrice r\u00e9active. Utilisez une d\u00e9mo pratique d'Elfsight pour cr\u00e9er le widget polyvalent.","og_url":"https:\/\/elfsight.com\/fr\/calculator-form-widget\/woocommerce\/","og_site_name":"Elfsight FR","article_modified_time":"2025-07-09T17:02:49+00:00","twitter_card":"summary_large_image","twitter_misc":{"Dur\u00e9e de lecture estim\u00e9e":"2 minutes"},"schema":{"@context":"https:\/\/schema.org","@graph":[{"@type":"WebPage","@id":"https:\/\/elfsight.com\/fr\/calculator-form-widget\/woocommerce\/","url":"https:\/\/elfsight.com\/fr\/calculator-form-widget\/woocommerce\/","name":"Ajouter une calculatrice \u00e0 WooCommerce \u2013 Am\u00e9liorez le comptage des pages","isPartOf":{"@id":"https:\/\/elfsight.com\/fr\/#website"},"datePublished":"2024-09-30T18:27:29+00:00","dateModified":"2025-07-09T17:02:49+00:00","description":"G\u00e9rez m\u00eame des calculs en plusieurs \u00e9tapes avec notre calculatrice r\u00e9active. Utilisez une d\u00e9mo pratique d'Elfsight pour cr\u00e9er le widget polyvalent.","breadcrumb":{"@id":"https:\/\/elfsight.com\/fr\/calculator-form-widget\/woocommerce\/#breadcrumb"},"inLanguage":"fr-FR","potentialAction":[{"@type":"ReadAction","target":["https:\/\/elfsight.com\/fr\/calculator-form-widget\/woocommerce\/"]}]},{"@type":"BreadcrumbList","@id":"https:\/\/elfsight.com\/fr\/calculator-form-widget\/woocommerce\/#breadcrumb","itemListElement":[{"@type":"ListItem","position":1,"name":"Home","item":"https:\/\/elfsight.com\/fr\/"},{"@type":"ListItem","position":2,"name":"Calculator","item":"https:\/\/elfsight.com\/fr\/calculator-form-widget\/"},{"@type":"ListItem","position":3,"name":"Calculator &#8211; WooCommerce"}]},{"@type":"WebSite","@id":"https:\/\/elfsight.com\/fr\/#website","url":"https:\/\/elfsight.com\/fr\/","name":"Elfsight FR","description":"","potentialAction":[{"@type":"SearchAction","target":{"@type":"EntryPoint","urlTemplate":"https:\/\/elfsight.com\/fr\/?s={search_term_string}"},"query-input":{"@type":"PropertyValueSpecification","valueRequired":true,"valueName":"search_term_string"}}],"inLanguage":"fr-FR"}]}},"meta_box":{"industry":"","seo_heading":"","heading":"","description":"","cta_heading":"","cta_description":"","application":"14318","h1":"Plugin de calculatrice WooCommerce","h1_caption":"Fournissez une calculatrice personnalis\u00e9e \u00e0 vos visiteurs, offrant des solutions rapides pour des \u00e9l\u00e9ments tels que les prix, les remises ou les calculs du retour sur investissement sur votre site Web WooCommerce sans effort.","application_category":[],"applications_title":"","applications_request_title":"","applications_request_button_text":"","hero_text":"","hero_video":"","hero_video_schema_markup":"","selling_points_title":"","selling_points_caption":"","selling_points":[],"selling_points_cta_text":"","features_title":"","features":"","ed_cta_examples_text":"","ed_cta_examples_hidden":"","ed_cta_demo_text":"","ed_cta_demo_hidden":"","why_caption":"","why_editor_title":"","why_editor_text":"","why_team_title":"","why_team_text":"","why_service_title":"","why_service_text":"","template_catalog_visible":"","template_catalog_title":"","template_catalog_text":"","template_catalog_categories_visible":"","demo_title":"Cr\u00e9ez votre application Calculatrice","demo_caption":"Configurez votre calculatrice et ajoutez-la \u00e0 votre site Web WooCommerce gratuitement !","default_faq_hidden":"","app_template_category":[],"platform":"397","template_public_id":"","codecanyon_url":"","codecanyon_item_id":"","codecanyon_price":"","pricing_caption":"","pricing_elfsight_apps_hide_column":"","pricing_elfsight_apps_url":"","pricing_codecanyon_price_caption":"","integration_category":[],"integration_request_title":"","integration_request_cta":"","integration_platform":"","integrations":[],"platform_category":[],"video_schema_markup":"","price":"\u00e0 partir de 0$ \/ mois","trial":"","benefits":[{"text":"Service d'installation gratuit"},{"text":"Assistance premium"},{"text":"Garantie de remboursement de 14 jours"},{"text":"D\u00e9veloppement continu"}],"button_url":"#demo","button_target_blank":"","button_nofollow":"","attributes":[{"name":"Installations","content":"50,000 - 100,000"},{"name":"Sensible","content":"Oui"},{"name":"Navigateurs compatibles","content":"Firefox, Safari, Opera, Chrome, Edge"}],"tags":[],"tags_disable_links":"","hide_more_platforms":"","video_object":"","demo_hide_cta":"","demo_hide_cloud_options":"","pricing_title":"","pricing":[{"pricing_icon":"platform","pricing_title":"Elfsight Apps","pricing_title_caption":"Solution ind\u00e9pendante de la plateforme","pricing_price":"\u00e0 partir de 0$ \/ mois","pricing_price_caption":"commencez avec un forfait gratuit","pricing_benefits":[{"text":"Sites Web illimit\u00e9s"},{"text":"Support client rapide et bien document\u00e9"},{"text":"Service d'installation gratuit"}],"pricing_button_text":"Ajouter au site Web","pricing_button_url":"#demo"}],"related_apps_title":"","related_apps_hidden":"","author":"","image":[],"title":"","job":"","social_networks":[]},"_links":{"self":[{"href":"https:\/\/elfsight.com\/fr\/wp-json\/wp\/v2\/pages\/15573","targetHints":{"allow":["GET"]}}],"collection":[{"href":"https:\/\/elfsight.com\/fr\/wp-json\/wp\/v2\/pages"}],"about":[{"href":"https:\/\/elfsight.com\/fr\/wp-json\/wp\/v2\/types\/page"}],"author":[{"embeddable":true,"href":"https:\/\/elfsight.com\/fr\/wp-json\/wp\/v2\/users\/9"}],"replies":[{"embeddable":true,"href":"https:\/\/elfsight.com\/fr\/wp-json\/wp\/v2\/comments?post=15573"}],"version-history":[{"count":1,"href":"https:\/\/elfsight.com\/fr\/wp-json\/wp\/v2\/pages\/15573\/revisions"}],"predecessor-version":[{"id":15577,"href":"https:\/\/elfsight.com\/fr\/wp-json\/wp\/v2\/pages\/15573\/revisions\/15577"}],"up":[{"embeddable":true,"href":"https:\/\/elfsight.com\/fr\/wp-json\/wp\/v2\/pages\/14325"}],"wp:attachment":[{"href":"https:\/\/elfsight.com\/fr\/wp-json\/wp\/v2\/media?parent=15573"}],"curies":[{"name":"wp","href":"https:\/\/api.w.org\/{rel}","templated":true}]}}