{"id":15572,"date":"2024-09-30T18:27:29","date_gmt":"2024-09-30T18:27:29","guid":{"rendered":"https:\/\/elfsight.com\/fr\/?page_id=15572"},"modified":"2025-07-09T17:01:23","modified_gmt":"2025-07-09T17:01:23","slug":"magento","status":"publish","type":"page","link":"https:\/\/elfsight.com\/fr\/calculator-form-widget\/magento\/","title":{"rendered":"Calculator &#8211; Magento"},"content":{"rendered":"<div class=\"application-platform-content-item-description application-platform-content-item\" id=\"description\" data-nav-section=\"description\"> <h2>Int\u00e9grer la calculatrice dans Magento avec une extension Elfsight<\/h2> <p>Le widget Calculatrice permet \u00e0 vos clients de planifier leurs d\u00e9penses, itin\u00e9raires de voyage, proportions de cuisson et bien plus encore selon votre domaine d&rsquo;activit\u00e9. Vous pouvez int\u00e9grer des champs sp\u00e9cifiques et des options utiles dans ce widget sur la page, afin que les clients puissent analyser leurs avantages sans quitter la page. La fonctionnalit\u00e9 de logique conditionnelle vous aide \u00e0 cr\u00e9er des mod\u00e8les universels pour votre sc\u00e9nario et pour chaque client.<\/p><p>Des \u00e9l\u00e9ments personnalisables tels que des cases \u00e0 cocher, des curseurs et des menus d\u00e9roulants vous permettent d&rsquo;inclure n&rsquo;importe quel aspect de la cr\u00e9ation de prix pour diff\u00e9rents produits. Par exemple, utilisez-le pour calculer des pr\u00eats avec un pourcentage indiqu\u00e9 sur une p\u00e9riode de temps convenable. Vous pouvez proposer une location de voiture avec de nombreuses options suppl\u00e9mentaires parmi lesquelles choisir. De m\u00eame, la calculatrice est capable de planifier le voyage de vos r\u00eaves lorsque le vol, le s\u00e9jour et les principaux \u00e9v\u00e9nements sont calcul\u00e9s. <\/p><p><b>Offrez aux visiteurs de votre site Web une exp\u00e9rience de calcul pratique, en int\u00e9grant le widget de comptage simple\u00a0! <\/b><\/p><\/div> <div class=\"application-platform-content-item-features application-platform-content-item\" id=\"features\" data-nav-section=\"features\"> <h2>Consultez la liste des plus grandes fonctionnalit\u00e9s\u00a0:<\/h2> <ul><li>Outil avec une interface simple qui ex\u00e9cute n&rsquo;importe quel type de comptage<\/li><li>Solutions de champs de calcul multiples pour vos id\u00e9es<\/li><li>Fonctionnalit\u00e9 de logique conditionnelle pour permettre des calculs m\u00eame d\u00e9taill\u00e9s<\/li><li>Mod\u00e8les polyvalents pour commencer sans effort<\/li><li>Outil int\u00e9gr\u00e9 qui augmente la prise de d\u00e9cision<\/li><\/ul><p><a href=\"#demo\">Cochez simplement cette d\u00e9mo pour comprendre les fonctionnalit\u00e9s du widget<\/a><\/p><\/div> <div class=\"application-platform-content-item-installation application-platform-content-item\" id=\"installation\" data-nav-section=\"installation\"> <h2>Comment int\u00e9grer la calculatrice dans ma page Web Magento\u00a0?<\/h2> <p>Remplissez simplement les instructions ci-dessous pour ajouter le widget.<\/p> <ol><li><b>Ouvrez notre configurateur gratuit et commencez \u00e0 cr\u00e9er votre propre widget. <\/b><br> Recherchez l&rsquo;interface et les options s\u00e9lectionn\u00e9es du plugin et enregistrez les modifications. <\/li> <li><b>Copiez votre code unique expos\u00e9 dans la bo\u00eete sur les applications Elfsight. <\/b><br> Une fois la personnalisation de votre plugin personnel termin\u00e9e, copiez le code exclusif dans la case qui appara\u00eet et conservez-le pour une utilisation ult\u00e9rieure. <\/li> <li><b>Commencez \u00e0 utiliser l&rsquo;outil sur votre site Magento. <\/b><br> Entrez le code copi\u00e9 pr\u00e9c\u00e9demment dans votre page d&rsquo;accueil et enregistrez les am\u00e9liorations. <\/li> <li><b>L&rsquo;installation est termin\u00e9e avec succ\u00e8s. <\/b><br> Acc\u00e9dez \u00e0 votre page Web pour observer le fonctionnement du widget. <\/li><\/ol> <p>Si vous rencontrez des difficult\u00e9s, n&rsquo;h\u00e9sitez pas \u00e0 contacter notre \u00e9quipe d&rsquo;assistance. Nos sp\u00e9cialistes seront ravis de vous aider avec toutes les difficult\u00e9s que vous pourriez rencontrer avec l&rsquo;outil. <\/p><\/div> ","protected":false},"excerpt":{"rendered":"","protected":false},"author":9,"featured_media":0,"parent":14325,"menu_order":0,"comment_status":"closed","ping_status":"closed","template":"templates\/template-application-platform.php","meta":{"publish_to_discourse":"","publish_post_category":"","wpdc_auto_publish_overridden":"","wpdc_topic_tags":"","wpdc_pin_topic":"","wpdc_pin_until":"","discourse_post_id":"","discourse_permalink":"","wpdc_publishing_response":"","wpdc_publishing_error":"","footnotes":""},"class_list":["post-15572","page","type-page","status-publish","hentry"],"yoast_head":"<!-- This site is optimized with the Yoast SEO plugin v25.3.1 - https:\/\/yoast.com\/wordpress\/plugins\/seo\/ -->\n<title>Ajouter une calculatrice \u00e0 Magento - Calculs haut de gamme sur le site Web<\/title>\n<meta name=\"description\" content=\"Ma\u00eetrisez m\u00eame le comptage en plusieurs \u00e9tapes avec notre calculatrice conviviale. Explorez une d\u00e9mo claire d&#039;Elfsight pour cr\u00e9er le puissant widget.\" \/>\n<meta name=\"robots\" content=\"index, follow, max-snippet:-1, max-image-preview:large, max-video-preview:-1\" \/>\n<link rel=\"canonical\" href=\"https:\/\/elfsight.com\/fr\/calculator-form-widget\/magento\/\" \/>\n<meta property=\"og:locale\" content=\"fr_FR\" \/>\n<meta property=\"og:type\" content=\"article\" \/>\n<meta property=\"og:title\" content=\"Ajouter une calculatrice \u00e0 Magento - Calculs haut de gamme sur le site Web\" \/>\n<meta property=\"og:description\" content=\"Ma\u00eetrisez m\u00eame le comptage en plusieurs \u00e9tapes avec notre calculatrice conviviale. Explorez une d\u00e9mo claire d&#039;Elfsight pour cr\u00e9er le puissant widget.\" \/>\n<meta property=\"og:url\" content=\"https:\/\/elfsight.com\/fr\/calculator-form-widget\/magento\/\" \/>\n<meta property=\"og:site_name\" content=\"Elfsight FR\" \/>\n<meta property=\"article:modified_time\" content=\"2025-07-09T17:01:23+00:00\" \/>\n<meta name=\"twitter:card\" content=\"summary_large_image\" \/>\n<meta name=\"twitter:label1\" content=\"Dur\u00e9e de lecture estim\u00e9e\" \/>\n\t<meta name=\"twitter:data1\" content=\"2 minutes\" \/>\n<!-- \/ Yoast SEO plugin. -->","yoast_head_json":{"title":"Ajouter une calculatrice \u00e0 Magento - Calculs haut de gamme sur le site Web","description":"Ma\u00eetrisez m\u00eame le comptage en plusieurs \u00e9tapes avec notre calculatrice conviviale. Explorez une d\u00e9mo claire d'Elfsight pour cr\u00e9er le puissant widget.","robots":{"index":"index","follow":"follow","max-snippet":"max-snippet:-1","max-image-preview":"max-image-preview:large","max-video-preview":"max-video-preview:-1"},"canonical":"https:\/\/elfsight.com\/fr\/calculator-form-widget\/magento\/","og_locale":"fr_FR","og_type":"article","og_title":"Ajouter une calculatrice \u00e0 Magento - Calculs haut de gamme sur le site Web","og_description":"Ma\u00eetrisez m\u00eame le comptage en plusieurs \u00e9tapes avec notre calculatrice conviviale. Explorez une d\u00e9mo claire d'Elfsight pour cr\u00e9er le puissant widget.","og_url":"https:\/\/elfsight.com\/fr\/calculator-form-widget\/magento\/","og_site_name":"Elfsight FR","article_modified_time":"2025-07-09T17:01:23+00:00","twitter_card":"summary_large_image","twitter_misc":{"Dur\u00e9e de lecture estim\u00e9e":"2 minutes"},"schema":{"@context":"https:\/\/schema.org","@graph":[{"@type":"WebPage","@id":"https:\/\/elfsight.com\/fr\/calculator-form-widget\/magento\/","url":"https:\/\/elfsight.com\/fr\/calculator-form-widget\/magento\/","name":"Ajouter une calculatrice \u00e0 Magento - Calculs haut de gamme sur le site Web","isPartOf":{"@id":"https:\/\/elfsight.com\/fr\/#website"},"datePublished":"2024-09-30T18:27:29+00:00","dateModified":"2025-07-09T17:01:23+00:00","description":"Ma\u00eetrisez m\u00eame le comptage en plusieurs \u00e9tapes avec notre calculatrice conviviale. Explorez une d\u00e9mo claire d'Elfsight pour cr\u00e9er le puissant widget.","breadcrumb":{"@id":"https:\/\/elfsight.com\/fr\/calculator-form-widget\/magento\/#breadcrumb"},"inLanguage":"fr-FR","potentialAction":[{"@type":"ReadAction","target":["https:\/\/elfsight.com\/fr\/calculator-form-widget\/magento\/"]}]},{"@type":"BreadcrumbList","@id":"https:\/\/elfsight.com\/fr\/calculator-form-widget\/magento\/#breadcrumb","itemListElement":[{"@type":"ListItem","position":1,"name":"Home","item":"https:\/\/elfsight.com\/fr\/"},{"@type":"ListItem","position":2,"name":"Calculator","item":"https:\/\/elfsight.com\/fr\/calculator-form-widget\/"},{"@type":"ListItem","position":3,"name":"Calculator &#8211; Magento"}]},{"@type":"WebSite","@id":"https:\/\/elfsight.com\/fr\/#website","url":"https:\/\/elfsight.com\/fr\/","name":"Elfsight FR","description":"","potentialAction":[{"@type":"SearchAction","target":{"@type":"EntryPoint","urlTemplate":"https:\/\/elfsight.com\/fr\/?s={search_term_string}"},"query-input":{"@type":"PropertyValueSpecification","valueRequired":true,"valueName":"search_term_string"}}],"inLanguage":"fr-FR"}]}},"meta_box":{"industry":"","seo_heading":"","heading":"","description":"","cta_heading":"","cta_description":"","application":"14318","h1":"Extension de la calculatrice Magento","h1_caption":"Fournissez une calculatrice personnalis\u00e9e \u00e0 vos visiteurs, offrant des solutions rapides pour des \u00e9l\u00e9ments tels que les prix, les remises ou les calculs du retour sur investissement sur votre site Web Magento sans effort.","application_category":[],"applications_title":"","applications_request_title":"","applications_request_button_text":"","hero_text":"","hero_video":"","hero_video_schema_markup":"","selling_points_title":"","selling_points_caption":"","selling_points":[],"selling_points_cta_text":"","features_title":"","features":"","ed_cta_examples_text":"","ed_cta_examples_hidden":"","ed_cta_demo_text":"","ed_cta_demo_hidden":"","why_caption":"","why_editor_title":"","why_editor_text":"","why_team_title":"","why_team_text":"","why_service_title":"","why_service_text":"","template_catalog_visible":"","template_catalog_title":"","template_catalog_text":"","template_catalog_categories_visible":"","demo_title":"Cr\u00e9ez votre extension Calculatrice","demo_caption":"Configurez votre calculatrice et ajoutez-la \u00e0 votre site Web Magento gratuitement\u00a0!","default_faq_hidden":"","app_template_category":[],"platform":"357","template_public_id":"","codecanyon_url":"","codecanyon_item_id":"","codecanyon_price":"","pricing_caption":"","pricing_elfsight_apps_hide_column":"","pricing_elfsight_apps_url":"","pricing_codecanyon_price_caption":"","integration_category":[],"integration_request_title":"","integration_request_cta":"","integration_platform":"","integrations":[],"platform_category":[],"video_schema_markup":"","price":"\u00e0 partir de 0$ \/ mois","trial":"","benefits":[{"text":"Assistance \u00e0 l'installation gratuite"},{"text":"Service client comp\u00e9tent"},{"text":"Garantie de remboursement de 14 jours"},{"text":"Am\u00e9liorations gratuites \u00e0 vie"}],"button_url":"#demo","button_target_blank":"","button_nofollow":"","attributes":[{"name":"Installations","content":"50,000 - 100,000"},{"name":"Sensible","content":"Oui"},{"name":"Navigateurs compatibles","content":"Firefox, Safari, Opera, Chrome, Edge"}],"tags":[],"tags_disable_links":"","hide_more_platforms":"","video_object":"","demo_hide_cta":"","demo_hide_cloud_options":"","pricing_title":"","pricing":[{"pricing_icon":"platform","pricing_title":"Elfsight Apps","pricing_title_caption":"Version multiplateforme","pricing_price":"\u00e0 partir de 0$ \/ mois","pricing_price_caption":"commencez avec un forfait gratuit","pricing_benefits":[{"text":"Domaines illimit\u00e9s"},{"text":"Support premium et bien document\u00e9"},{"text":"Assistance \u00e0 l'installation gratuite"}],"pricing_button_text":"Ajouter au site Web","pricing_button_url":"#demo"}],"related_apps_title":"","related_apps_hidden":"","author":"","image":[],"title":"","job":"","social_networks":[]},"_links":{"self":[{"href":"https:\/\/elfsight.com\/fr\/wp-json\/wp\/v2\/pages\/15572","targetHints":{"allow":["GET"]}}],"collection":[{"href":"https:\/\/elfsight.com\/fr\/wp-json\/wp\/v2\/pages"}],"about":[{"href":"https:\/\/elfsight.com\/fr\/wp-json\/wp\/v2\/types\/page"}],"author":[{"embeddable":true,"href":"https:\/\/elfsight.com\/fr\/wp-json\/wp\/v2\/users\/9"}],"replies":[{"embeddable":true,"href":"https:\/\/elfsight.com\/fr\/wp-json\/wp\/v2\/comments?post=15572"}],"version-history":[{"count":1,"href":"https:\/\/elfsight.com\/fr\/wp-json\/wp\/v2\/pages\/15572\/revisions"}],"predecessor-version":[{"id":15576,"href":"https:\/\/elfsight.com\/fr\/wp-json\/wp\/v2\/pages\/15572\/revisions\/15576"}],"up":[{"embeddable":true,"href":"https:\/\/elfsight.com\/fr\/wp-json\/wp\/v2\/pages\/14325"}],"wp:attachment":[{"href":"https:\/\/elfsight.com\/fr\/wp-json\/wp\/v2\/media?parent=15572"}],"curies":[{"name":"wp","href":"https:\/\/api.w.org\/{rel}","templated":true}]}}