{"id":15565,"date":"2024-09-30T18:27:29","date_gmt":"2024-09-30T18:27:29","guid":{"rendered":"https:\/\/elfsight.com\/fr\/?page_id=15565"},"modified":"2025-07-09T17:01:34","modified_gmt":"2025-07-09T17:01:34","slug":"opencart","status":"publish","type":"page","link":"https:\/\/elfsight.com\/fr\/calculator-form-widget\/opencart\/","title":{"rendered":"Calculator &#8211; OpenCart"},"content":{"rendered":"<div class=\"application-platform-content-item-description application-platform-content-item\" id=\"description\" data-nav-section=\"description\"> <h2>Int\u00e9grer la calculatrice dans OpenCart avec une extension Elfsight<\/h2> <p>Le widget Calculatrice donne aux utilisateurs de votre site Web la possibilit\u00e9 de planifier leurs d\u00e9penses, itin\u00e9raires de voyage, proportions de cuisson et bien plus encore en fonction de votre domaine d&rsquo;activit\u00e9. Vous pouvez ajouter des champs obligatoires et des options utiles \u00e0 ce widget int\u00e9gr\u00e9, afin que les clients puissent analyser les avantages sans quitter la page du site Web. La fonctionnalit\u00e9 de logique conditionnelle vous permet de cr\u00e9er des mod\u00e8les universels pour n&rsquo;importe quel sc\u00e9nario et chaque client.<\/p><p>Les \u00e9l\u00e9ments variables tels que les cases \u00e0 cocher, les curseurs et les listes d\u00e9roulantes vous permettent d&rsquo;inclure n&rsquo;importe quel mod\u00e8le de tarification pour diverses offres. Par exemple, on peut calculer des pr\u00eats avec un int\u00e9r\u00eat d\u00e9clar\u00e9 pour une p\u00e9riode de temps requise. Vous pouvez proposer une location de voiture avec de nombreuses options suppl\u00e9mentaires parmi lesquelles choisir. De plus, le calculateur est capable de planifier le voyage de vos r\u00eaves \u00e0 condition que le transfert, la r\u00e9sidence et les meilleures activit\u00e9s soient calcul\u00e9s. <\/p><p><b>Vos clients appr\u00e9cieront une exp\u00e9rience de calcul conviviale, en int\u00e9grant le puissant widget de comptage\u00a0! <\/b><\/p><\/div> <div class=\"application-platform-content-item-features application-platform-content-item\" id=\"features\" data-nav-section=\"features\"> <h2>Les fonctionnalit\u00e9s de widget les plus pr\u00e9cieuses incluent<\/h2> <ul><li>Solution avec une interface claire qui permet toutes les op\u00e9rations<\/li><li>De nombreux types de champs de calcul pour vos besoins<\/li><li>Logique conditionnelle pour travailler avec des calculs m\u00eame d\u00e9taill\u00e9s<\/li><li>Mod\u00e8les pr\u00eats \u00e0 l&#8217;emploi pour d\u00e9marrer sans effort<\/li><li>Outil int\u00e9gr\u00e9 pour augmentez la prise de d\u00e9cision<\/li><\/ul><p><a href=\"#demo\">Vous pouvez d\u00e9couvrir si le widget est fait pour vous en essayant la d\u00e9mo<\/a><\/p><\/div> <div class=\"application-platform-content-item-installation application-platform-content-item\" id=\"installation\" data-nav-section=\"installation\"> <h2>Comment int\u00e9grer la calculatrice dans mon site Web OpenCart\u00a0?<\/h2> <p>Suivez simplement les instructions ci-dessous pour int\u00e9grer le plugin.<\/p> <ol><li><b>Effectuer notre d\u00e9mo gratuite et commencez \u00e0 cr\u00e9er votre instrument personnalis\u00e9. <\/b><br> Pr\u00e9cisez la mise en page s\u00e9lectionn\u00e9e et les options du plugin et enregistrez les corrections. <\/li> <li><b>Recevez le code unique expos\u00e9 dans la bo\u00eete sur Elfsight Apps. <\/b><br> D\u00e8s que la g\u00e9n\u00e9ration de votre outil personnel est termin\u00e9e, copiez le code personnel dans la fen\u00eatre contextuelle qui appara\u00eet et conservez-le pour un besoin ult\u00e9rieur. <\/li> <li><b>Initiez l&rsquo;utilisation de l&rsquo;outil sur votre site Web OpenCart. <\/b><br> Collez le code enregistr\u00e9 pr\u00e9c\u00e9demment dans votre site Web et appliquez les am\u00e9liorations. <\/li> <li><b>L&rsquo;installation est termin\u00e9e avec succ\u00e8s. <\/b><br> Visitez votre page pour examiner le fonctionnement du plugin. <\/li><\/ol> <p>En cas de questions ou de difficult\u00e9s, n&rsquo;h\u00e9sitez pas \u00e0 contacter notre \u00e9quipe d&rsquo;assistance. Nos sp\u00e9cialistes seront ravis de r\u00e9soudre tous les probl\u00e8mes que vous pourriez rencontrer avec l&rsquo;outil. <\/p><\/div> ","protected":false},"excerpt":{"rendered":"","protected":false},"author":9,"featured_media":0,"parent":14325,"menu_order":0,"comment_status":"closed","ping_status":"closed","template":"templates\/template-application-platform.php","meta":{"publish_to_discourse":"","publish_post_category":"","wpdc_auto_publish_overridden":"","wpdc_topic_tags":"","wpdc_pin_topic":"","wpdc_pin_until":"","discourse_post_id":"","discourse_permalink":"","wpdc_publishing_response":"","wpdc_publishing_error":"","footnotes":""},"class_list":["post-15565","page","type-page","status-publish","hentry"],"yoast_head":"<!-- This site is optimized with the Yoast SEO plugin v25.3.1 - https:\/\/yoast.com\/wordpress\/plugins\/seo\/ -->\n<title>Int\u00e9grer la calculatrice dans OpenCart - Am\u00e9liorer les calculs sur le site Web<\/title>\n<meta name=\"description\" content=\"Simplifiez m\u00eame les calculs en plusieurs \u00e9tapes avec notre calculatrice conviviale. B\u00e9n\u00e9ficiez d&#039;une d\u00e9mo pratique d&#039;Elfsight pour cr\u00e9er un widget attrayant.\" \/>\n<meta name=\"robots\" content=\"index, follow, max-snippet:-1, max-image-preview:large, max-video-preview:-1\" \/>\n<link rel=\"canonical\" href=\"https:\/\/elfsight.com\/fr\/calculator-form-widget\/opencart\/\" \/>\n<meta property=\"og:locale\" content=\"fr_FR\" \/>\n<meta property=\"og:type\" content=\"article\" \/>\n<meta property=\"og:title\" content=\"Int\u00e9grer la calculatrice dans OpenCart - Am\u00e9liorer les calculs sur le site Web\" \/>\n<meta property=\"og:description\" content=\"Simplifiez m\u00eame les calculs en plusieurs \u00e9tapes avec notre calculatrice conviviale. B\u00e9n\u00e9ficiez d&#039;une d\u00e9mo pratique d&#039;Elfsight pour cr\u00e9er un widget attrayant.\" \/>\n<meta property=\"og:url\" content=\"https:\/\/elfsight.com\/fr\/calculator-form-widget\/opencart\/\" \/>\n<meta property=\"og:site_name\" content=\"Elfsight FR\" \/>\n<meta property=\"article:modified_time\" content=\"2025-07-09T17:01:34+00:00\" \/>\n<meta name=\"twitter:card\" content=\"summary_large_image\" \/>\n<meta name=\"twitter:label1\" content=\"Dur\u00e9e de lecture estim\u00e9e\" \/>\n\t<meta name=\"twitter:data1\" content=\"2 minutes\" \/>\n<!-- \/ Yoast SEO plugin. -->","yoast_head_json":{"title":"Int\u00e9grer la calculatrice dans OpenCart - Am\u00e9liorer les calculs sur le site Web","description":"Simplifiez m\u00eame les calculs en plusieurs \u00e9tapes avec notre calculatrice conviviale. B\u00e9n\u00e9ficiez d'une d\u00e9mo pratique d'Elfsight pour cr\u00e9er un widget attrayant.","robots":{"index":"index","follow":"follow","max-snippet":"max-snippet:-1","max-image-preview":"max-image-preview:large","max-video-preview":"max-video-preview:-1"},"canonical":"https:\/\/elfsight.com\/fr\/calculator-form-widget\/opencart\/","og_locale":"fr_FR","og_type":"article","og_title":"Int\u00e9grer la calculatrice dans OpenCart - Am\u00e9liorer les calculs sur le site Web","og_description":"Simplifiez m\u00eame les calculs en plusieurs \u00e9tapes avec notre calculatrice conviviale. B\u00e9n\u00e9ficiez d'une d\u00e9mo pratique d'Elfsight pour cr\u00e9er un widget attrayant.","og_url":"https:\/\/elfsight.com\/fr\/calculator-form-widget\/opencart\/","og_site_name":"Elfsight FR","article_modified_time":"2025-07-09T17:01:34+00:00","twitter_card":"summary_large_image","twitter_misc":{"Dur\u00e9e de lecture estim\u00e9e":"2 minutes"},"schema":{"@context":"https:\/\/schema.org","@graph":[{"@type":"WebPage","@id":"https:\/\/elfsight.com\/fr\/calculator-form-widget\/opencart\/","url":"https:\/\/elfsight.com\/fr\/calculator-form-widget\/opencart\/","name":"Int\u00e9grer la calculatrice dans OpenCart - Am\u00e9liorer les calculs sur le site Web","isPartOf":{"@id":"https:\/\/elfsight.com\/fr\/#website"},"datePublished":"2024-09-30T18:27:29+00:00","dateModified":"2025-07-09T17:01:34+00:00","description":"Simplifiez m\u00eame les calculs en plusieurs \u00e9tapes avec notre calculatrice conviviale. B\u00e9n\u00e9ficiez d'une d\u00e9mo pratique d'Elfsight pour cr\u00e9er un widget attrayant.","breadcrumb":{"@id":"https:\/\/elfsight.com\/fr\/calculator-form-widget\/opencart\/#breadcrumb"},"inLanguage":"fr-FR","potentialAction":[{"@type":"ReadAction","target":["https:\/\/elfsight.com\/fr\/calculator-form-widget\/opencart\/"]}]},{"@type":"BreadcrumbList","@id":"https:\/\/elfsight.com\/fr\/calculator-form-widget\/opencart\/#breadcrumb","itemListElement":[{"@type":"ListItem","position":1,"name":"Home","item":"https:\/\/elfsight.com\/fr\/"},{"@type":"ListItem","position":2,"name":"Calculator","item":"https:\/\/elfsight.com\/fr\/calculator-form-widget\/"},{"@type":"ListItem","position":3,"name":"Calculator &#8211; OpenCart"}]},{"@type":"WebSite","@id":"https:\/\/elfsight.com\/fr\/#website","url":"https:\/\/elfsight.com\/fr\/","name":"Elfsight FR","description":"","potentialAction":[{"@type":"SearchAction","target":{"@type":"EntryPoint","urlTemplate":"https:\/\/elfsight.com\/fr\/?s={search_term_string}"},"query-input":{"@type":"PropertyValueSpecification","valueRequired":true,"valueName":"search_term_string"}}],"inLanguage":"fr-FR"}]}},"meta_box":{"industry":"","seo_heading":"","heading":"","description":"","cta_heading":"","cta_description":"","application":"14318","h1":"Extension de la calculatrice OpenCart","h1_caption":"Fournissez une calculatrice personnalis\u00e9e \u00e0 vos visiteurs, offrant des solutions rapides pour des \u00e9l\u00e9ments tels que les prix, les remises ou les calculs du retour sur investissement sur votre site Web Opencart sans effort.","application_category":[],"applications_title":"","applications_request_title":"","applications_request_button_text":"","hero_text":"","hero_video":"","hero_video_schema_markup":"","selling_points_title":"","selling_points_caption":"","selling_points":[],"selling_points_cta_text":"","features_title":"","features":"","ed_cta_examples_text":"","ed_cta_examples_hidden":"","ed_cta_demo_text":"","ed_cta_demo_hidden":"","why_caption":"","why_editor_title":"","why_editor_text":"","why_team_title":"","why_team_text":"","why_service_title":"","why_service_text":"","template_catalog_visible":"","template_catalog_title":"","template_catalog_text":"","template_catalog_categories_visible":"","demo_title":"Cr\u00e9ez votre extension Calculatrice","demo_caption":"Configurez votre calculatrice et ajoutez-la gratuitement \u00e0 votre site Web OpenCart\u00a0!","default_faq_hidden":"","app_template_category":[],"platform":"359","template_public_id":"","codecanyon_url":"","codecanyon_item_id":"","codecanyon_price":"","pricing_caption":"","pricing_elfsight_apps_hide_column":"","pricing_elfsight_apps_url":"","pricing_codecanyon_price_caption":"","integration_category":[],"integration_request_title":"","integration_request_cta":"","integration_platform":"","integrations":[],"platform_category":[],"video_schema_markup":"","price":"\u00e0 partir de 0$ \/ mois","trial":"","benefits":[{"text":"Assistance \u00e0 l'installation gratuite"},{"text":"Service client professionnel"},{"text":"Garantie de remboursement de 14 jours"},{"text":"Am\u00e9liorations gratuites r\u00e9guli\u00e8res"}],"button_url":"#demo","button_target_blank":"","button_nofollow":"","attributes":[{"name":"Installations","content":"50,000 - 100,000"},{"name":"Sensible","content":"Oui"},{"name":"Navigateurs compatibles","content":"Firefox, Safari, Opera, Chrome, Edge"}],"tags":[],"tags_disable_links":"","hide_more_platforms":"","video_object":"","demo_hide_cta":"","demo_hide_cloud_options":"","pricing_title":"","pricing":[{"pricing_icon":"platform","pricing_title":"Elfsight Apps","pricing_title_caption":"Logiciel multiplateforme adapt\u00e9 \u00e0 n'importe quel site","pricing_price":"\u00e0 partir de 0$ \/ mois","pricing_price_caption":"commencez avec un forfait gratuit","pricing_benefits":[{"text":"Sites Web illimit\u00e9s"},{"text":"Support client d\u00e9di\u00e9 et bien document\u00e9"},{"text":"Assistance \u00e0 l'installation gratuite"}],"pricing_button_text":"Ajouter au site Web","pricing_button_url":"#demo"}],"related_apps_title":"","related_apps_hidden":"","author":"","image":[],"title":"","job":"","social_networks":[]},"_links":{"self":[{"href":"https:\/\/elfsight.com\/fr\/wp-json\/wp\/v2\/pages\/15565","targetHints":{"allow":["GET"]}}],"collection":[{"href":"https:\/\/elfsight.com\/fr\/wp-json\/wp\/v2\/pages"}],"about":[{"href":"https:\/\/elfsight.com\/fr\/wp-json\/wp\/v2\/types\/page"}],"author":[{"embeddable":true,"href":"https:\/\/elfsight.com\/fr\/wp-json\/wp\/v2\/users\/9"}],"replies":[{"embeddable":true,"href":"https:\/\/elfsight.com\/fr\/wp-json\/wp\/v2\/comments?post=15565"}],"version-history":[{"count":1,"href":"https:\/\/elfsight.com\/fr\/wp-json\/wp\/v2\/pages\/15565\/revisions"}],"predecessor-version":[{"id":15569,"href":"https:\/\/elfsight.com\/fr\/wp-json\/wp\/v2\/pages\/15565\/revisions\/15569"}],"up":[{"embeddable":true,"href":"https:\/\/elfsight.com\/fr\/wp-json\/wp\/v2\/pages\/14325"}],"wp:attachment":[{"href":"https:\/\/elfsight.com\/fr\/wp-json\/wp\/v2\/media?parent=15565"}],"curies":[{"name":"wp","href":"https:\/\/api.w.org\/{rel}","templated":true}]}}