{"id":15564,"date":"2024-09-30T18:27:29","date_gmt":"2024-09-30T18:27:29","guid":{"rendered":"https:\/\/elfsight.com\/fr\/?page_id=15564"},"modified":"2025-07-09T17:01:17","modified_gmt":"2025-07-09T17:01:17","slug":"jquery","status":"publish","type":"page","link":"https:\/\/elfsight.com\/fr\/calculator-form-widget\/jquery\/","title":{"rendered":"Calculator &#8211; jQuery"},"content":{"rendered":"<div class=\"application-platform-content-item-description application-platform-content-item\" id=\"description\" data-nav-section=\"description\"> <h2>Int\u00e9grer la calculatrice dans jQuery avec un plugin Elfsight<\/h2> <p>Le widget Calculatrice offre aux utilisateurs de votre site Web la possibilit\u00e9 de planifier leurs d\u00e9penses , itin\u00e9raires de voyage, proportions de cuisson et bien plus encore en fonction de votre domaine d&rsquo;activit\u00e9. On peut ajouter divers champs et options suppl\u00e9mentaires \u00e0 ce widget int\u00e9gr\u00e9, afin que les utilisateurs puissent inspecter leurs avantages sans quitter la page. La fonctionnalit\u00e9 de logique conditionnelle vous aide \u00e0 cr\u00e9er des mod\u00e8les universels pour chaque sc\u00e9nario et chaque utilisateur.<\/p><p>Les \u00e9l\u00e9ments variables tels que les cases \u00e0 cocher, les curseurs et les listes d\u00e9roulantes vous permettent d&rsquo;inclure n&rsquo;importe quel mod\u00e8le de tarification pour certaines offres. Par exemple, vous pouvez calculer des pr\u00eats \u00e0 un pourcentage indiqu\u00e9 pour une p\u00e9riode de temps requise. Vous pouvez proposer une location de voiture avec de nombreux services suppl\u00e9mentaires parmi lesquels choisir. En outre, le calculateur est capable de planifier le voyage de vos r\u00eaves lorsque le transport, l\u2019h\u00e9bergement et les principaux \u00e9v\u00e9nements sont calcul\u00e9s. <\/p><p><b>Impressionnez les visiteurs de votre site Web avec une solide exp\u00e9rience de calcul, en int\u00e9grant le puissant widget de comptage\u00a0! <\/b><\/p><\/div> <div class=\"application-platform-content-item-features application-platform-content-item\" id=\"features\" data-nav-section=\"features\"> <h2>Retrouvez ci-dessous les fonctionnalit\u00e9s essentielles du widget\u00a0:<\/h2> <ul><li>Outil avec une interface claire qui effectue toutes les op\u00e9rations<\/li><li>De nombreuses solutions de terrain d&rsquo;op\u00e9ration pour vos objectifs<\/li><li>Logique conditionnelle qui couvre m\u00eame les calculs en plusieurs \u00e9tapes<\/li><li>Mod\u00e8les g\u00e9rables pour un d\u00e9marrage en douceur<\/li><li>On -solution de page qui am\u00e9liore la prise de d\u00e9cision<\/li><\/ul><p><a href=\"#demo\">Vous pouvez voir ce que propose le widget en essayant la d\u00e9mo<\/a><\/p><\/div> <div class=\"application-platform-content-item-installation application-platform-content-item\" id=\"installation\" data-nav-section=\"installation\"> <h2>Comment int\u00e9grer la calculatrice dans ma page Web jQuery\u00a0?<\/h2> <p>Suivez simplement quelques \u00e9tapes ci-dessous pour commencer \u00e0 utiliser le widget.<\/p> <ol><li><b>Ouvrez notre \u00e9diteur gratuit et commencez \u00e0 cr\u00e9er votre plugin unique. <\/b><br> D\u00e9terminez l&rsquo;apparence et les caract\u00e9ristiques pr\u00e9f\u00e9rables de l&rsquo;outil et appliquez les modifications. <\/li> <li><b>Recevez le code unique qui s&rsquo;affiche dans la fen\u00eatre des applications Elfsight. <\/b><br> Une fois la configuration de votre plugin personnel termin\u00e9e, copiez le code individuel de la fen\u00eatre qui appara\u00eet et conservez-le pour une utilisation future. <\/li> <li><b>Commencez l&rsquo;application du plugin sur votre page d&rsquo;accueil jQuery. <\/b><br> Impl\u00e9mentez le code que vous avez copi\u00e9 r\u00e9cemment dans votre page Web et appliquez les corrections. <\/li> <li><b>Vous avez termin\u00e9\u00a0! La configuration est termin\u00e9e avec succ\u00e8s. <\/b><br> Visitez votre page pour voir le travail du widget. <\/li><\/ol> <p>Si vous avez des questions ou rencontrez des difficult\u00e9s, n&rsquo;h\u00e9sitez pas \u00e0 contacter notre service client. Nos collaborateurs se feront un plaisir de r\u00e9soudre toutes les difficult\u00e9s que vous pourriez rencontrer avec l&rsquo;outil. <\/p><\/div> ","protected":false},"excerpt":{"rendered":"","protected":false},"author":9,"featured_media":0,"parent":14325,"menu_order":0,"comment_status":"closed","ping_status":"closed","template":"templates\/template-application-platform.php","meta":{"publish_to_discourse":"","publish_post_category":"","wpdc_auto_publish_overridden":"","wpdc_topic_tags":"","wpdc_pin_topic":"","wpdc_pin_until":"","discourse_post_id":"","discourse_permalink":"","wpdc_publishing_response":"","wpdc_publishing_error":"","footnotes":""},"class_list":["post-15564","page","type-page","status-publish","hentry"],"yoast_head":"<!-- This site is optimized with the Yoast SEO plugin v25.3.1 - https:\/\/yoast.com\/wordpress\/plugins\/seo\/ -->\n<title>Ajouter une calculatrice \u00e0 jQuery - Int\u00e9grer un plugin de comptage clair dans le site Web<\/title>\n<meta name=\"description\" content=\"Ma\u00eetrisez m\u00eame des calculs compliqu\u00e9s \u00e0 l\u2019aide de notre calculatrice r\u00e9active. Utilisez une d\u00e9mo claire d&#039;Elfsight pour g\u00e9n\u00e9rer le widget utile.\" \/>\n<meta name=\"robots\" content=\"index, follow, max-snippet:-1, max-image-preview:large, max-video-preview:-1\" \/>\n<link rel=\"canonical\" href=\"https:\/\/elfsight.com\/fr\/calculator-form-widget\/jquery\/\" \/>\n<meta property=\"og:locale\" content=\"fr_FR\" \/>\n<meta property=\"og:type\" content=\"article\" \/>\n<meta property=\"og:title\" content=\"Ajouter une calculatrice \u00e0 jQuery - Int\u00e9grer un plugin de comptage clair dans le site Web\" \/>\n<meta property=\"og:description\" content=\"Ma\u00eetrisez m\u00eame des calculs compliqu\u00e9s \u00e0 l\u2019aide de notre calculatrice r\u00e9active. Utilisez une d\u00e9mo claire d&#039;Elfsight pour g\u00e9n\u00e9rer le widget utile.\" \/>\n<meta property=\"og:url\" content=\"https:\/\/elfsight.com\/fr\/calculator-form-widget\/jquery\/\" \/>\n<meta property=\"og:site_name\" content=\"Elfsight FR\" \/>\n<meta property=\"article:modified_time\" content=\"2025-07-09T17:01:17+00:00\" \/>\n<meta name=\"twitter:card\" content=\"summary_large_image\" \/>\n<meta name=\"twitter:label1\" content=\"Dur\u00e9e de lecture estim\u00e9e\" \/>\n\t<meta name=\"twitter:data1\" content=\"2 minutes\" \/>\n<!-- \/ Yoast SEO plugin. -->","yoast_head_json":{"title":"Ajouter une calculatrice \u00e0 jQuery - Int\u00e9grer un plugin de comptage clair dans le site Web","description":"Ma\u00eetrisez m\u00eame des calculs compliqu\u00e9s \u00e0 l\u2019aide de notre calculatrice r\u00e9active. Utilisez une d\u00e9mo claire d'Elfsight pour g\u00e9n\u00e9rer le widget utile.","robots":{"index":"index","follow":"follow","max-snippet":"max-snippet:-1","max-image-preview":"max-image-preview:large","max-video-preview":"max-video-preview:-1"},"canonical":"https:\/\/elfsight.com\/fr\/calculator-form-widget\/jquery\/","og_locale":"fr_FR","og_type":"article","og_title":"Ajouter une calculatrice \u00e0 jQuery - Int\u00e9grer un plugin de comptage clair dans le site Web","og_description":"Ma\u00eetrisez m\u00eame des calculs compliqu\u00e9s \u00e0 l\u2019aide de notre calculatrice r\u00e9active. Utilisez une d\u00e9mo claire d'Elfsight pour g\u00e9n\u00e9rer le widget utile.","og_url":"https:\/\/elfsight.com\/fr\/calculator-form-widget\/jquery\/","og_site_name":"Elfsight FR","article_modified_time":"2025-07-09T17:01:17+00:00","twitter_card":"summary_large_image","twitter_misc":{"Dur\u00e9e de lecture estim\u00e9e":"2 minutes"},"schema":{"@context":"https:\/\/schema.org","@graph":[{"@type":"WebPage","@id":"https:\/\/elfsight.com\/fr\/calculator-form-widget\/jquery\/","url":"https:\/\/elfsight.com\/fr\/calculator-form-widget\/jquery\/","name":"Ajouter une calculatrice \u00e0 jQuery - Int\u00e9grer un plugin de comptage clair dans le site Web","isPartOf":{"@id":"https:\/\/elfsight.com\/fr\/#website"},"datePublished":"2024-09-30T18:27:29+00:00","dateModified":"2025-07-09T17:01:17+00:00","description":"Ma\u00eetrisez m\u00eame des calculs compliqu\u00e9s \u00e0 l\u2019aide de notre calculatrice r\u00e9active. Utilisez une d\u00e9mo claire d'Elfsight pour g\u00e9n\u00e9rer le widget utile.","breadcrumb":{"@id":"https:\/\/elfsight.com\/fr\/calculator-form-widget\/jquery\/#breadcrumb"},"inLanguage":"fr-FR","potentialAction":[{"@type":"ReadAction","target":["https:\/\/elfsight.com\/fr\/calculator-form-widget\/jquery\/"]}]},{"@type":"BreadcrumbList","@id":"https:\/\/elfsight.com\/fr\/calculator-form-widget\/jquery\/#breadcrumb","itemListElement":[{"@type":"ListItem","position":1,"name":"Home","item":"https:\/\/elfsight.com\/fr\/"},{"@type":"ListItem","position":2,"name":"Calculator","item":"https:\/\/elfsight.com\/fr\/calculator-form-widget\/"},{"@type":"ListItem","position":3,"name":"Calculator &#8211; jQuery"}]},{"@type":"WebSite","@id":"https:\/\/elfsight.com\/fr\/#website","url":"https:\/\/elfsight.com\/fr\/","name":"Elfsight FR","description":"","potentialAction":[{"@type":"SearchAction","target":{"@type":"EntryPoint","urlTemplate":"https:\/\/elfsight.com\/fr\/?s={search_term_string}"},"query-input":{"@type":"PropertyValueSpecification","valueRequired":true,"valueName":"search_term_string"}}],"inLanguage":"fr-FR"}]}},"meta_box":{"industry":"","seo_heading":"","heading":"","description":"","cta_heading":"","cta_description":"","application":"14318","h1":"Plugin de calculatrice jQuery","h1_caption":"Fournissez une calculatrice personnalis\u00e9e \u00e0 vos visiteurs, offrant des solutions rapides pour des \u00e9l\u00e9ments tels que les prix, les remises ou les calculs du retour sur investissement sur votre site Web jQuery sans effort.","application_category":[],"applications_title":"","applications_request_title":"","applications_request_button_text":"","hero_text":"","hero_video":"","hero_video_schema_markup":"","selling_points_title":"","selling_points_caption":"","selling_points":[],"selling_points_cta_text":"","features_title":"","features":"","ed_cta_examples_text":"","ed_cta_examples_hidden":"","ed_cta_demo_text":"","ed_cta_demo_hidden":"","why_caption":"","why_editor_title":"","why_editor_text":"","why_team_title":"","why_team_text":"","why_service_title":"","why_service_text":"","template_catalog_visible":"","template_catalog_title":"","template_catalog_text":"","template_catalog_categories_visible":"","demo_title":"Cr\u00e9ez votre plugin Calculatrice","demo_caption":"Configurez votre calculatrice et ajoutez-la \u00e0 votre site Web jQuery gratuitement\u00a0!","default_faq_hidden":"","app_template_category":[],"platform":"355","template_public_id":"","codecanyon_url":"","codecanyon_item_id":"","codecanyon_price":"","pricing_caption":"","pricing_elfsight_apps_hide_column":"","pricing_elfsight_apps_url":"","pricing_codecanyon_price_caption":"","integration_category":[],"integration_request_title":"","integration_request_cta":"","integration_platform":"","integrations":[],"platform_category":[],"video_schema_markup":"","price":"\u00e0 partir de 0$ \/ mois","trial":"","benefits":[{"text":"Service d'installation gratuit"},{"text":"Assistance premium"},{"text":"Garantie de remboursement de 14 jours"},{"text":"Mises \u00e0 jour continues"}],"button_url":"#demo","button_target_blank":"","button_nofollow":"","attributes":[{"name":"Installations","content":"50,000 - 100,000"},{"name":"Sensible","content":"Oui"},{"name":"Navigateurs compatibles","content":"Firefox, Safari, Opera, Chrome, Edge"}],"tags":[],"tags_disable_links":"","hide_more_platforms":"","video_object":"","demo_hide_cta":"","demo_hide_cloud_options":"","pricing_title":"","pricing":[{"pricing_icon":"platform","pricing_title":"Elfsight Apps","pricing_title_caption":"Logiciel multiplateforme qui fonctionne sur n'importe quel site Web","pricing_price":"\u00e0 partir de 0$ \/ mois","pricing_price_caption":"commencez avec un forfait gratuit","pricing_benefits":[{"text":"Sites Web illimit\u00e9s"},{"text":"Support client d\u00e9di\u00e9 et bien document\u00e9"},{"text":"Aide \u00e0 l'installation gratuite"}],"pricing_button_text":"Ajouter au site Web","pricing_button_url":"#demo"}],"related_apps_title":"","related_apps_hidden":"","author":"","image":[],"title":"","job":"","social_networks":[]},"_links":{"self":[{"href":"https:\/\/elfsight.com\/fr\/wp-json\/wp\/v2\/pages\/15564","targetHints":{"allow":["GET"]}}],"collection":[{"href":"https:\/\/elfsight.com\/fr\/wp-json\/wp\/v2\/pages"}],"about":[{"href":"https:\/\/elfsight.com\/fr\/wp-json\/wp\/v2\/types\/page"}],"author":[{"embeddable":true,"href":"https:\/\/elfsight.com\/fr\/wp-json\/wp\/v2\/users\/9"}],"replies":[{"embeddable":true,"href":"https:\/\/elfsight.com\/fr\/wp-json\/wp\/v2\/comments?post=15564"}],"version-history":[{"count":1,"href":"https:\/\/elfsight.com\/fr\/wp-json\/wp\/v2\/pages\/15564\/revisions"}],"predecessor-version":[{"id":15568,"href":"https:\/\/elfsight.com\/fr\/wp-json\/wp\/v2\/pages\/15564\/revisions\/15568"}],"up":[{"embeddable":true,"href":"https:\/\/elfsight.com\/fr\/wp-json\/wp\/v2\/pages\/14325"}],"wp:attachment":[{"href":"https:\/\/elfsight.com\/fr\/wp-json\/wp\/v2\/media?parent=15564"}],"curies":[{"name":"wp","href":"https:\/\/api.w.org\/{rel}","templated":true}]}}