{"id":15559,"date":"2024-09-30T18:27:29","date_gmt":"2024-09-30T18:27:29","guid":{"rendered":"https:\/\/elfsight.com\/fr\/?page_id=15559"},"modified":"2025-07-09T17:02:14","modified_gmt":"2025-07-09T17:02:14","slug":"webnode","status":"publish","type":"page","link":"https:\/\/elfsight.com\/fr\/calculator-form-widget\/webnode\/","title":{"rendered":"Calculator &#8211; Webnode"},"content":{"rendered":"<div class=\"application-platform-content-item-description application-platform-content-item\" id=\"description\" data-nav-section=\"description\"> <h2>Int\u00e9grer la calculatrice dans Webnode avec un widget Elfsight<\/h2> <p>Le widget Calculatrice permet aux visiteurs de votre site Web d&rsquo;avoir la possibilit\u00e9 de planifier leurs co\u00fbts , itin\u00e9raires de voyage, proportions de cuisson et bien plus encore selon votre domaine d&rsquo;activit\u00e9. Vous pouvez int\u00e9grer des champs obligatoires et des options suppl\u00e9mentaires dans ce widget sur la page, afin que les utilisateurs puissent inspecter leurs avantages sans quitter la page du site Web. La logique conditionnelle vous aide \u00e0 cr\u00e9er des mod\u00e8les universels pour n&rsquo;importe quel sc\u00e9nario et chaque client.<\/p><p>Des \u00e9l\u00e9ments g\u00e9rables tels que des cases \u00e0 cocher, des curseurs et des listes d\u00e9roulantes vous permettent d&rsquo;inclure n&rsquo;importe quel mod\u00e8le de cr\u00e9ation de prix pour certains produits. Par exemple, vous pouvez calculer des pr\u00eats avec un int\u00e9r\u00eat d\u00e9clar\u00e9 pour une dur\u00e9e raisonnable. Vous pouvez promouvoir une location de voiture avec de nombreux ajustements suppl\u00e9mentaires parmi lesquels choisir. De plus, le calculateur est capable de planifier le voyage de vos r\u00eaves \u00e0 condition de prendre en compte le transfert, l\u2019h\u00e9bergement et les principales excursions. <\/p><p><b>Offrez \u00e0 vos visiteurs une exp\u00e9rience de calcul parfaite, en int\u00e9grant le puissant widget de comptage\u00a0! <\/b><\/p><\/div> <div class=\"application-platform-content-item-features application-platform-content-item\" id=\"features\" data-nav-section=\"features\"> <h2>Consultez la liste des fonctionnalit\u00e9s les plus puissantes\u00a0:<\/h2> <ul><li>Outil avec une interface simple qui permet Op\u00e9rations<\/li><li>Plusieurs options de champs de comptage pour vos sc\u00e9narios<\/li><li>Fonctionnalit\u00e9 de logique conditionnelle qui permet m\u00eame des calculs compliqu\u00e9s<\/li><li>Mod\u00e8les personnalisables pour d\u00e9marrer sans effort<\/li><li>Solution int\u00e9gr\u00e9e qui am\u00e9liore la prise de d\u00e9cision<\/li><\/ul><p><a href=\"#demo\">Essayez simplement cette d\u00e9mo pour comprendre les fonctionnalit\u00e9s du widget<\/a><\/p><\/div> <div class=\"application-platform-content-item-installation application-platform-content-item\" id=\"installation\" data-nav-section=\"installation\"> <h2>Comment puis-je int\u00e9grer Calculator dans mon site Webnode\u00a0?<\/h2> <p>Remplissez simplement les instructions ci-dessous pour activer le widget.<\/p> <ol><li><b>Utilisez notre \u00e9diteur gratuit et commencez \u00e0 cr\u00e9er votre plugin unique. <\/b><br> Choisissez le formulaire personnalis\u00e9 et les fonctionnalit\u00e9s du widget et enregistrez les modifications. <\/li> <li><b>R\u00e9cup\u00e9rez le code unique apparaissant dans le formulaire sp\u00e9cial sur Elfsight Apps. <\/b><br> Une fois la cr\u00e9ation de votre widget termin\u00e9e, copiez le code exclusif de la fen\u00eatre apparue et conservez-le pour des occasions ult\u00e9rieures. <\/li> <li><b>Commencez \u00e0 utiliser le widget sur le site Webnode. <\/b><br> Ins\u00e9rez le code que vous avez copi\u00e9 r\u00e9cemment dans votre page Web et enregistrez les corrections. <\/li> <li><b>L&rsquo;installation s&rsquo;est termin\u00e9e avec succ\u00e8s. <\/b><br> Acc\u00e9dez \u00e0 votre site Web pour voir les performances du plugin. <\/li><\/ol> <p>En cas de questions ou de difficult\u00e9s, n&rsquo;h\u00e9sitez pas \u00e0 contacter notre service client. Nos consultants seront ravis de r\u00e9soudre toutes les difficult\u00e9s que vous pourriez rencontrer avec l&rsquo;outil. <\/p><\/div> ","protected":false},"excerpt":{"rendered":"","protected":false},"author":9,"featured_media":0,"parent":14325,"menu_order":0,"comment_status":"closed","ping_status":"closed","template":"templates\/template-application-platform.php","meta":{"publish_to_discourse":"","publish_post_category":"","wpdc_auto_publish_overridden":"","wpdc_topic_tags":"","wpdc_pin_topic":"","wpdc_pin_until":"","discourse_post_id":"","discourse_permalink":"","wpdc_publishing_response":"","wpdc_publishing_error":"","footnotes":""},"class_list":["post-15559","page","type-page","status-publish","hentry"],"yoast_head":"<!-- This site is optimized with the Yoast SEO plugin v25.3.1 - https:\/\/yoast.com\/wordpress\/plugins\/seo\/ -->\n<title>Ajouter une calculatrice \u00e0 Webnode - Simplifiez les calculs sur les pages Web<\/title>\n<meta name=\"description\" content=\"Simplifiez le comptage, m\u00eame complexe, \u00e0 l&#039;aide de notre calculatrice r\u00e9active. B\u00e9n\u00e9ficiez d\u2019une d\u00e9mo pratique d\u2019Elfsight pour cr\u00e9er ce puissant widget.\" \/>\n<meta name=\"robots\" content=\"index, follow, max-snippet:-1, max-image-preview:large, max-video-preview:-1\" \/>\n<link rel=\"canonical\" href=\"https:\/\/elfsight.com\/fr\/calculator-form-widget\/webnode\/\" \/>\n<meta property=\"og:locale\" content=\"fr_FR\" \/>\n<meta property=\"og:type\" content=\"article\" \/>\n<meta property=\"og:title\" content=\"Ajouter une calculatrice \u00e0 Webnode - Simplifiez les calculs sur les pages Web\" \/>\n<meta property=\"og:description\" content=\"Simplifiez le comptage, m\u00eame complexe, \u00e0 l&#039;aide de notre calculatrice r\u00e9active. B\u00e9n\u00e9ficiez d\u2019une d\u00e9mo pratique d\u2019Elfsight pour cr\u00e9er ce puissant widget.\" \/>\n<meta property=\"og:url\" content=\"https:\/\/elfsight.com\/fr\/calculator-form-widget\/webnode\/\" \/>\n<meta property=\"og:site_name\" content=\"Elfsight FR\" \/>\n<meta property=\"article:modified_time\" content=\"2025-07-09T17:02:14+00:00\" \/>\n<meta name=\"twitter:card\" content=\"summary_large_image\" \/>\n<meta name=\"twitter:label1\" content=\"Dur\u00e9e de lecture estim\u00e9e\" \/>\n\t<meta name=\"twitter:data1\" content=\"2 minutes\" \/>\n<!-- \/ Yoast SEO plugin. -->","yoast_head_json":{"title":"Ajouter une calculatrice \u00e0 Webnode - Simplifiez les calculs sur les pages Web","description":"Simplifiez le comptage, m\u00eame complexe, \u00e0 l'aide de notre calculatrice r\u00e9active. B\u00e9n\u00e9ficiez d\u2019une d\u00e9mo pratique d\u2019Elfsight pour cr\u00e9er ce puissant widget.","robots":{"index":"index","follow":"follow","max-snippet":"max-snippet:-1","max-image-preview":"max-image-preview:large","max-video-preview":"max-video-preview:-1"},"canonical":"https:\/\/elfsight.com\/fr\/calculator-form-widget\/webnode\/","og_locale":"fr_FR","og_type":"article","og_title":"Ajouter une calculatrice \u00e0 Webnode - Simplifiez les calculs sur les pages Web","og_description":"Simplifiez le comptage, m\u00eame complexe, \u00e0 l'aide de notre calculatrice r\u00e9active. B\u00e9n\u00e9ficiez d\u2019une d\u00e9mo pratique d\u2019Elfsight pour cr\u00e9er ce puissant widget.","og_url":"https:\/\/elfsight.com\/fr\/calculator-form-widget\/webnode\/","og_site_name":"Elfsight FR","article_modified_time":"2025-07-09T17:02:14+00:00","twitter_card":"summary_large_image","twitter_misc":{"Dur\u00e9e de lecture estim\u00e9e":"2 minutes"},"schema":{"@context":"https:\/\/schema.org","@graph":[{"@type":"WebPage","@id":"https:\/\/elfsight.com\/fr\/calculator-form-widget\/webnode\/","url":"https:\/\/elfsight.com\/fr\/calculator-form-widget\/webnode\/","name":"Ajouter une calculatrice \u00e0 Webnode - Simplifiez les calculs sur les pages Web","isPartOf":{"@id":"https:\/\/elfsight.com\/fr\/#website"},"datePublished":"2024-09-30T18:27:29+00:00","dateModified":"2025-07-09T17:02:14+00:00","description":"Simplifiez le comptage, m\u00eame complexe, \u00e0 l'aide de notre calculatrice r\u00e9active. B\u00e9n\u00e9ficiez d\u2019une d\u00e9mo pratique d\u2019Elfsight pour cr\u00e9er ce puissant widget.","breadcrumb":{"@id":"https:\/\/elfsight.com\/fr\/calculator-form-widget\/webnode\/#breadcrumb"},"inLanguage":"fr-FR","potentialAction":[{"@type":"ReadAction","target":["https:\/\/elfsight.com\/fr\/calculator-form-widget\/webnode\/"]}]},{"@type":"BreadcrumbList","@id":"https:\/\/elfsight.com\/fr\/calculator-form-widget\/webnode\/#breadcrumb","itemListElement":[{"@type":"ListItem","position":1,"name":"Home","item":"https:\/\/elfsight.com\/fr\/"},{"@type":"ListItem","position":2,"name":"Calculator","item":"https:\/\/elfsight.com\/fr\/calculator-form-widget\/"},{"@type":"ListItem","position":3,"name":"Calculator &#8211; Webnode"}]},{"@type":"WebSite","@id":"https:\/\/elfsight.com\/fr\/#website","url":"https:\/\/elfsight.com\/fr\/","name":"Elfsight FR","description":"","potentialAction":[{"@type":"SearchAction","target":{"@type":"EntryPoint","urlTemplate":"https:\/\/elfsight.com\/fr\/?s={search_term_string}"},"query-input":{"@type":"PropertyValueSpecification","valueRequired":true,"valueName":"search_term_string"}}],"inLanguage":"fr-FR"}]}},"meta_box":{"industry":"","seo_heading":"","heading":"","description":"","cta_heading":"","cta_description":"","application":"14318","h1":"Widget Calculateur Webnode","h1_caption":"Fournissez une calculatrice personnalis\u00e9e \u00e0 vos visiteurs, offrant des solutions rapides pour des \u00e9l\u00e9ments tels que les prix, les remises ou les calculs du retour sur investissement sur votre site Web Webnode, sans effort.","application_category":[],"applications_title":"","applications_request_title":"","applications_request_button_text":"","hero_text":"","hero_video":"","hero_video_schema_markup":"","selling_points_title":"","selling_points_caption":"","selling_points":[],"selling_points_cta_text":"","features_title":"","features":"","ed_cta_examples_text":"","ed_cta_examples_hidden":"","ed_cta_demo_text":"","ed_cta_demo_hidden":"","why_caption":"","why_editor_title":"","why_editor_text":"","why_team_title":"","why_team_text":"","why_service_title":"","why_service_text":"","template_catalog_visible":"","template_catalog_title":"","template_catalog_text":"","template_catalog_categories_visible":"","demo_title":"Cr\u00e9ez votre widget Calculatrice","demo_caption":"Configurez votre Calculatrice et ajoutez-la \u00e0 votre site Webnode gratuitement !","default_faq_hidden":"","app_template_category":[],"platform":"364","template_public_id":"","codecanyon_url":"","codecanyon_item_id":"","codecanyon_price":"","pricing_caption":"","pricing_elfsight_apps_hide_column":"","pricing_elfsight_apps_url":"","pricing_codecanyon_price_caption":"","integration_category":[],"integration_request_title":"","integration_request_cta":"","integration_platform":"","integrations":[],"platform_category":[],"video_schema_markup":"","price":"\u00e0 partir de 0$ \/ mois","trial":"","benefits":[{"text":"Service d'installation gratuit"},{"text":"Support client exp\u00e9riment\u00e9"},{"text":"Garantie de remboursement de 14 jours"},{"text":"Futures mises \u00e0 jour gratuites"}],"button_url":"#demo","button_target_blank":"","button_nofollow":"","attributes":[{"name":"Installations","content":"50,000 - 100,000"},{"name":"Sensible","content":"Oui"},{"name":"Navigateurs compatibles","content":"Firefox, Safari, Opera, Chrome, Edge"}],"tags":[],"tags_disable_links":"","hide_more_platforms":"","video_object":"","demo_hide_cta":"","demo_hide_cloud_options":"","pricing_title":"","pricing":[{"pricing_icon":"platform","pricing_title":"Elfsight Apps","pricing_title_caption":"Version multiplateforme","pricing_price":"\u00e0 partir de 0$ \/ mois","pricing_price_caption":"commencez avec un forfait gratuit","pricing_benefits":[{"text":"Domaines illimit\u00e9s"},{"text":"Assistance client haut de gamme"},{"text":"Aide \u00e0 l'installation gratuite"}],"pricing_button_text":"Ajouter au site Web","pricing_button_url":"#demo"}],"related_apps_title":"","related_apps_hidden":"","author":"","image":[],"title":"","job":"","social_networks":[]},"_links":{"self":[{"href":"https:\/\/elfsight.com\/fr\/wp-json\/wp\/v2\/pages\/15559","targetHints":{"allow":["GET"]}}],"collection":[{"href":"https:\/\/elfsight.com\/fr\/wp-json\/wp\/v2\/pages"}],"about":[{"href":"https:\/\/elfsight.com\/fr\/wp-json\/wp\/v2\/types\/page"}],"author":[{"embeddable":true,"href":"https:\/\/elfsight.com\/fr\/wp-json\/wp\/v2\/users\/9"}],"replies":[{"embeddable":true,"href":"https:\/\/elfsight.com\/fr\/wp-json\/wp\/v2\/comments?post=15559"}],"version-history":[{"count":1,"href":"https:\/\/elfsight.com\/fr\/wp-json\/wp\/v2\/pages\/15559\/revisions"}],"predecessor-version":[{"id":15563,"href":"https:\/\/elfsight.com\/fr\/wp-json\/wp\/v2\/pages\/15559\/revisions\/15563"}],"up":[{"embeddable":true,"href":"https:\/\/elfsight.com\/fr\/wp-json\/wp\/v2\/pages\/14325"}],"wp:attachment":[{"href":"https:\/\/elfsight.com\/fr\/wp-json\/wp\/v2\/media?parent=15559"}],"curies":[{"name":"wp","href":"https:\/\/api.w.org\/{rel}","templated":true}]}}