{"id":15557,"date":"2024-09-30T18:27:29","date_gmt":"2024-09-30T18:27:29","guid":{"rendered":"https:\/\/elfsight.com\/fr\/?page_id=15557"},"modified":"2025-07-09T17:01:41","modified_gmt":"2025-07-09T17:01:41","slug":"prestashop","status":"publish","type":"page","link":"https:\/\/elfsight.com\/fr\/calculator-form-widget\/prestashop\/","title":{"rendered":"Calculator &#8211; PrestaShop"},"content":{"rendered":"<div class=\"application-platform-content-item-description application-platform-content-item\" id=\"description\" data-nav-section=\"description\"> <h2>Int\u00e9grer la calculatrice dans PrestaShop avec un module compl\u00e9mentaire Elfsight<\/h2> <p>Le widget Calculatrice permet \u00e0 vos clients de b\u00e9n\u00e9ficier d&rsquo;un moyen de planifier leurs co\u00fbts , itin\u00e9raires de voyage, proportions de cuisine et bien plus encore concernant votre domaine d&rsquo;activit\u00e9. On peut ajouter des champs obligatoires et des options suppl\u00e9mentaires \u00e0 ce widget int\u00e9gr\u00e9, afin que les utilisateurs puissent analyser les avantages sans quitter la page. La fonctionnalit\u00e9 de logique conditionnelle vous permet de cr\u00e9er des mod\u00e8les universels pour n&rsquo;importe quel sc\u00e9nario et chaque client.<\/p><p>Les \u00e9l\u00e9ments r\u00e9glables tels que les cases \u00e0 cocher, les curseurs et les listes d\u00e9roulantes vous permettent d&rsquo;inclure n&rsquo;importe quel mod\u00e8le de tarification pour diverses offres. Par exemple, essayez de calculer les pr\u00eats \u00e0 un pourcentage indiqu\u00e9 pour une dur\u00e9e raisonnable. Vous pouvez promouvoir une location de voiture avec de nombreuses options suppl\u00e9mentaires parmi lesquelles choisir. De m\u00eame, le calculateur est capable de planifier le voyage de vos r\u00eaves \u00e0 condition de prendre en compte le transfert, l\u2019h\u00f4tel et les activit\u00e9s n\u00e9cessaires. <\/p><p><b>Faites vivre \u00e0 vos clients une exp\u00e9rience de calcul parfaite, en int\u00e9grant le puissant widget de comptage\u00a0! <\/b><\/p><\/div> <div class=\"application-platform-content-item-features application-platform-content-item\" id=\"features\" data-nav-section=\"features\"> <h2>Le widget comprend des fonctionnalit\u00e9s utiles et simples, consultez-en quelques-unes\u00a0:<\/h2> <ul><li>Outil avec une interface simple qui fonctionne avec tous les calculs<\/li><li>De nombreux types de champs de comptage pour vos besoins<\/li><li>Fonctionnalit\u00e9 de logique conditionnelle qui couvre m\u00eame le comptage en plusieurs \u00e9tapes<\/li><li>Mod\u00e8les r\u00e9glables pour un d\u00e9marrage en douceur<\/li><li>Outil int\u00e9gr\u00e9 qui augmente la prise de d\u00e9cision<\/li><\/ul><p><a href=\"#demo\">Vous pouvez v\u00e9rifier ce que vaut le widget \u00e0 l&rsquo;aide de l&rsquo;outil d\u00e9mo<\/a><\/p><\/div> <div class=\"application-platform-content-item-installation application-platform-content-item\" id=\"installation\" data-nav-section=\"installation\"> <h2>Comment int\u00e9grer Calculatrice dans mes pages PrestaShop\u00a0?<\/h2> <p>Suivez simplement les \u00e9tapes ci-dessous pour commencer en utilisant le widget.<\/p> <ol><li><b>G\u00e9rez notre \u00e9diteur gratuit et commencez \u00e0 cr\u00e9er votre plugin unique. <\/b><br> Sp\u00e9cifiez la mise en page s\u00e9lectionn\u00e9e et les sp\u00e9cifications du plugin et enregistrez les modifications. <\/li> <li><b>Recevez le code unique apparaissant dans la case sur Elfsight Apps. <\/b><br> Juste apr\u00e8s la personnalisation de votre plugin, copiez le code exclusif dans la case qui appara\u00eet et enregistrez-le pour un besoin ult\u00e9rieur. <\/li> <li><b>Commencez \u00e0 utiliser le plugin sur votre page d&rsquo;accueil PrestaShop. <\/b><br> Impl\u00e9mentez le code copi\u00e9 r\u00e9cemment dans votre site Web et enregistrez les ajustements. <\/li> <li><b>L&rsquo;installation est enti\u00e8rement termin\u00e9e. <\/b><br> Visitez votre site pour observer les performances du plugin. <\/li><\/ol> <p>\u00c0 condition de r\u00e9pondre \u00e0 des demandes de renseignements ou de faire face \u00e0 des complications, n&rsquo;h\u00e9sitez pas \u00e0 demander l&rsquo;aide de notre \u00e9quipe d&rsquo;assistance. Nos collaborateurs seront ravis de vous aider avec toutes les questions que vous pourriez avoir avec le widget. <\/p> <\/div> ","protected":false},"excerpt":{"rendered":"","protected":false},"author":9,"featured_media":0,"parent":14325,"menu_order":0,"comment_status":"closed","ping_status":"closed","template":"templates\/template-application-platform.php","meta":{"publish_to_discourse":"","publish_post_category":"","wpdc_auto_publish_overridden":"","wpdc_topic_tags":"","wpdc_pin_topic":"","wpdc_pin_until":"","discourse_post_id":"","discourse_permalink":"","wpdc_publishing_response":"","wpdc_publishing_error":"","footnotes":""},"class_list":["post-15557","page","type-page","status-publish","hentry"],"yoast_head":"<!-- This site is optimized with the Yoast SEO plugin v25.3.1 - https:\/\/yoast.com\/wordpress\/plugins\/seo\/ -->\n<title>Ajouter une calculatrice \u00e0 PrestaShop - Utilisez les calculs int\u00e9gr\u00e9s sur site<\/title>\n<meta name=\"description\" content=\"Simplifiez m\u00eame le comptage en plusieurs \u00e9tapes avec notre calculatrice r\u00e9active. Essayez une d\u00e9mo pratique d&#039;Elfsight pour cr\u00e9er le puissant widget.\" \/>\n<meta name=\"robots\" content=\"index, follow, max-snippet:-1, max-image-preview:large, max-video-preview:-1\" \/>\n<link rel=\"canonical\" href=\"https:\/\/elfsight.com\/fr\/calculator-form-widget\/prestashop\/\" \/>\n<meta property=\"og:locale\" content=\"fr_FR\" \/>\n<meta property=\"og:type\" content=\"article\" \/>\n<meta property=\"og:title\" content=\"Ajouter une calculatrice \u00e0 PrestaShop - Utilisez les calculs int\u00e9gr\u00e9s sur site\" \/>\n<meta property=\"og:description\" content=\"Simplifiez m\u00eame le comptage en plusieurs \u00e9tapes avec notre calculatrice r\u00e9active. Essayez une d\u00e9mo pratique d&#039;Elfsight pour cr\u00e9er le puissant widget.\" \/>\n<meta property=\"og:url\" content=\"https:\/\/elfsight.com\/fr\/calculator-form-widget\/prestashop\/\" \/>\n<meta property=\"og:site_name\" content=\"Elfsight FR\" \/>\n<meta property=\"article:modified_time\" content=\"2025-07-09T17:01:41+00:00\" \/>\n<meta name=\"twitter:card\" content=\"summary_large_image\" \/>\n<meta name=\"twitter:label1\" content=\"Dur\u00e9e de lecture estim\u00e9e\" \/>\n\t<meta name=\"twitter:data1\" content=\"2 minutes\" \/>\n<!-- \/ Yoast SEO plugin. -->","yoast_head_json":{"title":"Ajouter une calculatrice \u00e0 PrestaShop - Utilisez les calculs int\u00e9gr\u00e9s sur site","description":"Simplifiez m\u00eame le comptage en plusieurs \u00e9tapes avec notre calculatrice r\u00e9active. Essayez une d\u00e9mo pratique d'Elfsight pour cr\u00e9er le puissant widget.","robots":{"index":"index","follow":"follow","max-snippet":"max-snippet:-1","max-image-preview":"max-image-preview:large","max-video-preview":"max-video-preview:-1"},"canonical":"https:\/\/elfsight.com\/fr\/calculator-form-widget\/prestashop\/","og_locale":"fr_FR","og_type":"article","og_title":"Ajouter une calculatrice \u00e0 PrestaShop - Utilisez les calculs int\u00e9gr\u00e9s sur site","og_description":"Simplifiez m\u00eame le comptage en plusieurs \u00e9tapes avec notre calculatrice r\u00e9active. Essayez une d\u00e9mo pratique d'Elfsight pour cr\u00e9er le puissant widget.","og_url":"https:\/\/elfsight.com\/fr\/calculator-form-widget\/prestashop\/","og_site_name":"Elfsight FR","article_modified_time":"2025-07-09T17:01:41+00:00","twitter_card":"summary_large_image","twitter_misc":{"Dur\u00e9e de lecture estim\u00e9e":"2 minutes"},"schema":{"@context":"https:\/\/schema.org","@graph":[{"@type":"WebPage","@id":"https:\/\/elfsight.com\/fr\/calculator-form-widget\/prestashop\/","url":"https:\/\/elfsight.com\/fr\/calculator-form-widget\/prestashop\/","name":"Ajouter une calculatrice \u00e0 PrestaShop - Utilisez les calculs int\u00e9gr\u00e9s sur site","isPartOf":{"@id":"https:\/\/elfsight.com\/fr\/#website"},"datePublished":"2024-09-30T18:27:29+00:00","dateModified":"2025-07-09T17:01:41+00:00","description":"Simplifiez m\u00eame le comptage en plusieurs \u00e9tapes avec notre calculatrice r\u00e9active. Essayez une d\u00e9mo pratique d'Elfsight pour cr\u00e9er le puissant widget.","breadcrumb":{"@id":"https:\/\/elfsight.com\/fr\/calculator-form-widget\/prestashop\/#breadcrumb"},"inLanguage":"fr-FR","potentialAction":[{"@type":"ReadAction","target":["https:\/\/elfsight.com\/fr\/calculator-form-widget\/prestashop\/"]}]},{"@type":"BreadcrumbList","@id":"https:\/\/elfsight.com\/fr\/calculator-form-widget\/prestashop\/#breadcrumb","itemListElement":[{"@type":"ListItem","position":1,"name":"Home","item":"https:\/\/elfsight.com\/fr\/"},{"@type":"ListItem","position":2,"name":"Calculator","item":"https:\/\/elfsight.com\/fr\/calculator-form-widget\/"},{"@type":"ListItem","position":3,"name":"Calculator &#8211; PrestaShop"}]},{"@type":"WebSite","@id":"https:\/\/elfsight.com\/fr\/#website","url":"https:\/\/elfsight.com\/fr\/","name":"Elfsight FR","description":"","potentialAction":[{"@type":"SearchAction","target":{"@type":"EntryPoint","urlTemplate":"https:\/\/elfsight.com\/fr\/?s={search_term_string}"},"query-input":{"@type":"PropertyValueSpecification","valueRequired":true,"valueName":"search_term_string"}}],"inLanguage":"fr-FR"}]}},"meta_box":{"industry":"","seo_heading":"","heading":"","description":"","cta_heading":"","cta_description":"","application":"14318","h1":"Module compl\u00e9mentaire Calculatrice PrestaShop","h1_caption":"Fournissez une calculatrice personnalis\u00e9e \u00e0 vos visiteurs, offrant des solutions rapides pour des \u00e9l\u00e9ments tels que les prix, les remises ou les calculs du retour sur investissement sur votre site Web Prestashop sans effort.","application_category":[],"applications_title":"","applications_request_title":"","applications_request_button_text":"","hero_text":"","hero_video":"","hero_video_schema_markup":"","selling_points_title":"","selling_points_caption":"","selling_points":[],"selling_points_cta_text":"","features_title":"","features":"","ed_cta_examples_text":"","ed_cta_examples_hidden":"","ed_cta_demo_text":"","ed_cta_demo_hidden":"","why_caption":"","why_editor_title":"","why_editor_text":"","why_team_title":"","why_team_text":"","why_service_title":"","why_service_text":"","template_catalog_visible":"","template_catalog_title":"","template_catalog_text":"","template_catalog_categories_visible":"","demo_title":"Cr\u00e9ez votre module compl\u00e9mentaire Calculatrice","demo_caption":"Configurez votre Calculatrice et ajoutez-la \u00e0 votre site PrestaShop gratuitement !","default_faq_hidden":"","app_template_category":[],"platform":"3190","template_public_id":"","codecanyon_url":"","codecanyon_item_id":"","codecanyon_price":"","pricing_caption":"","pricing_elfsight_apps_hide_column":"","pricing_elfsight_apps_url":"","pricing_codecanyon_price_caption":"","integration_category":[],"integration_request_title":"","integration_request_cta":"","integration_platform":"","integrations":[],"platform_category":[],"video_schema_markup":"","price":"\u00e0 partir de 0$ \/ mois","trial":"","benefits":[{"text":"Aide \u00e0 l'installation gratuite"},{"text":"Support client exp\u00e9riment\u00e9"},{"text":"Garantie de remboursement de 14 jours"},{"text":"Mises \u00e0 jour gratuites en continu"}],"button_url":"#demo","button_target_blank":"","button_nofollow":"","attributes":[{"name":"Installations","content":"50,000 - 100,000"},{"name":"Sensible","content":"Oui"},{"name":"Navigateurs compatibles","content":"Firefox, Safari, Opera, Chrome, Edge"}],"tags":[],"tags_disable_links":"","hide_more_platforms":"","video_object":"","demo_hide_cta":"","demo_hide_cloud_options":"","pricing_title":"","pricing":[{"pricing_icon":"platform","pricing_title":"Elfsight Apps","pricing_title_caption":"Solution num\u00e9rique ind\u00e9pendante de la plateforme qui fonctionne sur n'importe quel site","pricing_price":"\u00e0 partir de 0$ \/ mois","pricing_price_caption":"commencez avec un forfait gratuit","pricing_benefits":[{"text":"Domaines illimit\u00e9s"},{"text":"Assistance 24h\/24 et 7j\/7"},{"text":"Service d'installation gratuit"}],"pricing_button_text":"Ajouter au site Web","pricing_button_url":"#demo"}],"related_apps_title":"","related_apps_hidden":"","author":"","image":[],"title":"","job":"","social_networks":[]},"_links":{"self":[{"href":"https:\/\/elfsight.com\/fr\/wp-json\/wp\/v2\/pages\/15557","targetHints":{"allow":["GET"]}}],"collection":[{"href":"https:\/\/elfsight.com\/fr\/wp-json\/wp\/v2\/pages"}],"about":[{"href":"https:\/\/elfsight.com\/fr\/wp-json\/wp\/v2\/types\/page"}],"author":[{"embeddable":true,"href":"https:\/\/elfsight.com\/fr\/wp-json\/wp\/v2\/users\/9"}],"replies":[{"embeddable":true,"href":"https:\/\/elfsight.com\/fr\/wp-json\/wp\/v2\/comments?post=15557"}],"version-history":[{"count":1,"href":"https:\/\/elfsight.com\/fr\/wp-json\/wp\/v2\/pages\/15557\/revisions"}],"predecessor-version":[{"id":15561,"href":"https:\/\/elfsight.com\/fr\/wp-json\/wp\/v2\/pages\/15557\/revisions\/15561"}],"up":[{"embeddable":true,"href":"https:\/\/elfsight.com\/fr\/wp-json\/wp\/v2\/pages\/14325"}],"wp:attachment":[{"href":"https:\/\/elfsight.com\/fr\/wp-json\/wp\/v2\/media?parent=15557"}],"curies":[{"name":"wp","href":"https:\/\/api.w.org\/{rel}","templated":true}]}}