{"id":15543,"date":"2024-09-30T18:27:29","date_gmt":"2024-09-30T18:27:29","guid":{"rendered":"https:\/\/elfsight.com\/fr\/?page_id=15543"},"modified":"2025-10-22T09:13:33","modified_gmt":"2025-10-22T09:13:33","slug":"squarespace","status":"publish","type":"page","link":"https:\/\/elfsight.com\/fr\/appointment-booking-widget\/squarespace\/","title":{"rendered":"Appointment Booking &#8211; Squarespace"},"content":{"rendered":"<div class=\"application-platform-content-item-description application-platform-content-item\" id=\"description\" data-nav-section=\"description\"><h2>Int\u00e9grez la prise de rendez-vous sur Squarespace avec le plugin Elfsight !<\/h2> <p>Le plugin Appointment Booking est l\u00e0 pour aider les clients potentiels \u00e0 r\u00e9server du temps directement sur votre site Web Squarespace, minimisant ainsi les t\u00e2ches pratiques de votre part, comme la gestion constante des messages, des appels et des e-mails. C&rsquo;est comme si vous disposiez d&rsquo;une r\u00e9ceptionniste virtuelle travaillant 24h\/24 et 7j\/7, qui envoie des notifications automatis\u00e9es et peut \u00eatre synchronis\u00e9e avec des int\u00e9grations externes, telles que Google Agenda.<\/p> <p>Le moment est venu d&rsquo;offrir plus d&rsquo;informations sur votre service ou votre \u00e9v\u00e9nement, de d\u00e9finir le d\u00e9lai, fournissez les coordonn\u00e9es et clarifiez les prix pour aider les clients \u00e0 prendre des d\u00e9cisions \u00e9clair\u00e9es. De plus, personnalisez l&rsquo;esth\u00e9tique visuelle du plugin en peaufinant des \u00e9l\u00e9ments et des fonctionnalit\u00e9s personnalis\u00e9s sans avoir besoin d&rsquo;am\u00e9liorer le savoir-faire en programmation ou de faire appel \u00e0 un d\u00e9veloppeur\u00a0!<\/p> <p><b>Am\u00e9liorez la visibilit\u00e9 de votre entreprise et soyez accessible \u00e0 tous les clients potentiels. gr\u00e2ce \u00e0 la prise de rendez-vous en ligne sur votre site\u00a0Web\u00a0!<\/b><\/p> <\/div> <div class=\"application-platform-content-item-features application-platform-content-item\" id=\"features\" data-nav-section=\"features\"> <h2>Les fonctionnalit\u00e9s fondamentales du widget\u00a0:<\/h2> <ul><li>Offrez un aper\u00e7u complet de votre service (nom, d\u00e9tails, photo et dur\u00e9e) et \u00e9tablissez les tarifs dans diff\u00e9rentes devises.<\/li><li>Envoyez des alertes automatis\u00e9es pour v\u00e9rifier les cr\u00e9neaux programm\u00e9s aux clients et \u00e0 vous-m\u00eame.<\/li><li> Synchronisez le widget avec des services externes, comme Google Agenda, pour maintenir des mises \u00e0 jour en temps r\u00e9el.<\/li><li>Partagez les coordonn\u00e9es de votre entreprise comme preuve sociale et permettez aux utilisateurs de vous contacter en cas de circonstances inattendues.<\/li><li>Options de personnalisation faciles sans avoir besoin d&rsquo;\u00e9crire du code\u00a0: mod\u00e8les pr\u00e9d\u00e9finis, couleurs, mises en page, polices, \u00e9diteur CSS personnalis\u00e9, \u00e9diteur JS personnalis\u00e9, etc.<\/li><\/ul><p><a href=\" #demo\">Vous pouvez d\u00e9couvrir toutes les fonctionnalit\u00e9s du widget dans la d\u00e9mo d\u00e8s maintenant<\/a><\/p> <\/div> <div class=\"application-platform-content-item-installation application-platform-content-item\" id=\"installation\" data-nav-section=\"installation\"> <h2>Comment ajouter la prise de rendez-vous \u00e0 mon Squarespace site Web\u00a0?<\/h2> <div class=\"video-container\">\n<iframe width=\"720\" height=\"405\" src=\"https:\/\/www.youtube.com\/embed\/FJ3_ye2-Afw?si=lIPfTPJLTCqK9sS0\" frameborder=\"0\" allowfullscreen=\"\"><\/iframe>\n<\/div><p>Pour int\u00e9grer la prise de rendez-vous sur votre site Web Squarespace, suivez ces \u00e9tapes\u00a0:<\/p> <ol><li><b>Utilisez notre configurateur gratuit et commencez \u00e0 fa\u00e7onner votre LinkedIn personnalis\u00e9. Plugin de flux.<\/b><br> Sp\u00e9cifiez la disposition et les options appropri\u00e9es du plugin et appliquez les corrections.<\/li> <li><b>Acqu\u00e9rir le code individuel apparaissant dans la fen\u00eatre sur Elfsight Apps.<\/b> <br> D\u00e8s que la cr\u00e9ation de votre plugin est termin\u00e9e, copiez le code individuel dans la fen\u00eatre contextuelle qui appara\u00eet et enregistrez-le pour une utilisation future.<\/li> <li><b>Commencez \u00e0 utiliser le plugin sur votre site Web Squarespace.<\/b><br> Ajoutez le code copi\u00e9 r\u00e9cemment sur votre site Web et enregistrez les am\u00e9liorations.<\/li> <li><b>L&rsquo;installation est effectu\u00e9e avec succ\u00e8s.<\/b><br> Acc\u00e9dez \u00e0 votre site Web pour voir en action comment fonctionne l&rsquo;outil.<\/li><\/ol> <p>Si vous avez des questions ou rencontrez des probl\u00e8mes, n&rsquo;h\u00e9sitez pas \u00e0 vous adresser \u00e0 notre \u00e9quipe de service client. Nos collaborateurs sont impatients de vous aider avec toutes les questions que vous pourriez avoir avec le plugin.<\/p> <\/div> ","protected":false},"excerpt":{"rendered":"","protected":false},"author":9,"featured_media":0,"parent":15252,"menu_order":0,"comment_status":"closed","ping_status":"closed","template":"templates\/template-application-platform.php","meta":{"publish_to_discourse":"","publish_post_category":"","wpdc_auto_publish_overridden":"","wpdc_topic_tags":"","wpdc_pin_topic":"","wpdc_pin_until":"","discourse_post_id":"","discourse_permalink":"","wpdc_publishing_response":"","wpdc_publishing_error":"","footnotes":""},"class_list":["post-15543","page","type-page","status-publish","hentry"],"yoast_head":"<!-- This site is optimized with the Yoast SEO plugin v25.3.1 - https:\/\/yoast.com\/wordpress\/plugins\/seo\/ -->\n<title>Widget de r\u00e9servation Squarespace \u2014 Ajouter une prise de rendez-vous sur Squarespace<\/title>\n<meta name=\"description\" content=\"Ajoutez une int\u00e9gration de r\u00e9servation Squarespace \u00e0 votre site Web pour planifier des r\u00e9unions et des appels. Am\u00e9liorez la planification d&#039;\u00e9v\u00e9nements avec le plugin de r\u00e9servation Squarespace.\" \/>\n<meta name=\"robots\" content=\"index, follow, max-snippet:-1, max-image-preview:large, max-video-preview:-1\" \/>\n<link rel=\"canonical\" href=\"https:\/\/elfsight.com\/fr\/appointment-booking-widget\/squarespace\/\" \/>\n<meta property=\"og:locale\" content=\"fr_FR\" \/>\n<meta property=\"og:type\" content=\"article\" \/>\n<meta property=\"og:title\" content=\"Widget de r\u00e9servation Squarespace \u2014 Ajouter une prise de rendez-vous sur Squarespace\" \/>\n<meta property=\"og:description\" content=\"Ajoutez une int\u00e9gration de r\u00e9servation Squarespace \u00e0 votre site Web pour planifier des r\u00e9unions et des appels. Am\u00e9liorez la planification d&#039;\u00e9v\u00e9nements avec le plugin de r\u00e9servation Squarespace.\" \/>\n<meta property=\"og:url\" content=\"https:\/\/elfsight.com\/fr\/appointment-booking-widget\/squarespace\/\" \/>\n<meta property=\"og:site_name\" content=\"Elfsight FR\" \/>\n<meta property=\"article:modified_time\" content=\"2025-10-22T09:13:33+00:00\" \/>\n<meta name=\"twitter:card\" content=\"summary_large_image\" \/>\n<meta name=\"twitter:label1\" content=\"Dur\u00e9e de lecture estim\u00e9e\" \/>\n\t<meta name=\"twitter:data1\" content=\"3 minutes\" \/>\n<!-- \/ Yoast SEO plugin. -->","yoast_head_json":{"title":"Widget de r\u00e9servation Squarespace \u2014 Ajouter une prise de rendez-vous sur Squarespace","description":"Ajoutez une int\u00e9gration de r\u00e9servation Squarespace \u00e0 votre site Web pour planifier des r\u00e9unions et des appels. Am\u00e9liorez la planification d'\u00e9v\u00e9nements avec le plugin de r\u00e9servation Squarespace.","robots":{"index":"index","follow":"follow","max-snippet":"max-snippet:-1","max-image-preview":"max-image-preview:large","max-video-preview":"max-video-preview:-1"},"canonical":"https:\/\/elfsight.com\/fr\/appointment-booking-widget\/squarespace\/","og_locale":"fr_FR","og_type":"article","og_title":"Widget de r\u00e9servation Squarespace \u2014 Ajouter une prise de rendez-vous sur Squarespace","og_description":"Ajoutez une int\u00e9gration de r\u00e9servation Squarespace \u00e0 votre site Web pour planifier des r\u00e9unions et des appels. Am\u00e9liorez la planification d'\u00e9v\u00e9nements avec le plugin de r\u00e9servation Squarespace.","og_url":"https:\/\/elfsight.com\/fr\/appointment-booking-widget\/squarespace\/","og_site_name":"Elfsight FR","article_modified_time":"2025-10-22T09:13:33+00:00","twitter_card":"summary_large_image","twitter_misc":{"Dur\u00e9e de lecture estim\u00e9e":"3 minutes"},"schema":{"@context":"https:\/\/schema.org","@graph":[{"@type":"WebPage","@id":"https:\/\/elfsight.com\/fr\/appointment-booking-widget\/squarespace\/","url":"https:\/\/elfsight.com\/fr\/appointment-booking-widget\/squarespace\/","name":"Widget de r\u00e9servation Squarespace \u2014 Ajouter une prise de rendez-vous sur Squarespace","isPartOf":{"@id":"https:\/\/elfsight.com\/fr\/#website"},"datePublished":"2024-09-30T18:27:29+00:00","dateModified":"2025-10-22T09:13:33+00:00","description":"Ajoutez une int\u00e9gration de r\u00e9servation Squarespace \u00e0 votre site Web pour planifier des r\u00e9unions et des appels. Am\u00e9liorez la planification d'\u00e9v\u00e9nements avec le plugin de r\u00e9servation Squarespace.","breadcrumb":{"@id":"https:\/\/elfsight.com\/fr\/appointment-booking-widget\/squarespace\/#breadcrumb"},"inLanguage":"fr-FR","potentialAction":[{"@type":"ReadAction","target":["https:\/\/elfsight.com\/fr\/appointment-booking-widget\/squarespace\/"]}]},{"@type":"BreadcrumbList","@id":"https:\/\/elfsight.com\/fr\/appointment-booking-widget\/squarespace\/#breadcrumb","itemListElement":[{"@type":"ListItem","position":1,"name":"Home","item":"https:\/\/elfsight.com\/fr\/"},{"@type":"ListItem","position":2,"name":"Appointment Booking","item":"https:\/\/elfsight.com\/fr\/appointment-booking-widget\/"},{"@type":"ListItem","position":3,"name":"Appointment Booking &#8211; Squarespace"}]},{"@type":"WebSite","@id":"https:\/\/elfsight.com\/fr\/#website","url":"https:\/\/elfsight.com\/fr\/","name":"Elfsight FR","description":"","potentialAction":[{"@type":"SearchAction","target":{"@type":"EntryPoint","urlTemplate":"https:\/\/elfsight.com\/fr\/?s={search_term_string}"},"query-input":{"@type":"PropertyValueSpecification","valueRequired":true,"valueName":"search_term_string"}}],"inLanguage":"fr-FR"}]}},"meta_box":{"industry":"","seo_heading":"","heading":"","description":"","cta_heading":"","cta_description":"","application":"15251","h1":"Plugin de prise de rendez-vous Squarespace","h1_caption":"Permettez aux utilisateurs de planifier facilement des rendez-vous directement depuis votre site Web Squarespace, am\u00e9liorant ainsi la commodit\u00e9 et rationalisant le processus de r\u00e9servation.","application_category":[],"applications_title":"","applications_request_title":"","applications_request_button_text":"","hero_text":"","hero_video":"","hero_video_schema_markup":"","selling_points_title":"","selling_points_caption":"","selling_points":[],"selling_points_cta_text":"","features_title":"","features":"","ed_cta_examples_text":"","ed_cta_examples_hidden":"","ed_cta_demo_text":"","ed_cta_demo_hidden":"","why_caption":"","why_editor_title":"","why_editor_text":"","why_team_title":"","why_team_text":"","why_service_title":"","why_service_text":"","template_catalog_visible":"0","template_catalog_title":"","template_catalog_text":"","template_catalog_categories_visible":"","demo_title":"Cr\u00e9ez votre plugin de prise de rendez-vous","demo_caption":"Configurez votre prise de rendez-vous et ajoutez-la gratuitement \u00e0 votre site Web Squarespace\u00a0!","default_faq_hidden":"","app_template_category":[],"platform":"361","template_public_id":"","codecanyon_url":"","codecanyon_item_id":"","codecanyon_price":"","pricing_caption":"","pricing_elfsight_apps_hide_column":"","pricing_elfsight_apps_url":"","pricing_codecanyon_price_caption":"","integration_category":[],"integration_request_title":"","integration_request_cta":"","integration_platform":"","integrations":[],"platform_category":[],"video_schema_markup":"","price":"\u00e0 partir de 0$ \/ mois","trial":"","benefits":[{"text":"Aide \u00e0 l'installation gratuite"},{"text":"Assistance premium"},{"text":"Garantie de remboursement de 14 jours"},{"text":"Mises \u00e0 jour gratuites en continu"}],"button_url":"#demo","button_target_blank":"0","button_nofollow":"0","attributes":[{"name":"Installations","content":"1,000 - 5,000"},{"name":"Sensible","content":"Oui"},{"name":"Navigateurs compatibles","content":"Firefox, Safari, Opera, Chrome, Edge"}],"tags":[],"tags_disable_links":"0","hide_more_platforms":"0","video_object":"","demo_hide_cta":"0","demo_hide_cloud_options":"0","pricing_title":"","pricing":[{"pricing_icon":"platform","pricing_title":"Elfsight Apps","pricing_title_caption":"Logiciel multiplateforme qui fonctionne sur n'importe quel site Web","pricing_price":"\u00c0 partir de 0$ \/ mois","pricing_price_caption":"Commencez avec un forfait gratuit","pricing_benefits":[{"text":"Sites Web illimit\u00e9s"},{"text":"Assistance client haut de gamme"},{"text":"Aide \u00e0 l'installation gratuite"}],"pricing_button_text":"Ajouter au site Web","pricing_button_url":"#demo"}],"related_apps_title":"","related_apps_hidden":"0","author":"","image":[],"title":"","job":"","social_networks":[]},"_links":{"self":[{"href":"https:\/\/elfsight.com\/fr\/wp-json\/wp\/v2\/pages\/15543","targetHints":{"allow":["GET"]}}],"collection":[{"href":"https:\/\/elfsight.com\/fr\/wp-json\/wp\/v2\/pages"}],"about":[{"href":"https:\/\/elfsight.com\/fr\/wp-json\/wp\/v2\/types\/page"}],"author":[{"embeddable":true,"href":"https:\/\/elfsight.com\/fr\/wp-json\/wp\/v2\/users\/9"}],"replies":[{"embeddable":true,"href":"https:\/\/elfsight.com\/fr\/wp-json\/wp\/v2\/comments?post=15543"}],"version-history":[{"count":2,"href":"https:\/\/elfsight.com\/fr\/wp-json\/wp\/v2\/pages\/15543\/revisions"}],"predecessor-version":[{"id":16728,"href":"https:\/\/elfsight.com\/fr\/wp-json\/wp\/v2\/pages\/15543\/revisions\/16728"}],"up":[{"embeddable":true,"href":"https:\/\/elfsight.com\/fr\/wp-json\/wp\/v2\/pages\/15252"}],"wp:attachment":[{"href":"https:\/\/elfsight.com\/fr\/wp-json\/wp\/v2\/media?parent=15543"}],"curies":[{"name":"wp","href":"https:\/\/api.w.org\/{rel}","templated":true}]}}