{"id":15542,"date":"2024-09-30T18:27:29","date_gmt":"2024-09-30T18:27:29","guid":{"rendered":"https:\/\/elfsight.com\/fr\/?page_id=15542"},"modified":"2025-07-10T15:01:23","modified_gmt":"2025-07-10T15:01:23","slug":"wix","status":"publish","type":"page","link":"https:\/\/elfsight.com\/fr\/website-translator-widget\/wix\/","title":{"rendered":"Website Translator &#8211; Wix"},"content":{"rendered":"<div class=\"application-platform-content-item-description application-platform-content-item\" id=\"description\" data-nav-section=\"description\"> <h2>Int\u00e9grer un traducteur de site Web dans Wix avec une application Elfsight<\/h2> <p>Un excellent moyen d&rsquo;am\u00e9liorer la pr\u00e9sence en ligne de votre entreprise et d&rsquo;atteindre une port\u00e9e mondiale. l&rsquo;audience est l&rsquo;int\u00e9gration de notre widget Traducteur de site Web pour Wix. En traduisant de mani\u00e8re transparente le contenu de votre site Web, ce widget garantit que votre message s&rsquo;adresse aux clients de diverses communaut\u00e9s linguistiques, aidant ainsi \u00e0 surmonter les barri\u00e8res linguistiques et \u00e0 \u00e9tendre la port\u00e9e de votre entreprise. <\/p><p>Notre traducteur de site Web propose une traduction automatis\u00e9e instantan\u00e9e de sites Web am\u00e9lior\u00e9e par l&rsquo;IA de Google, prenant en charge plus de 130 langues. Il m\u00e9morise les param\u00e8tres de langue des visiteurs, offrant ainsi une exp\u00e9rience de navigation personnalis\u00e9e qui maintient l&rsquo;engagement des visiteurs. Globalisez en toute transparence votre site Web Wix et connectez-vous avec diff\u00e9rents publics via la solution de traduction de pointe. <\/p><p><b>Proposez vos biens et services dans le monde entier gr\u00e2ce au widget de changement de langue convivial\u00a0! <\/b><\/p><\/div> <div class=\"application-platform-content-item-features application-platform-content-item\" id=\"features\" data-nav-section=\"features\"> <h2>Voici quelques-unes des fonctionnalit\u00e9s utiles du widget\u00a0: <\/h2><ul><li>Traduction automatique instantan\u00e9e de sites Web<\/li><li>Traduction am\u00e9lior\u00e9e par l&rsquo;IA de Google<\/li><li>Maintenance de plus de 130\u00a0langues<\/li><li>Conservation des pr\u00e9f\u00e9rences des visiteurs<\/li><li>De nombreux styles de widgets pr\u00e9d\u00e9finis<\/li><\/ul><p><a href=\"#demo\">Vous pouvez v\u00e9rifier ce que propose le widget en utilisant la d\u00e9mo<\/a><\/p><\/div> <div class=\"application-platform-content-item-installation application-platform-content-item\" id=\"installation\" data-nav-section=\"installation\"> <h2>Comment int\u00e9grer un site Web Traducteur dans mes pages Wix ? <\/h2><p>Appliquez simplement les instructions ci-dessous pour commencer \u00e0 utiliser le plugin. <\/p><ol><li><b>Ex\u00e9cutez notre configurateur gratuit et commencez \u00e0 cr\u00e9er votre plugin personnalis\u00e9. <\/b><br>D\u00e9terminez l&rsquo;interface et les param\u00e8tres pr\u00e9f\u00e9r\u00e9s du widget et appliquez les modifications.<\/li> <li><b>Acqu\u00e9rir le code personnel qui appara\u00eet dans la case sur les applications Elfsight. <\/b><br>D\u00e8s que la g\u00e9n\u00e9ration de votre outil est termin\u00e9e, copiez le code exclusif dans la popup apparue et enregistrez-le pour une occasion ult\u00e9rieure. <\/li> <li><b>Commencez \u00e0 utiliser le widget sur la page Web Wix. <\/b><br>Placez le code copi\u00e9 r\u00e9cemment dans votre page web et enregistrez les modifications. <\/li> <li><b>L&rsquo;installation est termin\u00e9e avec succ\u00e8s. <\/b><br>Acc\u00e9dez \u00e0 votre page pour voir en action comment fonctionne le widget. <\/li><\/ol><p>Si vous rencontrez des difficult\u00e9s, n&rsquo;h\u00e9sitez pas \u00e0 \u00e9crire \u00e0 notre \u00e9quipe d&rsquo;assistance. Nos consultants ont h\u00e2te de vous aider avec toutes les difficult\u00e9s que vous pourriez rencontrer avec l&rsquo;outil. <\/p><\/div>","protected":false},"excerpt":{"rendered":"","protected":false},"author":9,"featured_media":0,"parent":14225,"menu_order":0,"comment_status":"closed","ping_status":"closed","template":"templates\/template-application-platform.php","meta":{"publish_to_discourse":"","publish_post_category":"","wpdc_auto_publish_overridden":"","wpdc_topic_tags":"","wpdc_pin_topic":"","wpdc_pin_until":"","discourse_post_id":"","discourse_permalink":"","wpdc_publishing_response":"","wpdc_publishing_error":"","footnotes":""},"class_list":["post-15542","page","type-page","status-publish","hentry"],"yoast_head":"<!-- This site is optimized with the Yoast SEO plugin v25.3.1 - https:\/\/yoast.com\/wordpress\/plugins\/seo\/ -->\n<title>Widget de traduction de site Web - Int\u00e9grer un traducteur rapide sur Wix<\/title>\n<meta name=\"description\" content=\"Ajoutez un widget de traduction de site Web sans code sur votre site Web Wix. Essayez la d\u00e9mo simple d&#039;Elfsight pour cr\u00e9er sans effort votre solution unique.\" \/>\n<meta name=\"robots\" content=\"index, follow, max-snippet:-1, max-image-preview:large, max-video-preview:-1\" \/>\n<link rel=\"canonical\" href=\"https:\/\/elfsight.com\/fr\/website-translator-widget\/wix\/\" \/>\n<meta property=\"og:locale\" content=\"fr_FR\" \/>\n<meta property=\"og:type\" content=\"article\" \/>\n<meta property=\"og:title\" content=\"Widget de traduction de site Web - Int\u00e9grer un traducteur rapide sur Wix\" \/>\n<meta property=\"og:description\" content=\"Ajoutez un widget de traduction de site Web sans code sur votre site Web Wix. Essayez la d\u00e9mo simple d&#039;Elfsight pour cr\u00e9er sans effort votre solution unique.\" \/>\n<meta property=\"og:url\" content=\"https:\/\/elfsight.com\/fr\/website-translator-widget\/wix\/\" \/>\n<meta property=\"og:site_name\" content=\"Elfsight FR\" \/>\n<meta property=\"article:modified_time\" content=\"2025-07-10T15:01:23+00:00\" \/>\n<meta name=\"twitter:card\" content=\"summary_large_image\" \/>\n<meta name=\"twitter:label1\" content=\"Dur\u00e9e de lecture estim\u00e9e\" \/>\n\t<meta name=\"twitter:data1\" content=\"2 minutes\" \/>\n<!-- \/ Yoast SEO plugin. -->","yoast_head_json":{"title":"Widget de traduction de site Web - Int\u00e9grer un traducteur rapide sur Wix","description":"Ajoutez un widget de traduction de site Web sans code sur votre site Web Wix. Essayez la d\u00e9mo simple d'Elfsight pour cr\u00e9er sans effort votre solution unique.","robots":{"index":"index","follow":"follow","max-snippet":"max-snippet:-1","max-image-preview":"max-image-preview:large","max-video-preview":"max-video-preview:-1"},"canonical":"https:\/\/elfsight.com\/fr\/website-translator-widget\/wix\/","og_locale":"fr_FR","og_type":"article","og_title":"Widget de traduction de site Web - Int\u00e9grer un traducteur rapide sur Wix","og_description":"Ajoutez un widget de traduction de site Web sans code sur votre site Web Wix. Essayez la d\u00e9mo simple d'Elfsight pour cr\u00e9er sans effort votre solution unique.","og_url":"https:\/\/elfsight.com\/fr\/website-translator-widget\/wix\/","og_site_name":"Elfsight FR","article_modified_time":"2025-07-10T15:01:23+00:00","twitter_card":"summary_large_image","twitter_misc":{"Dur\u00e9e de lecture estim\u00e9e":"2 minutes"},"schema":{"@context":"https:\/\/schema.org","@graph":[{"@type":"WebPage","@id":"https:\/\/elfsight.com\/fr\/website-translator-widget\/wix\/","url":"https:\/\/elfsight.com\/fr\/website-translator-widget\/wix\/","name":"Widget de traduction de site Web - Int\u00e9grer un traducteur rapide sur Wix","isPartOf":{"@id":"https:\/\/elfsight.com\/fr\/#website"},"datePublished":"2024-09-30T18:27:29+00:00","dateModified":"2025-07-10T15:01:23+00:00","description":"Ajoutez un widget de traduction de site Web sans code sur votre site Web Wix. Essayez la d\u00e9mo simple d'Elfsight pour cr\u00e9er sans effort votre solution unique.","breadcrumb":{"@id":"https:\/\/elfsight.com\/fr\/website-translator-widget\/wix\/#breadcrumb"},"inLanguage":"fr-FR","potentialAction":[{"@type":"ReadAction","target":["https:\/\/elfsight.com\/fr\/website-translator-widget\/wix\/"]}]},{"@type":"BreadcrumbList","@id":"https:\/\/elfsight.com\/fr\/website-translator-widget\/wix\/#breadcrumb","itemListElement":[{"@type":"ListItem","position":1,"name":"Home","item":"https:\/\/elfsight.com\/fr\/"},{"@type":"ListItem","position":2,"name":"Website Translator","item":"https:\/\/elfsight.com\/fr\/website-translator-widget\/"},{"@type":"ListItem","position":3,"name":"Website Translator &#8211; Wix"}]},{"@type":"WebSite","@id":"https:\/\/elfsight.com\/fr\/#website","url":"https:\/\/elfsight.com\/fr\/","name":"Elfsight FR","description":"","potentialAction":[{"@type":"SearchAction","target":{"@type":"EntryPoint","urlTemplate":"https:\/\/elfsight.com\/fr\/?s={search_term_string}"},"query-input":{"@type":"PropertyValueSpecification","valueRequired":true,"valueName":"search_term_string"}}],"inLanguage":"fr-FR"}]}},"meta_box":{"industry":"","seo_heading":"","heading":"","description":"","cta_heading":"","cta_description":"","application":"14220","h1":"Application Wix Traducteur de Site Web","h1_caption":"Traduisez automatiquement le contenu de votre site Web dans plusieurs langues, le rendant ainsi accessible \u00e0 un public mondial sur votre site Web Wix sans effort.","application_category":[],"applications_title":"","applications_request_title":"","applications_request_button_text":"","hero_text":"","hero_video":"","hero_video_schema_markup":"","selling_points_title":"","selling_points_caption":"","selling_points":[],"selling_points_cta_text":"","features_title":"","features":"","ed_cta_examples_text":"","ed_cta_examples_hidden":"","ed_cta_demo_text":"","ed_cta_demo_hidden":"","why_caption":"","why_editor_title":"","why_editor_text":"","why_team_title":"","why_team_text":"","why_service_title":"","why_service_text":"","template_catalog_visible":"","template_catalog_title":"","template_catalog_text":"","template_catalog_categories_visible":"","demo_title":"Cr\u00e9ez votre application de traduction de site Web","demo_caption":"Configurez votre traducteur de site Web et ajoutez-le \u00e0 votre site Web Wix gratuitement !","default_faq_hidden":"","app_template_category":[],"platform":"345","template_public_id":"","codecanyon_url":"","codecanyon_item_id":"","codecanyon_price":"","pricing_caption":"","pricing_elfsight_apps_hide_column":"","pricing_elfsight_apps_url":"","pricing_codecanyon_price_caption":"","integration_category":[],"integration_request_title":"","integration_request_cta":"","integration_platform":"","integrations":[],"platform_category":[],"video_schema_markup":"","price":"\u00e0 partir de 0$ \/ mois","trial":"","benefits":[{"text":"Service d'installation gratuit"},{"text":"Service client professionnel"},{"text":"Garantie de remboursement de 14 jours"},{"text":"Mises \u00e0 jour continues"}],"button_url":"#demo","button_target_blank":"","button_nofollow":"","attributes":[{"name":"Installations","content":"50,000 - 100,000"},{"name":"Sensible","content":"Oui"},{"name":"Navigateurs compatibles","content":"Firefox, Safari, Opera, Chrome, Edge"}],"tags":[],"tags_disable_links":"","hide_more_platforms":"","video_object":"","demo_hide_cta":"","demo_hide_cloud_options":"","pricing_title":"","pricing":[{"pricing_icon":"platform","pricing_title":"Elfsight Apps","pricing_title_caption":"Solution ind\u00e9pendante de la plateforme","pricing_price":"\u00e0 partir de 0$ \/ mois","pricing_price_caption":"commencez avec un forfait gratuit","pricing_benefits":[{"text":"Domaines illimit\u00e9s"},{"text":"Support client d\u00e9di\u00e9"},{"text":"Assistance \u00e0 l'installation gratuite"}],"pricing_button_text":"Ajouter au site Web","pricing_button_url":"#demo"}],"related_apps_title":"","related_apps_hidden":"","author":"","image":[],"title":"","job":"","social_networks":[]},"_links":{"self":[{"href":"https:\/\/elfsight.com\/fr\/wp-json\/wp\/v2\/pages\/15542","targetHints":{"allow":["GET"]}}],"collection":[{"href":"https:\/\/elfsight.com\/fr\/wp-json\/wp\/v2\/pages"}],"about":[{"href":"https:\/\/elfsight.com\/fr\/wp-json\/wp\/v2\/types\/page"}],"author":[{"embeddable":true,"href":"https:\/\/elfsight.com\/fr\/wp-json\/wp\/v2\/users\/9"}],"replies":[{"embeddable":true,"href":"https:\/\/elfsight.com\/fr\/wp-json\/wp\/v2\/comments?post=15542"}],"version-history":[{"count":1,"href":"https:\/\/elfsight.com\/fr\/wp-json\/wp\/v2\/pages\/15542\/revisions"}],"predecessor-version":[{"id":15546,"href":"https:\/\/elfsight.com\/fr\/wp-json\/wp\/v2\/pages\/15542\/revisions\/15546"}],"up":[{"embeddable":true,"href":"https:\/\/elfsight.com\/fr\/wp-json\/wp\/v2\/pages\/14225"}],"wp:attachment":[{"href":"https:\/\/elfsight.com\/fr\/wp-json\/wp\/v2\/media?parent=15542"}],"curies":[{"name":"wp","href":"https:\/\/api.w.org\/{rel}","templated":true}]}}