{"id":15540,"date":"2024-09-30T18:27:29","date_gmt":"2024-09-30T18:27:29","guid":{"rendered":"https:\/\/elfsight.com\/fr\/?page_id=15540"},"modified":"2025-10-22T09:19:18","modified_gmt":"2025-10-22T09:19:18","slug":"wix","status":"publish","type":"page","link":"https:\/\/elfsight.com\/fr\/appointment-booking-widget\/wix\/","title":{"rendered":"Appointment Booking &#8211; Wix"},"content":{"rendered":"<div class=\"application-platform-content-item-description application-platform-content-item\" id=\"description\" data-nav-section=\"description\"><h2>Int\u00e9grez la prise de rendez-vous sur Wix avec l&rsquo;application Elfsight\u00a0!<\/h2> <p>L&rsquo;application de prise de rendez-vous est disponible pour aider les clients potentiels \u00e0 gagner du temps. directement sur votre site Web Wix, all\u00e9geant ainsi le fardeau des efforts manuels de votre part, comme la gestion constante des messages, des appels et des e-mails. Il fonctionne comme une r\u00e9ceptionniste virtuelle travaillant 24h\/24 et 7j\/7 qui envoie des confirmations automatis\u00e9es et peut \u00eatre synchronis\u00e9e avec des applications d&rsquo;externalisation, comme Google Agenda.<\/p> <p>Le moment est venu d&rsquo;offrir plus d&rsquo;informations sur votre service ou \u00e9v\u00e9nement, d&rsquo;en d\u00e9finir la dur\u00e9e. , divulguez les coordonn\u00e9es et clarifiez les prix pour simplifier la prise de d\u00e9cision pour les clients. De plus, personnalisez l&rsquo;apparence de l&rsquo;application en ajustant les \u00e9l\u00e9ments et fonctionnalit\u00e9s personnalis\u00e9s sans avoir besoin d&rsquo;am\u00e9liorer le savoir-faire en programmation ou de faire appel \u00e0 un d\u00e9veloppeur qualifi\u00e9\u00a0!<\/p> <p><b>Amplifiez votre entreprise et devenez accessible \u00e0 chaque client potentiel en proposant prise de rendez-vous en ligne sur votre site\u00a0Web\u00a0!<\/b><\/p> <\/div> <div class=\"application-platform-content-item-features application-platform-content-item\" id=\"features\" data-nav-section=\"features\"> <h2>Les fonctionnalit\u00e9s de base du widget incluent\u00a0:<\/h2> <ul><li>Offrez un aper\u00e7u clair description de votre service (nom, d\u00e9tails, photo et dur\u00e9e) et configurez la tarification dans diverses devises.<\/li><li>Envoyez des alertes automatis\u00e9es pour valider les cr\u00e9neaux r\u00e9serv\u00e9s aux clients et \u00e0 vous-m\u00eame.<\/li><li> Connectez le widget \u00e0 des applications d&rsquo;externalisation, telles que Google Agenda, pour rester toujours \u00e0 jour.<\/li><li>Pr\u00e9sentez les coordonn\u00e9es de votre entreprise comme preuve sociale et permettez aux utilisateurs de vous contacter en cas d&rsquo;\u00e9v\u00e9nements impr\u00e9vus.<\/li><li>Personnalisation avanc\u00e9e sans avoir besoin de coder\u00a0: mod\u00e8les pr\u00e9d\u00e9finis, couleurs, mises en page multiples, polices, \u00e9diteur CSS personnalis\u00e9, \u00e9diteur JS personnalis\u00e9, etc.<\/li><\/ul><p><a href=\"# demo\">Vous pouvez sentir si le widget est fait pour vous en essayant la d\u00e9mo<\/a><\/p> <\/div> <div class=\"application-platform-content-item-installation application-platform-content-item\" id=\"installation\" data-nav-section=\"installation\"> <h2>Comment puis-je int\u00e9grer la prise de rendez-vous sur mon site Wix ?<\/h2><div class=\"video-container\">\n<iframe width=\"720\" height=\"405\" src=\"https:\/\/www.youtube.com\/embed\/yj4U52MpyvM?si=OeRLNC99KG4U-RBM\" frameborder=\"0\" allowfullscreen=\"\"><\/iframe>\n<\/div><p>Pour int\u00e9grer la prise de rendez-vous sur votre site Web Wix, suivez ces instructions\u00a0:<\/p> <ol><li><b>Ex\u00e9cutez notre configurateur gratuit et commencez \u00e0 cr\u00e9er votre plugin de flux LinkedIn sur mesure. <\/b><br> D\u00e9terminez l&rsquo;apparence et les caract\u00e9ristiques souhaitables de l&rsquo;outil et enregistrez les modifications.<\/li> <li><b>Copiez le code personnel qui appara\u00eet dans la fen\u00eatre des applications Elfsight.<\/b><br> Une fois la g\u00e9n\u00e9ration de votre plugin personnel termin\u00e9e, copiez le code exclusif de la fen\u00eatre contextuelle qui appara\u00eet et conservez-le pour une utilisation future.<\/li> <li><b>Commencez \u00e0 utiliser le widget sur votre site Web Wix.<\/b><br> Int\u00e9grez le code copi\u00e9 r\u00e9cemment dans votre site Web et enregistrez les modifications.<\/li> <li><b>L&rsquo;installation est termin\u00e9e avec succ\u00e8s.<\/b><br> Acc\u00e9dez \u00e0 votre site Web pour observer les performances du widget.<\/li><\/ol> <p>Si vous rencontrez des probl\u00e8mes, veuillez faire appel \u00e0 notre service client. Nos sp\u00e9cialistes seront ravis de r\u00e9soudre toutes les questions que vous pourriez vous poser avec l&rsquo;outil.<\/p> <\/div> ","protected":false},"excerpt":{"rendered":"","protected":false},"author":9,"featured_media":0,"parent":15252,"menu_order":0,"comment_status":"closed","ping_status":"closed","template":"templates\/template-application-platform.php","meta":{"publish_to_discourse":"","publish_post_category":"","wpdc_auto_publish_overridden":"","wpdc_topic_tags":"","wpdc_pin_topic":"","wpdc_pin_until":"","discourse_post_id":"","discourse_permalink":"","wpdc_publishing_response":"","wpdc_publishing_error":"","footnotes":""},"class_list":["post-15540","page","type-page","status-publish","hentry"],"yoast_head":"<!-- This site is optimized with the Yoast SEO plugin v25.3.1 - https:\/\/yoast.com\/wordpress\/plugins\/seo\/ -->\n<title>Application Calendrier de prise de rendez-vous Wix<\/title>\n<meta name=\"description\" content=\"Ajoutez un calendrier de r\u00e9servation Wix sans codage pour cr\u00e9er des cr\u00e9neaux horaires pour vos clients. Am\u00e9liorez la planification avec le planificateur de rendez-vous Wix.\" \/>\n<meta name=\"robots\" content=\"index, follow, max-snippet:-1, max-image-preview:large, max-video-preview:-1\" \/>\n<link rel=\"canonical\" href=\"https:\/\/elfsight.com\/fr\/appointment-booking-widget\/wix\/\" \/>\n<meta property=\"og:locale\" content=\"fr_FR\" \/>\n<meta property=\"og:type\" content=\"article\" \/>\n<meta property=\"og:title\" content=\"Application Calendrier de prise de rendez-vous Wix\" \/>\n<meta property=\"og:description\" content=\"Ajoutez un calendrier de r\u00e9servation Wix sans codage pour cr\u00e9er des cr\u00e9neaux horaires pour vos clients. Am\u00e9liorez la planification avec le planificateur de rendez-vous Wix.\" \/>\n<meta property=\"og:url\" content=\"https:\/\/elfsight.com\/fr\/appointment-booking-widget\/wix\/\" \/>\n<meta property=\"og:site_name\" content=\"Elfsight FR\" \/>\n<meta property=\"article:modified_time\" content=\"2025-10-22T09:19:18+00:00\" \/>\n<meta name=\"twitter:card\" content=\"summary_large_image\" \/>\n<meta name=\"twitter:label1\" content=\"Dur\u00e9e de lecture estim\u00e9e\" \/>\n\t<meta name=\"twitter:data1\" content=\"3 minutes\" \/>\n<!-- \/ Yoast SEO plugin. -->","yoast_head_json":{"title":"Application Calendrier de prise de rendez-vous Wix","description":"Ajoutez un calendrier de r\u00e9servation Wix sans codage pour cr\u00e9er des cr\u00e9neaux horaires pour vos clients. Am\u00e9liorez la planification avec le planificateur de rendez-vous Wix.","robots":{"index":"index","follow":"follow","max-snippet":"max-snippet:-1","max-image-preview":"max-image-preview:large","max-video-preview":"max-video-preview:-1"},"canonical":"https:\/\/elfsight.com\/fr\/appointment-booking-widget\/wix\/","og_locale":"fr_FR","og_type":"article","og_title":"Application Calendrier de prise de rendez-vous Wix","og_description":"Ajoutez un calendrier de r\u00e9servation Wix sans codage pour cr\u00e9er des cr\u00e9neaux horaires pour vos clients. Am\u00e9liorez la planification avec le planificateur de rendez-vous Wix.","og_url":"https:\/\/elfsight.com\/fr\/appointment-booking-widget\/wix\/","og_site_name":"Elfsight FR","article_modified_time":"2025-10-22T09:19:18+00:00","twitter_card":"summary_large_image","twitter_misc":{"Dur\u00e9e de lecture estim\u00e9e":"3 minutes"},"schema":{"@context":"https:\/\/schema.org","@graph":[{"@type":"WebPage","@id":"https:\/\/elfsight.com\/fr\/appointment-booking-widget\/wix\/","url":"https:\/\/elfsight.com\/fr\/appointment-booking-widget\/wix\/","name":"Application Calendrier de prise de rendez-vous Wix","isPartOf":{"@id":"https:\/\/elfsight.com\/fr\/#website"},"datePublished":"2024-09-30T18:27:29+00:00","dateModified":"2025-10-22T09:19:18+00:00","description":"Ajoutez un calendrier de r\u00e9servation Wix sans codage pour cr\u00e9er des cr\u00e9neaux horaires pour vos clients. Am\u00e9liorez la planification avec le planificateur de rendez-vous Wix.","breadcrumb":{"@id":"https:\/\/elfsight.com\/fr\/appointment-booking-widget\/wix\/#breadcrumb"},"inLanguage":"fr-FR","potentialAction":[{"@type":"ReadAction","target":["https:\/\/elfsight.com\/fr\/appointment-booking-widget\/wix\/"]}]},{"@type":"BreadcrumbList","@id":"https:\/\/elfsight.com\/fr\/appointment-booking-widget\/wix\/#breadcrumb","itemListElement":[{"@type":"ListItem","position":1,"name":"Home","item":"https:\/\/elfsight.com\/fr\/"},{"@type":"ListItem","position":2,"name":"Appointment Booking","item":"https:\/\/elfsight.com\/fr\/appointment-booking-widget\/"},{"@type":"ListItem","position":3,"name":"Appointment Booking &#8211; Wix"}]},{"@type":"WebSite","@id":"https:\/\/elfsight.com\/fr\/#website","url":"https:\/\/elfsight.com\/fr\/","name":"Elfsight FR","description":"","potentialAction":[{"@type":"SearchAction","target":{"@type":"EntryPoint","urlTemplate":"https:\/\/elfsight.com\/fr\/?s={search_term_string}"},"query-input":{"@type":"PropertyValueSpecification","valueRequired":true,"valueName":"search_term_string"}}],"inLanguage":"fr-FR"}]}},"meta_box":{"industry":"","seo_heading":"","heading":"","description":"","cta_heading":"","cta_description":"","application":"15251","h1":"Application de prise de rendez-vous Wix","h1_caption":"Permettez aux utilisateurs de planifier facilement des rendez-vous directement depuis votre site Web Wix, am\u00e9liorant ainsi la commodit\u00e9 et rationalisant le processus de r\u00e9servation.","application_category":[],"applications_title":"","applications_request_title":"","applications_request_button_text":"","hero_text":"","hero_video":"","hero_video_schema_markup":"","selling_points_title":"","selling_points_caption":"","selling_points":[],"selling_points_cta_text":"","features_title":"","features":"","ed_cta_examples_text":"","ed_cta_examples_hidden":"","ed_cta_demo_text":"","ed_cta_demo_hidden":"","why_caption":"","why_editor_title":"","why_editor_text":"","why_team_title":"","why_team_text":"","why_service_title":"","why_service_text":"","template_catalog_visible":"0","template_catalog_title":"","template_catalog_text":"","template_catalog_categories_visible":"","demo_title":"Cr\u00e9ez votre application de prise de rendez-vous","demo_caption":"Configurez votre prise de rendez-vous et ajoutez-la \u00e0 votre site Wix gratuitement !","default_faq_hidden":"","app_template_category":[],"platform":"345","template_public_id":"","codecanyon_url":"","codecanyon_item_id":"","codecanyon_price":"","pricing_caption":"","pricing_elfsight_apps_hide_column":"","pricing_elfsight_apps_url":"","pricing_codecanyon_price_caption":"","integration_category":[],"integration_request_title":"","integration_request_cta":"","integration_platform":"","integrations":[],"platform_category":[],"video_schema_markup":"","price":"\u00e0 partir de 0$ \/ mois","trial":"","benefits":[{"text":"Service d'installation gratuit"},{"text":"Support client exp\u00e9riment\u00e9"},{"text":"Garantie de remboursement de 14 jours"},{"text":"Mises \u00e0 jour continues"}],"button_url":"#demo","button_target_blank":"0","button_nofollow":"0","attributes":[{"name":"Installations","content":"1,000 - 5,000"},{"name":"Sensible","content":"Oui"},{"name":"Navigateurs compatibles","content":"Firefox, Safari, Opera, Chrome, Edge"}],"tags":[],"tags_disable_links":"0","hide_more_platforms":"0","video_object":"","demo_hide_cta":"0","demo_hide_cloud_options":"0","pricing_title":"","pricing":[{"pricing_icon":"platform","pricing_title":"Elfsight Apps","pricing_title_caption":"Version multiplateforme qui convient \u00e0 n'importe quel site Web","pricing_price":"\u00c0 partir de 0$ \/ mois","pricing_price_caption":"Commencez avec un forfait gratuit","pricing_benefits":[{"text":"Sites Web illimit\u00e9s"},{"text":"Support d'entreprise rapide et bien document\u00e9"},{"text":"Aide \u00e0 l'installation gratuite"}],"pricing_button_text":"Ajouter au site Web","pricing_button_url":"#demo"}],"related_apps_title":"","related_apps_hidden":"0","author":"","image":[],"title":"","job":"","social_networks":[]},"_links":{"self":[{"href":"https:\/\/elfsight.com\/fr\/wp-json\/wp\/v2\/pages\/15540","targetHints":{"allow":["GET"]}}],"collection":[{"href":"https:\/\/elfsight.com\/fr\/wp-json\/wp\/v2\/pages"}],"about":[{"href":"https:\/\/elfsight.com\/fr\/wp-json\/wp\/v2\/types\/page"}],"author":[{"embeddable":true,"href":"https:\/\/elfsight.com\/fr\/wp-json\/wp\/v2\/users\/9"}],"replies":[{"embeddable":true,"href":"https:\/\/elfsight.com\/fr\/wp-json\/wp\/v2\/comments?post=15540"}],"version-history":[{"count":2,"href":"https:\/\/elfsight.com\/fr\/wp-json\/wp\/v2\/pages\/15540\/revisions"}],"predecessor-version":[{"id":16729,"href":"https:\/\/elfsight.com\/fr\/wp-json\/wp\/v2\/pages\/15540\/revisions\/16729"}],"up":[{"embeddable":true,"href":"https:\/\/elfsight.com\/fr\/wp-json\/wp\/v2\/pages\/15252"}],"wp:attachment":[{"href":"https:\/\/elfsight.com\/fr\/wp-json\/wp\/v2\/media?parent=15540"}],"curies":[{"name":"wp","href":"https:\/\/api.w.org\/{rel}","templated":true}]}}