{"id":15533,"date":"2024-09-30T18:27:29","date_gmt":"2024-09-30T18:27:29","guid":{"rendered":"https:\/\/elfsight.com\/fr\/?page_id=15533"},"modified":"2025-07-09T09:56:27","modified_gmt":"2025-07-09T09:56:27","slug":"html","status":"publish","type":"page","link":"https:\/\/elfsight.com\/fr\/appointment-booking-widget\/html\/","title":{"rendered":"Appointment Booking &#8211; HTML"},"content":{"rendered":"<div class=\"application-platform-content-item-description application-platform-content-item\" id=\"description\" data-nav-section=\"description\"><h2>Int\u00e9grez la prise de rendez-vous au format HTML avec le widget Elfsight\u00a0!<\/h2> <p>Le widget de prise de rendez-vous est disponible pour aider les clients potentiels \u00e0 r\u00e9server directement sur votre site Web HTML, minimisant ainsi le travail manuel (comme rester constamment disponible \u00e0 tout moment pour \u00e9viter de manquer des messages, des appels et des e-mails) de votre part. C&rsquo;est comme si vous disposiez d&rsquo;un assistant virtuel fonctionnant 24h\/24 et 7j\/7, qui envoie des notifications automatiques et peut \u00eatre connect\u00e9 \u00e0 des int\u00e9grations externes, telles que Google Agenda.<\/p> <p>C&rsquo;est le moment de d\u00e9velopper davantage votre service ou votre \u00e9v\u00e9nement, de pr\u00e9ciser l&rsquo;heure. encadrer, divulguer les coordonn\u00e9es et fixer les prix pour faciliter le processus de prise de d\u00e9cision des clients. De plus, vous pouvez choisir l&rsquo;esth\u00e9tique visuelle du widget en modifiant des \u00e9l\u00e9ments et des fonctionnalit\u00e9s personnalis\u00e9s sans avoir besoin de perfectionner les capacit\u00e9s de codage ou d&#8217;employer un d\u00e9veloppeur\u00a0!<\/p> <p><b>Permettez \u00e0 votre entreprise de prosp\u00e9rer et de devenir accessible \u00e0 un plus grand nombre. audience avec la prise de rendez-vous en ligne sur votre site internet !<\/b><\/p> <\/div> <div class=\"application-platform-content-item-features application-platform-content-item\" id=\"features\" data-nav-section=\"features\"> <h2>Le widget inclut des fonctionnalit\u00e9s pratiques et rapides, voir quelques-unes leur\u00a0:<\/h2> <ul><li>Offrez un aper\u00e7u complet de votre service (nom, d\u00e9tails, photo et dur\u00e9e) et d\u00e9finissez le prix dans diverses devises.<\/li><li>Envoyez des notifications automatiques pour confirmer le cr\u00e9neaux programm\u00e9s pour les clients et vous-m\u00eame.<\/li><li>Synchronisez le widget avec des int\u00e9grations d&rsquo;externalisation, telles que Google Agenda, pour garantir des mises \u00e0 jour en temps r\u00e9el.<\/li><li>Pr\u00e9sentez les coordonn\u00e9es de votre entreprise comme preuve sociale et autorisation les utilisateurs \u00e0 contacter en cas d&rsquo;impr\u00e9vu circonstances.<\/li><li>Personnalisation sans code avec param\u00e8tres de conception avanc\u00e9s\u00a0: mod\u00e8les pr\u00e9d\u00e9finis, couleurs, mises en page multiples, polices, \u00e9diteur CSS personnalis\u00e9, \u00e9diteur JS personnalis\u00e9, et bien plus encore.<\/li><\/ul><p><a href=\"#demo\">Essayez simplement cette d\u00e9mo pour voir ce que vaut le widget<\/a><\/p> <\/div> <div class=\"application-platform-content-item-installation application-platform-content-item\" id=\"installation\" data-nav-section=\"installation\"> <h2>Comment int\u00e9grer la prise de rendez-vous sur mon site Web HTML\u00a0?<\/h2> <p>Pour int\u00e9grer la prise de rendez-vous sur votre site Web HTML, proc\u00e9dez comme suit\u00a0:<\/p> <ol><li><b>Lancez notre configurateur gratuit et commencez \u00e0 cr\u00e9er votre plugin LinkedIn Feed personnalis\u00e9.<\/b><br> D\u00e9terminez la mise en page s\u00e9lectionn\u00e9e et les caract\u00e9ristiques de l&rsquo;outil et appliquez les corrections.<\/li> <li><b>Acqu\u00e9rez votre code personnel qui appara\u00eet dans la fen\u00eatre sur Elfsight Apps. <\/b><br> D\u00e8s que la cr\u00e9ation de votre widget personnel est termin\u00e9e, copiez le code exclusif de la fen\u00eatre contextuelle qui appara\u00eet et enregistrez-le pour une utilisation ult\u00e9rieure.<\/li> <li><b>Commencez \u00e0 utiliser le plugin sur votre site Web HTML.<\/b> <br> Placez le code copi\u00e9 pr\u00e9c\u00e9demment sur votre site Web et enregistrez les am\u00e9liorations.<\/li> <li><b>Vous avez termin\u00e9\u00a0! L&rsquo;int\u00e9gration est enti\u00e8rement termin\u00e9e.<\/b><br> Visitez votre site Web pour v\u00e9rifier le fonctionnement du widget.<\/li><\/ol> <p>Si vous rencontrez des difficult\u00e9s, n&rsquo;h\u00e9sitez pas \u00e0 contacter notre service client. . Nos collaborateurs sont impatients de r\u00e9soudre toutes les questions que vous pourriez avoir avec l&rsquo;outil.<\/p> <\/div> ","protected":false},"excerpt":{"rendered":"","protected":false},"author":9,"featured_media":0,"parent":15252,"menu_order":0,"comment_status":"closed","ping_status":"closed","template":"templates\/template-application-platform.php","meta":{"publish_to_discourse":"","publish_post_category":"","wpdc_auto_publish_overridden":"","wpdc_topic_tags":"","wpdc_pin_topic":"","wpdc_pin_until":"","discourse_post_id":"","discourse_permalink":"","wpdc_publishing_response":"","wpdc_publishing_error":"","footnotes":""},"class_list":["post-15533","page","type-page","status-publish","hentry"],"yoast_head":"<!-- This site is optimized with the Yoast SEO plugin v25.3.1 - https:\/\/yoast.com\/wordpress\/plugins\/seo\/ -->\n<title>Widget de r\u00e9servation pour site Web HTML \u2014 Int\u00e9grer un calendrier de rendez-vous HTML<\/title>\n<meta name=\"description\" content=\"Ajoutez un widget de prise de rendez-vous au site Web HTML et permettez aux clients de r\u00e9server des cr\u00e9neaux en quelques clics\u00a0!\" \/>\n<meta name=\"robots\" content=\"index, follow, max-snippet:-1, max-image-preview:large, max-video-preview:-1\" \/>\n<link rel=\"canonical\" href=\"https:\/\/elfsight.com\/fr\/appointment-booking-widget\/html\/\" \/>\n<meta property=\"og:locale\" content=\"fr_FR\" \/>\n<meta property=\"og:type\" content=\"article\" \/>\n<meta property=\"og:title\" content=\"Widget de r\u00e9servation pour site Web HTML \u2014 Int\u00e9grer un calendrier de rendez-vous HTML\" \/>\n<meta property=\"og:description\" content=\"Ajoutez un widget de prise de rendez-vous au site Web HTML et permettez aux clients de r\u00e9server des cr\u00e9neaux en quelques clics\u00a0!\" \/>\n<meta property=\"og:url\" content=\"https:\/\/elfsight.com\/fr\/appointment-booking-widget\/html\/\" \/>\n<meta property=\"og:site_name\" content=\"Elfsight FR\" \/>\n<meta property=\"article:modified_time\" content=\"2025-07-09T09:56:27+00:00\" \/>\n<meta name=\"twitter:card\" content=\"summary_large_image\" \/>\n<meta name=\"twitter:label1\" content=\"Dur\u00e9e de lecture estim\u00e9e\" \/>\n\t<meta name=\"twitter:data1\" content=\"3 minutes\" \/>\n<!-- \/ Yoast SEO plugin. -->","yoast_head_json":{"title":"Widget de r\u00e9servation pour site Web HTML \u2014 Int\u00e9grer un calendrier de rendez-vous HTML","description":"Ajoutez un widget de prise de rendez-vous au site Web HTML et permettez aux clients de r\u00e9server des cr\u00e9neaux en quelques clics\u00a0!","robots":{"index":"index","follow":"follow","max-snippet":"max-snippet:-1","max-image-preview":"max-image-preview:large","max-video-preview":"max-video-preview:-1"},"canonical":"https:\/\/elfsight.com\/fr\/appointment-booking-widget\/html\/","og_locale":"fr_FR","og_type":"article","og_title":"Widget de r\u00e9servation pour site Web HTML \u2014 Int\u00e9grer un calendrier de rendez-vous HTML","og_description":"Ajoutez un widget de prise de rendez-vous au site Web HTML et permettez aux clients de r\u00e9server des cr\u00e9neaux en quelques clics\u00a0!","og_url":"https:\/\/elfsight.com\/fr\/appointment-booking-widget\/html\/","og_site_name":"Elfsight FR","article_modified_time":"2025-07-09T09:56:27+00:00","twitter_card":"summary_large_image","twitter_misc":{"Dur\u00e9e de lecture estim\u00e9e":"3 minutes"},"schema":{"@context":"https:\/\/schema.org","@graph":[{"@type":"WebPage","@id":"https:\/\/elfsight.com\/fr\/appointment-booking-widget\/html\/","url":"https:\/\/elfsight.com\/fr\/appointment-booking-widget\/html\/","name":"Widget de r\u00e9servation pour site Web HTML \u2014 Int\u00e9grer un calendrier de rendez-vous HTML","isPartOf":{"@id":"https:\/\/elfsight.com\/fr\/#website"},"datePublished":"2024-09-30T18:27:29+00:00","dateModified":"2025-07-09T09:56:27+00:00","description":"Ajoutez un widget de prise de rendez-vous au site Web HTML et permettez aux clients de r\u00e9server des cr\u00e9neaux en quelques clics\u00a0!","breadcrumb":{"@id":"https:\/\/elfsight.com\/fr\/appointment-booking-widget\/html\/#breadcrumb"},"inLanguage":"fr-FR","potentialAction":[{"@type":"ReadAction","target":["https:\/\/elfsight.com\/fr\/appointment-booking-widget\/html\/"]}]},{"@type":"BreadcrumbList","@id":"https:\/\/elfsight.com\/fr\/appointment-booking-widget\/html\/#breadcrumb","itemListElement":[{"@type":"ListItem","position":1,"name":"Home","item":"https:\/\/elfsight.com\/fr\/"},{"@type":"ListItem","position":2,"name":"Appointment Booking","item":"https:\/\/elfsight.com\/fr\/appointment-booking-widget\/"},{"@type":"ListItem","position":3,"name":"Appointment Booking &#8211; HTML"}]},{"@type":"WebSite","@id":"https:\/\/elfsight.com\/fr\/#website","url":"https:\/\/elfsight.com\/fr\/","name":"Elfsight FR","description":"","potentialAction":[{"@type":"SearchAction","target":{"@type":"EntryPoint","urlTemplate":"https:\/\/elfsight.com\/fr\/?s={search_term_string}"},"query-input":{"@type":"PropertyValueSpecification","valueRequired":true,"valueName":"search_term_string"}}],"inLanguage":"fr-FR"}]}},"meta_box":{"industry":"","seo_heading":"","heading":"","description":"","cta_heading":"","cta_description":"","application":"15251","h1":"Calendrier de rendez-vous HTML","h1_caption":"Permettez aux utilisateurs de planifier facilement des rendez-vous directement \u00e0 partir de votre site Web HTML, am\u00e9liorant ainsi la commodit\u00e9 et rationalisant le processus de r\u00e9servation.","application_category":[],"applications_title":"","applications_request_title":"","applications_request_button_text":"","hero_text":"","hero_video":"","hero_video_schema_markup":"","selling_points_title":"","selling_points_caption":"","selling_points":[],"selling_points_cta_text":"","features_title":"","features":"","ed_cta_examples_text":"","ed_cta_examples_hidden":"","ed_cta_demo_text":"","ed_cta_demo_hidden":"","why_caption":"","why_editor_title":"","why_editor_text":"","why_team_title":"","why_team_text":"","why_service_title":"","why_service_text":"","template_catalog_visible":"","template_catalog_title":"","template_catalog_text":"","template_catalog_categories_visible":"","demo_title":"Cr\u00e9ez votre widget de prise de rendez-vous","demo_caption":"Configurez votre prise de rendez-vous et ajoutez-la gratuitement \u00e0 votre site Web HTML\u00a0!","default_faq_hidden":"","app_template_category":[],"platform":"352","template_public_id":"","codecanyon_url":"","codecanyon_item_id":"","codecanyon_price":"","pricing_caption":"","pricing_elfsight_apps_hide_column":"","pricing_elfsight_apps_url":"","pricing_codecanyon_price_caption":"","integration_category":[],"integration_request_title":"","integration_request_cta":"","integration_platform":"","integrations":[],"platform_category":[],"video_schema_markup":"","price":"\u00e0 partir de 0$ \/ mois","trial":"","benefits":[{"text":"Service d'installation gratuit"},{"text":"Support client exp\u00e9riment\u00e9"},{"text":"Garantie de remboursement de 14 jours"},{"text":"D\u00e9veloppement continu"}],"button_url":"#demo","button_target_blank":"","button_nofollow":"","attributes":[{"name":"Installations","content":"1,000 - 5,000"},{"name":"Sensible","content":"Oui"},{"name":"Navigateurs compatibles","content":"Firefox, Safari, Opera, Chrome, Edge"}],"tags":[],"tags_disable_links":"","hide_more_platforms":"","video_object":"","demo_hide_cta":"","demo_hide_cloud_options":"","pricing_title":"","pricing":[{"pricing_icon":"platform","pricing_title":"Elfsight Apps","pricing_title_caption":"Logiciel ind\u00e9pendant de la plate-forme qui convient \u00e0 n'importe quel site Web","pricing_price":"\u00c0 partir de 0$ \/ mois","pricing_price_caption":"Commencez avec un forfait gratuit","pricing_benefits":[{"text":"Sites Web illimit\u00e9s"},{"text":"Assistance entreprise premium"},{"text":"Aide \u00e0 l'installation gratuite"}],"pricing_button_text":"Ajouter au site Web","pricing_button_url":"#demo"}],"related_apps_title":"","related_apps_hidden":"","author":"","image":[],"title":"","job":"","social_networks":[]},"_links":{"self":[{"href":"https:\/\/elfsight.com\/fr\/wp-json\/wp\/v2\/pages\/15533","targetHints":{"allow":["GET"]}}],"collection":[{"href":"https:\/\/elfsight.com\/fr\/wp-json\/wp\/v2\/pages"}],"about":[{"href":"https:\/\/elfsight.com\/fr\/wp-json\/wp\/v2\/types\/page"}],"author":[{"embeddable":true,"href":"https:\/\/elfsight.com\/fr\/wp-json\/wp\/v2\/users\/9"}],"replies":[{"embeddable":true,"href":"https:\/\/elfsight.com\/fr\/wp-json\/wp\/v2\/comments?post=15533"}],"version-history":[{"count":1,"href":"https:\/\/elfsight.com\/fr\/wp-json\/wp\/v2\/pages\/15533\/revisions"}],"predecessor-version":[{"id":15537,"href":"https:\/\/elfsight.com\/fr\/wp-json\/wp\/v2\/pages\/15533\/revisions\/15537"}],"up":[{"embeddable":true,"href":"https:\/\/elfsight.com\/fr\/wp-json\/wp\/v2\/pages\/15252"}],"wp:attachment":[{"href":"https:\/\/elfsight.com\/fr\/wp-json\/wp\/v2\/media?parent=15533"}],"curies":[{"name":"wp","href":"https:\/\/api.w.org\/{rel}","templated":true}]}}