{"id":15532,"date":"2024-09-30T18:27:29","date_gmt":"2024-09-30T18:27:29","guid":{"rendered":"https:\/\/elfsight.com\/fr\/?page_id=15532"},"modified":"2025-10-27T12:24:40","modified_gmt":"2025-10-27T12:24:40","slug":"wordpress","status":"publish","type":"page","link":"https:\/\/elfsight.com\/fr\/website-translator-widget\/wordpress\/","title":{"rendered":"Website Translator &#8211; WordPress"},"content":{"rendered":"<div class=\"application-platform-content-item-description application-platform-content-item\" id=\"description\" data-nav-section=\"description\"> <h2>Int\u00e9grer un traducteur de site Web dans WordPress avec un plugin Elfsight<\/h2> <p>Un excellent moyen d&rsquo;am\u00e9liorer les performances en ligne de votre entreprise et d&rsquo;atteindre une audience internationale. le public ajoute notre widget de traduction de site Web pour WordPress. En traduisant facilement le contenu de votre site Web, ce widget garantit que votre message s&rsquo;adresse aux visiteurs de diverses communaut\u00e9s linguistiques, contribuant ainsi \u00e0 \u00e9liminer les barri\u00e8res linguistiques et \u00e0 \u00e9largir votre port\u00e9e commerciale. <\/p><p>Notre traducteur de site Web propose une traduction automatique imm\u00e9diate de sites Web am\u00e9lior\u00e9e par l&rsquo;IA de Google, prenant en charge plus de 130 langues. Il m\u00e9morise les choix de langue de l&rsquo;utilisateur, permettant une exp\u00e9rience de navigation personnalis\u00e9e qui maintient l&rsquo;engagement des utilisateurs. Globalisez en toute transparence votre site Web WordPress et connectez-vous avec des publics divers gr\u00e2ce \u00e0 la solution de traduction de pointe. <\/p><p><b>Faites la promotion de vos produits et services \u00e0 travers le monde avec le widget de changement de langue simple\u00a0! <\/b><\/p><\/div> <div class=\"application-platform-content-item-features application-platform-content-item\" id=\"features\" data-nav-section=\"features\"> <h2>Le widget inclut des fonctionnalit\u00e9s utiles et rapides, en voici quelques-unes\u00a0: <\/h2><ul><li>Site Web automatis\u00e9 instantan\u00e9 traduction<\/li><li>Traduction bas\u00e9e sur l&rsquo;IA de Google<\/li><li>Prise en charge de plus de 130\u00a0langues<\/li><li>Enregistrement des param\u00e8tres utilisateur<\/li><li>De nombreux styles de widgets de mod\u00e8les<\/li> <\/ul><p><a href=\"#demo\">Essayez toutes les options de personnalisation dans la d\u00e9mo compl\u00e8te<\/a><\/p><\/div> <div class=\"application-platform-content-item-installation application-platform-content-item\" id=\"installation\" data-nav-section=\"installation\"> <h2>Comment puis-je int\u00e9grer Website Translator dans mes pages WordPress ? <\/h2><div class=\"video-container\">\n<iframe width=\"720\" height=\"405\" src=\"https:\/\/www.youtube.com\/embed\/yIlHr2375_4?si=bPWq6DEAEiG576g1\" frameborder=\"0\" allowfullscreen=\"\"><\/iframe>\n<\/div><p>Appliquez simplement les instructions ci-dessous pour ajouter le plugin. <\/p><ol><li><b>Ouvrez notre d\u00e9mo gratuite et commencez \u00e0 cr\u00e9er votre widget personnalis\u00e9. <\/b><br>Recherchez la conception et les fonctionnalit\u00e9s s\u00e9lectionn\u00e9es de l&rsquo;outil et appliquez les corrections. <\/li> <li><b>Copiez votre code personnel qui appara\u00eet dans la fen\u00eatre sur Elfsight Apps. <\/b><br>Lorsque la g\u00e9n\u00e9ration de votre widget personnel est termin\u00e9e, copiez le code personnel dans la fen\u00eatre contextuelle qui appara\u00eet et enregistrez-le pour une utilisation future. <\/li> <li><b>Commencez \u00e0 utiliser le widget sur la page Web WordPress. <\/b><br>Int\u00e9grez le code que vous avez enregistr\u00e9 auparavant dans votre site Web et enregistrez les ajustements. <\/li> <li><b>Fait\u00a0! L&rsquo;int\u00e9gration est enti\u00e8rement termin\u00e9e. <\/b><br>Visitez votre page Web pour jeter un \u0153il au travail de l&rsquo;outil. <\/li><\/ol><p>Si vous rencontrez des probl\u00e8mes, veuillez faire appel \u00e0 notre \u00e9quipe d&rsquo;assistance. Nos consultants souhaitent r\u00e9soudre toutes les difficult\u00e9s que vous pourriez rencontrer avec le produit. <\/p><\/div>","protected":false},"excerpt":{"rendered":"","protected":false},"author":9,"featured_media":0,"parent":14225,"menu_order":0,"comment_status":"closed","ping_status":"closed","template":"templates\/template-application-platform.php","meta":{"publish_to_discourse":"","publish_post_category":"","wpdc_auto_publish_overridden":"","wpdc_topic_tags":"","wpdc_pin_topic":"","wpdc_pin_until":"","discourse_post_id":"","discourse_permalink":"","wpdc_publishing_response":"","wpdc_publishing_error":"","footnotes":""},"class_list":["post-15532","page","type-page","status-publish","hentry"],"yoast_head":"<!-- This site is optimized with the Yoast SEO plugin v25.3.1 - https:\/\/yoast.com\/wordpress\/plugins\/seo\/ -->\n<title>Widget de traduction de site Web \u2013 Int\u00e9grer un traducteur rapide sur WordPress<\/title>\n<meta name=\"description\" content=\"Ajoutez un widget de traduction de site Web sans code \u00e0 votre site Web WordPress. Utilisez la d\u00e9mo conviviale d\u2019Elfsight pour g\u00e9n\u00e9rer facilement votre solution individuelle.\" \/>\n<meta name=\"robots\" content=\"index, follow, max-snippet:-1, max-image-preview:large, max-video-preview:-1\" \/>\n<link rel=\"canonical\" href=\"https:\/\/elfsight.com\/fr\/website-translator-widget\/wordpress\/\" \/>\n<meta property=\"og:locale\" content=\"fr_FR\" \/>\n<meta property=\"og:type\" content=\"article\" \/>\n<meta property=\"og:title\" content=\"Widget de traduction de site Web \u2013 Int\u00e9grer un traducteur rapide sur WordPress\" \/>\n<meta property=\"og:description\" content=\"Ajoutez un widget de traduction de site Web sans code \u00e0 votre site Web WordPress. Utilisez la d\u00e9mo conviviale d\u2019Elfsight pour g\u00e9n\u00e9rer facilement votre solution individuelle.\" \/>\n<meta property=\"og:url\" content=\"https:\/\/elfsight.com\/fr\/website-translator-widget\/wordpress\/\" \/>\n<meta property=\"og:site_name\" content=\"Elfsight FR\" \/>\n<meta property=\"article:modified_time\" content=\"2025-10-27T12:24:40+00:00\" \/>\n<meta name=\"twitter:card\" content=\"summary_large_image\" \/>\n<meta name=\"twitter:label1\" content=\"Dur\u00e9e de lecture estim\u00e9e\" \/>\n\t<meta name=\"twitter:data1\" content=\"2 minutes\" \/>\n<!-- \/ Yoast SEO plugin. -->","yoast_head_json":{"title":"Widget de traduction de site Web \u2013 Int\u00e9grer un traducteur rapide sur WordPress","description":"Ajoutez un widget de traduction de site Web sans code \u00e0 votre site Web WordPress. Utilisez la d\u00e9mo conviviale d\u2019Elfsight pour g\u00e9n\u00e9rer facilement votre solution individuelle.","robots":{"index":"index","follow":"follow","max-snippet":"max-snippet:-1","max-image-preview":"max-image-preview:large","max-video-preview":"max-video-preview:-1"},"canonical":"https:\/\/elfsight.com\/fr\/website-translator-widget\/wordpress\/","og_locale":"fr_FR","og_type":"article","og_title":"Widget de traduction de site Web \u2013 Int\u00e9grer un traducteur rapide sur WordPress","og_description":"Ajoutez un widget de traduction de site Web sans code \u00e0 votre site Web WordPress. Utilisez la d\u00e9mo conviviale d\u2019Elfsight pour g\u00e9n\u00e9rer facilement votre solution individuelle.","og_url":"https:\/\/elfsight.com\/fr\/website-translator-widget\/wordpress\/","og_site_name":"Elfsight FR","article_modified_time":"2025-10-27T12:24:40+00:00","twitter_card":"summary_large_image","twitter_misc":{"Dur\u00e9e de lecture estim\u00e9e":"2 minutes"},"schema":{"@context":"https:\/\/schema.org","@graph":[{"@type":"WebPage","@id":"https:\/\/elfsight.com\/fr\/website-translator-widget\/wordpress\/","url":"https:\/\/elfsight.com\/fr\/website-translator-widget\/wordpress\/","name":"Widget de traduction de site Web \u2013 Int\u00e9grer un traducteur rapide sur WordPress","isPartOf":{"@id":"https:\/\/elfsight.com\/fr\/#website"},"datePublished":"2024-09-30T18:27:29+00:00","dateModified":"2025-10-27T12:24:40+00:00","description":"Ajoutez un widget de traduction de site Web sans code \u00e0 votre site Web WordPress. Utilisez la d\u00e9mo conviviale d\u2019Elfsight pour g\u00e9n\u00e9rer facilement votre solution individuelle.","breadcrumb":{"@id":"https:\/\/elfsight.com\/fr\/website-translator-widget\/wordpress\/#breadcrumb"},"inLanguage":"fr-FR","potentialAction":[{"@type":"ReadAction","target":["https:\/\/elfsight.com\/fr\/website-translator-widget\/wordpress\/"]}]},{"@type":"BreadcrumbList","@id":"https:\/\/elfsight.com\/fr\/website-translator-widget\/wordpress\/#breadcrumb","itemListElement":[{"@type":"ListItem","position":1,"name":"Home","item":"https:\/\/elfsight.com\/fr\/"},{"@type":"ListItem","position":2,"name":"Website Translator","item":"https:\/\/elfsight.com\/fr\/website-translator-widget\/"},{"@type":"ListItem","position":3,"name":"Website Translator &#8211; WordPress"}]},{"@type":"WebSite","@id":"https:\/\/elfsight.com\/fr\/#website","url":"https:\/\/elfsight.com\/fr\/","name":"Elfsight FR","description":"","potentialAction":[{"@type":"SearchAction","target":{"@type":"EntryPoint","urlTemplate":"https:\/\/elfsight.com\/fr\/?s={search_term_string}"},"query-input":{"@type":"PropertyValueSpecification","valueRequired":true,"valueName":"search_term_string"}}],"inLanguage":"fr-FR"}]}},"meta_box":{"industry":"","seo_heading":"","heading":"","description":"","cta_heading":"","cta_description":"","application":"14220","h1":"Plugin de traduction de site Web WordPress","h1_caption":"Traduisez automatiquement le contenu de votre site Web dans plusieurs langues, le rendant ainsi accessible \u00e0 un public mondial sur votre site Web WordPress sans effort.","application_category":[],"applications_title":"","applications_request_title":"","applications_request_button_text":"","hero_text":"","hero_video":"","hero_video_schema_markup":"","selling_points_title":"","selling_points_caption":"","selling_points":[],"selling_points_cta_text":"","features_title":"","features":"","ed_cta_examples_text":"","ed_cta_examples_hidden":"","ed_cta_demo_text":"","ed_cta_demo_hidden":"","why_caption":"","why_editor_title":"","why_editor_text":"","why_team_title":"","why_team_text":"","why_service_title":"","why_service_text":"","template_catalog_visible":"0","template_catalog_title":"","template_catalog_text":"","template_catalog_categories_visible":"","demo_title":"Cr\u00e9ez votre plugin de traduction de site Web","demo_caption":"Configurez votre traducteur de site Web et ajoutez-le gratuitement \u00e0 votre site Web WordPress !","default_faq_hidden":"","app_template_category":[],"platform":"18","template_public_id":"","codecanyon_url":"","codecanyon_item_id":"","codecanyon_price":"","pricing_caption":"","pricing_elfsight_apps_hide_column":"","pricing_elfsight_apps_url":"","pricing_codecanyon_price_caption":"","integration_category":[],"integration_request_title":"","integration_request_cta":"","integration_platform":"","integrations":[],"platform_category":[],"video_schema_markup":"","price":"\u00e0 partir de 0$ \/ mois","trial":"","benefits":[{"text":"Assistance \u00e0 l'installation gratuite"},{"text":"Service client professionnel"},{"text":"Garantie de remboursement de 14 jours"},{"text":"Mises \u00e0 jour \u00e0 vie"}],"button_url":"#demo","button_target_blank":"0","button_nofollow":"0","attributes":[{"name":"Installations","content":"50,000 - 100,000"},{"name":"Sensible","content":"Oui"},{"name":"Navigateurs compatibles","content":"Firefox, Safari, Opera, Chrome, Edge"}],"tags":[],"tags_disable_links":"0","hide_more_platforms":"0","video_object":"","demo_hide_cta":"0","demo_hide_cloud_options":"0","pricing_title":"","pricing":[{"pricing_icon":"platform","pricing_title":"Elfsight Apps","pricing_title_caption":"Logiciel multiplateforme","pricing_price":"\u00e0 partir de 0$ \/ mois","pricing_price_caption":"commencez avec un forfait gratuit","pricing_benefits":[{"text":"Sites Web illimit\u00e9s"},{"text":"Assistance rapide et ponctuelle et bien document\u00e9e"},{"text":"Assistance \u00e0 l'installation gratuite"}],"pricing_button_text":"Ajouter au site Web","pricing_button_url":"#demo"}],"related_apps_title":"","related_apps_hidden":"0","author":"","image":[],"title":"","job":"","social_networks":[]},"_links":{"self":[{"href":"https:\/\/elfsight.com\/fr\/wp-json\/wp\/v2\/pages\/15532","targetHints":{"allow":["GET"]}}],"collection":[{"href":"https:\/\/elfsight.com\/fr\/wp-json\/wp\/v2\/pages"}],"about":[{"href":"https:\/\/elfsight.com\/fr\/wp-json\/wp\/v2\/types\/page"}],"author":[{"embeddable":true,"href":"https:\/\/elfsight.com\/fr\/wp-json\/wp\/v2\/users\/9"}],"replies":[{"embeddable":true,"href":"https:\/\/elfsight.com\/fr\/wp-json\/wp\/v2\/comments?post=15532"}],"version-history":[{"count":2,"href":"https:\/\/elfsight.com\/fr\/wp-json\/wp\/v2\/pages\/15532\/revisions"}],"predecessor-version":[{"id":16736,"href":"https:\/\/elfsight.com\/fr\/wp-json\/wp\/v2\/pages\/15532\/revisions\/16736"}],"up":[{"embeddable":true,"href":"https:\/\/elfsight.com\/fr\/wp-json\/wp\/v2\/pages\/14225"}],"wp:attachment":[{"href":"https:\/\/elfsight.com\/fr\/wp-json\/wp\/v2\/media?parent=15532"}],"curies":[{"name":"wp","href":"https:\/\/api.w.org\/{rel}","templated":true}]}}