{"id":15526,"date":"2024-09-30T18:27:29","date_gmt":"2024-09-30T18:27:29","guid":{"rendered":"https:\/\/elfsight.com\/fr\/?page_id=15526"},"modified":"2025-10-22T08:37:45","modified_gmt":"2025-10-22T08:37:45","slug":"wordpress","status":"publish","type":"page","link":"https:\/\/elfsight.com\/fr\/appointment-booking-widget\/wordpress\/","title":{"rendered":"Appointment Booking &#8211; WordPress"},"content":{"rendered":"<div class=\"application-platform-content-item-description application-platform-content-item\" id=\"description\" data-nav-section=\"description\"><h2>Int\u00e9grez Appointment Booking sur WordPress avec le plugin Elfsight !<\/h2> <p>Le plugin Appointment Booking est \u00e0 votre service pour aider les contributeurs potentiels en s\u00e9curisant facilement les emplacements sur votre site Web WordPress, en minimisant les efforts manuels de votre part, comme la gestion constante des messages, des appels et des e-mails. Il fonctionne comme un assistant d\u00e9di\u00e9 fonctionnant 24h\/24 et 7j\/7 qui envoie des notifications automatis\u00e9es et peut \u00eatre connect\u00e9 \u00e0 des applications d&rsquo;externalisation, telles que Google Agenda.<\/p> <p>C&rsquo;est le moment id\u00e9al pour \u00e9laborer davantage sur votre service ou votre occasion, en d\u00e9finir la dur\u00e9e. , fournissez les coordonn\u00e9es et \u00e9tablissez les tarifs pour rationaliser la prise de d\u00e9cision pour les clients. De plus, vous pouvez choisir l&rsquo;apparence du plugin en modifiant les \u00e9l\u00e9ments et fonctionnalit\u00e9s personnalis\u00e9s sans avoir besoin de perfectionner vos connaissances en programmation ou de faire appel \u00e0 un d\u00e9veloppeur qualifi\u00e9\u00a0!<\/p> <p><b>Laissez votre entreprise basculer et devenez \u00e0 la port\u00e9e d&rsquo;un public plus large. base de clients gr\u00e2ce \u00e0 la prise de rendez-vous en ligne sur votre site Web\u00a0!<\/b><\/p> <\/div> <div class=\"application-platform-content-item-features application-platform-content-item\" id=\"features\" data-nav-section=\"features\"> <h2>Ce ne sont l\u00e0 que quelques-uns des pr\u00e9cieux widgets fonctionnalit\u00e9s\u00a0:<\/h2> <ul><li>Donnez un aper\u00e7u complet de votre service (nom, d\u00e9tails, photo et dur\u00e9e) et organisez les tarifs dans diverses devises.<\/li><li>Envoyez des alertes automatiques pour valider les plages horaires planifi\u00e9es pour les clients et vous-m\u00eame.<\/li><li>Synchronisez le widget avec des int\u00e9grations d&rsquo;externalisation, comme Google Agenda, pour garantir une pertinence continue.<\/li><li>Pr\u00e9sentez les coordonn\u00e9es de votre entreprise comme validation sociale et permettez aux utilisateurs d&rsquo;atteindre en cas de sc\u00e9narios inattendus.<\/li><li>Facile options de personnalisation sans avoir besoin d&rsquo;\u00e9crire du code\u00a0: mod\u00e8les pr\u00eats \u00e0 l&#8217;emploi, couleurs, mises en page accessibles, polices, \u00e9diteur CSS personnalis\u00e9, \u00e9diteur JS personnalis\u00e9, et bien plus encore.<\/li><\/ul><p><a href=\" #demo\">Explorez tous les param\u00e8tres dans une d\u00e9mo enti\u00e8rement fonctionnelle<\/a><\/p> <\/div> <div class=\"application-platform-content-item-installation application-platform-content-item\" id=\"installation\" data-nav-section=\"installation\"> <h2>Comment puis-je int\u00e9grer la prise de rendez-vous sur mon WordPress site Web\u00a0?<\/h2><div class=\"video-container\">\n<iframe width=\"720\" height=\"405\" src=\"https:\/\/www.youtube.com\/embed\/1qZPggNBo7c?si=0ARCD5SZ9dwd2fnC\" frameborder=\"0\" allowfullscreen=\"\"><\/iframe>\n<\/div> <p>Si vous souhaitez ajouter la prise de rendez-vous \u00e0 votre site Web WordPress, proc\u00e9dez comme suit\u00a0:<\/p> <ol><li><b>Ouvrez notre \u00e9diteur gratuit et commencez \u00e0 cr\u00e9er votre propre flux LinkedIn. widget.<\/b><br> Sp\u00e9cifiez la disposition et les options pr\u00e9f\u00e9rables du widget et enregistrez les modifications.<\/li> <li><b>Copiez votre code personnel r\u00e9v\u00e9l\u00e9 dans la case sur les applications Elfsight.<\/b><br> Une fois la cr\u00e9ation de votre widget termin\u00e9e, copiez le code personnel dans le qui appara\u00eet et conservez-le pour une utilisation ult\u00e9rieure.<\/li> <li><b>Commencez \u00e0 utiliser l&rsquo;outil sur votre site Web WordPress.<\/b><br> Saisissez le code copi\u00e9 r\u00e9cemment sur votre site Web et enregistrez les modifications.<\/b><br> li&gt; <li><b>La configuration est effectu\u00e9e avec succ\u00e8s.<\/b><br> Acc\u00e9dez \u00e0 votre site Web pour v\u00e9rifier les performances du widget.<\/li><\/ol> <p>Si vous rencontrez un probl\u00e8me difficult\u00e9s, n&rsquo;h\u00e9sitez pas \u00e0 demander l&rsquo;aide de notre \u00e9quipe d&rsquo;assistance. Nos collaborateurs seront ravis de vous aider avec toutes les difficult\u00e9s que vous pourriez rencontrer avec le produit.<\/p> <\/div> ","protected":false},"excerpt":{"rendered":"","protected":false},"author":9,"featured_media":0,"parent":15252,"menu_order":0,"comment_status":"closed","ping_status":"closed","template":"templates\/template-application-platform.php","meta":{"publish_to_discourse":"","publish_post_category":"","wpdc_auto_publish_overridden":"","wpdc_topic_tags":"","wpdc_pin_topic":"","wpdc_pin_until":"","discourse_post_id":"","discourse_permalink":"","wpdc_publishing_response":"","wpdc_publishing_error":"","footnotes":""},"class_list":["post-15526","page","type-page","status-publish","hentry"],"yoast_head":"<!-- This site is optimized with the Yoast SEO plugin v25.3.1 - https:\/\/yoast.com\/wordpress\/plugins\/seo\/ -->\n<title>Plugin de prise de rendez-vous WordPress<\/title>\n<meta name=\"description\" content=\"Obtenez gratuitement un plugin de r\u00e9servation WordPress. Planifiez des r\u00e9unions et am\u00e9liorez la r\u00e9servation d&#039;\u00e9v\u00e9nements dans votre calendrier avec le plugin de r\u00e9servation WordPress.\" \/>\n<meta name=\"robots\" content=\"index, follow, max-snippet:-1, max-image-preview:large, max-video-preview:-1\" \/>\n<link rel=\"canonical\" href=\"https:\/\/elfsight.com\/fr\/appointment-booking-widget\/wordpress\/\" \/>\n<meta property=\"og:locale\" content=\"fr_FR\" \/>\n<meta property=\"og:type\" content=\"article\" \/>\n<meta property=\"og:title\" content=\"Plugin de prise de rendez-vous WordPress\" \/>\n<meta property=\"og:description\" content=\"Obtenez gratuitement un plugin de r\u00e9servation WordPress. Planifiez des r\u00e9unions et am\u00e9liorez la r\u00e9servation d&#039;\u00e9v\u00e9nements dans votre calendrier avec le plugin de r\u00e9servation WordPress.\" \/>\n<meta property=\"og:url\" content=\"https:\/\/elfsight.com\/fr\/appointment-booking-widget\/wordpress\/\" \/>\n<meta property=\"og:site_name\" content=\"Elfsight FR\" \/>\n<meta property=\"article:modified_time\" content=\"2025-10-22T08:37:45+00:00\" \/>\n<meta name=\"twitter:card\" content=\"summary_large_image\" \/>\n<meta name=\"twitter:label1\" content=\"Dur\u00e9e de lecture estim\u00e9e\" \/>\n\t<meta name=\"twitter:data1\" content=\"3 minutes\" \/>\n<!-- \/ Yoast SEO plugin. -->","yoast_head_json":{"title":"Plugin de prise de rendez-vous WordPress","description":"Obtenez gratuitement un plugin de r\u00e9servation WordPress. Planifiez des r\u00e9unions et am\u00e9liorez la r\u00e9servation d'\u00e9v\u00e9nements dans votre calendrier avec le plugin de r\u00e9servation WordPress.","robots":{"index":"index","follow":"follow","max-snippet":"max-snippet:-1","max-image-preview":"max-image-preview:large","max-video-preview":"max-video-preview:-1"},"canonical":"https:\/\/elfsight.com\/fr\/appointment-booking-widget\/wordpress\/","og_locale":"fr_FR","og_type":"article","og_title":"Plugin de prise de rendez-vous WordPress","og_description":"Obtenez gratuitement un plugin de r\u00e9servation WordPress. Planifiez des r\u00e9unions et am\u00e9liorez la r\u00e9servation d'\u00e9v\u00e9nements dans votre calendrier avec le plugin de r\u00e9servation WordPress.","og_url":"https:\/\/elfsight.com\/fr\/appointment-booking-widget\/wordpress\/","og_site_name":"Elfsight FR","article_modified_time":"2025-10-22T08:37:45+00:00","twitter_card":"summary_large_image","twitter_misc":{"Dur\u00e9e de lecture estim\u00e9e":"3 minutes"},"schema":{"@context":"https:\/\/schema.org","@graph":[{"@type":"WebPage","@id":"https:\/\/elfsight.com\/fr\/appointment-booking-widget\/wordpress\/","url":"https:\/\/elfsight.com\/fr\/appointment-booking-widget\/wordpress\/","name":"Plugin de prise de rendez-vous WordPress","isPartOf":{"@id":"https:\/\/elfsight.com\/fr\/#website"},"datePublished":"2024-09-30T18:27:29+00:00","dateModified":"2025-10-22T08:37:45+00:00","description":"Obtenez gratuitement un plugin de r\u00e9servation WordPress. Planifiez des r\u00e9unions et am\u00e9liorez la r\u00e9servation d'\u00e9v\u00e9nements dans votre calendrier avec le plugin de r\u00e9servation WordPress.","breadcrumb":{"@id":"https:\/\/elfsight.com\/fr\/appointment-booking-widget\/wordpress\/#breadcrumb"},"inLanguage":"fr-FR","potentialAction":[{"@type":"ReadAction","target":["https:\/\/elfsight.com\/fr\/appointment-booking-widget\/wordpress\/"]}]},{"@type":"BreadcrumbList","@id":"https:\/\/elfsight.com\/fr\/appointment-booking-widget\/wordpress\/#breadcrumb","itemListElement":[{"@type":"ListItem","position":1,"name":"Home","item":"https:\/\/elfsight.com\/fr\/"},{"@type":"ListItem","position":2,"name":"Appointment Booking","item":"https:\/\/elfsight.com\/fr\/appointment-booking-widget\/"},{"@type":"ListItem","position":3,"name":"Appointment Booking &#8211; WordPress"}]},{"@type":"WebSite","@id":"https:\/\/elfsight.com\/fr\/#website","url":"https:\/\/elfsight.com\/fr\/","name":"Elfsight FR","description":"","potentialAction":[{"@type":"SearchAction","target":{"@type":"EntryPoint","urlTemplate":"https:\/\/elfsight.com\/fr\/?s={search_term_string}"},"query-input":{"@type":"PropertyValueSpecification","valueRequired":true,"valueName":"search_term_string"}}],"inLanguage":"fr-FR"}]}},"meta_box":{"industry":"","seo_heading":"","heading":"","description":"","cta_heading":"","cta_description":"","application":"15251","h1":"Plugin de prise de rendez-vous WordPress","h1_caption":"Permettez aux utilisateurs de planifier facilement des rendez-vous directement depuis votre site Web WordPress, am\u00e9liorant ainsi la commodit\u00e9 et rationalisant le processus de r\u00e9servation.","application_category":[],"applications_title":"","applications_request_title":"","applications_request_button_text":"","hero_text":"","hero_video":"","hero_video_schema_markup":"","selling_points_title":"","selling_points_caption":"","selling_points":[],"selling_points_cta_text":"","features_title":"","features":"","ed_cta_examples_text":"","ed_cta_examples_hidden":"","ed_cta_demo_text":"","ed_cta_demo_hidden":"","why_caption":"","why_editor_title":"","why_editor_text":"","why_team_title":"","why_team_text":"","why_service_title":"","why_service_text":"","template_catalog_visible":"0","template_catalog_title":"","template_catalog_text":"","template_catalog_categories_visible":"","demo_title":"Cr\u00e9ez votre plugin de prise de rendez-vous","demo_caption":"Configurez votre prise de rendez-vous et ajoutez-la gratuitement \u00e0 votre site WordPress !","default_faq_hidden":"","app_template_category":[],"platform":"18","template_public_id":"","codecanyon_url":"","codecanyon_item_id":"","codecanyon_price":"","pricing_caption":"","pricing_elfsight_apps_hide_column":"","pricing_elfsight_apps_url":"","pricing_codecanyon_price_caption":"","integration_category":[],"integration_request_title":"","integration_request_cta":"","integration_platform":"","integrations":[],"platform_category":[],"video_schema_markup":"","price":"\u00e0 partir de 0$ \/ mois","trial":"","benefits":[{"text":"Aide \u00e0 l'installation gratuite"},{"text":"Soutien exceptionnel"},{"text":"Garantie de remboursement de 14 jours"},{"text":"D\u00e9veloppement continu"}],"button_url":"#demo","button_target_blank":"0","button_nofollow":"0","attributes":[{"name":"Installations","content":"1,000 - 5,000"},{"name":"Sensible","content":"Oui"},{"name":"Navigateurs compatibles","content":"Firefox, Safari, Opera, Chrome, Edge"}],"tags":[],"tags_disable_links":"0","hide_more_platforms":"0","video_object":"","demo_hide_cta":"0","demo_hide_cloud_options":"0","pricing_title":"","pricing":[{"pricing_icon":"platform","pricing_title":"Elfsight Apps","pricing_title_caption":"Version ind\u00e9pendante de la plate-forme qui convient \u00e0 n'importe quel site Web","pricing_price":"\u00c0 partir de 0$ \/ mois","pricing_price_caption":"Commencez avec un forfait gratuit","pricing_benefits":[{"text":"Sites Web illimit\u00e9s"},{"text":"Assistance 24h\/24 et 7j\/7, ponctuelle et bien document\u00e9e"},{"text":"Assistance \u00e0 l'installation gratuite"}],"pricing_button_text":"Ajouter au site Web","pricing_button_url":"#demo"}],"related_apps_title":"","related_apps_hidden":"0","author":"","image":[],"title":"","job":"","social_networks":[]},"_links":{"self":[{"href":"https:\/\/elfsight.com\/fr\/wp-json\/wp\/v2\/pages\/15526","targetHints":{"allow":["GET"]}}],"collection":[{"href":"https:\/\/elfsight.com\/fr\/wp-json\/wp\/v2\/pages"}],"about":[{"href":"https:\/\/elfsight.com\/fr\/wp-json\/wp\/v2\/types\/page"}],"author":[{"embeddable":true,"href":"https:\/\/elfsight.com\/fr\/wp-json\/wp\/v2\/users\/9"}],"replies":[{"embeddable":true,"href":"https:\/\/elfsight.com\/fr\/wp-json\/wp\/v2\/comments?post=15526"}],"version-history":[{"count":2,"href":"https:\/\/elfsight.com\/fr\/wp-json\/wp\/v2\/pages\/15526\/revisions"}],"predecessor-version":[{"id":16725,"href":"https:\/\/elfsight.com\/fr\/wp-json\/wp\/v2\/pages\/15526\/revisions\/16725"}],"up":[{"embeddable":true,"href":"https:\/\/elfsight.com\/fr\/wp-json\/wp\/v2\/pages\/15252"}],"wp:attachment":[{"href":"https:\/\/elfsight.com\/fr\/wp-json\/wp\/v2\/media?parent=15526"}],"curies":[{"name":"wp","href":"https:\/\/api.w.org\/{rel}","templated":true}]}}