{"id":15525,"date":"2024-09-30T18:27:29","date_gmt":"2024-09-30T18:27:29","guid":{"rendered":"https:\/\/elfsight.com\/fr\/?page_id=15525"},"modified":"2025-07-10T15:01:03","modified_gmt":"2025-07-10T15:01:03","slug":"webflow","status":"publish","type":"page","link":"https:\/\/elfsight.com\/fr\/website-translator-widget\/webflow\/","title":{"rendered":"Website Translator &#8211; Webflow"},"content":{"rendered":"<div class=\"application-platform-content-item-description application-platform-content-item\" id=\"description\" data-nav-section=\"description\"> <h2>Int\u00e9grer un traducteur de site Web dans Webflow avec un widget Elfsight<\/h2> <p>Une id\u00e9e utile pour am\u00e9liorer la pr\u00e9sence en ligne de votre entreprise et atteindre une port\u00e9e mondiale. le public ajoute notre widget de traduction de site Web pour Webflow. En traduisant de mani\u00e8re transparente le contenu de votre site Web, ce widget garantit que votre message trouve un \u00e9cho aupr\u00e8s des utilisateurs de divers horizons linguistiques, les aidant ainsi \u00e0 surmonter les barri\u00e8res linguistiques et \u00e0 accro\u00eetre la port\u00e9e de votre entreprise. <\/p><p>Notre traducteur de site Web propose une traduction automatique instantan\u00e9e de sites Web pilot\u00e9e par l&rsquo;IA de Google, prenant en charge plus de 130 langues. Il m\u00e9morise les param\u00e8tres de langue des visiteurs, permettant une exp\u00e9rience de navigation personnalis\u00e9e qui maintient l&rsquo;engagement des utilisateurs. Globalisez sans effort votre site Web Webflow et connectez-vous avec des publics divers via la solution de traduction de pointe. <\/p><p><b>Proposez vos produits et services dans le monde entier gr\u00e2ce au widget de changement de langue convivial\u00a0! <\/b><\/p><\/div> <div class=\"application-platform-content-item-features application-platform-content-item\" id=\"features\" data-nav-section=\"features\"> <h2>Vous trouverez ci-dessous les fonctionnalit\u00e9s fondamentales du widget\u00a0: <\/h2><ul><li>traduction automatis\u00e9e imm\u00e9diate de sites Web<\/li><li>Traduction am\u00e9lior\u00e9e par l&rsquo;IA de Google<\/li><li>Prise en charge de plus de 130\u00a0langues<\/li><li>M\u00e9morisation des pr\u00e9f\u00e9rences des visiteurs<\/li><li>De nombreux widgets pr\u00e9d\u00e9finis styles<\/li><\/ul><p><a href=\"#demo\">Vous pouvez tester toutes les capacit\u00e9s du widget dans la d\u00e9mo sur cette page<\/a><\/p><\/div> <div class=\"application-platform-content-item-installation application-platform-content-item\" id=\"installation\" data-nav-section=\"installation\"> <h2>Comment int\u00e9grer Website Translator dans mes pages Webflow\u00a0? <\/h2><p>Suivez simplement les instructions ci-dessous pour commencer \u00e0 travailler avec le plugin. <\/p><ol><li><b>Lancez notre d\u00e9mo gratuite et commencez \u00e0 cr\u00e9er votre widget personnalis\u00e9. <\/b><br>Sp\u00e9cifiez l&rsquo;interface et les fonctionnalit\u00e9s appropri\u00e9es du widget et enregistrez les modifications. <\/li> <li><b>Acqu\u00e9rir le code unique apparaissant dans le formulaire sp\u00e9cial sur les applications Elfsight. <\/b><br>D\u00e8s que la cr\u00e9ation de votre plugin personnel est termin\u00e9e, copiez le code individuel dans la popup apparue et enregistrez-le pour une utilisation future. <\/li> <li><b>Initier l&rsquo;utilisation du widget sur le site Web Webflow. <\/b><br>Placez le code que vous avez enregistr\u00e9 auparavant dans votre page et enregistrez les am\u00e9liorations. <\/li> <li><b>L&rsquo;installation est termin\u00e9e avec succ\u00e8s. <\/b><br>Visitez votre page pour examiner le fonctionnement du plugin. <\/li><\/ol><p>\u00c0 condition de r\u00e9pondre \u00e0 des questions ou de rencontrer des difficult\u00e9s, n&rsquo;h\u00e9sitez pas \u00e0 \u00e9crire \u00e0 notre service client. Nos sp\u00e9cialistes sont impatients de vous aider avec toutes les difficult\u00e9s que vous pourriez rencontrer avec le produit. <\/p><\/div>","protected":false},"excerpt":{"rendered":"","protected":false},"author":9,"featured_media":0,"parent":14225,"menu_order":0,"comment_status":"closed","ping_status":"closed","template":"templates\/template-application-platform.php","meta":{"publish_to_discourse":"","publish_post_category":"","wpdc_auto_publish_overridden":"","wpdc_topic_tags":"","wpdc_pin_topic":"","wpdc_pin_until":"","discourse_post_id":"","discourse_permalink":"","wpdc_publishing_response":"","wpdc_publishing_error":"","footnotes":""},"class_list":["post-15525","page","type-page","status-publish","hentry"],"yoast_head":"<!-- This site is optimized with the Yoast SEO plugin v25.3.1 - https:\/\/yoast.com\/wordpress\/plugins\/seo\/ -->\n<title>Widget de traduction de site Web - Int\u00e9grer un traducteur de contenu sur Webflow<\/title>\n<meta name=\"description\" content=\"Ajoutez un widget de traduction de site Web transparent \u00e0 votre site Web Webflow. Consultez la d\u00e9mo rapide d\u2019Elfsight pour g\u00e9n\u00e9rer sans effort votre solution individuelle.\" \/>\n<meta name=\"robots\" content=\"index, follow, max-snippet:-1, max-image-preview:large, max-video-preview:-1\" \/>\n<link rel=\"canonical\" href=\"https:\/\/elfsight.com\/fr\/website-translator-widget\/webflow\/\" \/>\n<meta property=\"og:locale\" content=\"fr_FR\" \/>\n<meta property=\"og:type\" content=\"article\" \/>\n<meta property=\"og:title\" content=\"Widget de traduction de site Web - Int\u00e9grer un traducteur de contenu sur Webflow\" \/>\n<meta property=\"og:description\" content=\"Ajoutez un widget de traduction de site Web transparent \u00e0 votre site Web Webflow. Consultez la d\u00e9mo rapide d\u2019Elfsight pour g\u00e9n\u00e9rer sans effort votre solution individuelle.\" \/>\n<meta property=\"og:url\" content=\"https:\/\/elfsight.com\/fr\/website-translator-widget\/webflow\/\" \/>\n<meta property=\"og:site_name\" content=\"Elfsight FR\" \/>\n<meta property=\"article:modified_time\" content=\"2025-07-10T15:01:03+00:00\" \/>\n<meta name=\"twitter:card\" content=\"summary_large_image\" \/>\n<meta name=\"twitter:label1\" content=\"Dur\u00e9e de lecture estim\u00e9e\" \/>\n\t<meta name=\"twitter:data1\" content=\"2 minutes\" \/>\n<!-- \/ Yoast SEO plugin. -->","yoast_head_json":{"title":"Widget de traduction de site Web - Int\u00e9grer un traducteur de contenu sur Webflow","description":"Ajoutez un widget de traduction de site Web transparent \u00e0 votre site Web Webflow. Consultez la d\u00e9mo rapide d\u2019Elfsight pour g\u00e9n\u00e9rer sans effort votre solution individuelle.","robots":{"index":"index","follow":"follow","max-snippet":"max-snippet:-1","max-image-preview":"max-image-preview:large","max-video-preview":"max-video-preview:-1"},"canonical":"https:\/\/elfsight.com\/fr\/website-translator-widget\/webflow\/","og_locale":"fr_FR","og_type":"article","og_title":"Widget de traduction de site Web - Int\u00e9grer un traducteur de contenu sur Webflow","og_description":"Ajoutez un widget de traduction de site Web transparent \u00e0 votre site Web Webflow. Consultez la d\u00e9mo rapide d\u2019Elfsight pour g\u00e9n\u00e9rer sans effort votre solution individuelle.","og_url":"https:\/\/elfsight.com\/fr\/website-translator-widget\/webflow\/","og_site_name":"Elfsight FR","article_modified_time":"2025-07-10T15:01:03+00:00","twitter_card":"summary_large_image","twitter_misc":{"Dur\u00e9e de lecture estim\u00e9e":"2 minutes"},"schema":{"@context":"https:\/\/schema.org","@graph":[{"@type":"WebPage","@id":"https:\/\/elfsight.com\/fr\/website-translator-widget\/webflow\/","url":"https:\/\/elfsight.com\/fr\/website-translator-widget\/webflow\/","name":"Widget de traduction de site Web - Int\u00e9grer un traducteur de contenu sur Webflow","isPartOf":{"@id":"https:\/\/elfsight.com\/fr\/#website"},"datePublished":"2024-09-30T18:27:29+00:00","dateModified":"2025-07-10T15:01:03+00:00","description":"Ajoutez un widget de traduction de site Web transparent \u00e0 votre site Web Webflow. Consultez la d\u00e9mo rapide d\u2019Elfsight pour g\u00e9n\u00e9rer sans effort votre solution individuelle.","breadcrumb":{"@id":"https:\/\/elfsight.com\/fr\/website-translator-widget\/webflow\/#breadcrumb"},"inLanguage":"fr-FR","potentialAction":[{"@type":"ReadAction","target":["https:\/\/elfsight.com\/fr\/website-translator-widget\/webflow\/"]}]},{"@type":"BreadcrumbList","@id":"https:\/\/elfsight.com\/fr\/website-translator-widget\/webflow\/#breadcrumb","itemListElement":[{"@type":"ListItem","position":1,"name":"Home","item":"https:\/\/elfsight.com\/fr\/"},{"@type":"ListItem","position":2,"name":"Website Translator","item":"https:\/\/elfsight.com\/fr\/website-translator-widget\/"},{"@type":"ListItem","position":3,"name":"Website Translator &#8211; Webflow"}]},{"@type":"WebSite","@id":"https:\/\/elfsight.com\/fr\/#website","url":"https:\/\/elfsight.com\/fr\/","name":"Elfsight FR","description":"","potentialAction":[{"@type":"SearchAction","target":{"@type":"EntryPoint","urlTemplate":"https:\/\/elfsight.com\/fr\/?s={search_term_string}"},"query-input":{"@type":"PropertyValueSpecification","valueRequired":true,"valueName":"search_term_string"}}],"inLanguage":"fr-FR"}]}},"meta_box":{"industry":"","seo_heading":"","heading":"","description":"","cta_heading":"","cta_description":"","application":"14220","h1":"Widget de traduction de site Web Webflow","h1_caption":"Ajoutez un gestionnaire de langue qui traduit imm\u00e9diatement votre site Web dans n'importe quelle langue.","application_category":[],"applications_title":"","applications_request_title":"","applications_request_button_text":"","hero_text":"","hero_video":"","hero_video_schema_markup":"","selling_points_title":"","selling_points_caption":"","selling_points":[],"selling_points_cta_text":"","features_title":"","features":"","ed_cta_examples_text":"","ed_cta_examples_hidden":"","ed_cta_demo_text":"","ed_cta_demo_hidden":"","why_caption":"","why_editor_title":"","why_editor_text":"","why_team_title":"","why_team_text":"","why_service_title":"","why_service_text":"","template_catalog_visible":"","template_catalog_title":"","template_catalog_text":"","template_catalog_categories_visible":"","demo_title":"Cr\u00e9ez votre widget de traduction de site Web","demo_caption":"Configurez votre traducteur de site Web et ajoutez-le gratuitement \u00e0 votre site Web Webflow\u00a0!","default_faq_hidden":"","app_template_category":[],"platform":"362","template_public_id":"","codecanyon_url":"","codecanyon_item_id":"","codecanyon_price":"","pricing_caption":"","pricing_elfsight_apps_hide_column":"","pricing_elfsight_apps_url":"","pricing_codecanyon_price_caption":"","integration_category":[],"integration_request_title":"","integration_request_cta":"","integration_platform":"","integrations":[],"platform_category":[],"video_schema_markup":"","price":"\u00e0 partir de 0$ \/ mois","trial":"","benefits":[{"text":"Aide \u00e0 l'installation gratuite"},{"text":"Service client efficace"},{"text":"Garantie de remboursement de 14 jours"},{"text":"Am\u00e9liorations gratuites et continues"}],"button_url":"#demo","button_target_blank":"","button_nofollow":"","attributes":[{"name":"Installations","content":"50,000 - 100,000"},{"name":"Sensible","content":"Oui"},{"name":"Navigateurs compatibles","content":"Firefox, Safari, Opera, Chrome, Edge"}],"tags":[],"tags_disable_links":"","hide_more_platforms":"","video_object":"","demo_hide_cta":"","demo_hide_cloud_options":"","pricing_title":"","pricing":[{"pricing_icon":"platform","pricing_title":"Elfsight Apps","pricing_title_caption":"Version ind\u00e9pendante de la plate-forme qui fonctionne sur n'importe quel site","pricing_price":"\u00e0 partir de 0$ \/ mois","pricing_price_caption":"commencez avec un forfait gratuit","pricing_benefits":[{"text":"Domaines illimit\u00e9s"},{"text":"Assistance premium et ponctuelle"},{"text":"Assistance \u00e0 l'installation gratuite"}],"pricing_button_text":"Ajouter au site Web","pricing_button_url":"#demo"}],"related_apps_title":"","related_apps_hidden":"","author":"","image":[],"title":"","job":"","social_networks":[]},"_links":{"self":[{"href":"https:\/\/elfsight.com\/fr\/wp-json\/wp\/v2\/pages\/15525","targetHints":{"allow":["GET"]}}],"collection":[{"href":"https:\/\/elfsight.com\/fr\/wp-json\/wp\/v2\/pages"}],"about":[{"href":"https:\/\/elfsight.com\/fr\/wp-json\/wp\/v2\/types\/page"}],"author":[{"embeddable":true,"href":"https:\/\/elfsight.com\/fr\/wp-json\/wp\/v2\/users\/9"}],"replies":[{"embeddable":true,"href":"https:\/\/elfsight.com\/fr\/wp-json\/wp\/v2\/comments?post=15525"}],"version-history":[{"count":1,"href":"https:\/\/elfsight.com\/fr\/wp-json\/wp\/v2\/pages\/15525\/revisions"}],"predecessor-version":[{"id":15529,"href":"https:\/\/elfsight.com\/fr\/wp-json\/wp\/v2\/pages\/15525\/revisions\/15529"}],"up":[{"embeddable":true,"href":"https:\/\/elfsight.com\/fr\/wp-json\/wp\/v2\/pages\/14225"}],"wp:attachment":[{"href":"https:\/\/elfsight.com\/fr\/wp-json\/wp\/v2\/media?parent=15525"}],"curies":[{"name":"wp","href":"https:\/\/api.w.org\/{rel}","templated":true}]}}