{"id":15519,"date":"2024-09-30T18:27:29","date_gmt":"2024-09-30T18:27:29","guid":{"rendered":"https:\/\/elfsight.com\/fr\/?page_id=15519"},"modified":"2025-07-09T09:57:46","modified_gmt":"2025-07-09T09:57:46","slug":"webflow","status":"publish","type":"page","link":"https:\/\/elfsight.com\/fr\/appointment-booking-widget\/webflow\/","title":{"rendered":"Appointment Booking &#8211; Webflow"},"content":{"rendered":"<div class=\"application-platform-content-item-description application-platform-content-item\" id=\"description\" data-nav-section=\"description\"><h2>Embarquez la prise de rendez-vous sur Webflow avec le widget Elfsight\u00a0!<\/h2> <p>Le widget de prise de rendez-vous est \u00e0 votre service pour aider les clients potentiels en r\u00e9servant facilement des emplacements sur votre site Web Webflow, minimisant ainsi l&rsquo;effort manuel de votre part, comme la gestion constante des messages, des appels et des e-mails. Il fonctionne comme une r\u00e9ceptionniste d\u00e9di\u00e9e travaillant 24h\/24 et 7j\/7, capable \u00e9galement d&rsquo;envoyer des notifications automatis\u00e9es et de se connecter \u00e0 des applications d&rsquo;externalisation, comme Google Agenda.<\/p> <p>C&rsquo;est le moment id\u00e9al pour en dire plus sur votre service ou \u00e9v\u00e9nement, pr\u00e9cisez le dur\u00e9e, partager les coordonn\u00e9es et \u00e9tablir les tarifs pour faciliter le processus de prise de d\u00e9cision des clients. De plus, personnalisez l&rsquo;esth\u00e9tique visuelle du widget en ajustant des \u00e9l\u00e9ments et des fonctionnalit\u00e9s personnalis\u00e9s sans avoir besoin d&rsquo;affiner le savoir-faire en programmation ou d&#8217;embaucher un programmeur qualifi\u00e9\u00a0!<\/p> <p><b>Permettez \u00e0 votre entreprise de prosp\u00e9rer et de devenir accessible \u00e0 un grand nombre de personnes. client\u00e8le plus large en proposant la prise de rendez-vous en ligne sur votre site Web\u00a0!<\/b><\/p> <\/div> <div class=\"application-platform-content-item-features application-platform-content-item\" id=\"features\" data-nav-section=\"features\"> <h2>Nous offrons des fonctionnalit\u00e9s pr\u00e9cieuses et rapides, consultez certains d&rsquo;entre eux\u00a0:<\/h2> <ul><li>Fournissez un aper\u00e7u complet de votre service (nom, d\u00e9tails, photo et dur\u00e9e) et organisez les tarifs dans diff\u00e9rentes devises.<\/li><li>Envoyez des notifications automatiques \u00e0 v\u00e9rifiez les rendez-vous r\u00e9serv\u00e9s aux clients et \u00e0 vous-m\u00eame.<\/li><li>Synchronisez le widget avec des applications tierces, telles que Google Agenda, pour garantir des mises \u00e0 jour en temps r\u00e9el.<\/li><li>Partagez les coordonn\u00e9es de votre entreprise pour cr\u00e9dibilit\u00e9 et permettre aux utilisateurs de vous contacter en cas d&rsquo;impr\u00e9vu situations.<\/li><li>Personnalisation avanc\u00e9e sans avoir besoin de coder\u00a0: mod\u00e8les, couleurs, mises en page, polices pr\u00eats \u00e0 l&#8217;emploi, \u00e9diteur CSS personnalis\u00e9, \u00e9diteur JS personnalis\u00e9, etc.<\/li><\/ul><p><a href=\"#demo\">Essayez simplement cette d\u00e9mo pour avoir une id\u00e9e compl\u00e8te<\/a><\/p> <\/div> <div class=\"application-platform-content-item-installation application-platform-content-item\" id=\"installation\" data-nav-section=\"installation\"> <h2>Comment int\u00e9grer la prise de rendez-vous sur mon site Webflow\u00a0?<\/h2> <p>Si vous souhaitez int\u00e9grer la prise de rendez-vous sur votre site Web Webflow, suivez ces \u00e9tapes\u00a0:<\/p> <ol><li><b>G\u00e9rez notre configurateur gratuit et commencez \u00e0 fa\u00e7onner votre widget de flux LinkedIn personnalis\u00e9.<\/b><br> Choisissez l&rsquo;interface et les fonctionnalit\u00e9s pr\u00e9f\u00e9r\u00e9es du plugin et enregistrez les modifications.<\/li> <li><b>Copiez votre code personnel affich\u00e9 dans la case sur les applications Elfsight. .<\/b><br> Lorsque le la configuration de votre widget personnel est termin\u00e9e, copiez le code individuel de la zone qui appara\u00eet et enregistrez-le pour une utilisation ult\u00e9rieure.<\/li> <li><b>Commencez \u00e0 utiliser l&rsquo;outil sur votre site Web Webflow.<\/b><br> Impl\u00e9mentez le code que vous avez enregistr\u00e9 auparavant sur votre site Web et appliquez les corrections.<\/li> <li><b>La configuration est enti\u00e8rement effectu\u00e9e.<\/b><br> Acc\u00e9dez \u00e0 votre site Web pour voir le travail du plugin. .<\/li><\/ol> <p>Dans l&rsquo;\u00e9tat de faire face \u00e0 des demandes de renseignements ou d&rsquo;entrer en conflit avec En cas de difficult\u00e9s, n&rsquo;h\u00e9sitez pas \u00e0 \u00e9crire \u00e0 notre service client. Nos collaborateurs ont h\u00e2te de r\u00e9soudre toutes les difficult\u00e9s que vous pourriez rencontrer avec l&rsquo;outil.<\/p> <\/div> ","protected":false},"excerpt":{"rendered":"","protected":false},"author":9,"featured_media":0,"parent":15252,"menu_order":0,"comment_status":"closed","ping_status":"closed","template":"templates\/template-application-platform.php","meta":{"publish_to_discourse":"","publish_post_category":"","wpdc_auto_publish_overridden":"","wpdc_topic_tags":"","wpdc_pin_topic":"","wpdc_pin_until":"","discourse_post_id":"","discourse_permalink":"","wpdc_publishing_response":"","wpdc_publishing_error":"","footnotes":""},"class_list":["post-15519","page","type-page","status-publish","hentry"],"yoast_head":"<!-- This site is optimized with the Yoast SEO plugin v25.3.1 - https:\/\/yoast.com\/wordpress\/plugins\/seo\/ -->\n<title>Widget de prise de rendez-vous \u2013 Int\u00e9grer le syst\u00e8me de r\u00e9servation sur Webflow<\/title>\n<meta name=\"description\" content=\"Ajoutez un calendrier de r\u00e9servation Webflow sans codage et permettez aux clients de r\u00e9server des cr\u00e9neaux. Am\u00e9liorez la planification avec la prise de rendez-vous Webflow.\" \/>\n<meta name=\"robots\" content=\"index, follow, max-snippet:-1, max-image-preview:large, max-video-preview:-1\" \/>\n<link rel=\"canonical\" href=\"https:\/\/elfsight.com\/fr\/appointment-booking-widget\/webflow\/\" \/>\n<meta property=\"og:locale\" content=\"fr_FR\" \/>\n<meta property=\"og:type\" content=\"article\" \/>\n<meta property=\"og:title\" content=\"Widget de prise de rendez-vous \u2013 Int\u00e9grer le syst\u00e8me de r\u00e9servation sur Webflow\" \/>\n<meta property=\"og:description\" content=\"Ajoutez un calendrier de r\u00e9servation Webflow sans codage et permettez aux clients de r\u00e9server des cr\u00e9neaux. Am\u00e9liorez la planification avec la prise de rendez-vous Webflow.\" \/>\n<meta property=\"og:url\" content=\"https:\/\/elfsight.com\/fr\/appointment-booking-widget\/webflow\/\" \/>\n<meta property=\"og:site_name\" content=\"Elfsight FR\" \/>\n<meta property=\"article:modified_time\" content=\"2025-07-09T09:57:46+00:00\" \/>\n<meta name=\"twitter:card\" content=\"summary_large_image\" \/>\n<meta name=\"twitter:label1\" content=\"Dur\u00e9e de lecture estim\u00e9e\" \/>\n\t<meta name=\"twitter:data1\" content=\"3 minutes\" \/>\n<!-- \/ Yoast SEO plugin. -->","yoast_head_json":{"title":"Widget de prise de rendez-vous \u2013 Int\u00e9grer le syst\u00e8me de r\u00e9servation sur Webflow","description":"Ajoutez un calendrier de r\u00e9servation Webflow sans codage et permettez aux clients de r\u00e9server des cr\u00e9neaux. Am\u00e9liorez la planification avec la prise de rendez-vous Webflow.","robots":{"index":"index","follow":"follow","max-snippet":"max-snippet:-1","max-image-preview":"max-image-preview:large","max-video-preview":"max-video-preview:-1"},"canonical":"https:\/\/elfsight.com\/fr\/appointment-booking-widget\/webflow\/","og_locale":"fr_FR","og_type":"article","og_title":"Widget de prise de rendez-vous \u2013 Int\u00e9grer le syst\u00e8me de r\u00e9servation sur Webflow","og_description":"Ajoutez un calendrier de r\u00e9servation Webflow sans codage et permettez aux clients de r\u00e9server des cr\u00e9neaux. Am\u00e9liorez la planification avec la prise de rendez-vous Webflow.","og_url":"https:\/\/elfsight.com\/fr\/appointment-booking-widget\/webflow\/","og_site_name":"Elfsight FR","article_modified_time":"2025-07-09T09:57:46+00:00","twitter_card":"summary_large_image","twitter_misc":{"Dur\u00e9e de lecture estim\u00e9e":"3 minutes"},"schema":{"@context":"https:\/\/schema.org","@graph":[{"@type":"WebPage","@id":"https:\/\/elfsight.com\/fr\/appointment-booking-widget\/webflow\/","url":"https:\/\/elfsight.com\/fr\/appointment-booking-widget\/webflow\/","name":"Widget de prise de rendez-vous \u2013 Int\u00e9grer le syst\u00e8me de r\u00e9servation sur Webflow","isPartOf":{"@id":"https:\/\/elfsight.com\/fr\/#website"},"datePublished":"2024-09-30T18:27:29+00:00","dateModified":"2025-07-09T09:57:46+00:00","description":"Ajoutez un calendrier de r\u00e9servation Webflow sans codage et permettez aux clients de r\u00e9server des cr\u00e9neaux. Am\u00e9liorez la planification avec la prise de rendez-vous Webflow.","breadcrumb":{"@id":"https:\/\/elfsight.com\/fr\/appointment-booking-widget\/webflow\/#breadcrumb"},"inLanguage":"fr-FR","potentialAction":[{"@type":"ReadAction","target":["https:\/\/elfsight.com\/fr\/appointment-booking-widget\/webflow\/"]}]},{"@type":"BreadcrumbList","@id":"https:\/\/elfsight.com\/fr\/appointment-booking-widget\/webflow\/#breadcrumb","itemListElement":[{"@type":"ListItem","position":1,"name":"Home","item":"https:\/\/elfsight.com\/fr\/"},{"@type":"ListItem","position":2,"name":"Appointment Booking","item":"https:\/\/elfsight.com\/fr\/appointment-booking-widget\/"},{"@type":"ListItem","position":3,"name":"Appointment Booking &#8211; Webflow"}]},{"@type":"WebSite","@id":"https:\/\/elfsight.com\/fr\/#website","url":"https:\/\/elfsight.com\/fr\/","name":"Elfsight FR","description":"","potentialAction":[{"@type":"SearchAction","target":{"@type":"EntryPoint","urlTemplate":"https:\/\/elfsight.com\/fr\/?s={search_term_string}"},"query-input":{"@type":"PropertyValueSpecification","valueRequired":true,"valueName":"search_term_string"}}],"inLanguage":"fr-FR"}]}},"meta_box":{"industry":"","seo_heading":"","heading":"","description":"","cta_heading":"","cta_description":"","application":"15251","h1":"Widget de prise de rendez-vous Webflow","h1_caption":"Permettez aux utilisateurs de planifier facilement des rendez-vous directement depuis votre site Web Webflow, am\u00e9liorant ainsi la commodit\u00e9 et rationalisant le processus de r\u00e9servation.","application_category":[],"applications_title":"","applications_request_title":"","applications_request_button_text":"","hero_text":"","hero_video":"","hero_video_schema_markup":"","selling_points_title":"","selling_points_caption":"","selling_points":[],"selling_points_cta_text":"","features_title":"","features":"","ed_cta_examples_text":"","ed_cta_examples_hidden":"","ed_cta_demo_text":"","ed_cta_demo_hidden":"","why_caption":"","why_editor_title":"","why_editor_text":"","why_team_title":"","why_team_text":"","why_service_title":"","why_service_text":"","template_catalog_visible":"","template_catalog_title":"","template_catalog_text":"","template_catalog_categories_visible":"","demo_title":"Cr\u00e9ez votre widget de prise de rendez-vous","demo_caption":"Configurez votre prise de rendez-vous et ajoutez-la gratuitement \u00e0 votre site Web Webflow\u00a0!","default_faq_hidden":"","app_template_category":[],"platform":"362","template_public_id":"","codecanyon_url":"","codecanyon_item_id":"","codecanyon_price":"","pricing_caption":"","pricing_elfsight_apps_hide_column":"","pricing_elfsight_apps_url":"","pricing_codecanyon_price_caption":"","integration_category":[],"integration_request_title":"","integration_request_cta":"","integration_platform":"","integrations":[],"platform_category":[],"video_schema_markup":"","price":"\u00e0 partir de 0$ \/ mois","trial":"","benefits":[{"text":"Aide \u00e0 l'installation gratuite"},{"text":"Service client comp\u00e9tent"},{"text":"Garantie de remboursement de 14 jours"},{"text":"Mise \u00e0 jour constante"}],"button_url":"#demo","button_target_blank":"","button_nofollow":"","attributes":[{"name":"Installations","content":"1,000 - 5,000"},{"name":"Sensible","content":"Oui"},{"name":"Navigateurs compatibles","content":"Firefox, Safari, Opera, Chrome, Edge"}],"tags":[],"tags_disable_links":"","hide_more_platforms":"","video_object":"","demo_hide_cta":"","demo_hide_cloud_options":"","pricing_title":"","pricing":[{"pricing_icon":"platform","pricing_title":"Elfsight Apps","pricing_title_caption":"Logiciel multiplateforme qui fonctionne sur n'importe quel site Web","pricing_price":"\u00c0 partir de 0$ \/ mois","pricing_price_caption":"Commencez avec un forfait gratuit","pricing_benefits":[{"text":"Sites Web illimit\u00e9s"},{"text":"Accompagnement professionnel de l'entreprise"},{"text":"Aide \u00e0 l'installation gratuite"}],"pricing_button_text":"Ajouter au site Web","pricing_button_url":"#demo"}],"related_apps_title":"","related_apps_hidden":"","author":"","image":[],"title":"","job":"","social_networks":[]},"_links":{"self":[{"href":"https:\/\/elfsight.com\/fr\/wp-json\/wp\/v2\/pages\/15519","targetHints":{"allow":["GET"]}}],"collection":[{"href":"https:\/\/elfsight.com\/fr\/wp-json\/wp\/v2\/pages"}],"about":[{"href":"https:\/\/elfsight.com\/fr\/wp-json\/wp\/v2\/types\/page"}],"author":[{"embeddable":true,"href":"https:\/\/elfsight.com\/fr\/wp-json\/wp\/v2\/users\/9"}],"replies":[{"embeddable":true,"href":"https:\/\/elfsight.com\/fr\/wp-json\/wp\/v2\/comments?post=15519"}],"version-history":[{"count":1,"href":"https:\/\/elfsight.com\/fr\/wp-json\/wp\/v2\/pages\/15519\/revisions"}],"predecessor-version":[{"id":15523,"href":"https:\/\/elfsight.com\/fr\/wp-json\/wp\/v2\/pages\/15519\/revisions\/15523"}],"up":[{"embeddable":true,"href":"https:\/\/elfsight.com\/fr\/wp-json\/wp\/v2\/pages\/15252"}],"wp:attachment":[{"href":"https:\/\/elfsight.com\/fr\/wp-json\/wp\/v2\/media?parent=15519"}],"curies":[{"name":"wp","href":"https:\/\/api.w.org\/{rel}","templated":true}]}}