{"id":15516,"date":"2024-09-30T18:27:29","date_gmt":"2024-09-30T18:27:29","guid":{"rendered":"https:\/\/elfsight.com\/fr\/?page_id=15516"},"modified":"2025-07-09T09:55:50","modified_gmt":"2025-07-09T09:55:50","slug":"elementor","status":"publish","type":"page","link":"https:\/\/elfsight.com\/fr\/appointment-booking-widget\/elementor\/","title":{"rendered":"Appointment Booking &#8211; Elementor"},"content":{"rendered":"<div class=\"application-platform-content-item-description application-platform-content-item\" id=\"description\" data-nav-section=\"description\"><h2>Int\u00e9grez la prise de rendez-vous sur Elementor avec le widget Elfsight !<\/h2> <p>Le widget de prise de rendez-vous est disponible pour aider les clients potentiels \u00e0 s\u00e9curiser des cr\u00e9neaux directement sur votre site Web Elementor, minimisant ainsi les efforts manuels de votre part, comme la surveillance constante des messages, des appels et des e-mails. Imaginez-le comme si vous disposiez d&rsquo;un r\u00e9ceptionniste d\u00e9di\u00e9 disponible 24 heures sur 24, qui envoie des alertes automatis\u00e9es et peut \u00eatre connect\u00e9 \u00e0 des applications d&rsquo;externalisation, comme Google Agenda.<\/p> <p>C&rsquo;est l&rsquo;occasion id\u00e9ale d&rsquo;\u00e9laborer davantage sur votre service ou votre occasion, de d\u00e9finir la dur\u00e9e, fournir les coordonn\u00e9es et \u00e9tablir la tarification pour rationaliser le processus de prise de d\u00e9cision des clients. De plus, vous pouvez choisir l&rsquo;apparence du widget en modifiant les \u00e9l\u00e9ments et fonctionnalit\u00e9s personnalis\u00e9s sans avoir besoin de ma\u00eetriser les comp\u00e9tences en programmation ou de recruter un d\u00e9veloppeur\u00a0!<\/p> <p><b>Am\u00e9liorez la visibilit\u00e9 de votre entreprise et devenez disponible pour une client\u00e8le plus large. gr\u00e2ce \u00e0 la prise de rendez-vous en ligne sur votre site Web\u00a0!<\/b><\/p> <\/div> <div class=\"application-platform-content-item-features application-platform-content-item\" id=\"features\" data-nav-section=\"features\"> <h2>Explorez la liste des fonctionnalit\u00e9s les plus puissantes\u00a0:<\/h2> <ul><li>Offrez une explication pr\u00e9cise de votre service (nom, d\u00e9tails, photo et dur\u00e9e) et organisez les tarifs dans diff\u00e9rentes devises.<\/li><li>Envoyez des notifications automatiques pour confirmer les cr\u00e9neaux r\u00e9serv\u00e9s aux clients et \u00e0 vous-m\u00eame.<\/li> <li>Synchronisez le widget avec des services d&rsquo;externalisation, comme Google Agenda, pour maintenir des mises \u00e0 jour continues.<\/li><li>Affichez les coordonn\u00e9es de votre entreprise comme validation sociale et permettez aux utilisateurs de vous contacter en cas de situations inattendues.<\/li> <li>Personnalisation sans code avec param\u00e8tres de conception avanc\u00e9s\u00a0: mod\u00e8les pr\u00e9d\u00e9finis, couleurs, mises en page \u00e9l\u00e9gantes, polices, \u00e9diteur CSS personnalis\u00e9, \u00e9diteur JS personnalis\u00e9, etc.<\/li><\/ul><p><a href=\" #demo\">Vous pouvez d\u00e9couvrir le fonctionnement du widget en essayant la d\u00e9mo<\/a><\/p> <\/div> <div class=\"application-platform-content-item-installation application-platform-content-item\" id=\"installation\" data-nav-section=\"installation\"> <h2>Comment ajouter la prise de rendez-vous \u00e0 mon site Web Elementor ?<\/h2> <p>Pour int\u00e9grer la prise de rendez-vous sur votre site Web Elementor, suivez ces \u00e9tapes ci-dessous\u00a0:<\/p> <ol><li><b>Lancez notre d\u00e9mo gratuite et commencez \u00e0 cr\u00e9er votre plugin de flux LinkedIn unique.<\/b><br> D\u00e9terminez la pr\u00e9sentation personnalis\u00e9e et les fonctionnalit\u00e9s du widget et enregistrez les modifications.<\/li> <li><b>Obtenez le code unique apparaissant dans le formulaire sp\u00e9cial sur les applications Elfsight.<\/b><br> Une fois la personnalisation de votre outil personnel termin\u00e9e, copiez le code exclusif dans la fen\u00eatre qui appara\u00eet et conservez-le pour une utilisation ult\u00e9rieure.<\/li> <li><b>Entrez pour utiliser le widget sur votre site Web Elementor.<\/b><br> Int\u00e9grez le code copi\u00e9 r\u00e9cemment dans votre site Web et enregistrez les modifications.<\/li> <li><b>Vous avez termin\u00e9\u00a0! L&rsquo;int\u00e9gration est enti\u00e8rement r\u00e9alis\u00e9e.<\/b><br> Rendez-vous sur votre site internet pour examiner les performances du widget.<\/li><\/ol> <p>Si vous rencontrez des probl\u00e8mes, n&rsquo;h\u00e9sitez pas \u00e0 postuler \u00e0 notre personnel de soutien. Nos consultants ont h\u00e2te de vous aider avec toutes les questions que vous pourriez avoir avec le widget.<\/p> <\/div> ","protected":false},"excerpt":{"rendered":"","protected":false},"author":9,"featured_media":0,"parent":15252,"menu_order":0,"comment_status":"closed","ping_status":"closed","template":"templates\/template-application-platform.php","meta":{"publish_to_discourse":"","publish_post_category":"","wpdc_auto_publish_overridden":"","wpdc_topic_tags":"","wpdc_pin_topic":"","wpdc_pin_until":"","discourse_post_id":"","discourse_permalink":"","wpdc_publishing_response":"","wpdc_publishing_error":"","footnotes":""},"class_list":["post-15516","page","type-page","status-publish","hentry"],"yoast_head":"<!-- This site is optimized with the Yoast SEO plugin v25.3.1 - https:\/\/yoast.com\/wordpress\/plugins\/seo\/ -->\n<title>Plugin Elementor Booking \u2013 Ajouter une prise de rendez-vous sur Elementor<\/title>\n<meta name=\"description\" content=\"Ajoutez un plugin de r\u00e9servation Elementor et permettez aux clients de r\u00e9server des cr\u00e9neaux en quelques clics ! Am\u00e9liorez la planification avec le syst\u00e8me de r\u00e9servation Elementor.\" \/>\n<meta name=\"robots\" content=\"index, follow, max-snippet:-1, max-image-preview:large, max-video-preview:-1\" \/>\n<link rel=\"canonical\" href=\"https:\/\/elfsight.com\/fr\/appointment-booking-widget\/elementor\/\" \/>\n<meta property=\"og:locale\" content=\"fr_FR\" \/>\n<meta property=\"og:type\" content=\"article\" \/>\n<meta property=\"og:title\" content=\"Plugin Elementor Booking \u2013 Ajouter une prise de rendez-vous sur Elementor\" \/>\n<meta property=\"og:description\" content=\"Ajoutez un plugin de r\u00e9servation Elementor et permettez aux clients de r\u00e9server des cr\u00e9neaux en quelques clics ! Am\u00e9liorez la planification avec le syst\u00e8me de r\u00e9servation Elementor.\" \/>\n<meta property=\"og:url\" content=\"https:\/\/elfsight.com\/fr\/appointment-booking-widget\/elementor\/\" \/>\n<meta property=\"og:site_name\" content=\"Elfsight FR\" \/>\n<meta property=\"article:modified_time\" content=\"2025-07-09T09:55:50+00:00\" \/>\n<meta name=\"twitter:card\" content=\"summary_large_image\" \/>\n<meta name=\"twitter:label1\" content=\"Dur\u00e9e de lecture estim\u00e9e\" \/>\n\t<meta name=\"twitter:data1\" content=\"3 minutes\" \/>\n<!-- \/ Yoast SEO plugin. -->","yoast_head_json":{"title":"Plugin Elementor Booking \u2013 Ajouter une prise de rendez-vous sur Elementor","description":"Ajoutez un plugin de r\u00e9servation Elementor et permettez aux clients de r\u00e9server des cr\u00e9neaux en quelques clics ! Am\u00e9liorez la planification avec le syst\u00e8me de r\u00e9servation Elementor.","robots":{"index":"index","follow":"follow","max-snippet":"max-snippet:-1","max-image-preview":"max-image-preview:large","max-video-preview":"max-video-preview:-1"},"canonical":"https:\/\/elfsight.com\/fr\/appointment-booking-widget\/elementor\/","og_locale":"fr_FR","og_type":"article","og_title":"Plugin Elementor Booking \u2013 Ajouter une prise de rendez-vous sur Elementor","og_description":"Ajoutez un plugin de r\u00e9servation Elementor et permettez aux clients de r\u00e9server des cr\u00e9neaux en quelques clics ! Am\u00e9liorez la planification avec le syst\u00e8me de r\u00e9servation Elementor.","og_url":"https:\/\/elfsight.com\/fr\/appointment-booking-widget\/elementor\/","og_site_name":"Elfsight FR","article_modified_time":"2025-07-09T09:55:50+00:00","twitter_card":"summary_large_image","twitter_misc":{"Dur\u00e9e de lecture estim\u00e9e":"3 minutes"},"schema":{"@context":"https:\/\/schema.org","@graph":[{"@type":"WebPage","@id":"https:\/\/elfsight.com\/fr\/appointment-booking-widget\/elementor\/","url":"https:\/\/elfsight.com\/fr\/appointment-booking-widget\/elementor\/","name":"Plugin Elementor Booking \u2013 Ajouter une prise de rendez-vous sur Elementor","isPartOf":{"@id":"https:\/\/elfsight.com\/fr\/#website"},"datePublished":"2024-09-30T18:27:29+00:00","dateModified":"2025-07-09T09:55:50+00:00","description":"Ajoutez un plugin de r\u00e9servation Elementor et permettez aux clients de r\u00e9server des cr\u00e9neaux en quelques clics ! Am\u00e9liorez la planification avec le syst\u00e8me de r\u00e9servation Elementor.","breadcrumb":{"@id":"https:\/\/elfsight.com\/fr\/appointment-booking-widget\/elementor\/#breadcrumb"},"inLanguage":"fr-FR","potentialAction":[{"@type":"ReadAction","target":["https:\/\/elfsight.com\/fr\/appointment-booking-widget\/elementor\/"]}]},{"@type":"BreadcrumbList","@id":"https:\/\/elfsight.com\/fr\/appointment-booking-widget\/elementor\/#breadcrumb","itemListElement":[{"@type":"ListItem","position":1,"name":"Home","item":"https:\/\/elfsight.com\/fr\/"},{"@type":"ListItem","position":2,"name":"Appointment Booking","item":"https:\/\/elfsight.com\/fr\/appointment-booking-widget\/"},{"@type":"ListItem","position":3,"name":"Appointment Booking &#8211; Elementor"}]},{"@type":"WebSite","@id":"https:\/\/elfsight.com\/fr\/#website","url":"https:\/\/elfsight.com\/fr\/","name":"Elfsight FR","description":"","potentialAction":[{"@type":"SearchAction","target":{"@type":"EntryPoint","urlTemplate":"https:\/\/elfsight.com\/fr\/?s={search_term_string}"},"query-input":{"@type":"PropertyValueSpecification","valueRequired":true,"valueName":"search_term_string"}}],"inLanguage":"fr-FR"}]}},"meta_box":{"industry":"","seo_heading":"","heading":"","description":"","cta_heading":"","cta_description":"","application":"15251","h1":"Plugin de prise de rendez-vous Elementor","h1_caption":"Permettez aux utilisateurs de planifier facilement des rendez-vous directement depuis votre site Web Elementor, am\u00e9liorant ainsi la commodit\u00e9 et rationalisant le processus de r\u00e9servation.","application_category":[],"applications_title":"","applications_request_title":"","applications_request_button_text":"","hero_text":"","hero_video":"","hero_video_schema_markup":"","selling_points_title":"","selling_points_caption":"","selling_points":[],"selling_points_cta_text":"","features_title":"","features":"","ed_cta_examples_text":"","ed_cta_examples_hidden":"","ed_cta_demo_text":"","ed_cta_demo_hidden":"","why_caption":"","why_editor_title":"","why_editor_text":"","why_team_title":"","why_team_text":"","why_service_title":"","why_service_text":"","template_catalog_visible":"","template_catalog_title":"","template_catalog_text":"","template_catalog_categories_visible":"","demo_title":"Cr\u00e9ez votre widget de prise de rendez-vous","demo_caption":"Configurez votre prise de rendez-vous et ajoutez-la gratuitement \u00e0 votre site Web Elementor\u00a0!","default_faq_hidden":"","app_template_category":[],"platform":"385","template_public_id":"","codecanyon_url":"","codecanyon_item_id":"","codecanyon_price":"","pricing_caption":"","pricing_elfsight_apps_hide_column":"","pricing_elfsight_apps_url":"","pricing_codecanyon_price_caption":"","integration_category":[],"integration_request_title":"","integration_request_cta":"","integration_platform":"","integrations":[],"platform_category":[],"video_schema_markup":"","price":"\u00e0 partir de 0$ \/ mois","trial":"","benefits":[{"text":"Service d'installation gratuit"},{"text":"Soutien exceptionnel"},{"text":"Garantie de remboursement de 14 jours"},{"text":"Mises \u00e0 jour gratuites r\u00e9guli\u00e8res"}],"button_url":"#demo","button_target_blank":"","button_nofollow":"","attributes":[{"name":"Installations","content":"1,000 - 5,000"},{"name":"Sensible","content":"Oui"},{"name":"Navigateurs compatibles","content":"Firefox, Safari, Opera, Chrome, Edge"}],"tags":[],"tags_disable_links":"","hide_more_platforms":"","video_object":"","demo_hide_cta":"","demo_hide_cloud_options":"","pricing_title":"","pricing":[{"pricing_icon":"platform","pricing_title":"Elfsight Apps","pricing_title_caption":"Logiciel ind\u00e9pendant de la plate-forme qui fonctionne sur n'importe quel site Web","pricing_price":"\u00c0 partir de 0$ \/ mois","pricing_price_caption":"Commencez avec un forfait gratuit","pricing_benefits":[{"text":"Sites Web illimit\u00e9s"},{"text":"Support premium et bien document\u00e9"},{"text":"Assistance \u00e0 l'installation gratuite"}],"pricing_button_text":"Ajouter au site Web","pricing_button_url":"#demo"}],"related_apps_title":"","related_apps_hidden":"","author":"","image":[],"title":"","job":"","social_networks":[]},"_links":{"self":[{"href":"https:\/\/elfsight.com\/fr\/wp-json\/wp\/v2\/pages\/15516","targetHints":{"allow":["GET"]}}],"collection":[{"href":"https:\/\/elfsight.com\/fr\/wp-json\/wp\/v2\/pages"}],"about":[{"href":"https:\/\/elfsight.com\/fr\/wp-json\/wp\/v2\/types\/page"}],"author":[{"embeddable":true,"href":"https:\/\/elfsight.com\/fr\/wp-json\/wp\/v2\/users\/9"}],"replies":[{"embeddable":true,"href":"https:\/\/elfsight.com\/fr\/wp-json\/wp\/v2\/comments?post=15516"}],"version-history":[{"count":1,"href":"https:\/\/elfsight.com\/fr\/wp-json\/wp\/v2\/pages\/15516\/revisions"}],"predecessor-version":[{"id":15520,"href":"https:\/\/elfsight.com\/fr\/wp-json\/wp\/v2\/pages\/15516\/revisions\/15520"}],"up":[{"embeddable":true,"href":"https:\/\/elfsight.com\/fr\/wp-json\/wp\/v2\/pages\/15252"}],"wp:attachment":[{"href":"https:\/\/elfsight.com\/fr\/wp-json\/wp\/v2\/media?parent=15516"}],"curies":[{"name":"wp","href":"https:\/\/api.w.org\/{rel}","templated":true}]}}