{"id":15509,"date":"2024-09-30T18:27:29","date_gmt":"2024-09-30T18:27:29","guid":{"rendered":"https:\/\/elfsight.com\/fr\/?page_id=15509"},"modified":"2025-07-09T09:56:14","modified_gmt":"2025-07-09T09:56:14","slug":"google-sites","status":"publish","type":"page","link":"https:\/\/elfsight.com\/fr\/appointment-booking-widget\/google-sites\/","title":{"rendered":"Appointment Booking &#8211; Google Sites"},"content":{"rendered":"<div class=\"application-platform-content-item-description application-platform-content-item\" id=\"description\" data-nav-section=\"description\"><h2>Embarquez la prise de rendez-vous sur Google Sites avec le plugin Elfsight !<\/h2> <p>Le plugin Appointment Booking est \u00e0 votre service pour aider les prospects les clients r\u00e9servent des cr\u00e9neaux horaires directement sur votre site Web Google Sites et vous d\u00e9chargent du fardeau des efforts manuels, comme la surveillance constante des messages, des appels et des e-mails. Il fonctionne comme une r\u00e9ceptionniste virtuelle en attente 24 heures sur 24, \u00e9galement capable d&rsquo;envoyer des confirmations automatis\u00e9es et de se connecter \u00e0 des int\u00e9grations d&rsquo;externalisation, comme Google Agenda.<\/p> <p>C&rsquo;est l&rsquo;occasion id\u00e9ale d&rsquo;approfondir votre service ou votre \u00e9v\u00e9nement, de d\u00e9finir le dur\u00e9e, partagez les coordonn\u00e9es et fixez les tarifs pour faciliter le processus de prise de d\u00e9cision des clients. De plus, personnalisez l&rsquo;esth\u00e9tique visuelle du plugin en peaufinant des \u00e9l\u00e9ments et des fonctionnalit\u00e9s personnalis\u00e9s sans avoir besoin de travailler sur des connaissances en programmation ou de faire appel \u00e0 un programmeur qualifi\u00e9\u00a0!<\/p> <p><b>Permettez \u00e0 votre entreprise de prosp\u00e9rer et d&rsquo;\u00eatre disponible pour un audience plus large gr\u00e2ce \u00e0 la prise de rendez-vous en ligne sur votre site Web\u00a0!<\/b><\/p> <\/div> <div class=\"application-platform-content-item-features application-platform-content-item\" id=\"features\" data-nav-section=\"features\"> <h2>Voir la liste des plus grands fonctionnalit\u00e9s\u00a0:<\/h2> <ul><li>Fournissez un aper\u00e7u concis de votre service (nom, d\u00e9tails, photo et dur\u00e9e) et configurez les tarifs dans diff\u00e9rentes devises.<\/li><li>Envoyez des alertes automatiques pour v\u00e9rifier les rendez-vous r\u00e9serv\u00e9s aux clients et \u00e0 vous-m\u00eame.<\/li><li>Connectez le widget \u00e0 des services externes, tels que Google Agenda, pour rester toujours \u00e0 jour.<\/li><li>Affichez les coordonn\u00e9es de votre entreprise comme preuve sociale et autorisez les utilisateurs pour vous contacter en cas d&rsquo;impr\u00e9vu circonstances.<\/li><li>Personnalisation avanc\u00e9e sans avoir besoin de coder\u00a0: mod\u00e8les, couleurs, mises en page, polices pr\u00eats \u00e0 l&#8217;emploi, \u00e9diteur CSS personnalis\u00e9, \u00e9diteur JS personnalis\u00e9, et bien plus encore.<\/li><\/ul> <p><a href=\"#demo\">Vous pouvez tester le fonctionnement du widget \u00e0 l&rsquo;aide de la d\u00e9mo<\/a><\/p> <\/div> <div class=\"application-platform-content-item-installation application-platform-content-item\" id=\"installation\" data-nav-section=\"installation\"> <h2>Comment je int\u00e9grer la prise de rendez-vous sur mon site Web Google Sites\u00a0?<\/h2> <p>Pour int\u00e9grer la prise de rendez-vous sur votre site Web Google Sites, suivez ces \u00e9tapes\u00a0:<\/p> <ol><li><b>Lancez notre \u00e9diteur gratuit et commencez \u00e0 cr\u00e9er votre plugin de flux LinkedIn personnalis\u00e9.<\/b><br> Sp\u00e9cifiez la conception et les caract\u00e9ristiques appropri\u00e9es du widget et enregistrez les corrections.<\/li> <li><b>Copiez votre code individuel affich\u00e9 dans le formulaire sp\u00e9cial. sur Elfsight Applications.<\/b><br> D\u00e8s que la configuration de votre outil personnel est termin\u00e9e, copiez le code individuel dans la case qui appara\u00eet et enregistrez-le pour des occasions futures.<\/li> <li><b>Commencez \u00e0 utiliser l&rsquo;outil sur votre site Web Google Sites.<\/b><br> Saisissez le code que vous avez enregistr\u00e9 r\u00e9cemment sur votre site Web et enregistrez les am\u00e9liorations.<\/li> <li><b>L&rsquo;installation est enti\u00e8rement effectu\u00e9e.<\/b><br> Visitez votre site Web pour inspecter le travail du widget.<\/li><\/ol> <p>Au cas o\u00f9 vous faites face \u00e0 des obstacles, veuillez contacter notre \u00e9quipe d&rsquo;assistance. Nos sp\u00e9cialistes se feront un plaisir de r\u00e9pondre \u00e0 toutes vos questions sur le produit.<\/p> <\/div> ","protected":false},"excerpt":{"rendered":"","protected":false},"author":9,"featured_media":0,"parent":15252,"menu_order":0,"comment_status":"closed","ping_status":"closed","template":"templates\/template-application-platform.php","meta":{"publish_to_discourse":"","publish_post_category":"","wpdc_auto_publish_overridden":"","wpdc_topic_tags":"","wpdc_pin_topic":"","wpdc_pin_until":"","discourse_post_id":"","discourse_permalink":"","wpdc_publishing_response":"","wpdc_publishing_error":"","footnotes":""},"class_list":["post-15509","page","type-page","status-publish","hentry"],"yoast_head":"<!-- This site is optimized with the Yoast SEO plugin v25.3.1 - https:\/\/yoast.com\/wordpress\/plugins\/seo\/ -->\n<title>Widget de prise de rendez-vous \u2013 Int\u00e9grer la r\u00e9servation sur le site Web de Google Sites<\/title>\n<meta name=\"description\" content=\"Ajoutez une application de prise de rendez-vous sans codage au site Web de Google Sites et permettez aux clients de r\u00e9server des cr\u00e9neaux en quelques clics\u00a0!\" \/>\n<meta name=\"robots\" content=\"index, follow, max-snippet:-1, max-image-preview:large, max-video-preview:-1\" \/>\n<link rel=\"canonical\" href=\"https:\/\/elfsight.com\/fr\/appointment-booking-widget\/google-sites\/\" \/>\n<meta property=\"og:locale\" content=\"fr_FR\" \/>\n<meta property=\"og:type\" content=\"article\" \/>\n<meta property=\"og:title\" content=\"Widget de prise de rendez-vous \u2013 Int\u00e9grer la r\u00e9servation sur le site Web de Google Sites\" \/>\n<meta property=\"og:description\" content=\"Ajoutez une application de prise de rendez-vous sans codage au site Web de Google Sites et permettez aux clients de r\u00e9server des cr\u00e9neaux en quelques clics\u00a0!\" \/>\n<meta property=\"og:url\" content=\"https:\/\/elfsight.com\/fr\/appointment-booking-widget\/google-sites\/\" \/>\n<meta property=\"og:site_name\" content=\"Elfsight FR\" \/>\n<meta property=\"article:modified_time\" content=\"2025-07-09T09:56:14+00:00\" \/>\n<meta name=\"twitter:card\" content=\"summary_large_image\" \/>\n<meta name=\"twitter:label1\" content=\"Dur\u00e9e de lecture estim\u00e9e\" \/>\n\t<meta name=\"twitter:data1\" content=\"3 minutes\" \/>\n<!-- \/ Yoast SEO plugin. -->","yoast_head_json":{"title":"Widget de prise de rendez-vous \u2013 Int\u00e9grer la r\u00e9servation sur le site Web de Google Sites","description":"Ajoutez une application de prise de rendez-vous sans codage au site Web de Google Sites et permettez aux clients de r\u00e9server des cr\u00e9neaux en quelques clics\u00a0!","robots":{"index":"index","follow":"follow","max-snippet":"max-snippet:-1","max-image-preview":"max-image-preview:large","max-video-preview":"max-video-preview:-1"},"canonical":"https:\/\/elfsight.com\/fr\/appointment-booking-widget\/google-sites\/","og_locale":"fr_FR","og_type":"article","og_title":"Widget de prise de rendez-vous \u2013 Int\u00e9grer la r\u00e9servation sur le site Web de Google Sites","og_description":"Ajoutez une application de prise de rendez-vous sans codage au site Web de Google Sites et permettez aux clients de r\u00e9server des cr\u00e9neaux en quelques clics\u00a0!","og_url":"https:\/\/elfsight.com\/fr\/appointment-booking-widget\/google-sites\/","og_site_name":"Elfsight FR","article_modified_time":"2025-07-09T09:56:14+00:00","twitter_card":"summary_large_image","twitter_misc":{"Dur\u00e9e de lecture estim\u00e9e":"3 minutes"},"schema":{"@context":"https:\/\/schema.org","@graph":[{"@type":"WebPage","@id":"https:\/\/elfsight.com\/fr\/appointment-booking-widget\/google-sites\/","url":"https:\/\/elfsight.com\/fr\/appointment-booking-widget\/google-sites\/","name":"Widget de prise de rendez-vous \u2013 Int\u00e9grer la r\u00e9servation sur le site Web de Google Sites","isPartOf":{"@id":"https:\/\/elfsight.com\/fr\/#website"},"datePublished":"2024-09-30T18:27:29+00:00","dateModified":"2025-07-09T09:56:14+00:00","description":"Ajoutez une application de prise de rendez-vous sans codage au site Web de Google Sites et permettez aux clients de r\u00e9server des cr\u00e9neaux en quelques clics\u00a0!","breadcrumb":{"@id":"https:\/\/elfsight.com\/fr\/appointment-booking-widget\/google-sites\/#breadcrumb"},"inLanguage":"fr-FR","potentialAction":[{"@type":"ReadAction","target":["https:\/\/elfsight.com\/fr\/appointment-booking-widget\/google-sites\/"]}]},{"@type":"BreadcrumbList","@id":"https:\/\/elfsight.com\/fr\/appointment-booking-widget\/google-sites\/#breadcrumb","itemListElement":[{"@type":"ListItem","position":1,"name":"Home","item":"https:\/\/elfsight.com\/fr\/"},{"@type":"ListItem","position":2,"name":"Appointment Booking","item":"https:\/\/elfsight.com\/fr\/appointment-booking-widget\/"},{"@type":"ListItem","position":3,"name":"Appointment Booking &#8211; Google Sites"}]},{"@type":"WebSite","@id":"https:\/\/elfsight.com\/fr\/#website","url":"https:\/\/elfsight.com\/fr\/","name":"Elfsight FR","description":"","potentialAction":[{"@type":"SearchAction","target":{"@type":"EntryPoint","urlTemplate":"https:\/\/elfsight.com\/fr\/?s={search_term_string}"},"query-input":{"@type":"PropertyValueSpecification","valueRequired":true,"valueName":"search_term_string"}}],"inLanguage":"fr-FR"}]}},"meta_box":{"industry":"","seo_heading":"","heading":"","description":"","cta_heading":"","cta_description":"","application":"15251","h1":"Plugin de prise de rendez-vous Google Sites","h1_caption":"Permettez aux utilisateurs de planifier facilement des rendez-vous directement depuis vos sites Google, ce qui am\u00e9liore la commodit\u00e9 et rationalise le processus de r\u00e9servation.","application_category":[],"applications_title":"","applications_request_title":"","applications_request_button_text":"","hero_text":"","hero_video":"","hero_video_schema_markup":"","selling_points_title":"","selling_points_caption":"","selling_points":[],"selling_points_cta_text":"","features_title":"","features":"","ed_cta_examples_text":"","ed_cta_examples_hidden":"","ed_cta_demo_text":"","ed_cta_demo_hidden":"","why_caption":"","why_editor_title":"","why_editor_text":"","why_team_title":"","why_team_text":"","why_service_title":"","why_service_text":"","template_catalog_visible":"","template_catalog_title":"","template_catalog_text":"","template_catalog_categories_visible":"","demo_title":"Cr\u00e9ez votre widget de prise de rendez-vous","demo_caption":"Configurez votre prise de rendez-vous et ajoutez-la gratuitement \u00e0 votre site Web Google Sites\u00a0!","default_faq_hidden":"","app_template_category":[],"platform":"423","template_public_id":"","codecanyon_url":"","codecanyon_item_id":"","codecanyon_price":"","pricing_caption":"","pricing_elfsight_apps_hide_column":"","pricing_elfsight_apps_url":"","pricing_codecanyon_price_caption":"","integration_category":[],"integration_request_title":"","integration_request_cta":"","integration_platform":"","integrations":[],"platform_category":[],"video_schema_markup":"","price":"\u00e0 partir de 0$ \/ mois","trial":"","benefits":[{"text":"Aide \u00e0 l'installation gratuite"},{"text":"Assistance premium"},{"text":"Garantie de remboursement de 14 jours"},{"text":"Am\u00e9liorations r\u00e9guli\u00e8res"}],"button_url":"#demo","button_target_blank":"","button_nofollow":"","attributes":[{"name":"Installations","content":"1,000 - 5,000"},{"name":"Sensible","content":"Oui"},{"name":"Navigateurs compatibles","content":"Firefox, Safari, Opera, Chrome, Edge"}],"tags":[],"tags_disable_links":"","hide_more_platforms":"","video_object":"","demo_hide_cta":"","demo_hide_cloud_options":"","pricing_title":"","pricing":[{"pricing_icon":"platform","pricing_title":"Elfsight Apps","pricing_title_caption":"Solution ind\u00e9pendante de la plate-forme qui convient \u00e0 n'importe quel site Web","pricing_price":"\u00c0 partir de 0$ \/ mois","pricing_price_caption":"Commencez avec un forfait gratuit","pricing_benefits":[{"text":"Sites Web illimit\u00e9s"},{"text":"Support client d\u00e9di\u00e9"},{"text":"Assistance \u00e0 l'installation gratuite"}],"pricing_button_text":"Ajouter au site Web","pricing_button_url":"#demo"}],"related_apps_title":"","related_apps_hidden":"","author":"","image":[],"title":"","job":"","social_networks":[]},"_links":{"self":[{"href":"https:\/\/elfsight.com\/fr\/wp-json\/wp\/v2\/pages\/15509","targetHints":{"allow":["GET"]}}],"collection":[{"href":"https:\/\/elfsight.com\/fr\/wp-json\/wp\/v2\/pages"}],"about":[{"href":"https:\/\/elfsight.com\/fr\/wp-json\/wp\/v2\/types\/page"}],"author":[{"embeddable":true,"href":"https:\/\/elfsight.com\/fr\/wp-json\/wp\/v2\/users\/9"}],"replies":[{"embeddable":true,"href":"https:\/\/elfsight.com\/fr\/wp-json\/wp\/v2\/comments?post=15509"}],"version-history":[{"count":1,"href":"https:\/\/elfsight.com\/fr\/wp-json\/wp\/v2\/pages\/15509\/revisions"}],"predecessor-version":[{"id":15513,"href":"https:\/\/elfsight.com\/fr\/wp-json\/wp\/v2\/pages\/15509\/revisions\/15513"}],"up":[{"embeddable":true,"href":"https:\/\/elfsight.com\/fr\/wp-json\/wp\/v2\/pages\/15252"}],"wp:attachment":[{"href":"https:\/\/elfsight.com\/fr\/wp-json\/wp\/v2\/media?parent=15509"}],"curies":[{"name":"wp","href":"https:\/\/api.w.org\/{rel}","templated":true}]}}