{"id":15502,"date":"2024-09-30T18:27:29","date_gmt":"2024-09-30T18:27:29","guid":{"rendered":"https:\/\/elfsight.com\/fr\/?page_id=15502"},"modified":"2025-07-09T09:56:44","modified_gmt":"2025-07-09T09:56:44","slug":"iframe","status":"publish","type":"page","link":"https:\/\/elfsight.com\/fr\/appointment-booking-widget\/iframe\/","title":{"rendered":"Appointment Booking &#8211; iFrame"},"content":{"rendered":"<div class=\"application-platform-content-item-description application-platform-content-item\" id=\"description\" data-nav-section=\"description\"><h2>Int\u00e9grez la prise de rendez-vous sur iFrame avec le widget Elfsight\u00a0!<\/h2> <p>Le widget de prise de rendez-vous est disponible pour aider les clients potentiels \u00e0 gagner du temps emplacements facilement sur votre site Web iFrame, minimisant ainsi l&rsquo;effort manuel de votre part, comme la surveillance constante des messages, des appels et des e-mails. Il sert d&rsquo;assistant d\u00e9di\u00e9 fonctionnant 24h\/24 et 7j\/7 qui envoie des alertes automatis\u00e9es et peut \u00eatre connect\u00e9 \u00e0 des int\u00e9grations sp\u00e9cialis\u00e9es, telles que Google Agenda.<\/p> <p>C&rsquo;est le moment id\u00e9al pour en dire plus sur votre service ou votre occasion, pr\u00e9cisez le dur\u00e9e, partagez les informations de contact et d\u00e9cidez des prix pour rationaliser le processus de prise de d\u00e9cision des clients. De plus, personnalisez l&rsquo;apparence du widget en ajustant les \u00e9l\u00e9ments et les fonctionnalit\u00e9s personnalis\u00e9s sans avoir besoin d&rsquo;am\u00e9liorer vos comp\u00e9tences en codage ou de faire appel \u00e0 un d\u00e9veloppeur\u00a0!<\/p> <p><b>Permettez \u00e0 votre entreprise de prosp\u00e9rer et d&rsquo;\u00eatre accessible \u00e0 une client\u00e8le plus large gr\u00e2ce aux services en ligne. prise de rendez-vous sur votre site Web\u00a0!<\/b><\/p> <\/div> <div class=\"application-platform-content-item-features application-platform-content-item\" id=\"features\" data-nav-section=\"features\"> <h2>Consultez la liste des fonctionnalit\u00e9s les plus utiles\u00a0:<\/h2> <ul><li> Donnez une description pr\u00e9cise de votre service (nom, d\u00e9tails, photo et dur\u00e9e) et configurez les tarifs dans diverses devises.<\/li><li>Envoyez des alertes automatiques pour v\u00e9rifier les cr\u00e9neaux r\u00e9serv\u00e9s aux clients et \u00e0 vous-m\u00eame.<\/li> <li>Synchronisez le widget avec des services externes, comme Google Agenda, pour rester toujours \u00e0 jour.<\/li><li>Pr\u00e9sentez les coordonn\u00e9es de votre entreprise pour plus de cr\u00e9dibilit\u00e9 et permettez aux utilisateurs de vous contacter en cas d&rsquo;\u00e9v\u00e9nements impr\u00e9vus.<\/li><li>Options de personnalisation simples sans avoir besoin d&rsquo;\u00e9crire du code\u00a0: mod\u00e8les pr\u00eats \u00e0 l&#8217;emploi, couleurs, mises en page \u00e9l\u00e9gantes, polices, \u00e9diteur CSS personnalis\u00e9, \u00e9diteur JS personnalis\u00e9, et bien plus encore.<\/li><\/ul><p><a href=\"#demo\">Vous pouvez voir si le widget est fait pour vous en utilisant la d\u00e9mo<\/a><\/p> <\/div> <div class=\"application-platform-content-item-installation application-platform-content-item\" id=\"installation\" data-nav-section=\"installation\"> <h2>Comment puis-je ajouter la prise de rendez-vous \u00e0 mon site Web iFrame\u00a0?<\/h2> <p>Si vous souhaitez int\u00e9grer la prise de rendez-vous sur votre site Web iFrame, suivez les \u00e9tapes suivantes\u00a0:<\/p> <ol><li><b>Utilisez notre d\u00e9mo gratuite et commencez formant votre widget de flux LinkedIn unique.<\/b><br> Choisissez la forme et les options pr\u00e9f\u00e9rables de l&rsquo;outil et enregistrez les modifications.<\/li> <li><b>Acqu\u00e9rez votre code personnel apparaissant dans la fen\u00eatre sur les applications Elfsight. <\/b><br> D\u00e8s que la g\u00e9n\u00e9ration de votre outil personnel est termin\u00e9e, copiez le code exclusif dans la fen\u00eatre qui appara\u00eet et enregistrez-le pour des occasions ult\u00e9rieures.<\/li> <li><b>Entrez dans l&rsquo;utilisation du plugin sur votre site Web iFrame.<\/b><br> Placez le code copi\u00e9 r\u00e9cemment dans votre site Web et appliquez les corrections.<\/li> <li><b>L&rsquo;installation est enti\u00e8rement termin\u00e9e.<\/b><br> Acc\u00e9dez \u00e0 votre site Web pour examiner le fonctionnement du plugin.<\/li><\/ol> <p>Si vous rencontrez des complications, n&rsquo;h\u00e9sitez pas \u00e0 contacter notre service client. Nos collaborateurs seront ravis de r\u00e9soudre tous les probl\u00e8mes que vous pourriez rencontrer avec l&rsquo;outil.<\/p> <\/div> ","protected":false},"excerpt":{"rendered":"","protected":false},"author":9,"featured_media":0,"parent":15252,"menu_order":0,"comment_status":"closed","ping_status":"closed","template":"templates\/template-application-platform.php","meta":{"publish_to_discourse":"","publish_post_category":"","wpdc_auto_publish_overridden":"","wpdc_topic_tags":"","wpdc_pin_topic":"","wpdc_pin_until":"","discourse_post_id":"","discourse_permalink":"","wpdc_publishing_response":"","wpdc_publishing_error":"","footnotes":""},"class_list":["post-15502","page","type-page","status-publish","hentry"],"yoast_head":"<!-- This site is optimized with the Yoast SEO plugin v25.3.1 - https:\/\/yoast.com\/wordpress\/plugins\/seo\/ -->\n<title>Widget de prise de rendez-vous \u2013 Int\u00e9grer la r\u00e9servation sur le site Web iFrame<\/title>\n<meta name=\"description\" content=\"Ajoutez une application de prise de rendez-vous sans codage au site Web iFrame et permettez aux clients de r\u00e9server des cr\u00e9neaux en quelques clics\u00a0!\" \/>\n<meta name=\"robots\" content=\"index, follow, max-snippet:-1, max-image-preview:large, max-video-preview:-1\" \/>\n<link rel=\"canonical\" href=\"https:\/\/elfsight.com\/fr\/appointment-booking-widget\/iframe\/\" \/>\n<meta property=\"og:locale\" content=\"fr_FR\" \/>\n<meta property=\"og:type\" content=\"article\" \/>\n<meta property=\"og:title\" content=\"Widget de prise de rendez-vous \u2013 Int\u00e9grer la r\u00e9servation sur le site Web iFrame\" \/>\n<meta property=\"og:description\" content=\"Ajoutez une application de prise de rendez-vous sans codage au site Web iFrame et permettez aux clients de r\u00e9server des cr\u00e9neaux en quelques clics\u00a0!\" \/>\n<meta property=\"og:url\" content=\"https:\/\/elfsight.com\/fr\/appointment-booking-widget\/iframe\/\" \/>\n<meta property=\"og:site_name\" content=\"Elfsight FR\" \/>\n<meta property=\"article:modified_time\" content=\"2025-07-09T09:56:44+00:00\" \/>\n<meta name=\"twitter:card\" content=\"summary_large_image\" \/>\n<meta name=\"twitter:label1\" content=\"Dur\u00e9e de lecture estim\u00e9e\" \/>\n\t<meta name=\"twitter:data1\" content=\"3 minutes\" \/>\n<!-- \/ Yoast SEO plugin. -->","yoast_head_json":{"title":"Widget de prise de rendez-vous \u2013 Int\u00e9grer la r\u00e9servation sur le site Web iFrame","description":"Ajoutez une application de prise de rendez-vous sans codage au site Web iFrame et permettez aux clients de r\u00e9server des cr\u00e9neaux en quelques clics\u00a0!","robots":{"index":"index","follow":"follow","max-snippet":"max-snippet:-1","max-image-preview":"max-image-preview:large","max-video-preview":"max-video-preview:-1"},"canonical":"https:\/\/elfsight.com\/fr\/appointment-booking-widget\/iframe\/","og_locale":"fr_FR","og_type":"article","og_title":"Widget de prise de rendez-vous \u2013 Int\u00e9grer la r\u00e9servation sur le site Web iFrame","og_description":"Ajoutez une application de prise de rendez-vous sans codage au site Web iFrame et permettez aux clients de r\u00e9server des cr\u00e9neaux en quelques clics\u00a0!","og_url":"https:\/\/elfsight.com\/fr\/appointment-booking-widget\/iframe\/","og_site_name":"Elfsight FR","article_modified_time":"2025-07-09T09:56:44+00:00","twitter_card":"summary_large_image","twitter_misc":{"Dur\u00e9e de lecture estim\u00e9e":"3 minutes"},"schema":{"@context":"https:\/\/schema.org","@graph":[{"@type":"WebPage","@id":"https:\/\/elfsight.com\/fr\/appointment-booking-widget\/iframe\/","url":"https:\/\/elfsight.com\/fr\/appointment-booking-widget\/iframe\/","name":"Widget de prise de rendez-vous \u2013 Int\u00e9grer la r\u00e9servation sur le site Web iFrame","isPartOf":{"@id":"https:\/\/elfsight.com\/fr\/#website"},"datePublished":"2024-09-30T18:27:29+00:00","dateModified":"2025-07-09T09:56:44+00:00","description":"Ajoutez une application de prise de rendez-vous sans codage au site Web iFrame et permettez aux clients de r\u00e9server des cr\u00e9neaux en quelques clics\u00a0!","breadcrumb":{"@id":"https:\/\/elfsight.com\/fr\/appointment-booking-widget\/iframe\/#breadcrumb"},"inLanguage":"fr-FR","potentialAction":[{"@type":"ReadAction","target":["https:\/\/elfsight.com\/fr\/appointment-booking-widget\/iframe\/"]}]},{"@type":"BreadcrumbList","@id":"https:\/\/elfsight.com\/fr\/appointment-booking-widget\/iframe\/#breadcrumb","itemListElement":[{"@type":"ListItem","position":1,"name":"Home","item":"https:\/\/elfsight.com\/fr\/"},{"@type":"ListItem","position":2,"name":"Appointment Booking","item":"https:\/\/elfsight.com\/fr\/appointment-booking-widget\/"},{"@type":"ListItem","position":3,"name":"Appointment Booking &#8211; iFrame"}]},{"@type":"WebSite","@id":"https:\/\/elfsight.com\/fr\/#website","url":"https:\/\/elfsight.com\/fr\/","name":"Elfsight FR","description":"","potentialAction":[{"@type":"SearchAction","target":{"@type":"EntryPoint","urlTemplate":"https:\/\/elfsight.com\/fr\/?s={search_term_string}"},"query-input":{"@type":"PropertyValueSpecification","valueRequired":true,"valueName":"search_term_string"}}],"inLanguage":"fr-FR"}]}},"meta_box":{"industry":"","seo_heading":"","heading":"","description":"","cta_heading":"","cta_description":"","application":"15251","h1":"Widget de prise de rendez-vous iFrame","h1_caption":"Permettez aux utilisateurs de planifier facilement des rendez-vous directement depuis votre site Web iFrame, am\u00e9liorant ainsi la commodit\u00e9 et rationalisant le processus de r\u00e9servation.","application_category":[],"applications_title":"","applications_request_title":"","applications_request_button_text":"","hero_text":"","hero_video":"","hero_video_schema_markup":"","selling_points_title":"","selling_points_caption":"","selling_points":[],"selling_points_cta_text":"","features_title":"","features":"","ed_cta_examples_text":"","ed_cta_examples_hidden":"","ed_cta_demo_text":"","ed_cta_demo_hidden":"","why_caption":"","why_editor_title":"","why_editor_text":"","why_team_title":"","why_team_text":"","why_service_title":"","why_service_text":"","template_catalog_visible":"","template_catalog_title":"","template_catalog_text":"","template_catalog_categories_visible":"","demo_title":"Cr\u00e9ez votre widget de prise de rendez-vous","demo_caption":"Configurez votre prise de rendez-vous et ajoutez-la gratuitement \u00e0 votre site Web iFrame\u00a0!","default_faq_hidden":"","app_template_category":[],"platform":"371","template_public_id":"","codecanyon_url":"","codecanyon_item_id":"","codecanyon_price":"","pricing_caption":"","pricing_elfsight_apps_hide_column":"","pricing_elfsight_apps_url":"","pricing_codecanyon_price_caption":"","integration_category":[],"integration_request_title":"","integration_request_cta":"","integration_platform":"","integrations":[],"platform_category":[],"video_schema_markup":"","price":"\u00e0 partir de 0$ \/ mois","trial":"","benefits":[{"text":"Aide \u00e0 l'installation gratuite"},{"text":"Service client professionnel"},{"text":"Garantie de remboursement de 14 jours"},{"text":"Mises \u00e0 jour continues"}],"button_url":"#demo","button_target_blank":"","button_nofollow":"","attributes":[{"name":"Installations","content":"1,000 - 5,000"},{"name":"Sensible","content":"Oui"},{"name":"Navigateurs compatibles","content":"Firefox, Safari, Opera, Chrome, Edge"}],"tags":[],"tags_disable_links":"","hide_more_platforms":"","video_object":"","demo_hide_cta":"","demo_hide_cloud_options":"","pricing_title":"","pricing":[{"pricing_icon":"platform","pricing_title":"Elfsight Apps","pricing_title_caption":"Version ind\u00e9pendante de la plate-forme qui convient \u00e0 n'importe quel site Web","pricing_price":"\u00c0 partir de 0$ \/ mois","pricing_price_caption":"Commencez avec un forfait gratuit","pricing_benefits":[{"text":"Sites Web illimit\u00e9s"},{"text":"Un support d\u00e9di\u00e9"},{"text":"Assistance \u00e0 l'installation gratuite"}],"pricing_button_text":"Ajouter au site Web","pricing_button_url":"#demo"}],"related_apps_title":"","related_apps_hidden":"","author":"","image":[],"title":"","job":"","social_networks":[]},"_links":{"self":[{"href":"https:\/\/elfsight.com\/fr\/wp-json\/wp\/v2\/pages\/15502","targetHints":{"allow":["GET"]}}],"collection":[{"href":"https:\/\/elfsight.com\/fr\/wp-json\/wp\/v2\/pages"}],"about":[{"href":"https:\/\/elfsight.com\/fr\/wp-json\/wp\/v2\/types\/page"}],"author":[{"embeddable":true,"href":"https:\/\/elfsight.com\/fr\/wp-json\/wp\/v2\/users\/9"}],"replies":[{"embeddable":true,"href":"https:\/\/elfsight.com\/fr\/wp-json\/wp\/v2\/comments?post=15502"}],"version-history":[{"count":1,"href":"https:\/\/elfsight.com\/fr\/wp-json\/wp\/v2\/pages\/15502\/revisions"}],"predecessor-version":[{"id":15506,"href":"https:\/\/elfsight.com\/fr\/wp-json\/wp\/v2\/pages\/15502\/revisions\/15506"}],"up":[{"embeddable":true,"href":"https:\/\/elfsight.com\/fr\/wp-json\/wp\/v2\/pages\/15252"}],"wp:attachment":[{"href":"https:\/\/elfsight.com\/fr\/wp-json\/wp\/v2\/media?parent=15502"}],"curies":[{"name":"wp","href":"https:\/\/api.w.org\/{rel}","templated":true}]}}