{"id":15495,"date":"2024-09-30T18:27:29","date_gmt":"2024-09-30T18:27:29","guid":{"rendered":"https:\/\/elfsight.com\/fr\/?page_id=15495"},"modified":"2025-07-09T09:56:56","modified_gmt":"2025-07-09T09:56:56","slug":"joomla","status":"publish","type":"page","link":"https:\/\/elfsight.com\/fr\/appointment-booking-widget\/joomla\/","title":{"rendered":"Appointment Booking &#8211; Joomla"},"content":{"rendered":"<div class=\"application-platform-content-item-description application-platform-content-item\" id=\"description\" data-nav-section=\"description\"><h2>Embarquez la prise de rendez-vous sur Joomla avec l&rsquo;extension Elfsight\u00a0!<\/h2> <p>L&rsquo;extension de prise de rendez-vous est \u00e0 votre service pour aider les clients potentiels r\u00e9servez facilement des plages horaires sur votre site Web Joomla, r\u00e9duisant ainsi le travail manuel de votre part, comme la surveillance constante des messages, des appels et des e-mails. Il fonctionne comme une r\u00e9ceptionniste virtuelle travaillant 24h\/24 et 7j\/7, qui envoie des alertes automatis\u00e9es et peut \u00eatre connect\u00e9e \u00e0 des applications tierces, telles que Google Agenda.<\/p> <p>Le moment est venu d&rsquo;approfondir votre service ou votre \u00e9v\u00e9nement, pr\u00e9cisez la dur\u00e9e, divulguer les coordonn\u00e9es et fixer les prix pour aider les clients \u00e0 prendre des d\u00e9cisions \u00e9clair\u00e9es. En plus de cela, personnalisez l&rsquo;esth\u00e9tique visuelle de l&rsquo;extension en peaufinant des \u00e9l\u00e9ments et des fonctionnalit\u00e9s personnalis\u00e9s sans avoir besoin de perfectionner vos comp\u00e9tences en programmation ou de recruter un d\u00e9veloppeur\u00a0!<\/p> <p><b>Permettez \u00e0 votre entreprise de prosp\u00e9rer et de devenir accessible \u00e0 tous. client potentiel avec la prise de rendez-vous en ligne sur votre site Web\u00a0!<\/b><\/p> <\/div> <div class=\"application-platform-content-item-features application-platform-content-item\" id=\"features\" data-nav-section=\"features\"> <h2>Nous proposons des fonctionnalit\u00e9s pratiques et simples, voici Certains d&rsquo;entre eux\u00a0:<\/h2> <ul><li>Proposez une description pr\u00e9cise de votre service (nom, d\u00e9tails, photo et dur\u00e9e) et configurez les tarifs dans diff\u00e9rentes devises.<\/li><li>Envoyez des alertes automatiques \u00e0 validez les cr\u00e9neaux programm\u00e9s aupr\u00e8s des clients et de vous-m\u00eame.<\/li><li>Synchronisez le widget avec des services tiers, comme Google Agenda, pour garantir une pertinence en temps r\u00e9el.<\/li><li>Partagez les coordonn\u00e9es de votre entreprise sur les r\u00e9seaux sociaux. validation et permettre aux utilisateurs de prendre contact en cas d&rsquo;impr\u00e9vu sc\u00e9narios.<\/li><li>Options de personnalisation faciles sans avoir besoin d&rsquo;\u00e9crire de code\u00a0: mod\u00e8les pr\u00eats \u00e0 l&#8217;emploi, couleurs, mises en page, polices, \u00e9diteur CSS personnalis\u00e9, \u00e9diteur JS personnalis\u00e9, etc.<\/li><\/ul><p><a href=\"#demo\">Essayez simplement cette d\u00e9mo pour avoir une id\u00e9e compl\u00e8te<\/a><\/p> <\/div> <div class=\"application-platform-content-item-installation application-platform-content-item\" id=\"installation\" data-nav-section=\"installation\"> <h2>Comment puis-je ajouter la prise de rendez-vous sur mon site Joomla\u00a0?<\/h2> <p>Si vous souhaitez int\u00e9grer la prise de rendez-vous sur votre site Web Joomla, suivez les \u00e9tapes ci-dessous\u00a0:<\/p> <ol><li><b>Ouvrez notre d\u00e9mo gratuite et commencez \u00e0 fa\u00e7onner votre widget de flux LinkedIn personnalis\u00e9.<\/b><br> Sp\u00e9cifiez la forme et les fonctionnalit\u00e9s pr\u00e9f\u00e9rables du widget et appliquez les modifications.<\/li> <li><b>Recevez votre code personnel expos\u00e9 dans le formulaire sp\u00e9cial sur Applications Elfsight.<\/b><br> D\u00e8s que la configuration de votre outil est termin\u00e9e, copiez le code personnel de la bo\u00eete qui appara\u00eet et conservez-le pour une utilisation ult\u00e9rieure.<\/li> <li><b>Commencez l&rsquo;utilisation de l&rsquo;outil sur votre site Joomla.<\/b> <br> Placez le code que vous avez copi\u00e9 r\u00e9cemment sur votre site Web et appliquez les modifications.<\/li> <li><b>La configuration est enti\u00e8rement effectu\u00e9e.<\/b><br> Acc\u00e9dez \u00e0 votre site Web pour voir en action comment fonctionne le widget.<\/li><\/ol> <p>Si vous rencontrez des probl\u00e8mes, veuillez postuler pour notre personnel d&rsquo;assistance. Nos consultants se feront un plaisir de vous aider avec toutes les questions que vous pourriez avoir sur l&rsquo;outil.<\/p> <\/div> ","protected":false},"excerpt":{"rendered":"","protected":false},"author":9,"featured_media":0,"parent":15252,"menu_order":0,"comment_status":"closed","ping_status":"closed","template":"templates\/template-application-platform.php","meta":{"publish_to_discourse":"","publish_post_category":"","wpdc_auto_publish_overridden":"","wpdc_topic_tags":"","wpdc_pin_topic":"","wpdc_pin_until":"","discourse_post_id":"","discourse_permalink":"","wpdc_publishing_response":"","wpdc_publishing_error":"","footnotes":""},"class_list":["post-15495","page","type-page","status-publish","hentry"],"yoast_head":"<!-- This site is optimized with the Yoast SEO plugin v25.3.1 - https:\/\/yoast.com\/wordpress\/plugins\/seo\/ -->\n<title>Widget de prise de rendez-vous \u2014 Int\u00e9grer la r\u00e9servation sur le site Web Joomla<\/title>\n<meta name=\"description\" content=\"Ajoutez une application de prise de rendez-vous sans codage au site Web Joomla et permettez aux clients de r\u00e9server des cr\u00e9neaux en quelques clics\u00a0!\" \/>\n<meta name=\"robots\" content=\"index, follow, max-snippet:-1, max-image-preview:large, max-video-preview:-1\" \/>\n<link rel=\"canonical\" href=\"https:\/\/elfsight.com\/fr\/appointment-booking-widget\/joomla\/\" \/>\n<meta property=\"og:locale\" content=\"fr_FR\" \/>\n<meta property=\"og:type\" content=\"article\" \/>\n<meta property=\"og:title\" content=\"Widget de prise de rendez-vous \u2014 Int\u00e9grer la r\u00e9servation sur le site Web Joomla\" \/>\n<meta property=\"og:description\" content=\"Ajoutez une application de prise de rendez-vous sans codage au site Web Joomla et permettez aux clients de r\u00e9server des cr\u00e9neaux en quelques clics\u00a0!\" \/>\n<meta property=\"og:url\" content=\"https:\/\/elfsight.com\/fr\/appointment-booking-widget\/joomla\/\" \/>\n<meta property=\"og:site_name\" content=\"Elfsight FR\" \/>\n<meta property=\"article:modified_time\" content=\"2025-07-09T09:56:56+00:00\" \/>\n<meta name=\"twitter:card\" content=\"summary_large_image\" \/>\n<meta name=\"twitter:label1\" content=\"Dur\u00e9e de lecture estim\u00e9e\" \/>\n\t<meta name=\"twitter:data1\" content=\"3 minutes\" \/>\n<!-- \/ Yoast SEO plugin. -->","yoast_head_json":{"title":"Widget de prise de rendez-vous \u2014 Int\u00e9grer la r\u00e9servation sur le site Web Joomla","description":"Ajoutez une application de prise de rendez-vous sans codage au site Web Joomla et permettez aux clients de r\u00e9server des cr\u00e9neaux en quelques clics\u00a0!","robots":{"index":"index","follow":"follow","max-snippet":"max-snippet:-1","max-image-preview":"max-image-preview:large","max-video-preview":"max-video-preview:-1"},"canonical":"https:\/\/elfsight.com\/fr\/appointment-booking-widget\/joomla\/","og_locale":"fr_FR","og_type":"article","og_title":"Widget de prise de rendez-vous \u2014 Int\u00e9grer la r\u00e9servation sur le site Web Joomla","og_description":"Ajoutez une application de prise de rendez-vous sans codage au site Web Joomla et permettez aux clients de r\u00e9server des cr\u00e9neaux en quelques clics\u00a0!","og_url":"https:\/\/elfsight.com\/fr\/appointment-booking-widget\/joomla\/","og_site_name":"Elfsight FR","article_modified_time":"2025-07-09T09:56:56+00:00","twitter_card":"summary_large_image","twitter_misc":{"Dur\u00e9e de lecture estim\u00e9e":"3 minutes"},"schema":{"@context":"https:\/\/schema.org","@graph":[{"@type":"WebPage","@id":"https:\/\/elfsight.com\/fr\/appointment-booking-widget\/joomla\/","url":"https:\/\/elfsight.com\/fr\/appointment-booking-widget\/joomla\/","name":"Widget de prise de rendez-vous \u2014 Int\u00e9grer la r\u00e9servation sur le site Web Joomla","isPartOf":{"@id":"https:\/\/elfsight.com\/fr\/#website"},"datePublished":"2024-09-30T18:27:29+00:00","dateModified":"2025-07-09T09:56:56+00:00","description":"Ajoutez une application de prise de rendez-vous sans codage au site Web Joomla et permettez aux clients de r\u00e9server des cr\u00e9neaux en quelques clics\u00a0!","breadcrumb":{"@id":"https:\/\/elfsight.com\/fr\/appointment-booking-widget\/joomla\/#breadcrumb"},"inLanguage":"fr-FR","potentialAction":[{"@type":"ReadAction","target":["https:\/\/elfsight.com\/fr\/appointment-booking-widget\/joomla\/"]}]},{"@type":"BreadcrumbList","@id":"https:\/\/elfsight.com\/fr\/appointment-booking-widget\/joomla\/#breadcrumb","itemListElement":[{"@type":"ListItem","position":1,"name":"Home","item":"https:\/\/elfsight.com\/fr\/"},{"@type":"ListItem","position":2,"name":"Appointment Booking","item":"https:\/\/elfsight.com\/fr\/appointment-booking-widget\/"},{"@type":"ListItem","position":3,"name":"Appointment Booking &#8211; Joomla"}]},{"@type":"WebSite","@id":"https:\/\/elfsight.com\/fr\/#website","url":"https:\/\/elfsight.com\/fr\/","name":"Elfsight FR","description":"","potentialAction":[{"@type":"SearchAction","target":{"@type":"EntryPoint","urlTemplate":"https:\/\/elfsight.com\/fr\/?s={search_term_string}"},"query-input":{"@type":"PropertyValueSpecification","valueRequired":true,"valueName":"search_term_string"}}],"inLanguage":"fr-FR"}]}},"meta_box":{"industry":"","seo_heading":"","heading":"","description":"","cta_heading":"","cta_description":"","application":"15251","h1":"Extension de prise de rendez-vous Joomla","h1_caption":"Permettez aux utilisateurs de planifier facilement des rendez-vous directement depuis votre site Web Joomla, am\u00e9liorant ainsi la commodit\u00e9 et rationalisant le processus de r\u00e9servation.","application_category":[],"applications_title":"","applications_request_title":"","applications_request_button_text":"","hero_text":"","hero_video":"","hero_video_schema_markup":"","selling_points_title":"","selling_points_caption":"","selling_points":[],"selling_points_cta_text":"","features_title":"","features":"","ed_cta_examples_text":"","ed_cta_examples_hidden":"","ed_cta_demo_text":"","ed_cta_demo_hidden":"","why_caption":"","why_editor_title":"","why_editor_text":"","why_team_title":"","why_team_text":"","why_service_title":"","why_service_text":"","template_catalog_visible":"","template_catalog_title":"","template_catalog_text":"","template_catalog_categories_visible":"","demo_title":"Cr\u00e9ez votre plugin de prise de rendez-vous","demo_caption":"Configurez votre prise de rendez-vous et ajoutez-la gratuitement \u00e0 votre site Joomla !","default_faq_hidden":"","app_template_category":[],"platform":"354","template_public_id":"","codecanyon_url":"","codecanyon_item_id":"","codecanyon_price":"","pricing_caption":"","pricing_elfsight_apps_hide_column":"","pricing_elfsight_apps_url":"","pricing_codecanyon_price_caption":"","integration_category":[],"integration_request_title":"","integration_request_cta":"","integration_platform":"","integrations":[],"platform_category":[],"video_schema_markup":"","price":"\u00e0 partir de 0$ \/ mois","trial":"","benefits":[{"text":"Service d'installation gratuit"},{"text":"Assistance premium"},{"text":"Garantie de remboursement de 14 jours"},{"text":"D\u00e9veloppement continu"}],"button_url":"#demo","button_target_blank":"","button_nofollow":"","attributes":[{"name":"Installations","content":"1,000 - 5,000"},{"name":"Sensible","content":"Oui"},{"name":"Navigateurs compatibles","content":"Firefox, Safari, Opera, Chrome, Edge"}],"tags":[],"tags_disable_links":"","hide_more_platforms":"","video_object":"","demo_hide_cta":"","demo_hide_cloud_options":"","pricing_title":"","pricing":[{"pricing_icon":"platform","pricing_title":"Elfsight Apps","pricing_title_caption":"Version multiplateforme qui fonctionne sur n'importe quel site Web","pricing_price":"\u00c0 partir de 0$ \/ mois","pricing_price_caption":"Commencez avec un forfait gratuit","pricing_benefits":[{"text":"Sites Web illimit\u00e9s"},{"text":"Assistance 24h\/24 et 7j\/7 et \u00e0 temps"},{"text":"Aide \u00e0 l'installation gratuite"}],"pricing_button_text":"Ajouter au site Web","pricing_button_url":"#demo"}],"related_apps_title":"","related_apps_hidden":"","author":"","image":[],"title":"","job":"","social_networks":[]},"_links":{"self":[{"href":"https:\/\/elfsight.com\/fr\/wp-json\/wp\/v2\/pages\/15495","targetHints":{"allow":["GET"]}}],"collection":[{"href":"https:\/\/elfsight.com\/fr\/wp-json\/wp\/v2\/pages"}],"about":[{"href":"https:\/\/elfsight.com\/fr\/wp-json\/wp\/v2\/types\/page"}],"author":[{"embeddable":true,"href":"https:\/\/elfsight.com\/fr\/wp-json\/wp\/v2\/users\/9"}],"replies":[{"embeddable":true,"href":"https:\/\/elfsight.com\/fr\/wp-json\/wp\/v2\/comments?post=15495"}],"version-history":[{"count":1,"href":"https:\/\/elfsight.com\/fr\/wp-json\/wp\/v2\/pages\/15495\/revisions"}],"predecessor-version":[{"id":15499,"href":"https:\/\/elfsight.com\/fr\/wp-json\/wp\/v2\/pages\/15495\/revisions\/15499"}],"up":[{"embeddable":true,"href":"https:\/\/elfsight.com\/fr\/wp-json\/wp\/v2\/pages\/15252"}],"wp:attachment":[{"href":"https:\/\/elfsight.com\/fr\/wp-json\/wp\/v2\/media?parent=15495"}],"curies":[{"name":"wp","href":"https:\/\/api.w.org\/{rel}","templated":true}]}}