{"id":15485,"date":"2024-09-30T18:27:29","date_gmt":"2024-09-30T18:27:29","guid":{"rendered":"https:\/\/elfsight.com\/fr\/?page_id=15485"},"modified":"2025-07-10T15:01:28","modified_gmt":"2025-07-10T15:01:28","slug":"woocommerce","status":"publish","type":"page","link":"https:\/\/elfsight.com\/fr\/website-translator-widget\/woocommerce\/","title":{"rendered":"Website Translator &#8211; WooCommerce"},"content":{"rendered":"<div class=\"application-platform-content-item-description application-platform-content-item\" id=\"description\" data-nav-section=\"description\"> <h2>Int\u00e9grer un traducteur de site Web dans WooCommerce avec un plugin Elfsight<\/h2> <p>Une bonne id\u00e9e pour am\u00e9liorer la pr\u00e9sence en ligne de votre entreprise et toucher une audience internationale le public re\u00e7oit notre widget de traduction de site Web pour WooCommerce. En traduisant facilement le contenu de votre site Web, ce widget garantit que votre message s\u00e9duira les visiteurs de diff\u00e9rentes communaut\u00e9s linguistiques, aidant ainsi \u00e0 surmonter les barri\u00e8res linguistiques et \u00e0 \u00e9largir votre port\u00e9e commerciale. <\/p><p>Notre traducteur de site Web vous offre une traduction de site Web automatis\u00e9e instantan\u00e9e pilot\u00e9e par l&rsquo;IA de Google, prenant en charge plus de 130 langues. Il m\u00e9morise les choix de langue des visiteurs, cr\u00e9ant ainsi une exp\u00e9rience de navigation personnalis\u00e9e qui maintient l&rsquo;engagement des utilisateurs. Globalisez sans effort votre site Web WooCommerce et connectez-vous avec diff\u00e9rents publics gr\u00e2ce \u00e0 la technologie de traduction avanc\u00e9e. <\/p><p><b>Faites la promotion de vos produits et services partout dans le monde avec le widget de changement de langue simple\u00a0! <\/b><\/p><\/div> <div class=\"application-platform-content-item-features application-platform-content-item\" id=\"features\" data-nav-section=\"features\"> <h2>Voici seulement quelques-unes des nombreuses fonctionnalit\u00e9s du widget\u00a0: <\/h2><ul><li>Traduction automatis\u00e9e instantan\u00e9e de sites Web<\/li><li>Traduction bas\u00e9e sur l&rsquo;IA de Google<\/li><li>Maintenance de plus de 130\u00a0langues<\/li><li>Conservation des param\u00e8tres utilisateur<\/li><li>Plusieurs styles de widgets de mod\u00e8les<\/li><\/ul><p><a href=\"#demo\">Vous pouvez tester toutes les fonctionnalit\u00e9s du widget dans la d\u00e9mo ci-dessous<\/a><\/p><\/div> <div class=\"application-platform-content-item-installation application-platform-content-item\" id=\"installation\" data-nav-section=\"installation\"> <h2> Comment int\u00e9grer le traducteur de site Web dans mes pages WooCommerce ? <\/h2><p>Suivez simplement les instructions ci-dessous pour int\u00e9grer le widget. <\/p><ol><li><b>Utilisez notre d\u00e9mo gratuite et commencez \u00e0 fa\u00e7onner votre widget personnalis\u00e9. <\/b><br>Sp\u00e9cifiez l&rsquo;interface s\u00e9lectionn\u00e9e et les caract\u00e9ristiques fonctionnelles du plugin et appliquez les corrections. <\/li> <li><b>Acqu\u00e9rez votre code individuel expos\u00e9 dans la bo\u00eete sur Elfsight Apps. <\/b><br>Juste apr\u00e8s la cr\u00e9ation de votre outil, copiez le code individuel dans la fen\u00eatre qui appara\u00eet et conservez-le pour un besoin ult\u00e9rieur. <\/li> <li><b>Commencez \u00e0 utiliser l&rsquo;outil sur votre site Web WooCommerce. <\/b><br>Collez le code enregistr\u00e9 r\u00e9cemment dans votre page d&rsquo;accueil et enregistrez les modifications. <\/li> <li><b>L&rsquo;installation est effectu\u00e9e avec succ\u00e8s. <\/b><br>Allez sur votre site pour voir le travail du plugin. <\/li><\/ol><p>Si vous rencontrez des difficult\u00e9s, veuillez \u00e9crire \u00e0 notre service client. Nos collaborateurs ont h\u00e2te de vous aider avec toutes les questions que vous pourriez avoir avec le widget. <\/p><\/div>","protected":false},"excerpt":{"rendered":"","protected":false},"author":9,"featured_media":0,"parent":14225,"menu_order":0,"comment_status":"closed","ping_status":"closed","template":"templates\/template-application-platform.php","meta":{"publish_to_discourse":"","publish_post_category":"","wpdc_auto_publish_overridden":"","wpdc_topic_tags":"","wpdc_pin_topic":"","wpdc_pin_until":"","discourse_post_id":"","discourse_permalink":"","wpdc_publishing_response":"","wpdc_publishing_error":"","footnotes":""},"class_list":["post-15485","page","type-page","status-publish","hentry"],"yoast_head":"<!-- This site is optimized with the Yoast SEO plugin v25.3.1 - https:\/\/yoast.com\/wordpress\/plugins\/seo\/ -->\n<title>Widget de traduction de site Web \u2013 Int\u00e9grer un traducteur rapide sur WooCommerce<\/title>\n<meta name=\"description\" content=\"Ajoutez un widget de traduction de site Web sans code sur votre site Web WooCommerce. Essayez la d\u00e9mo en ligne d&#039;Elfsight pour g\u00e9n\u00e9rer facilement votre solution personnalis\u00e9e.\" \/>\n<meta name=\"robots\" content=\"index, follow, max-snippet:-1, max-image-preview:large, max-video-preview:-1\" \/>\n<link rel=\"canonical\" href=\"https:\/\/elfsight.com\/fr\/website-translator-widget\/woocommerce\/\" \/>\n<meta property=\"og:locale\" content=\"fr_FR\" \/>\n<meta property=\"og:type\" content=\"article\" \/>\n<meta property=\"og:title\" content=\"Widget de traduction de site Web \u2013 Int\u00e9grer un traducteur rapide sur WooCommerce\" \/>\n<meta property=\"og:description\" content=\"Ajoutez un widget de traduction de site Web sans code sur votre site Web WooCommerce. Essayez la d\u00e9mo en ligne d&#039;Elfsight pour g\u00e9n\u00e9rer facilement votre solution personnalis\u00e9e.\" \/>\n<meta property=\"og:url\" content=\"https:\/\/elfsight.com\/fr\/website-translator-widget\/woocommerce\/\" \/>\n<meta property=\"og:site_name\" content=\"Elfsight FR\" \/>\n<meta property=\"article:modified_time\" content=\"2025-07-10T15:01:28+00:00\" \/>\n<meta name=\"twitter:card\" content=\"summary_large_image\" \/>\n<meta name=\"twitter:label1\" content=\"Dur\u00e9e de lecture estim\u00e9e\" \/>\n\t<meta name=\"twitter:data1\" content=\"2 minutes\" \/>\n<!-- \/ Yoast SEO plugin. -->","yoast_head_json":{"title":"Widget de traduction de site Web \u2013 Int\u00e9grer un traducteur rapide sur WooCommerce","description":"Ajoutez un widget de traduction de site Web sans code sur votre site Web WooCommerce. Essayez la d\u00e9mo en ligne d'Elfsight pour g\u00e9n\u00e9rer facilement votre solution personnalis\u00e9e.","robots":{"index":"index","follow":"follow","max-snippet":"max-snippet:-1","max-image-preview":"max-image-preview:large","max-video-preview":"max-video-preview:-1"},"canonical":"https:\/\/elfsight.com\/fr\/website-translator-widget\/woocommerce\/","og_locale":"fr_FR","og_type":"article","og_title":"Widget de traduction de site Web \u2013 Int\u00e9grer un traducteur rapide sur WooCommerce","og_description":"Ajoutez un widget de traduction de site Web sans code sur votre site Web WooCommerce. Essayez la d\u00e9mo en ligne d'Elfsight pour g\u00e9n\u00e9rer facilement votre solution personnalis\u00e9e.","og_url":"https:\/\/elfsight.com\/fr\/website-translator-widget\/woocommerce\/","og_site_name":"Elfsight FR","article_modified_time":"2025-07-10T15:01:28+00:00","twitter_card":"summary_large_image","twitter_misc":{"Dur\u00e9e de lecture estim\u00e9e":"2 minutes"},"schema":{"@context":"https:\/\/schema.org","@graph":[{"@type":"WebPage","@id":"https:\/\/elfsight.com\/fr\/website-translator-widget\/woocommerce\/","url":"https:\/\/elfsight.com\/fr\/website-translator-widget\/woocommerce\/","name":"Widget de traduction de site Web \u2013 Int\u00e9grer un traducteur rapide sur WooCommerce","isPartOf":{"@id":"https:\/\/elfsight.com\/fr\/#website"},"datePublished":"2024-09-30T18:27:29+00:00","dateModified":"2025-07-10T15:01:28+00:00","description":"Ajoutez un widget de traduction de site Web sans code sur votre site Web WooCommerce. Essayez la d\u00e9mo en ligne d'Elfsight pour g\u00e9n\u00e9rer facilement votre solution personnalis\u00e9e.","breadcrumb":{"@id":"https:\/\/elfsight.com\/fr\/website-translator-widget\/woocommerce\/#breadcrumb"},"inLanguage":"fr-FR","potentialAction":[{"@type":"ReadAction","target":["https:\/\/elfsight.com\/fr\/website-translator-widget\/woocommerce\/"]}]},{"@type":"BreadcrumbList","@id":"https:\/\/elfsight.com\/fr\/website-translator-widget\/woocommerce\/#breadcrumb","itemListElement":[{"@type":"ListItem","position":1,"name":"Home","item":"https:\/\/elfsight.com\/fr\/"},{"@type":"ListItem","position":2,"name":"Website Translator","item":"https:\/\/elfsight.com\/fr\/website-translator-widget\/"},{"@type":"ListItem","position":3,"name":"Website Translator &#8211; WooCommerce"}]},{"@type":"WebSite","@id":"https:\/\/elfsight.com\/fr\/#website","url":"https:\/\/elfsight.com\/fr\/","name":"Elfsight FR","description":"","potentialAction":[{"@type":"SearchAction","target":{"@type":"EntryPoint","urlTemplate":"https:\/\/elfsight.com\/fr\/?s={search_term_string}"},"query-input":{"@type":"PropertyValueSpecification","valueRequired":true,"valueName":"search_term_string"}}],"inLanguage":"fr-FR"}]}},"meta_box":{"industry":"","seo_heading":"","heading":"","description":"","cta_heading":"","cta_description":"","application":"14220","h1":"Plugin de traduction de site Web WooCommerce","h1_caption":"Traduisez automatiquement le contenu de votre site Web en plusieurs langues, le rendant ainsi accessible \u00e0 un public mondial sur votre site Web WooCommerce sans effort.","application_category":[],"applications_title":"","applications_request_title":"","applications_request_button_text":"","hero_text":"","hero_video":"","hero_video_schema_markup":"","selling_points_title":"","selling_points_caption":"","selling_points":[],"selling_points_cta_text":"","features_title":"","features":"","ed_cta_examples_text":"","ed_cta_examples_hidden":"","ed_cta_demo_text":"","ed_cta_demo_hidden":"","why_caption":"","why_editor_title":"","why_editor_text":"","why_team_title":"","why_team_text":"","why_service_title":"","why_service_text":"","template_catalog_visible":"","template_catalog_title":"","template_catalog_text":"","template_catalog_categories_visible":"","demo_title":"Cr\u00e9ez votre application de traduction de site Web","demo_caption":"Configurez votre traducteur de site Web et ajoutez-le \u00e0 votre site Web WooCommerce gratuitement !","default_faq_hidden":"","app_template_category":[],"platform":"397","template_public_id":"","codecanyon_url":"","codecanyon_item_id":"","codecanyon_price":"","pricing_caption":"","pricing_elfsight_apps_hide_column":"","pricing_elfsight_apps_url":"","pricing_codecanyon_price_caption":"","integration_category":[],"integration_request_title":"","integration_request_cta":"","integration_platform":"","integrations":[],"platform_category":[],"video_schema_markup":"","price":"\u00e0 partir de 0$ \/ mois","trial":"","benefits":[{"text":"Aide \u00e0 l'installation gratuite"},{"text":"Service client comp\u00e9tent"},{"text":"Garantie de remboursement de 14 jours"},{"text":"Am\u00e9liorations \u00e0 vie"}],"button_url":"#demo","button_target_blank":"","button_nofollow":"","attributes":[{"name":"Installations","content":"50,000 - 100,000"},{"name":"Sensible","content":"Oui"},{"name":"Navigateurs compatibles","content":"Firefox, Safari, Opera, Chrome, Edge"}],"tags":[],"tags_disable_links":"","hide_more_platforms":"","video_object":"","demo_hide_cta":"","demo_hide_cloud_options":"","pricing_title":"","pricing":[{"pricing_icon":"platform","pricing_title":"Elfsight Apps","pricing_title_caption":"Solution ind\u00e9pendante de la plateforme","pricing_price":"\u00e0 partir de 0$ \/ mois","pricing_price_caption":"commencez avec un forfait gratuit","pricing_benefits":[{"text":"Domaines illimit\u00e9s"},{"text":"Assistance gratuite, ponctuelle et bien document\u00e9e"},{"text":"Aide \u00e0 l'installation gratuite"}],"pricing_button_text":"Ajouter au site Web","pricing_button_url":"#demo"}],"related_apps_title":"","related_apps_hidden":"","author":"","image":[],"title":"","job":"","social_networks":[]},"_links":{"self":[{"href":"https:\/\/elfsight.com\/fr\/wp-json\/wp\/v2\/pages\/15485","targetHints":{"allow":["GET"]}}],"collection":[{"href":"https:\/\/elfsight.com\/fr\/wp-json\/wp\/v2\/pages"}],"about":[{"href":"https:\/\/elfsight.com\/fr\/wp-json\/wp\/v2\/types\/page"}],"author":[{"embeddable":true,"href":"https:\/\/elfsight.com\/fr\/wp-json\/wp\/v2\/users\/9"}],"replies":[{"embeddable":true,"href":"https:\/\/elfsight.com\/fr\/wp-json\/wp\/v2\/comments?post=15485"}],"version-history":[{"count":1,"href":"https:\/\/elfsight.com\/fr\/wp-json\/wp\/v2\/pages\/15485\/revisions"}],"predecessor-version":[{"id":15489,"href":"https:\/\/elfsight.com\/fr\/wp-json\/wp\/v2\/pages\/15485\/revisions\/15489"}],"up":[{"embeddable":true,"href":"https:\/\/elfsight.com\/fr\/wp-json\/wp\/v2\/pages\/14225"}],"wp:attachment":[{"href":"https:\/\/elfsight.com\/fr\/wp-json\/wp\/v2\/media?parent=15485"}],"curies":[{"name":"wp","href":"https:\/\/api.w.org\/{rel}","templated":true}]}}