{"id":15484,"date":"2024-09-30T18:27:29","date_gmt":"2024-09-30T18:27:29","guid":{"rendered":"https:\/\/elfsight.com\/fr\/?page_id=15484"},"modified":"2025-07-10T15:00:26","modified_gmt":"2025-07-10T15:00:26","slug":"magento","status":"publish","type":"page","link":"https:\/\/elfsight.com\/fr\/website-translator-widget\/magento\/","title":{"rendered":"Website Translator &#8211; Magento"},"content":{"rendered":"<div class=\"application-platform-content-item-description application-platform-content-item\" id=\"description\" data-nav-section=\"description\"> <h2>Int\u00e9grer un traducteur de site Web dans Magento avec un plugin Elfsight<\/h2> <p>Une id\u00e9e utile pour am\u00e9liorer les performances en ligne de votre entreprise et attirer une client\u00e8le internationale le public ajoute notre widget de traduction de site Web pour Magento. En traduisant facilement le contenu de votre site Web, ce widget garantit que votre message trouve un \u00e9cho aupr\u00e8s des clients de diff\u00e9rentes communaut\u00e9s linguistiques, aidant ainsi \u00e0 surmonter les barri\u00e8res linguistiques et \u00e0 \u00e9tendre la port\u00e9e de votre entreprise. <\/p><p>Notre traducteur de site Web vous offre une traduction automatique instantan\u00e9e de sites Web am\u00e9lior\u00e9e par l&rsquo;IA de Google, prenant en charge plus de 130 langues. Il m\u00e9morise les param\u00e8tres linguistiques des visiteurs, cr\u00e9ant ainsi une exp\u00e9rience de navigation individuelle qui les maintient engag\u00e9s. Globalisez sans effort votre site Web Magento et connectez-vous avec des publics divers via la solution de traduction avanc\u00e9e. <\/p><p><b>Faites la promotion de vos produits et services partout dans le monde avec le widget de changement de langue orient\u00e9 client\u00a0! <\/b><\/p><\/div> <div class=\"application-platform-content-item-features application-platform-content-item\" id=\"features\" data-nav-section=\"features\"> <h2>Voici les fonctionnalit\u00e9s essentielles du widget\u00a0: <\/h2><ul><li>Traduction automatis\u00e9e instantan\u00e9e de sites Web<\/li><li>Traduction bas\u00e9e sur l&rsquo;IA de Google<\/li><li>Prise en charge de plus de 130\u00a0langues<\/li><li>Enregistrement des pr\u00e9f\u00e9rences des visiteurs<\/li><li>De nombreux styles de widgets de mod\u00e8les<\/li><\/ul><p><a href=\"#demo\">Vous pouvez d\u00e9couvrir toutes les fonctionnalit\u00e9s du widget dans la d\u00e9mo ci-dessous<\/a><\/p><\/div> <div class=\"application-platform-content-item-installation application-platform-content-item\" id=\"installation\" data-nav-section=\"installation\"> <h2>Comment int\u00e9grer le traducteur de site Web dans ma page Web Magento ? <\/h2><p>Appliquez simplement les instructions ci-dessous pour commencer \u00e0 utiliser l&rsquo;outil. <\/p><ol><li><b>R\u00e9alisez notre d\u00e9mo gratuite et commencez \u00e0 cr\u00e9er votre widget personnalis\u00e9. <\/b><br>Choisissez la conception et les fonctionnalit\u00e9s pr\u00e9f\u00e9rables du plugin et appliquez les modifications. <\/li> <li><b>R\u00e9cup\u00e9rez le code personnel apparaissant dans la fen\u00eatre sur Elfsight Apps. <\/b><br>Une fois la personnalisation de votre widget personnel termin\u00e9e, copiez le code individuel de la fen\u00eatre contextuelle apparue et enregistrez-le pour d&rsquo;autres besoins. <\/li> <li><b>Commencez \u00e0 utiliser le widget sur le site Web de Magento. <\/b><br>Ajoutez le code que vous avez copi\u00e9 auparavant dans votre site Web et enregistrez les modifications. <\/li> <li><b>L&rsquo;installation est enti\u00e8rement effectu\u00e9e. <\/b><br>Visitez votre page pour v\u00e9rifier le fonctionnement du widget. <\/li><\/ol><p>Si vous rencontrez des probl\u00e8mes, veuillez demander de l&rsquo;aide \u00e0 notre \u00e9quipe d&rsquo;assistance. Nos sp\u00e9cialistes sont d\u00e9sireux de r\u00e9soudre toutes les difficult\u00e9s que vous pourriez rencontrer avec le widget. <\/p><\/div>","protected":false},"excerpt":{"rendered":"","protected":false},"author":9,"featured_media":0,"parent":14225,"menu_order":0,"comment_status":"closed","ping_status":"closed","template":"templates\/template-application-platform.php","meta":{"publish_to_discourse":"","publish_post_category":"","wpdc_auto_publish_overridden":"","wpdc_topic_tags":"","wpdc_pin_topic":"","wpdc_pin_until":"","discourse_post_id":"","discourse_permalink":"","wpdc_publishing_response":"","wpdc_publishing_error":"","footnotes":""},"class_list":["post-15484","page","type-page","status-publish","hentry"],"yoast_head":"<!-- This site is optimized with the Yoast SEO plugin v25.3.1 - https:\/\/yoast.com\/wordpress\/plugins\/seo\/ -->\n<title>Widget de traduction de site Web - Int\u00e9grer un traducteur de texte sur Magento<\/title>\n<meta name=\"description\" content=\"Ajoutez un widget de traduction de site Web transparent \u00e0 votre site Web Magento. Consultez la d\u00e9mo en ligne d\u2019Elfsight pour cr\u00e9er sans effort votre solution individuelle.\" \/>\n<meta name=\"robots\" content=\"index, follow, max-snippet:-1, max-image-preview:large, max-video-preview:-1\" \/>\n<link rel=\"canonical\" href=\"https:\/\/elfsight.com\/fr\/website-translator-widget\/magento\/\" \/>\n<meta property=\"og:locale\" content=\"fr_FR\" \/>\n<meta property=\"og:type\" content=\"article\" \/>\n<meta property=\"og:title\" content=\"Widget de traduction de site Web - Int\u00e9grer un traducteur de texte sur Magento\" \/>\n<meta property=\"og:description\" content=\"Ajoutez un widget de traduction de site Web transparent \u00e0 votre site Web Magento. Consultez la d\u00e9mo en ligne d\u2019Elfsight pour cr\u00e9er sans effort votre solution individuelle.\" \/>\n<meta property=\"og:url\" content=\"https:\/\/elfsight.com\/fr\/website-translator-widget\/magento\/\" \/>\n<meta property=\"og:site_name\" content=\"Elfsight FR\" \/>\n<meta property=\"article:modified_time\" content=\"2025-07-10T15:00:26+00:00\" \/>\n<meta name=\"twitter:card\" content=\"summary_large_image\" \/>\n<meta name=\"twitter:label1\" content=\"Dur\u00e9e de lecture estim\u00e9e\" \/>\n\t<meta name=\"twitter:data1\" content=\"2 minutes\" \/>\n<!-- \/ Yoast SEO plugin. -->","yoast_head_json":{"title":"Widget de traduction de site Web - Int\u00e9grer un traducteur de texte sur Magento","description":"Ajoutez un widget de traduction de site Web transparent \u00e0 votre site Web Magento. Consultez la d\u00e9mo en ligne d\u2019Elfsight pour cr\u00e9er sans effort votre solution individuelle.","robots":{"index":"index","follow":"follow","max-snippet":"max-snippet:-1","max-image-preview":"max-image-preview:large","max-video-preview":"max-video-preview:-1"},"canonical":"https:\/\/elfsight.com\/fr\/website-translator-widget\/magento\/","og_locale":"fr_FR","og_type":"article","og_title":"Widget de traduction de site Web - Int\u00e9grer un traducteur de texte sur Magento","og_description":"Ajoutez un widget de traduction de site Web transparent \u00e0 votre site Web Magento. Consultez la d\u00e9mo en ligne d\u2019Elfsight pour cr\u00e9er sans effort votre solution individuelle.","og_url":"https:\/\/elfsight.com\/fr\/website-translator-widget\/magento\/","og_site_name":"Elfsight FR","article_modified_time":"2025-07-10T15:00:26+00:00","twitter_card":"summary_large_image","twitter_misc":{"Dur\u00e9e de lecture estim\u00e9e":"2 minutes"},"schema":{"@context":"https:\/\/schema.org","@graph":[{"@type":"WebPage","@id":"https:\/\/elfsight.com\/fr\/website-translator-widget\/magento\/","url":"https:\/\/elfsight.com\/fr\/website-translator-widget\/magento\/","name":"Widget de traduction de site Web - Int\u00e9grer un traducteur de texte sur Magento","isPartOf":{"@id":"https:\/\/elfsight.com\/fr\/#website"},"datePublished":"2024-09-30T18:27:29+00:00","dateModified":"2025-07-10T15:00:26+00:00","description":"Ajoutez un widget de traduction de site Web transparent \u00e0 votre site Web Magento. Consultez la d\u00e9mo en ligne d\u2019Elfsight pour cr\u00e9er sans effort votre solution individuelle.","breadcrumb":{"@id":"https:\/\/elfsight.com\/fr\/website-translator-widget\/magento\/#breadcrumb"},"inLanguage":"fr-FR","potentialAction":[{"@type":"ReadAction","target":["https:\/\/elfsight.com\/fr\/website-translator-widget\/magento\/"]}]},{"@type":"BreadcrumbList","@id":"https:\/\/elfsight.com\/fr\/website-translator-widget\/magento\/#breadcrumb","itemListElement":[{"@type":"ListItem","position":1,"name":"Home","item":"https:\/\/elfsight.com\/fr\/"},{"@type":"ListItem","position":2,"name":"Website Translator","item":"https:\/\/elfsight.com\/fr\/website-translator-widget\/"},{"@type":"ListItem","position":3,"name":"Website Translator &#8211; Magento"}]},{"@type":"WebSite","@id":"https:\/\/elfsight.com\/fr\/#website","url":"https:\/\/elfsight.com\/fr\/","name":"Elfsight FR","description":"","potentialAction":[{"@type":"SearchAction","target":{"@type":"EntryPoint","urlTemplate":"https:\/\/elfsight.com\/fr\/?s={search_term_string}"},"query-input":{"@type":"PropertyValueSpecification","valueRequired":true,"valueName":"search_term_string"}}],"inLanguage":"fr-FR"}]}},"meta_box":{"industry":"","seo_heading":"","heading":"","description":"","cta_heading":"","cta_description":"","application":"14220","h1":"Extension du traducteur de site Web Magento","h1_caption":"Traduisez automatiquement le contenu de votre site Web dans plusieurs langues, le rendant ainsi accessible sans effort \u00e0 un public mondial sur votre site Web Magento.","application_category":[],"applications_title":"","applications_request_title":"","applications_request_button_text":"","hero_text":"","hero_video":"","hero_video_schema_markup":"","selling_points_title":"","selling_points_caption":"","selling_points":[],"selling_points_cta_text":"","features_title":"","features":"","ed_cta_examples_text":"","ed_cta_examples_hidden":"","ed_cta_demo_text":"","ed_cta_demo_hidden":"","why_caption":"","why_editor_title":"","why_editor_text":"","why_team_title":"","why_team_text":"","why_service_title":"","why_service_text":"","template_catalog_visible":"","template_catalog_title":"","template_catalog_text":"","template_catalog_categories_visible":"","demo_title":"Cr\u00e9ez votre extension de traducteur de site Web","demo_caption":"Configurez votre traducteur de site Web et ajoutez-le gratuitement \u00e0 votre site Web Magento\u00a0!","default_faq_hidden":"","app_template_category":[],"platform":"357","template_public_id":"","codecanyon_url":"","codecanyon_item_id":"","codecanyon_price":"","pricing_caption":"","pricing_elfsight_apps_hide_column":"","pricing_elfsight_apps_url":"","pricing_codecanyon_price_caption":"","integration_category":[],"integration_request_title":"","integration_request_cta":"","integration_platform":"","integrations":[],"platform_category":[],"video_schema_markup":"","price":"\u00e0 partir de 0$ \/ mois","trial":"","benefits":[{"text":"Service d'installation gratuit"},{"text":"Service client efficace"},{"text":"Garantie de remboursement de 14 jours"},{"text":"D\u00e9veloppement continu"}],"button_url":"#demo","button_target_blank":"","button_nofollow":"","attributes":[{"name":"Installations","content":"50,000 - 100,000"},{"name":"Sensible","content":"Oui"},{"name":"Navigateurs compatibles","content":"Firefox, Safari, Opera, Chrome, Edge"}],"tags":[],"tags_disable_links":"","hide_more_platforms":"","video_object":"","demo_hide_cta":"","demo_hide_cloud_options":"","pricing_title":"","pricing":[{"pricing_icon":"platform","pricing_title":"Elfsight Apps","pricing_title_caption":"Solution num\u00e9rique multiplateforme","pricing_price":"\u00e0 partir de 0$ \/ mois","pricing_price_caption":"commencez avec un forfait gratuit","pricing_benefits":[{"text":"Sites Web illimit\u00e9s"},{"text":"Support client d\u00e9di\u00e9"},{"text":"Service d'installation gratuit"}],"pricing_button_text":"Ajouter au site Web","pricing_button_url":"#demo"}],"related_apps_title":"","related_apps_hidden":"","author":"","image":[],"title":"","job":"","social_networks":[]},"_links":{"self":[{"href":"https:\/\/elfsight.com\/fr\/wp-json\/wp\/v2\/pages\/15484","targetHints":{"allow":["GET"]}}],"collection":[{"href":"https:\/\/elfsight.com\/fr\/wp-json\/wp\/v2\/pages"}],"about":[{"href":"https:\/\/elfsight.com\/fr\/wp-json\/wp\/v2\/types\/page"}],"author":[{"embeddable":true,"href":"https:\/\/elfsight.com\/fr\/wp-json\/wp\/v2\/users\/9"}],"replies":[{"embeddable":true,"href":"https:\/\/elfsight.com\/fr\/wp-json\/wp\/v2\/comments?post=15484"}],"version-history":[{"count":1,"href":"https:\/\/elfsight.com\/fr\/wp-json\/wp\/v2\/pages\/15484\/revisions"}],"predecessor-version":[{"id":15488,"href":"https:\/\/elfsight.com\/fr\/wp-json\/wp\/v2\/pages\/15484\/revisions\/15488"}],"up":[{"embeddable":true,"href":"https:\/\/elfsight.com\/fr\/wp-json\/wp\/v2\/pages\/14225"}],"wp:attachment":[{"href":"https:\/\/elfsight.com\/fr\/wp-json\/wp\/v2\/media?parent=15484"}],"curies":[{"name":"wp","href":"https:\/\/api.w.org\/{rel}","templated":true}]}}