{"id":15478,"date":"2024-09-30T18:27:29","date_gmt":"2024-09-30T18:27:29","guid":{"rendered":"https:\/\/elfsight.com\/fr\/?page_id=15478"},"modified":"2025-07-10T14:13:47","modified_gmt":"2025-07-10T14:13:47","slug":"drupal","status":"publish","type":"page","link":"https:\/\/elfsight.com\/fr\/website-translator-widget\/drupal\/","title":{"rendered":"Website Translator &#8211; Drupal"},"content":{"rendered":"<div class=\"application-platform-content-item-description application-platform-content-item\" id=\"description\" data-nav-section=\"description\"> <h2>Int\u00e9grer un traducteur de site Web dans Drupal avec un plugin Elfsight<\/h2> <p>Une bonne id\u00e9e pour am\u00e9liorer les performances en ligne de votre entreprise et attirer une client\u00e8le internationale l&rsquo;audience est l&rsquo;int\u00e9gration de notre widget de traduction de site Web pour Drupal. En traduisant facilement le contenu de votre site Web, ce widget garantit que votre message s\u00e9duira des clients d&rsquo;horizons linguistiques vari\u00e9s, contribuant ainsi \u00e0 \u00e9liminer les barri\u00e8res linguistiques et \u00e0 accro\u00eetre la port\u00e9e de votre entreprise. <\/p><p>Notre traducteur de site Web vous offre une traduction automatique instantan\u00e9e de site Web am\u00e9lior\u00e9e par l&rsquo;IA de Google, prenant en charge plus de 130 langues. Il peut m\u00e9moriser les pr\u00e9f\u00e9rences linguistiques des visiteurs, cr\u00e9ant ainsi une exp\u00e9rience de navigation personnalis\u00e9e qui maintient l&rsquo;engagement des utilisateurs. Globalisez sans effort votre site Web Drupal et connectez-vous avec des publics divers gr\u00e2ce \u00e0 la solution de traduction de pointe. <\/p><p><b>Faites la promotion de vos produits et services partout dans le monde avec le widget de changement de langue convivial\u00a0! <\/b><\/p><\/div> <div class=\"application-platform-content-item-features application-platform-content-item\" id=\"features\" data-nav-section=\"features\"> <h2>Nous proposons des fonctionnalit\u00e9s pratiques et rapides, consultez-en quelques-unes\u00a0: <\/h2><ul><li>traduction automatique imm\u00e9diate de sites Web<\/li><li>Traduction bas\u00e9e sur l&rsquo;IA de Google<\/li><li>Prise en charge de plus de 130\u00a0langues<\/li><li>Enregistrement des param\u00e8tres des visiteurs<\/li><li>De nombreux widgets pr\u00e9d\u00e9finis styles<\/li><\/ul><p><a href=\"#demo\">Explorez toutes les options de personnalisation dans la d\u00e9mo compl\u00e8te<\/a><\/p><\/div> <div class=\"application-platform-content-item-installation application-platform-content-item\" id=\"installation\" data-nav-section=\"installation\"> <h2>Comment puis-je int\u00e9grer Website Translator dans ma page Web Drupal\u00a0? <\/h2><p>Suivez simplement les instructions ci-dessous pour commencer \u00e0 travailler avec le widget. <\/p><ol><li><b>Lancez notre \u00e9diteur gratuit et commencez \u00e0 fa\u00e7onner votre widget unique. <\/b><br>Choisissez l&rsquo;interface personnalis\u00e9e et les fonctionnalit\u00e9s de l&rsquo;outil et appliquez les corrections. <\/li> <li><b>Copiez votre code personnel qui appara\u00eet dans la fen\u00eatre sur Elfsight Apps. <\/b><br>D\u00e8s que la cr\u00e9ation de votre outil est termin\u00e9e, copiez le code individuel de la fen\u00eatre contextuelle apparue et enregistrez-le pour d&rsquo;autres besoins. <\/li> <li><b>Commencez \u00e0 utiliser le widget sur le site Web Drupal. <\/b><br>Ins\u00e9rez le code enregistr\u00e9 r\u00e9cemment dans votre page Web et enregistrez les modifications. <\/li> <li><b>Fait\u00a0! L&rsquo;int\u00e9gration est pleinement r\u00e9alis\u00e9e. <\/b><br>Acc\u00e9dez \u00e0 votre site Web pour voir comment fonctionne le widget. <\/li><\/ol><p>Si vous avez des questions ou rencontrez des difficult\u00e9s, n&rsquo;h\u00e9sitez pas \u00e0 \u00e9crire \u00e0 notre \u00e9quipe d&rsquo;assistance. Nos collaborateurs sont impatients de r\u00e9soudre toutes les questions que vous pourriez vous poser avec le widget. <\/p><\/div>","protected":false},"excerpt":{"rendered":"","protected":false},"author":9,"featured_media":0,"parent":14225,"menu_order":0,"comment_status":"closed","ping_status":"closed","template":"templates\/template-application-platform.php","meta":{"publish_to_discourse":"","publish_post_category":"","wpdc_auto_publish_overridden":"","wpdc_topic_tags":"","wpdc_pin_topic":"","wpdc_pin_until":"","discourse_post_id":"","discourse_permalink":"","wpdc_publishing_response":"","wpdc_publishing_error":"","footnotes":""},"class_list":["post-15478","page","type-page","status-publish","hentry"],"yoast_head":"<!-- This site is optimized with the Yoast SEO plugin v25.3.1 - https:\/\/yoast.com\/wordpress\/plugins\/seo\/ -->\n<title>Widget de traduction de site Web - Int\u00e9grer un traducteur gratuit pour Drupal<\/title>\n<meta name=\"description\" content=\"Ajoutez un widget de traduction de site Web transparent sur votre site Web Drupal. Utilisez la d\u00e9mo conviviale d&#039;Elfsight pour cr\u00e9er facilement votre solution personnalis\u00e9e.\" \/>\n<meta name=\"robots\" content=\"index, follow, max-snippet:-1, max-image-preview:large, max-video-preview:-1\" \/>\n<link rel=\"canonical\" href=\"https:\/\/elfsight.com\/fr\/website-translator-widget\/drupal\/\" \/>\n<meta property=\"og:locale\" content=\"fr_FR\" \/>\n<meta property=\"og:type\" content=\"article\" \/>\n<meta property=\"og:title\" content=\"Widget de traduction de site Web - Int\u00e9grer un traducteur gratuit pour Drupal\" \/>\n<meta property=\"og:description\" content=\"Ajoutez un widget de traduction de site Web transparent sur votre site Web Drupal. Utilisez la d\u00e9mo conviviale d&#039;Elfsight pour cr\u00e9er facilement votre solution personnalis\u00e9e.\" \/>\n<meta property=\"og:url\" content=\"https:\/\/elfsight.com\/fr\/website-translator-widget\/drupal\/\" \/>\n<meta property=\"og:site_name\" content=\"Elfsight FR\" \/>\n<meta property=\"article:modified_time\" content=\"2025-07-10T14:13:47+00:00\" \/>\n<meta name=\"twitter:card\" content=\"summary_large_image\" \/>\n<meta name=\"twitter:label1\" content=\"Dur\u00e9e de lecture estim\u00e9e\" \/>\n\t<meta name=\"twitter:data1\" content=\"2 minutes\" \/>\n<!-- \/ Yoast SEO plugin. -->","yoast_head_json":{"title":"Widget de traduction de site Web - Int\u00e9grer un traducteur gratuit pour Drupal","description":"Ajoutez un widget de traduction de site Web transparent sur votre site Web Drupal. Utilisez la d\u00e9mo conviviale d'Elfsight pour cr\u00e9er facilement votre solution personnalis\u00e9e.","robots":{"index":"index","follow":"follow","max-snippet":"max-snippet:-1","max-image-preview":"max-image-preview:large","max-video-preview":"max-video-preview:-1"},"canonical":"https:\/\/elfsight.com\/fr\/website-translator-widget\/drupal\/","og_locale":"fr_FR","og_type":"article","og_title":"Widget de traduction de site Web - Int\u00e9grer un traducteur gratuit pour Drupal","og_description":"Ajoutez un widget de traduction de site Web transparent sur votre site Web Drupal. Utilisez la d\u00e9mo conviviale d'Elfsight pour cr\u00e9er facilement votre solution personnalis\u00e9e.","og_url":"https:\/\/elfsight.com\/fr\/website-translator-widget\/drupal\/","og_site_name":"Elfsight FR","article_modified_time":"2025-07-10T14:13:47+00:00","twitter_card":"summary_large_image","twitter_misc":{"Dur\u00e9e de lecture estim\u00e9e":"2 minutes"},"schema":{"@context":"https:\/\/schema.org","@graph":[{"@type":"WebPage","@id":"https:\/\/elfsight.com\/fr\/website-translator-widget\/drupal\/","url":"https:\/\/elfsight.com\/fr\/website-translator-widget\/drupal\/","name":"Widget de traduction de site Web - Int\u00e9grer un traducteur gratuit pour Drupal","isPartOf":{"@id":"https:\/\/elfsight.com\/fr\/#website"},"datePublished":"2024-09-30T18:27:29+00:00","dateModified":"2025-07-10T14:13:47+00:00","description":"Ajoutez un widget de traduction de site Web transparent sur votre site Web Drupal. Utilisez la d\u00e9mo conviviale d'Elfsight pour cr\u00e9er facilement votre solution personnalis\u00e9e.","breadcrumb":{"@id":"https:\/\/elfsight.com\/fr\/website-translator-widget\/drupal\/#breadcrumb"},"inLanguage":"fr-FR","potentialAction":[{"@type":"ReadAction","target":["https:\/\/elfsight.com\/fr\/website-translator-widget\/drupal\/"]}]},{"@type":"BreadcrumbList","@id":"https:\/\/elfsight.com\/fr\/website-translator-widget\/drupal\/#breadcrumb","itemListElement":[{"@type":"ListItem","position":1,"name":"Home","item":"https:\/\/elfsight.com\/fr\/"},{"@type":"ListItem","position":2,"name":"Website Translator","item":"https:\/\/elfsight.com\/fr\/website-translator-widget\/"},{"@type":"ListItem","position":3,"name":"Website Translator &#8211; Drupal"}]},{"@type":"WebSite","@id":"https:\/\/elfsight.com\/fr\/#website","url":"https:\/\/elfsight.com\/fr\/","name":"Elfsight FR","description":"","potentialAction":[{"@type":"SearchAction","target":{"@type":"EntryPoint","urlTemplate":"https:\/\/elfsight.com\/fr\/?s={search_term_string}"},"query-input":{"@type":"PropertyValueSpecification","valueRequired":true,"valueName":"search_term_string"}}],"inLanguage":"fr-FR"}]}},"meta_box":{"industry":"","seo_heading":"","heading":"","description":"","cta_heading":"","cta_description":"","application":"14220","h1":"Module de traduction de site Web Drupal","h1_caption":"Traduisez automatiquement le contenu de votre site Web dans plusieurs langues, le rendant ainsi accessible \u00e0 un public mondial sur votre site Web Drupal sans effort.","application_category":[],"applications_title":"","applications_request_title":"","applications_request_button_text":"","hero_text":"","hero_video":"","hero_video_schema_markup":"","selling_points_title":"","selling_points_caption":"","selling_points":[],"selling_points_cta_text":"","features_title":"","features":"","ed_cta_examples_text":"","ed_cta_examples_hidden":"","ed_cta_demo_text":"","ed_cta_demo_hidden":"","why_caption":"","why_editor_title":"","why_editor_text":"","why_team_title":"","why_team_text":"","why_service_title":"","why_service_text":"","template_catalog_visible":"","template_catalog_title":"","template_catalog_text":"","template_catalog_categories_visible":"","demo_title":"Cr\u00e9ez votre module de traduction de site Web","demo_caption":"Configurez votre traducteur de site Web et ajoutez-le gratuitement \u00e0 votre site Web Drupal\u00a0!","default_faq_hidden":"","app_template_category":[],"platform":"351","template_public_id":"","codecanyon_url":"","codecanyon_item_id":"","codecanyon_price":"","pricing_caption":"","pricing_elfsight_apps_hide_column":"","pricing_elfsight_apps_url":"","pricing_codecanyon_price_caption":"","integration_category":[],"integration_request_title":"","integration_request_cta":"","integration_platform":"","integrations":[],"platform_category":[],"video_schema_markup":"","price":"\u00e0 partir de 0$ \/ mois","trial":"","benefits":[{"text":"Assistance \u00e0 l'installation gratuite"},{"text":"Assistance premium"},{"text":"Garantie de remboursement de 14 jours"},{"text":"Mise \u00e0 jour constante"}],"button_url":"#demo","button_target_blank":"","button_nofollow":"","attributes":[{"name":"Installations","content":"50,000 - 100,000"},{"name":"Sensible","content":"Oui"},{"name":"Navigateurs compatibles","content":"Firefox, Safari, Opera, Chrome, Edge"}],"tags":[],"tags_disable_links":"","hide_more_platforms":"","video_object":"","demo_hide_cta":"","demo_hide_cloud_options":"","pricing_title":"","pricing":[{"pricing_icon":"platform","pricing_title":"Elfsight Apps","pricing_title_caption":"Solution num\u00e9rique ind\u00e9pendante de la plateforme","pricing_price":"\u00e0 partir de 0$ \/ mois","pricing_price_caption":"commencez avec un forfait gratuit","pricing_benefits":[{"text":"Sites Web illimit\u00e9s"},{"text":"Assistance gratuite pour l'entreprise"},{"text":"Service d'installation gratuit"}],"pricing_button_text":"Ajouter au site Web","pricing_button_url":"#demo"}],"related_apps_title":"","related_apps_hidden":"","author":"","image":[],"title":"","job":"","social_networks":[]},"_links":{"self":[{"href":"https:\/\/elfsight.com\/fr\/wp-json\/wp\/v2\/pages\/15478","targetHints":{"allow":["GET"]}}],"collection":[{"href":"https:\/\/elfsight.com\/fr\/wp-json\/wp\/v2\/pages"}],"about":[{"href":"https:\/\/elfsight.com\/fr\/wp-json\/wp\/v2\/types\/page"}],"author":[{"embeddable":true,"href":"https:\/\/elfsight.com\/fr\/wp-json\/wp\/v2\/users\/9"}],"replies":[{"embeddable":true,"href":"https:\/\/elfsight.com\/fr\/wp-json\/wp\/v2\/comments?post=15478"}],"version-history":[{"count":1,"href":"https:\/\/elfsight.com\/fr\/wp-json\/wp\/v2\/pages\/15478\/revisions"}],"predecessor-version":[{"id":15482,"href":"https:\/\/elfsight.com\/fr\/wp-json\/wp\/v2\/pages\/15478\/revisions\/15482"}],"up":[{"embeddable":true,"href":"https:\/\/elfsight.com\/fr\/wp-json\/wp\/v2\/pages\/14225"}],"wp:attachment":[{"href":"https:\/\/elfsight.com\/fr\/wp-json\/wp\/v2\/media?parent=15478"}],"curies":[{"name":"wp","href":"https:\/\/api.w.org\/{rel}","templated":true}]}}