{"id":15471,"date":"2024-09-30T18:27:29","date_gmt":"2024-09-30T18:27:29","guid":{"rendered":"https:\/\/elfsight.com\/fr\/?page_id=15471"},"modified":"2025-07-10T15:00:22","modified_gmt":"2025-07-10T15:00:22","slug":"jquery","status":"publish","type":"page","link":"https:\/\/elfsight.com\/fr\/website-translator-widget\/jquery\/","title":{"rendered":"Website Translator &#8211; jQuery"},"content":{"rendered":"<div class=\"application-platform-content-item-description application-platform-content-item\" id=\"description\" data-nav-section=\"description\"> <h2>Int\u00e9grer un traducteur de site Web dans jQuery avec un plugin Elfsight<\/h2> <p>Une excellente id\u00e9e pour am\u00e9liorer la pr\u00e9sence en ligne de votre entreprise et attirer une client\u00e8le internationale. le public re\u00e7oit notre widget de traduction de site Web pour jQuery. En traduisant facilement le contenu de votre site Web, ce widget garantit que votre message trouvera un \u00e9cho aupr\u00e8s des clients de diff\u00e9rents horizons linguistiques, vous aidant ainsi \u00e0 surmonter les barri\u00e8res linguistiques et \u00e0 \u00e9largir votre port\u00e9e sur le march\u00e9. <\/p><p>Notre traducteur de site Web propose une traduction automatique imm\u00e9diate de sites Web pilot\u00e9e par l&rsquo;IA de Google, prenant en charge plus de 130 langues. Il peut m\u00e9moriser les param\u00e8tres de langue des visiteurs, permettant une exp\u00e9rience de navigation personnalis\u00e9e qui maintient les visiteurs engag\u00e9s. Globalisez sans effort votre site Web jQuery et connectez-vous avec diff\u00e9rents publics via la technologie de traduction de pointe. <\/p><p><b>Faites la promotion de vos produits et services \u00e0 travers le monde avec le widget de changement de langue convivial\u00a0! <\/b><\/p><\/div> <div class=\"application-platform-content-item-features application-platform-content-item\" id=\"features\" data-nav-section=\"features\"> <h2>Vous trouverez ci-dessous les principales fonctionnalit\u00e9s du widget\u00a0: <\/h2><ul><li>Traduction automatis\u00e9e instantan\u00e9e de sites Web<\/li><li>Traduction am\u00e9lior\u00e9e par l&rsquo;IA de Google<\/li><li>Maintenance de plus de 130\u00a0langues<\/li><li>Conservation des param\u00e8tres utilisateur<\/li><li>De nombreux widgets pr\u00e9d\u00e9finis styles<\/li><\/ul><p><a href=\"#demo\">Explorez toutes les fonctionnalit\u00e9s de personnalisation dans une d\u00e9mo compl\u00e8te<\/a><\/p><\/div> <div class=\"application-platform-content-item-installation application-platform-content-item\" id=\"installation\" data-nav-section=\"installation\"> <h2>Comment int\u00e9grer le Traducteur de Site Web dans mes pages jQuery\u00a0? <\/h2><p>Appliquez simplement les instructions ci-dessous pour int\u00e9grer l&rsquo;outil. <\/p><ol><li><b>R\u00e9alisez notre d\u00e9mo gratuite et commencez \u00e0 cr\u00e9er votre plugin personnalis\u00e9. <\/b><br>Recherchez le design et les caract\u00e9ristiques fonctionnelles souhaitables du widget et enregistrez les corrections. <\/li> <li><b>Recevez le code individuel apparaissant dans la case sur Elfsight Apps. <\/b><br>Une fois la cr\u00e9ation de votre outil personnel termin\u00e9e, copiez le code personnel dans la fen\u00eatre qui appara\u00eet et conservez-le pour une occasion ult\u00e9rieure. <\/li> <li><b>Initier l&rsquo;utilisation du plugin sur la page Web jQuery. <\/b><br>Saisissez le code enregistr\u00e9 pr\u00e9c\u00e9demment dans votre site Web et appliquez les modifications. <\/li> <li><b>Fait\u00a0! L&rsquo;int\u00e9gration est enti\u00e8rement termin\u00e9e. <\/b><br>Acc\u00e9dez \u00e0 votre page pour v\u00e9rifier les performances du widget. <\/li><\/ol><p>Si vous avez des questions ou si vous rencontrez des complications, n&rsquo;h\u00e9sitez pas \u00e0 faire appel \u00e0 notre \u00e9quipe d&rsquo;assistance. Nos collaborateurs sont impatients de r\u00e9soudre toutes les questions que vous pourriez vous poser avec l&rsquo;outil. <\/p><\/div>","protected":false},"excerpt":{"rendered":"","protected":false},"author":9,"featured_media":0,"parent":14225,"menu_order":0,"comment_status":"closed","ping_status":"closed","template":"templates\/template-application-platform.php","meta":{"publish_to_discourse":"","publish_post_category":"","wpdc_auto_publish_overridden":"","wpdc_topic_tags":"","wpdc_pin_topic":"","wpdc_pin_until":"","discourse_post_id":"","discourse_permalink":"","wpdc_publishing_response":"","wpdc_publishing_error":"","footnotes":""},"class_list":["post-15471","page","type-page","status-publish","hentry"],"yoast_head":"<!-- This site is optimized with the Yoast SEO plugin v25.3.1 - https:\/\/yoast.com\/wordpress\/plugins\/seo\/ -->\n<title>Widget de traduction de site Web - Int\u00e9grer un traducteur rapide sur jQuery<\/title>\n<meta name=\"description\" content=\"Ajoutez un widget de traduction de site Web sans code \u00e0 votre site Web jQuery. Essayez la d\u00e9mo rapide d&#039;Elfsight pour cr\u00e9er sans effort votre solution unique.\" \/>\n<meta name=\"robots\" content=\"index, follow, max-snippet:-1, max-image-preview:large, max-video-preview:-1\" \/>\n<link rel=\"canonical\" href=\"https:\/\/elfsight.com\/fr\/website-translator-widget\/jquery\/\" \/>\n<meta property=\"og:locale\" content=\"fr_FR\" \/>\n<meta property=\"og:type\" content=\"article\" \/>\n<meta property=\"og:title\" content=\"Widget de traduction de site Web - Int\u00e9grer un traducteur rapide sur jQuery\" \/>\n<meta property=\"og:description\" content=\"Ajoutez un widget de traduction de site Web sans code \u00e0 votre site Web jQuery. Essayez la d\u00e9mo rapide d&#039;Elfsight pour cr\u00e9er sans effort votre solution unique.\" \/>\n<meta property=\"og:url\" content=\"https:\/\/elfsight.com\/fr\/website-translator-widget\/jquery\/\" \/>\n<meta property=\"og:site_name\" content=\"Elfsight FR\" \/>\n<meta property=\"article:modified_time\" content=\"2025-07-10T15:00:22+00:00\" \/>\n<meta name=\"twitter:card\" content=\"summary_large_image\" \/>\n<meta name=\"twitter:label1\" content=\"Dur\u00e9e de lecture estim\u00e9e\" \/>\n\t<meta name=\"twitter:data1\" content=\"2 minutes\" \/>\n<!-- \/ Yoast SEO plugin. -->","yoast_head_json":{"title":"Widget de traduction de site Web - Int\u00e9grer un traducteur rapide sur jQuery","description":"Ajoutez un widget de traduction de site Web sans code \u00e0 votre site Web jQuery. Essayez la d\u00e9mo rapide d'Elfsight pour cr\u00e9er sans effort votre solution unique.","robots":{"index":"index","follow":"follow","max-snippet":"max-snippet:-1","max-image-preview":"max-image-preview:large","max-video-preview":"max-video-preview:-1"},"canonical":"https:\/\/elfsight.com\/fr\/website-translator-widget\/jquery\/","og_locale":"fr_FR","og_type":"article","og_title":"Widget de traduction de site Web - Int\u00e9grer un traducteur rapide sur jQuery","og_description":"Ajoutez un widget de traduction de site Web sans code \u00e0 votre site Web jQuery. Essayez la d\u00e9mo rapide d'Elfsight pour cr\u00e9er sans effort votre solution unique.","og_url":"https:\/\/elfsight.com\/fr\/website-translator-widget\/jquery\/","og_site_name":"Elfsight FR","article_modified_time":"2025-07-10T15:00:22+00:00","twitter_card":"summary_large_image","twitter_misc":{"Dur\u00e9e de lecture estim\u00e9e":"2 minutes"},"schema":{"@context":"https:\/\/schema.org","@graph":[{"@type":"WebPage","@id":"https:\/\/elfsight.com\/fr\/website-translator-widget\/jquery\/","url":"https:\/\/elfsight.com\/fr\/website-translator-widget\/jquery\/","name":"Widget de traduction de site Web - Int\u00e9grer un traducteur rapide sur jQuery","isPartOf":{"@id":"https:\/\/elfsight.com\/fr\/#website"},"datePublished":"2024-09-30T18:27:29+00:00","dateModified":"2025-07-10T15:00:22+00:00","description":"Ajoutez un widget de traduction de site Web sans code \u00e0 votre site Web jQuery. Essayez la d\u00e9mo rapide d'Elfsight pour cr\u00e9er sans effort votre solution unique.","breadcrumb":{"@id":"https:\/\/elfsight.com\/fr\/website-translator-widget\/jquery\/#breadcrumb"},"inLanguage":"fr-FR","potentialAction":[{"@type":"ReadAction","target":["https:\/\/elfsight.com\/fr\/website-translator-widget\/jquery\/"]}]},{"@type":"BreadcrumbList","@id":"https:\/\/elfsight.com\/fr\/website-translator-widget\/jquery\/#breadcrumb","itemListElement":[{"@type":"ListItem","position":1,"name":"Home","item":"https:\/\/elfsight.com\/fr\/"},{"@type":"ListItem","position":2,"name":"Website Translator","item":"https:\/\/elfsight.com\/fr\/website-translator-widget\/"},{"@type":"ListItem","position":3,"name":"Website Translator &#8211; jQuery"}]},{"@type":"WebSite","@id":"https:\/\/elfsight.com\/fr\/#website","url":"https:\/\/elfsight.com\/fr\/","name":"Elfsight FR","description":"","potentialAction":[{"@type":"SearchAction","target":{"@type":"EntryPoint","urlTemplate":"https:\/\/elfsight.com\/fr\/?s={search_term_string}"},"query-input":{"@type":"PropertyValueSpecification","valueRequired":true,"valueName":"search_term_string"}}],"inLanguage":"fr-FR"}]}},"meta_box":{"industry":"","seo_heading":"","heading":"","description":"","cta_heading":"","cta_description":"","application":"14220","h1":"Plugin de traduction de site Web jQuery","h1_caption":"Traduisez automatiquement le contenu de votre site Web dans plusieurs langues, le rendant ainsi accessible sans effort \u00e0 un public mondial sur votre site Web jQuery.","application_category":[],"applications_title":"","applications_request_title":"","applications_request_button_text":"","hero_text":"","hero_video":"","hero_video_schema_markup":"","selling_points_title":"","selling_points_caption":"","selling_points":[],"selling_points_cta_text":"","features_title":"","features":"","ed_cta_examples_text":"","ed_cta_examples_hidden":"","ed_cta_demo_text":"","ed_cta_demo_hidden":"","why_caption":"","why_editor_title":"","why_editor_text":"","why_team_title":"","why_team_text":"","why_service_title":"","why_service_text":"","template_catalog_visible":"","template_catalog_title":"","template_catalog_text":"","template_catalog_categories_visible":"","demo_title":"Cr\u00e9ez votre plugin de traduction de site Web","demo_caption":"Configurez votre traducteur de site Web et ajoutez-le gratuitement \u00e0 votre site Web jQuery\u00a0!","default_faq_hidden":"","app_template_category":[],"platform":"355","template_public_id":"","codecanyon_url":"","codecanyon_item_id":"","codecanyon_price":"","pricing_caption":"","pricing_elfsight_apps_hide_column":"","pricing_elfsight_apps_url":"","pricing_codecanyon_price_caption":"","integration_category":[],"integration_request_title":"","integration_request_cta":"","integration_platform":"","integrations":[],"platform_category":[],"video_schema_markup":"","price":"\u00e0 partir de 0$ \/ mois","trial":"","benefits":[{"text":"Aide \u00e0 l'installation gratuite"},{"text":"Service client efficace"},{"text":"Garantie de remboursement de 14 jours"},{"text":"Mises \u00e0 jour \u00e0 vie"}],"button_url":"#demo","button_target_blank":"","button_nofollow":"","attributes":[{"name":"Installations","content":"50,000 - 100,000"},{"name":"Sensible","content":"Oui"},{"name":"Navigateurs compatibles","content":"Firefox, Safari, Opera, Chrome, Edge"}],"tags":[],"tags_disable_links":"","hide_more_platforms":"","video_object":"","demo_hide_cta":"","demo_hide_cloud_options":"","pricing_title":"","pricing":[{"pricing_icon":"platform","pricing_title":"Elfsight Apps","pricing_title_caption":"Solution ind\u00e9pendante de la plateforme qui fonctionne sur n'importe quel site","pricing_price":"\u00e0 partir de 0$ \/ mois","pricing_price_caption":"commencez avec un forfait gratuit","pricing_benefits":[{"text":"Sites Web illimit\u00e9s"},{"text":"Assistance d\u00e9di\u00e9e et ponctuelle"},{"text":"Assistance \u00e0 l'installation gratuite"}],"pricing_button_text":"Ajouter au site Web","pricing_button_url":"#demo"}],"related_apps_title":"","related_apps_hidden":"","author":"","image":[],"title":"","job":"","social_networks":[]},"_links":{"self":[{"href":"https:\/\/elfsight.com\/fr\/wp-json\/wp\/v2\/pages\/15471","targetHints":{"allow":["GET"]}}],"collection":[{"href":"https:\/\/elfsight.com\/fr\/wp-json\/wp\/v2\/pages"}],"about":[{"href":"https:\/\/elfsight.com\/fr\/wp-json\/wp\/v2\/types\/page"}],"author":[{"embeddable":true,"href":"https:\/\/elfsight.com\/fr\/wp-json\/wp\/v2\/users\/9"}],"replies":[{"embeddable":true,"href":"https:\/\/elfsight.com\/fr\/wp-json\/wp\/v2\/comments?post=15471"}],"version-history":[{"count":1,"href":"https:\/\/elfsight.com\/fr\/wp-json\/wp\/v2\/pages\/15471\/revisions"}],"predecessor-version":[{"id":15475,"href":"https:\/\/elfsight.com\/fr\/wp-json\/wp\/v2\/pages\/15471\/revisions\/15475"}],"up":[{"embeddable":true,"href":"https:\/\/elfsight.com\/fr\/wp-json\/wp\/v2\/pages\/14225"}],"wp:attachment":[{"href":"https:\/\/elfsight.com\/fr\/wp-json\/wp\/v2\/media?parent=15471"}],"curies":[{"name":"wp","href":"https:\/\/api.w.org\/{rel}","templated":true}]}}