{"id":15461,"date":"2024-09-30T18:27:29","date_gmt":"2024-09-30T18:27:29","guid":{"rendered":"https:\/\/elfsight.com\/fr\/?page_id=15461"},"modified":"2025-07-09T09:55:58","modified_gmt":"2025-07-09T09:55:58","slug":"facebook","status":"publish","type":"page","link":"https:\/\/elfsight.com\/fr\/appointment-booking-widget\/facebook\/","title":{"rendered":"Appointment Booking &#8211; Facebook Page"},"content":{"rendered":"<div class=\"application-platform-content-item-description application-platform-content-item\" id=\"description\" data-nav-section=\"description\"><h2>Int\u00e9grez la prise de rendez-vous sur la page Facebook avec le widget Elfsight\u00a0!<\/h2> <p>Le widget de prise de rendez-vous est l\u00e0 pour aider les clients potentiels \u00e0 s\u00e9curiser des plages horaires facilement sur le site Web de votre page Facebook, minimisant ainsi le travail manuel (comme rester constamment disponible \u00e0 tout moment pour ne jamais manquer de messages, d&rsquo;appels et d&rsquo;e-mails) de votre part. Il fait office de r\u00e9ceptionniste d\u00e9di\u00e9, disponible 24 heures sur 24, qui envoie des confirmations automatis\u00e9es et peut \u00eatre connect\u00e9 \u00e0 des int\u00e9grations sp\u00e9cialis\u00e9es, telles que Google Agenda.<\/p> <p>C&rsquo;est le bon moment pour \u00e9laborer davantage sur votre service ou votre \u00e9v\u00e9nement, pr\u00e9cisez le d\u00e9lai, fournissez les informations de contact et fixez les prix pour permettre aux clients de prendre une d\u00e9cision si facilement. En plus de cela, personnalisez l&rsquo;apparence du widget en peaufinant des \u00e9l\u00e9ments et des fonctionnalit\u00e9s personnalis\u00e9s sans avoir besoin de perfectionner vos comp\u00e9tences en codage ou de faire appel \u00e0 un programmeur qualifi\u00e9\u00a0!<\/p> <p><b>Laissez votre entreprise \u00e9voluer et devenez accessible \u00e0 un plus grand nombre. client\u00e8le gr\u00e2ce \u00e0 la prise de rendez-vous en ligne sur votre site Web\u00a0!<\/b><\/p> <\/div> <div class=\"application-platform-content-item-features application-platform-content-item\" id=\"features\" data-nav-section=\"features\"> <h2>Ce ne sont l\u00e0 que quelques-uns des nombreux widgets fonctionnalit\u00e9s\u00a0:<\/h2> <ul><li>Fournissez une description concise de votre service (nom, d\u00e9tails, photo et dur\u00e9e) et \u00e9tablissez le prix dans diff\u00e9rentes devises.<\/li><li>Envoyez des alertes automatiques pour confirmer les cr\u00e9neaux r\u00e9serv\u00e9s aux clients et \u00e0 vous-m\u00eame.<\/li><li>Synchronisez le widget avec des applications d&rsquo;externalisation, comme Google Agenda, pour garantir des mises \u00e0 jour constantes.<\/li><li>Partagez les coordonn\u00e9es de votre entreprise comme preuve sociale et permettez aux utilisateurs de contacter \u00e0 vous en cas d&rsquo;impr\u00e9vu circonstances.<\/li><li>Personnalisation avanc\u00e9e sans avoir besoin de coder\u00a0: mod\u00e8les, couleurs, mises en page, polices pr\u00e9d\u00e9finis, \u00e9diteur CSS personnalis\u00e9, \u00e9diteur JS personnalis\u00e9, etc.<\/li><\/ul><p><a href=\"#demo\">Cochez simplement cette d\u00e9mo pour voir ce que vaut le widget<\/a><\/p> <\/div> <div class=\"application-platform-content-item-installation application-platform-content-item\" id=\"installation\" data-nav-section=\"installation\"> <h2>Comment int\u00e9grer le Prise de rendez-vous sur le site Web de ma page Facebook\u00a0?<\/h2> [astuce]<b>En raison des r\u00e9cents changements sur Facebook et de la transition vers l&rsquo;exp\u00e9rience Nouvelle page, l&rsquo;utilisation n&rsquo;est actuellement possible qu&rsquo;en ajoutant un lien direct vers le widget. Nous recherchons activement une solution et mettrons \u00e0 jour la configuration de la page Facebook d\u00e8s que nous trouverons un moyen.<\/b>[\/tip]<p>Pour int\u00e9grer la prise de rendez-vous sur le site Web de votre page Facebook, suivez les \u00e9tapes ci-dessous\u00a0:<\/p> <ol><li><b>G\u00e9rez notre configurateur gratuit et commencez \u00e0 fa\u00e7onner votre widget de flux LinkedIn personnalis\u00e9.<\/b><br> D\u00e9terminez la mise en page et les fonctionnalit\u00e9s pr\u00e9f\u00e9rables du plugin et appliquez les modifications.<\/li> <li><b>Acqu\u00e9rir votre code personnel indiqu\u00e9 dans l&rsquo;encadr\u00e9 sur les applications Elfsight.<\/b><br> Une fois la configuration de votre plugin termin\u00e9e, copiez le code individuel dans la fen\u00eatre contextuelle qui appara\u00eet et enregistrez-le pour une utilisation ult\u00e9rieure.<\/li> <li><b>Commencez \u00e0 utiliser l&rsquo;outil sur votre site Web de page Facebook.<\/b><br> Int\u00e9grez le code enregistr\u00e9 r\u00e9cemment sur votre site Web et appliquez les am\u00e9liorations.<\/li> <li><b>Vous avez termin\u00e9\u00a0! L&rsquo;int\u00e9gration est enti\u00e8rement effectu\u00e9e.<\/b><br> Visitez votre site Web pour v\u00e9rifier le fonctionnement du widget.<\/li><\/ol> <p>Si vous rencontrez des obstacles, n&rsquo;h\u00e9sitez pas \u00e0 contacter notre personnel de soutien. Nos collaborateurs seront ravis de vous aider avec tous les probl\u00e8mes que vous pourriez rencontrer avec le plugin.<\/p> <\/div> ","protected":false},"excerpt":{"rendered":"","protected":false},"author":9,"featured_media":0,"parent":15252,"menu_order":0,"comment_status":"closed","ping_status":"closed","template":"templates\/template-application-platform.php","meta":{"publish_to_discourse":"","publish_post_category":"","wpdc_auto_publish_overridden":"","wpdc_topic_tags":"","wpdc_pin_topic":"","wpdc_pin_until":"","discourse_post_id":"","discourse_permalink":"","wpdc_publishing_response":"","wpdc_publishing_error":"","footnotes":""},"class_list":["post-15461","page","type-page","status-publish","hentry"],"yoast_head":"<!-- This site is optimized with the Yoast SEO plugin v25.3.1 - https:\/\/yoast.com\/wordpress\/plugins\/seo\/ -->\n<title>Widget de prise de rendez-vous \u2013 Int\u00e9grer la r\u00e9servation sur le site Web de la page Facebook<\/title>\n<meta name=\"description\" content=\"Ajoutez une application de prise de rendez-vous sans codage au site Web de la page Facebook et permettez aux clients de r\u00e9server des cr\u00e9neaux en quelques clics\u00a0!\" \/>\n<meta name=\"robots\" content=\"index, follow, max-snippet:-1, max-image-preview:large, max-video-preview:-1\" \/>\n<link rel=\"canonical\" href=\"https:\/\/elfsight.com\/fr\/appointment-booking-widget\/facebook\/\" \/>\n<meta property=\"og:locale\" content=\"fr_FR\" \/>\n<meta property=\"og:type\" content=\"article\" \/>\n<meta property=\"og:title\" content=\"Widget de prise de rendez-vous \u2013 Int\u00e9grer la r\u00e9servation sur le site Web de la page Facebook\" \/>\n<meta property=\"og:description\" content=\"Ajoutez une application de prise de rendez-vous sans codage au site Web de la page Facebook et permettez aux clients de r\u00e9server des cr\u00e9neaux en quelques clics\u00a0!\" \/>\n<meta property=\"og:url\" content=\"https:\/\/elfsight.com\/fr\/appointment-booking-widget\/facebook\/\" \/>\n<meta property=\"og:site_name\" content=\"Elfsight FR\" \/>\n<meta property=\"article:modified_time\" content=\"2025-07-09T09:55:58+00:00\" \/>\n<meta name=\"twitter:card\" content=\"summary_large_image\" \/>\n<meta name=\"twitter:label1\" content=\"Dur\u00e9e de lecture estim\u00e9e\" \/>\n\t<meta name=\"twitter:data1\" content=\"3 minutes\" \/>\n<!-- \/ Yoast SEO plugin. -->","yoast_head_json":{"title":"Widget de prise de rendez-vous \u2013 Int\u00e9grer la r\u00e9servation sur le site Web de la page Facebook","description":"Ajoutez une application de prise de rendez-vous sans codage au site Web de la page Facebook et permettez aux clients de r\u00e9server des cr\u00e9neaux en quelques clics\u00a0!","robots":{"index":"index","follow":"follow","max-snippet":"max-snippet:-1","max-image-preview":"max-image-preview:large","max-video-preview":"max-video-preview:-1"},"canonical":"https:\/\/elfsight.com\/fr\/appointment-booking-widget\/facebook\/","og_locale":"fr_FR","og_type":"article","og_title":"Widget de prise de rendez-vous \u2013 Int\u00e9grer la r\u00e9servation sur le site Web de la page Facebook","og_description":"Ajoutez une application de prise de rendez-vous sans codage au site Web de la page Facebook et permettez aux clients de r\u00e9server des cr\u00e9neaux en quelques clics\u00a0!","og_url":"https:\/\/elfsight.com\/fr\/appointment-booking-widget\/facebook\/","og_site_name":"Elfsight FR","article_modified_time":"2025-07-09T09:55:58+00:00","twitter_card":"summary_large_image","twitter_misc":{"Dur\u00e9e de lecture estim\u00e9e":"3 minutes"},"schema":{"@context":"https:\/\/schema.org","@graph":[{"@type":"WebPage","@id":"https:\/\/elfsight.com\/fr\/appointment-booking-widget\/facebook\/","url":"https:\/\/elfsight.com\/fr\/appointment-booking-widget\/facebook\/","name":"Widget de prise de rendez-vous \u2013 Int\u00e9grer la r\u00e9servation sur le site Web de la page Facebook","isPartOf":{"@id":"https:\/\/elfsight.com\/fr\/#website"},"datePublished":"2024-09-30T18:27:29+00:00","dateModified":"2025-07-09T09:55:58+00:00","description":"Ajoutez une application de prise de rendez-vous sans codage au site Web de la page Facebook et permettez aux clients de r\u00e9server des cr\u00e9neaux en quelques clics\u00a0!","breadcrumb":{"@id":"https:\/\/elfsight.com\/fr\/appointment-booking-widget\/facebook\/#breadcrumb"},"inLanguage":"fr-FR","potentialAction":[{"@type":"ReadAction","target":["https:\/\/elfsight.com\/fr\/appointment-booking-widget\/facebook\/"]}]},{"@type":"BreadcrumbList","@id":"https:\/\/elfsight.com\/fr\/appointment-booking-widget\/facebook\/#breadcrumb","itemListElement":[{"@type":"ListItem","position":1,"name":"Home","item":"https:\/\/elfsight.com\/fr\/"},{"@type":"ListItem","position":2,"name":"Appointment Booking","item":"https:\/\/elfsight.com\/fr\/appointment-booking-widget\/"},{"@type":"ListItem","position":3,"name":"Appointment Booking &#8211; Facebook Page"}]},{"@type":"WebSite","@id":"https:\/\/elfsight.com\/fr\/#website","url":"https:\/\/elfsight.com\/fr\/","name":"Elfsight FR","description":"","potentialAction":[{"@type":"SearchAction","target":{"@type":"EntryPoint","urlTemplate":"https:\/\/elfsight.com\/fr\/?s={search_term_string}"},"query-input":{"@type":"PropertyValueSpecification","valueRequired":true,"valueName":"search_term_string"}}],"inLanguage":"fr-FR"}]}},"meta_box":{"industry":"","seo_heading":"","heading":"","description":"","cta_heading":"","cta_description":"","application":"15251","h1":"Widget de prise de rendez-vous sur la page Facebook","h1_caption":"Permettez aux utilisateurs de planifier facilement des rendez-vous directement depuis votre page Facebook, am\u00e9liorant ainsi la commodit\u00e9 et rationalisant le processus de r\u00e9servation.","application_category":[],"applications_title":"","applications_request_title":"","applications_request_button_text":"","hero_text":"","hero_video":"","hero_video_schema_markup":"","selling_points_title":"","selling_points_caption":"","selling_points":[],"selling_points_cta_text":"","features_title":"","features":"","ed_cta_examples_text":"","ed_cta_examples_hidden":"","ed_cta_demo_text":"","ed_cta_demo_hidden":"","why_caption":"","why_editor_title":"","why_editor_text":"","why_team_title":"","why_team_text":"","why_service_title":"","why_service_text":"","template_catalog_visible":"","template_catalog_title":"","template_catalog_text":"","template_catalog_categories_visible":"","demo_title":"Cr\u00e9ez votre widget de prise de rendez-vous","demo_caption":"Configurez votre prise de rendez-vous et ajoutez-la gratuitement \u00e0 votre page Facebook\u00a0!","default_faq_hidden":"","app_template_category":[],"platform":"394","template_public_id":"","codecanyon_url":"","codecanyon_item_id":"","codecanyon_price":"","pricing_caption":"","pricing_elfsight_apps_hide_column":"","pricing_elfsight_apps_url":"","pricing_codecanyon_price_caption":"","integration_category":[],"integration_request_title":"","integration_request_cta":"","integration_platform":"","integrations":[],"platform_category":[],"video_schema_markup":"","price":"\u00e0 partir de 0$ \/ mois","trial":"","benefits":[{"text":"Service d'installation gratuit"},{"text":"Support client exp\u00e9riment\u00e9"},{"text":"Garantie de remboursement de 14 jours"},{"text":"Mise \u00e0 jour constante"}],"button_url":"#demo","button_target_blank":"","button_nofollow":"","attributes":[{"name":"Installations","content":"1,000 - 5,000"},{"name":"Sensible","content":"Oui"},{"name":"Navigateurs compatibles","content":"Firefox, Safari, Opera, Chrome, Edge"}],"tags":[],"tags_disable_links":"","hide_more_platforms":"","video_object":"","demo_hide_cta":"","demo_hide_cloud_options":"","pricing_title":"","pricing":[{"pricing_icon":"platform","pricing_title":"Elfsight Apps","pricing_title_caption":"Solution num\u00e9rique multiplateforme qui fonctionne sur n'importe quel site Web","pricing_price":"\u00c0 partir de 0$ \/ mois","pricing_price_caption":"Commencez avec un forfait gratuit","pricing_benefits":[{"text":"Sites Web illimit\u00e9s"},{"text":"Support client rapide"},{"text":"Assistance \u00e0 l'installation gratuite"}],"pricing_button_text":"Ajouter au site Web","pricing_button_url":"#demo"}],"related_apps_title":"","related_apps_hidden":"","author":"","image":[],"title":"","job":"","social_networks":[]},"_links":{"self":[{"href":"https:\/\/elfsight.com\/fr\/wp-json\/wp\/v2\/pages\/15461","targetHints":{"allow":["GET"]}}],"collection":[{"href":"https:\/\/elfsight.com\/fr\/wp-json\/wp\/v2\/pages"}],"about":[{"href":"https:\/\/elfsight.com\/fr\/wp-json\/wp\/v2\/types\/page"}],"author":[{"embeddable":true,"href":"https:\/\/elfsight.com\/fr\/wp-json\/wp\/v2\/users\/9"}],"replies":[{"embeddable":true,"href":"https:\/\/elfsight.com\/fr\/wp-json\/wp\/v2\/comments?post=15461"}],"version-history":[{"count":1,"href":"https:\/\/elfsight.com\/fr\/wp-json\/wp\/v2\/pages\/15461\/revisions"}],"predecessor-version":[{"id":15465,"href":"https:\/\/elfsight.com\/fr\/wp-json\/wp\/v2\/pages\/15461\/revisions\/15465"}],"up":[{"embeddable":true,"href":"https:\/\/elfsight.com\/fr\/wp-json\/wp\/v2\/pages\/15252"}],"wp:attachment":[{"href":"https:\/\/elfsight.com\/fr\/wp-json\/wp\/v2\/media?parent=15461"}],"curies":[{"name":"wp","href":"https:\/\/api.w.org\/{rel}","templated":true}]}}