{"id":15460,"date":"2024-09-30T18:27:29","date_gmt":"2024-09-30T18:27:29","guid":{"rendered":"https:\/\/elfsight.com\/fr\/?page_id=15460"},"modified":"2024-12-20T11:09:18","modified_gmt":"2024-12-20T11:09:18","slug":"bigcommerce","status":"publish","type":"page","link":"https:\/\/elfsight.com\/fr\/appointment-booking-widget\/bigcommerce\/","title":{"rendered":"Appointment Booking &#8211; BigCommerce"},"content":{"rendered":"\n<div class=\"application-platform-content-item-description application-platform-content-item\" id=\"description\" data-nav-section=\"description\">\n  <h2>Int\u00e9grez la prise de rendez-vous sur BigCommerce avec l&rsquo;application Elfsight !<\/h2>\n  <p>L&rsquo;application de prise de rendez-vous est \u00e0 votre service pour aider vos clients potentiels \u00e0 r\u00e9server facilement des plages horaires sur votre site Web BigCommerce, ce qui vous permet de r\u00e9duire le travail manuel, comme la gestion constante des messages, des appels et des e-mails. Imaginez-la comme un r\u00e9ceptionniste virtuel, disponible 24h\/24 et 7j\/7, qui fournit des confirmations automatis\u00e9es et peut \u00eatre connect\u00e9 \u00e0 des int\u00e9grations externes, telles que Google Agenda.<\/p>\n  <p>C&rsquo;est le moment id\u00e9al pour d\u00e9tailler davantage votre service ou votre offre : pr\u00e9cisez la dur\u00e9e, partagez les coordonn\u00e9es et fixez les prix pour faciliter le processus de prise de d\u00e9cision des clients. De plus, personnalisez l&rsquo;esth\u00e9tique de l&rsquo;application en ajustant des \u00e9l\u00e9ments et des fonctionnalit\u00e9s personnalis\u00e9es, sans avoir besoin de comp\u00e9tences en programmation ou d&#8217;embaucher un d\u00e9veloppeur qualifi\u00e9 !<\/p>\n  <p><b>Laissez votre entreprise se d\u00e9velopper et devenez accessible \u00e0 une client\u00e8le plus large gr\u00e2ce \u00e0 la prise de rendez-vous en ligne sur votre site !<\/b><\/p>\n<\/div>\n\n<div class=\"application-platform-content-item-features application-platform-content-item\" id=\"features\" data-nav-section=\"features\">\n  <h2>Nous proposons des fonctionnalit\u00e9s utiles et pratiques, voici quelques-unes :<\/h2>\n  <ul>\n    <li>Fournissez une pr\u00e9sentation concise de votre service (nom, d\u00e9tails, photo et dur\u00e9e) et d\u00e9finissez les tarifs dans diverses devises.<\/li>\n    <li>Envoyez des notifications automatiques pour valider les rendez-vous programm\u00e9s, \u00e0 la fois aux clients et \u00e0 vous-m\u00eame.<\/li>\n    <li>Synchronisez le widget avec des int\u00e9grations tierces, comme Google Agenda, pour rester toujours \u00e0 jour.<\/li>\n    <li>Affichez les coordonn\u00e9es de votre entreprise pour plus de cr\u00e9dibilit\u00e9 et permettez aux utilisateurs de vous contacter en cas de circonstances impr\u00e9vues.<\/li>\n    <li>Personnalisation sans code avec des options de conception avanc\u00e9es : mod\u00e8les pr\u00e9d\u00e9finis, couleurs, mises en page \u00e9l\u00e9gantes, polices, \u00e9diteur CSS personnalis\u00e9, \u00e9diteur JS personnalis\u00e9, et bien plus encore.<\/li>\n  <\/ul>\n  <p><a href=\"#demo\">D\u00e9couvrez toutes les fonctionnalit\u00e9s du widget dans la d\u00e9mo ci-dessous<\/a><\/p>\n<\/div>\n\n<div class=\"application-platform-content-item-installation application-platform-content-item\" id=\"installation\" data-nav-section=\"installation\">\n  <h2>Comment int\u00e9grer la prise de rendez-vous sur mon site Web BigCommerce ?<\/h2>\n  <p>Pour ajouter la prise de rendez-vous \u00e0 votre site Web BigCommerce, suivez ces \u00e9tapes :<\/p>\n  <ol>\n    <li><b>Utilisez notre d\u00e9mo gratuite et commencez \u00e0 cr\u00e9er votre widget personnalis\u00e9.<\/b><br> Sp\u00e9cifiez la conception et les fonctionnalit\u00e9s du plugin, puis appliquez les modifications.<\/li>\n    <li><b>Copiez le code personnel affich\u00e9 dans la fen\u00eatre des applications Elfsight.<\/b><br> Une fois la cr\u00e9ation de votre outil termin\u00e9e, copiez le code exclusif qui appara\u00eet et enregistrez-le pour une utilisation future.<\/li>\n    <li><b>Commencez \u00e0 utiliser l&rsquo;outil sur votre site Web BigCommerce.<\/b><br> Ins\u00e9rez le code que vous avez copi\u00e9 dans votre site Web et appliquez les modifications.<\/li>\n    <li><b>La configuration est termin\u00e9e.<\/b><br> Visitez votre site Web pour v\u00e9rifier le bon fonctionnement du plugin.<\/li>\n  <\/ol>\n  <p>Si vous avez des questions ou rencontrez des difficult\u00e9s, n&rsquo;h\u00e9sitez pas \u00e0 contacter notre \u00e9quipe d&rsquo;assistance. Nos experts sont pr\u00eats \u00e0 r\u00e9soudre tout probl\u00e8me que vous pourriez rencontrer avec le plugin.<\/p>\n<\/div>\n\n","protected":false},"excerpt":{"rendered":"","protected":false},"author":9,"featured_media":0,"parent":15252,"menu_order":0,"comment_status":"closed","ping_status":"closed","template":"templates\/template-application-platform.php","meta":{"publish_to_discourse":"","publish_post_category":"","wpdc_auto_publish_overridden":"","wpdc_topic_tags":"","wpdc_pin_topic":"","wpdc_pin_until":"","discourse_post_id":"","discourse_permalink":"","wpdc_publishing_response":"","wpdc_publishing_error":"","footnotes":""},"class_list":["post-15460","page","type-page","status-publish","hentry"],"yoast_head":"<!-- This site is optimized with the Yoast SEO plugin v25.3.1 - https:\/\/yoast.com\/wordpress\/plugins\/seo\/ -->\n<title>Widget de prise de rendez-vous \u2013 Int\u00e9grer la r\u00e9servation sur le site Web BigCommerce<\/title>\n<meta name=\"description\" content=\"Ajoutez une application de prise de rendez-vous sans codage au site Web BigCommerce et permettez aux clients de r\u00e9server des cr\u00e9neaux en quelques clics\u00a0!\" \/>\n<meta name=\"robots\" content=\"index, follow, max-snippet:-1, max-image-preview:large, max-video-preview:-1\" \/>\n<link rel=\"canonical\" href=\"https:\/\/elfsight.com\/fr\/appointment-booking-widget\/bigcommerce\/\" \/>\n<meta property=\"og:locale\" content=\"fr_FR\" \/>\n<meta property=\"og:type\" content=\"article\" \/>\n<meta property=\"og:title\" content=\"Widget de prise de rendez-vous \u2013 Int\u00e9grer la r\u00e9servation sur le site Web BigCommerce\" \/>\n<meta property=\"og:description\" content=\"Ajoutez une application de prise de rendez-vous sans codage au site Web BigCommerce et permettez aux clients de r\u00e9server des cr\u00e9neaux en quelques clics\u00a0!\" \/>\n<meta property=\"og:url\" content=\"https:\/\/elfsight.com\/fr\/appointment-booking-widget\/bigcommerce\/\" \/>\n<meta property=\"og:site_name\" content=\"Elfsight FR\" \/>\n<meta property=\"article:modified_time\" content=\"2024-12-20T11:09:18+00:00\" \/>\n<meta name=\"twitter:card\" content=\"summary_large_image\" \/>\n<meta name=\"twitter:label1\" content=\"Dur\u00e9e de lecture estim\u00e9e\" \/>\n\t<meta name=\"twitter:data1\" content=\"3 minutes\" \/>\n<!-- \/ Yoast SEO plugin. -->","yoast_head_json":{"title":"Widget de prise de rendez-vous \u2013 Int\u00e9grer la r\u00e9servation sur le site Web BigCommerce","description":"Ajoutez une application de prise de rendez-vous sans codage au site Web BigCommerce et permettez aux clients de r\u00e9server des cr\u00e9neaux en quelques clics\u00a0!","robots":{"index":"index","follow":"follow","max-snippet":"max-snippet:-1","max-image-preview":"max-image-preview:large","max-video-preview":"max-video-preview:-1"},"canonical":"https:\/\/elfsight.com\/fr\/appointment-booking-widget\/bigcommerce\/","og_locale":"fr_FR","og_type":"article","og_title":"Widget de prise de rendez-vous \u2013 Int\u00e9grer la r\u00e9servation sur le site Web BigCommerce","og_description":"Ajoutez une application de prise de rendez-vous sans codage au site Web BigCommerce et permettez aux clients de r\u00e9server des cr\u00e9neaux en quelques clics\u00a0!","og_url":"https:\/\/elfsight.com\/fr\/appointment-booking-widget\/bigcommerce\/","og_site_name":"Elfsight FR","article_modified_time":"2024-12-20T11:09:18+00:00","twitter_card":"summary_large_image","twitter_misc":{"Dur\u00e9e de lecture estim\u00e9e":"3 minutes"},"schema":{"@context":"https:\/\/schema.org","@graph":[{"@type":"WebPage","@id":"https:\/\/elfsight.com\/fr\/appointment-booking-widget\/bigcommerce\/","url":"https:\/\/elfsight.com\/fr\/appointment-booking-widget\/bigcommerce\/","name":"Widget de prise de rendez-vous \u2013 Int\u00e9grer la r\u00e9servation sur le site Web BigCommerce","isPartOf":{"@id":"https:\/\/elfsight.com\/fr\/#website"},"datePublished":"2024-09-30T18:27:29+00:00","dateModified":"2024-12-20T11:09:18+00:00","description":"Ajoutez une application de prise de rendez-vous sans codage au site Web BigCommerce et permettez aux clients de r\u00e9server des cr\u00e9neaux en quelques clics\u00a0!","breadcrumb":{"@id":"https:\/\/elfsight.com\/fr\/appointment-booking-widget\/bigcommerce\/#breadcrumb"},"inLanguage":"fr-FR","potentialAction":[{"@type":"ReadAction","target":["https:\/\/elfsight.com\/fr\/appointment-booking-widget\/bigcommerce\/"]}]},{"@type":"BreadcrumbList","@id":"https:\/\/elfsight.com\/fr\/appointment-booking-widget\/bigcommerce\/#breadcrumb","itemListElement":[{"@type":"ListItem","position":1,"name":"Home","item":"https:\/\/elfsight.com\/fr\/"},{"@type":"ListItem","position":2,"name":"Appointment Booking","item":"https:\/\/elfsight.com\/fr\/appointment-booking-widget\/"},{"@type":"ListItem","position":3,"name":"Appointment Booking &#8211; BigCommerce"}]},{"@type":"WebSite","@id":"https:\/\/elfsight.com\/fr\/#website","url":"https:\/\/elfsight.com\/fr\/","name":"Elfsight FR","description":"","potentialAction":[{"@type":"SearchAction","target":{"@type":"EntryPoint","urlTemplate":"https:\/\/elfsight.com\/fr\/?s={search_term_string}"},"query-input":{"@type":"PropertyValueSpecification","valueRequired":true,"valueName":"search_term_string"}}],"inLanguage":"fr-FR"}]}},"meta_box":{"industry":"","seo_heading":"","heading":"","description":"","cta_heading":"","cta_description":"","application":"15251","h1":"Application de prise de rendez-vous BigCommerce","h1_caption":"Permettez aux utilisateurs de planifier facilement des rendez-vous directement depuis votre site Web BigCommere, am\u00e9liorant ainsi la commodit\u00e9 et rationalisant le processus de r\u00e9servation.","application_category":[],"applications_title":"","applications_request_title":"","applications_request_button_text":"","hero_text":"","hero_video":"","hero_video_schema_markup":"","selling_points_title":"","selling_points_caption":"","selling_points":[],"selling_points_cta_text":"","features_title":"","features":"","ed_cta_examples_text":"","ed_cta_examples_hidden":"","ed_cta_demo_text":"","ed_cta_demo_hidden":"","why_caption":"","why_editor_title":"","why_editor_text":"","why_team_title":"","why_team_text":"","why_service_title":"","why_service_text":"","template_catalog_visible":"0","template_catalog_title":"","template_catalog_text":"","template_catalog_categories_visible":"","demo_title":"Cr\u00e9ez votre application de prise de rendez-vous","demo_caption":"Configurez votre prise de rendez-vous et ajoutez-la gratuitement \u00e0 votre site Web BigCommerce\u00a0!","default_faq_hidden":"","app_template_category":[],"platform":"347","template_public_id":"","codecanyon_url":"","codecanyon_item_id":"","codecanyon_price":"","pricing_caption":"","pricing_elfsight_apps_hide_column":"","pricing_elfsight_apps_url":"","pricing_codecanyon_price_caption":"","integration_category":[],"integration_request_title":"","integration_request_cta":"","integration_platform":"","integrations":[],"platform_category":[],"video_schema_markup":"","price":"\u00e0 partir de 0$ \/ mois","trial":"","benefits":[{"text":"Service d'installation gratuit"},{"text":"Service client professionnel"},{"text":"Garantie de remboursement de 14 jours"},{"text":"Am\u00e9liorations r\u00e9guli\u00e8res"}],"button_url":"#demo","button_target_blank":"0","button_nofollow":"0","attributes":[{"name":"Installations","content":"1,000 - 5,000"},{"name":"Sensible","content":"Oui"},{"name":"Navigateurs compatibles","content":"Firefox, Safari, Opera, Chrome, Edge"}],"tags":[],"tags_disable_links":"0","hide_more_platforms":"","video_object":"","demo_hide_cta":"0","demo_hide_cloud_options":"0","pricing_title":"","pricing":[{"pricing_icon":"platform","pricing_title":"Elfsight Apps","pricing_title_caption":"Solution num\u00e9rique multiplateforme qui fonctionne sur n'importe quel site Web","pricing_price":"\u00c0 partir de 0$ \/ mois","pricing_price_caption":"Commencez avec un forfait gratuit","pricing_benefits":[{"text":"Sites Web illimit\u00e9s"},{"text":"Support d'entreprise rapide et bien document\u00e9"},{"text":"Service d'installation gratuit"}],"pricing_button_text":"Ajouter au site Web","pricing_button_url":"#demo"}],"related_apps_title":"","related_apps_hidden":"0","author":"","image":[],"title":"","job":"","social_networks":[]},"_links":{"self":[{"href":"https:\/\/elfsight.com\/fr\/wp-json\/wp\/v2\/pages\/15460","targetHints":{"allow":["GET"]}}],"collection":[{"href":"https:\/\/elfsight.com\/fr\/wp-json\/wp\/v2\/pages"}],"about":[{"href":"https:\/\/elfsight.com\/fr\/wp-json\/wp\/v2\/types\/page"}],"author":[{"embeddable":true,"href":"https:\/\/elfsight.com\/fr\/wp-json\/wp\/v2\/users\/9"}],"replies":[{"embeddable":true,"href":"https:\/\/elfsight.com\/fr\/wp-json\/wp\/v2\/comments?post=15460"}],"version-history":[{"count":1,"href":"https:\/\/elfsight.com\/fr\/wp-json\/wp\/v2\/pages\/15460\/revisions"}],"predecessor-version":[{"id":15464,"href":"https:\/\/elfsight.com\/fr\/wp-json\/wp\/v2\/pages\/15460\/revisions\/15464"}],"up":[{"embeddable":true,"href":"https:\/\/elfsight.com\/fr\/wp-json\/wp\/v2\/pages\/15252"}],"wp:attachment":[{"href":"https:\/\/elfsight.com\/fr\/wp-json\/wp\/v2\/media?parent=15460"}],"curies":[{"name":"wp","href":"https:\/\/api.w.org\/{rel}","templated":true}]}}