{"id":15454,"date":"2024-09-30T18:27:29","date_gmt":"2024-09-30T18:27:29","guid":{"rendered":"https:\/\/elfsight.com\/fr\/?page_id=15454"},"modified":"2025-07-09T09:58:34","modified_gmt":"2025-07-09T09:58:34","slug":"woocommerce","status":"publish","type":"page","link":"https:\/\/elfsight.com\/fr\/appointment-booking-widget\/woocommerce\/","title":{"rendered":"Appointment Booking &#8211; WooCommerce"},"content":{"rendered":"<div class=\"application-platform-content-item-description application-platform-content-item\" id=\"description\" data-nav-section=\"description\"><h2>Int\u00e9grez la prise de rendez-vous sur WooCommerce avec le plugin Elfsight !<\/h2> <p>Le plugin Appointment Booking est disponible pour aider les clients potentiels \u00e0 r\u00e9server du temps emplacements facilement sur votre site Web WooCommerce, r\u00e9duisant ainsi la charge de travail manuelle de votre part, comme la surveillance constante des messages, des appels et des e-mails. Il fonctionne comme un assistant d\u00e9di\u00e9 travaillant 24h\/24 et 7j\/7, \u00e9galement capable d&rsquo;envoyer des notifications automatis\u00e9es et de se synchroniser avec des applications sp\u00e9cialis\u00e9es, comme Google Agenda.<\/p> <p>Le moment est venu d&rsquo;\u00e9laborer davantage sur votre service ou votre occasion, de d\u00e9finir l&rsquo;heure. cadrer, partager les coordonn\u00e9es et clarifier les tarifs pour faciliter le processus de prise de d\u00e9cision des clients. De plus, personnalisez l&rsquo;apparence du plugin en peaufinant des \u00e9l\u00e9ments et des fonctionnalit\u00e9s personnalis\u00e9s sans avoir besoin d&rsquo;am\u00e9liorer les comp\u00e9tences en programmation ou d&rsquo;engager un d\u00e9veloppeur\u00a0!<\/p> <p><b>Laissez votre entreprise \u00e9voluer et soyez accessible \u00e0 tous les clients potentiels gr\u00e2ce \u00e0 Internet. prise de rendez-vous sur votre site Web\u00a0!<\/b><\/p> <\/div> <div class=\"application-platform-content-item-features application-platform-content-item\" id=\"features\" data-nav-section=\"features\"> <h2>Le widget comprend des fonctionnalit\u00e9s pr\u00e9cieuses et simples, en voici quelques-unes parmi eux\u00a0:<\/h2> <ul><li>Fournissez une repr\u00e9sentation concise de votre service (nom, d\u00e9tails, photo et dur\u00e9e) et configurez les tarifs dans diff\u00e9rentes devises.<\/li><li>Envoyez des notifications automatiques \u00e0 validez les rendez-vous s\u00e9curis\u00e9s aupr\u00e8s des clients et de vous-m\u00eame.<\/li><li>Connectez le widget \u00e0 des services tiers, tels que Google Agenda, pour rester toujours \u00e0 jour.<\/li><li>Pr\u00e9sentez les coordonn\u00e9es de votre entreprise comme preuve sociale et permettre aux utilisateurs de nous contacter en cas d&rsquo;impr\u00e9vu sc\u00e9narios.<\/li><li>Personnalisation avanc\u00e9e sans avoir besoin de coder\u00a0: mod\u00e8les pr\u00eats \u00e0 l&#8217;emploi, couleurs, mises en page, polices, \u00e9diteur CSS personnalis\u00e9, \u00e9diteur JS personnalis\u00e9, et bien plus encore.<\/li><\/ul> <p><a href=\"#demo\">Essayez simplement cette d\u00e9mo pour avoir une id\u00e9e compl\u00e8te<\/a><\/p> <\/div> <div class=\"application-platform-content-item-installation application-platform-content-item\" id=\"installation\" data-nav-section=\"installation\"> <h2>Comment ajouter le Prise de rendez-vous sur mon site Web WooCommerce\u00a0?<\/h2> <p>Pour ajouter la prise de rendez-vous \u00e0 votre site Web WooCommerce, proc\u00e9dez comme suit\u00a0:<\/p> <ol><li><b>Ex\u00e9cutez notre \u00e9diteur gratuit et commencez \u00e0 cr\u00e9er votre personnalis\u00e9 Widget de flux LinkedIn.<\/b><br> Sp\u00e9cifiez la forme et les sp\u00e9cifications appropri\u00e9es du widget et enregistrez les modifications.<\/li> <li><b>Acqu\u00e9rir le code personnel apparaissant dans le formulaire sp\u00e9cial sur les applications Elfsight.<\/b><br> Lors de la mise en place de votre Le plugin personnel est termin\u00e9, copiez le code personnel de la fen\u00eatre qui appara\u00eet et conservez-le pour des occasions ult\u00e9rieures.<\/li> <li><b>Initiez l&rsquo;utilisation du plugin sur votre site Web WooCommerce.<\/b><br> Int\u00e9grez le code que vous avez d\u00e9j\u00e0 enregistr\u00e9 sur votre site Web et enregistrez les ajustements.<\/li> <li><b>Vous avez termin\u00e9\u00a0! L&rsquo;int\u00e9gration est enti\u00e8rement termin\u00e9e.<\/b><br> Visitez votre site Web pour examiner le fonctionnement du widget.<\/li><\/ol> <p>A condition de vous poser des questions ou de surmonter d&rsquo;\u00e9ventuelles complications, n&rsquo;ayez pas peur pour demander de l&rsquo;aide \u00e0 notre \u00e9quipe de service client. Nos consultants sont impatients de vous aider avec tous les probl\u00e8mes que vous pourriez rencontrer avec le widget.<\/p> <\/div> ","protected":false},"excerpt":{"rendered":"","protected":false},"author":9,"featured_media":0,"parent":15252,"menu_order":0,"comment_status":"closed","ping_status":"closed","template":"templates\/template-application-platform.php","meta":{"publish_to_discourse":"","publish_post_category":"","wpdc_auto_publish_overridden":"","wpdc_topic_tags":"","wpdc_pin_topic":"","wpdc_pin_until":"","discourse_post_id":"","discourse_permalink":"","wpdc_publishing_response":"","wpdc_publishing_error":"","footnotes":""},"class_list":["post-15454","page","type-page","status-publish","hentry"],"yoast_head":"<!-- This site is optimized with the Yoast SEO plugin v25.3.1 - https:\/\/yoast.com\/wordpress\/plugins\/seo\/ -->\n<title>Widget de prise de rendez-vous \u2013 Int\u00e9grer la r\u00e9servation sur le site Web WooCommerce<\/title>\n<meta name=\"description\" content=\"Ajoutez une application de prise de rendez-vous sans codage au site Web WooCommerce et permettez aux clients de r\u00e9server des cr\u00e9neaux en quelques clics !\" \/>\n<meta name=\"robots\" content=\"index, follow, max-snippet:-1, max-image-preview:large, max-video-preview:-1\" \/>\n<link rel=\"canonical\" href=\"https:\/\/elfsight.com\/fr\/appointment-booking-widget\/woocommerce\/\" \/>\n<meta property=\"og:locale\" content=\"fr_FR\" \/>\n<meta property=\"og:type\" content=\"article\" \/>\n<meta property=\"og:title\" content=\"Widget de prise de rendez-vous \u2013 Int\u00e9grer la r\u00e9servation sur le site Web WooCommerce\" \/>\n<meta property=\"og:description\" content=\"Ajoutez une application de prise de rendez-vous sans codage au site Web WooCommerce et permettez aux clients de r\u00e9server des cr\u00e9neaux en quelques clics !\" \/>\n<meta property=\"og:url\" content=\"https:\/\/elfsight.com\/fr\/appointment-booking-widget\/woocommerce\/\" \/>\n<meta property=\"og:site_name\" content=\"Elfsight FR\" \/>\n<meta property=\"article:modified_time\" content=\"2025-07-09T09:58:34+00:00\" \/>\n<meta name=\"twitter:card\" content=\"summary_large_image\" \/>\n<meta name=\"twitter:label1\" content=\"Dur\u00e9e de lecture estim\u00e9e\" \/>\n\t<meta name=\"twitter:data1\" content=\"3 minutes\" \/>\n<!-- \/ Yoast SEO plugin. -->","yoast_head_json":{"title":"Widget de prise de rendez-vous \u2013 Int\u00e9grer la r\u00e9servation sur le site Web WooCommerce","description":"Ajoutez une application de prise de rendez-vous sans codage au site Web WooCommerce et permettez aux clients de r\u00e9server des cr\u00e9neaux en quelques clics !","robots":{"index":"index","follow":"follow","max-snippet":"max-snippet:-1","max-image-preview":"max-image-preview:large","max-video-preview":"max-video-preview:-1"},"canonical":"https:\/\/elfsight.com\/fr\/appointment-booking-widget\/woocommerce\/","og_locale":"fr_FR","og_type":"article","og_title":"Widget de prise de rendez-vous \u2013 Int\u00e9grer la r\u00e9servation sur le site Web WooCommerce","og_description":"Ajoutez une application de prise de rendez-vous sans codage au site Web WooCommerce et permettez aux clients de r\u00e9server des cr\u00e9neaux en quelques clics !","og_url":"https:\/\/elfsight.com\/fr\/appointment-booking-widget\/woocommerce\/","og_site_name":"Elfsight FR","article_modified_time":"2025-07-09T09:58:34+00:00","twitter_card":"summary_large_image","twitter_misc":{"Dur\u00e9e de lecture estim\u00e9e":"3 minutes"},"schema":{"@context":"https:\/\/schema.org","@graph":[{"@type":"WebPage","@id":"https:\/\/elfsight.com\/fr\/appointment-booking-widget\/woocommerce\/","url":"https:\/\/elfsight.com\/fr\/appointment-booking-widget\/woocommerce\/","name":"Widget de prise de rendez-vous \u2013 Int\u00e9grer la r\u00e9servation sur le site Web WooCommerce","isPartOf":{"@id":"https:\/\/elfsight.com\/fr\/#website"},"datePublished":"2024-09-30T18:27:29+00:00","dateModified":"2025-07-09T09:58:34+00:00","description":"Ajoutez une application de prise de rendez-vous sans codage au site Web WooCommerce et permettez aux clients de r\u00e9server des cr\u00e9neaux en quelques clics !","breadcrumb":{"@id":"https:\/\/elfsight.com\/fr\/appointment-booking-widget\/woocommerce\/#breadcrumb"},"inLanguage":"fr-FR","potentialAction":[{"@type":"ReadAction","target":["https:\/\/elfsight.com\/fr\/appointment-booking-widget\/woocommerce\/"]}]},{"@type":"BreadcrumbList","@id":"https:\/\/elfsight.com\/fr\/appointment-booking-widget\/woocommerce\/#breadcrumb","itemListElement":[{"@type":"ListItem","position":1,"name":"Home","item":"https:\/\/elfsight.com\/fr\/"},{"@type":"ListItem","position":2,"name":"Appointment Booking","item":"https:\/\/elfsight.com\/fr\/appointment-booking-widget\/"},{"@type":"ListItem","position":3,"name":"Appointment Booking &#8211; WooCommerce"}]},{"@type":"WebSite","@id":"https:\/\/elfsight.com\/fr\/#website","url":"https:\/\/elfsight.com\/fr\/","name":"Elfsight FR","description":"","potentialAction":[{"@type":"SearchAction","target":{"@type":"EntryPoint","urlTemplate":"https:\/\/elfsight.com\/fr\/?s={search_term_string}"},"query-input":{"@type":"PropertyValueSpecification","valueRequired":true,"valueName":"search_term_string"}}],"inLanguage":"fr-FR"}]}},"meta_box":{"industry":"","seo_heading":"","heading":"","description":"","cta_heading":"","cta_description":"","application":"15251","h1":"Plugin de prise de rendez-vous WooCommerce","h1_caption":"Permettez aux utilisateurs de planifier facilement des rendez-vous directement depuis votre site Web Woocommerce, am\u00e9liorant ainsi la commodit\u00e9 et rationalisant le processus de r\u00e9servation.","application_category":[],"applications_title":"","applications_request_title":"","applications_request_button_text":"","hero_text":"","hero_video":"","hero_video_schema_markup":"","selling_points_title":"","selling_points_caption":"","selling_points":[],"selling_points_cta_text":"","features_title":"","features":"","ed_cta_examples_text":"","ed_cta_examples_hidden":"","ed_cta_demo_text":"","ed_cta_demo_hidden":"","why_caption":"","why_editor_title":"","why_editor_text":"","why_team_title":"","why_team_text":"","why_service_title":"","why_service_text":"","template_catalog_visible":"","template_catalog_title":"","template_catalog_text":"","template_catalog_categories_visible":"","demo_title":"Cr\u00e9ez votre application de prise de rendez-vous","demo_caption":"Configurez votre prise de rendez-vous et ajoutez-la \u00e0 votre site Web WooCommerce gratuitement !","default_faq_hidden":"","app_template_category":[],"platform":"397","template_public_id":"","codecanyon_url":"","codecanyon_item_id":"","codecanyon_price":"","pricing_caption":"","pricing_elfsight_apps_hide_column":"","pricing_elfsight_apps_url":"","pricing_codecanyon_price_caption":"","integration_category":[],"integration_request_title":"","integration_request_cta":"","integration_platform":"","integrations":[],"platform_category":[],"video_schema_markup":"","price":"\u00e0 partir de 0$ \/ mois","trial":"","benefits":[{"text":"Aide \u00e0 l'installation gratuite"},{"text":"Service client professionnel"},{"text":"Garantie de remboursement de 14 jours"},{"text":"D\u00e9veloppement continu"}],"button_url":"#demo","button_target_blank":"","button_nofollow":"","attributes":[{"name":"Installations","content":"1,000 - 5,000"},{"name":"Sensible","content":"Oui"},{"name":"Navigateurs compatibles","content":"Firefox, Safari, Opera, Chrome, Edge"}],"tags":[],"tags_disable_links":"","hide_more_platforms":"","video_object":"","demo_hide_cta":"","demo_hide_cloud_options":"","pricing_title":"","pricing":[{"pricing_icon":"platform","pricing_title":"Elfsight Apps","pricing_title_caption":"Solution num\u00e9rique multiplateforme qui fonctionne sur n'importe quel site Web","pricing_price":"\u00c0 partir de 0$ \/ mois","pricing_price_caption":"Commencez avec un forfait gratuit","pricing_benefits":[{"text":"Sites Web illimit\u00e9s"},{"text":"Assistance gratuite, ponctuelle et bien document\u00e9e"},{"text":"Aide \u00e0 l'installation gratuite"}],"pricing_button_text":"Ajouter au site Web","pricing_button_url":"#demo"}],"related_apps_title":"","related_apps_hidden":"","author":"","image":[],"title":"","job":"","social_networks":[]},"_links":{"self":[{"href":"https:\/\/elfsight.com\/fr\/wp-json\/wp\/v2\/pages\/15454","targetHints":{"allow":["GET"]}}],"collection":[{"href":"https:\/\/elfsight.com\/fr\/wp-json\/wp\/v2\/pages"}],"about":[{"href":"https:\/\/elfsight.com\/fr\/wp-json\/wp\/v2\/types\/page"}],"author":[{"embeddable":true,"href":"https:\/\/elfsight.com\/fr\/wp-json\/wp\/v2\/users\/9"}],"replies":[{"embeddable":true,"href":"https:\/\/elfsight.com\/fr\/wp-json\/wp\/v2\/comments?post=15454"}],"version-history":[{"count":1,"href":"https:\/\/elfsight.com\/fr\/wp-json\/wp\/v2\/pages\/15454\/revisions"}],"predecessor-version":[{"id":15458,"href":"https:\/\/elfsight.com\/fr\/wp-json\/wp\/v2\/pages\/15454\/revisions\/15458"}],"up":[{"embeddable":true,"href":"https:\/\/elfsight.com\/fr\/wp-json\/wp\/v2\/pages\/15252"}],"wp:attachment":[{"href":"https:\/\/elfsight.com\/fr\/wp-json\/wp\/v2\/media?parent=15454"}],"curies":[{"name":"wp","href":"https:\/\/api.w.org\/{rel}","templated":true}]}}