{"id":1545,"date":"2020-07-29T20:24:55","date_gmt":"2020-07-29T20:24:55","guid":{"rendered":"https:\/\/elfsight.com\/fr\/?page_id=1545"},"modified":"2021-12-03T10:12:54","modified_gmt":"2021-12-03T10:12:54","slug":"examples","status":"publish","type":"page","link":"https:\/\/elfsight.com\/fr\/slider-widget\/examples\/","title":{"rendered":"Slider &#8211; Examples"},"content":{"rendered":"\n<div class=\"application-examples-item application-examples-item-loading\">\n                            <div class=\"col-row\">\n                                <div class=\"col-6 col-m-8 col-s-12\"><h3 class=\"application-examples-item-title\">Exemple 1: Des articles<\/h3><div class=\"application-examples-item-description\">Un curseur est une nouvelle fa\u00e7on de repr\u00e9senter les articles que vous publiez sur le site ou de promouvoir une rubrique vedette d'un magazine ou d'un journal. Une image d'arri\u00e8re-plan \u00e9l\u00e9gante avec effet de zoom ajoute une certaine vivacit\u00e9 au look. Les \u00e9l\u00e9ments de texte de la diapositive ont toutes des tailles de police diff\u00e9rentes, ce qui donne aux diapositives un aspect structur\u00e9 et dynamique.<\/div><\/div>\n                <\/div>\n\n                <div class=\"application-examples-item-iframe-container browser-frame\">\n                    <div class=\"application-examples-item-iframe-wrapper\">\n                        <iframe class=\"application-examples-item-iframe\" data-src=\"https:\/\/elfsight.com\/examples?widget_id=ba5823ef-c712-4080-a09e-2399aef67d53&padding=28px+0+28px+0\" width=\"100%\" allow=\"autoplay; fullscreen\"><\/iframe>\n                    <\/div>\n\n                    <div class=\"application-examples-item-loader\"><\/div>\n                <\/div>\n            <\/div>\n\n\n<div class=\"application-examples-item application-examples-item-loading\">\n                            <div class=\"col-row\">\n                                <div class=\"col-6 col-m-8 col-s-12\"><h3 class=\"application-examples-item-title\">Exemple 2: Aptitude<\/h3><div class=\"application-examples-item-description\">Lorsque vous avez besoin de montrer l'int\u00e9rieur de votre lieu dans tous les d\u00e9tails ou de permettre aux utilisateurs de regarder de plus pr\u00e8s vos produits ou services, il n'y a rien de mieux qu'une s\u00e9rie de photos attrayantes. Il vous suffit de t\u00e9l\u00e9charger vos photos et de d\u00e9finir la rotation automatique pour que les utilisateurs se retrouvent \u00e0 les regarder et \u00e0 les voir toutes.<\/div><\/div>\n                <\/div>\n\n                <div class=\"application-examples-item-iframe-container browser-frame\">\n                    <div class=\"application-examples-item-iframe-wrapper\">\n                        <iframe class=\"application-examples-item-iframe\" data-src=\"https:\/\/elfsight.com\/examples?widget_id=8dfb12fb-b823-4046-95ef-8c66953eec5d&padding=28px+0+28px+0\" width=\"100%\" allow=\"autoplay; fullscreen\"><\/iframe>\n                    <\/div>\n\n                    <div class=\"application-examples-item-loader\"><\/div>\n                <\/div>\n            <\/div>\n\n\n<div class=\"application-examples-item application-examples-item-loading\">\n                            <div class=\"col-row\">\n                                <div class=\"col-6 col-m-8 col-s-12\"><h3 class=\"application-examples-item-title\">Exemple 3: Nourriture en ligne<\/h3><div class=\"application-examples-item-description\">Vous avez des banni\u00e8res personnalis\u00e9es qui font la promotion de vos offres sp\u00e9ciales et de vos produits phares? Ajoutez-les simplement au curseur et aucun visiteur ne les manquera! C'est un moyen id\u00e9al pour attirer de nouvelles ventes gr\u00e2ce \u00e0 la publicit\u00e9. Les miniatures de diapositives servent d'\u00e9l\u00e9ments de navigation - les utilisateurs peuvent cliquer dessus pour basculer entre les diapositives - et afficher la barre de progression.<\/div><\/div>\n                <\/div>\n\n                <div class=\"application-examples-item-iframe-container browser-frame\">\n                    <div class=\"application-examples-item-iframe-wrapper\">\n                        <iframe class=\"application-examples-item-iframe\" data-src=\"https:\/\/elfsight.com\/examples?widget_id=e7967712-e104-4c53-897d-f47f7c1c4ce0&padding=28px+0+28px+0\" width=\"100%\" allow=\"autoplay; fullscreen\"><\/iframe>\n                    <\/div>\n\n                    <div class=\"application-examples-item-loader\"><\/div>\n                <\/div>\n            <\/div>\n\n\n<div class=\"application-examples-item application-examples-item-loading\">\n                            <div class=\"col-row\">\n                                <div class=\"col-6 col-m-8 col-s-12\"><h3 class=\"application-examples-item-title\">Exemple 4: Mode<\/h3><div class=\"application-examples-item-description\">Quelle peut \u00eatre une meilleure fa\u00e7on d'amener vos visiteurs sur la page d'achat que via un bouton CTA? Faites-les attirer en annon\u00e7ant des ventes et des remises dans le curseur. Choisissez des images all\u00e9chantes et r\u00e9digez des textes motivants qui inciteront les utilisateurs \u00e0 v\u00e9rifier vos offres. Et voici o\u00f9 le bouton CTA fonctionnera le mieux: associez-le \u00e0 la bonne page et attendez-vous \u00e0 de nouvelles ventes!<\/div><\/div>\n                <\/div>\n\n                <div class=\"application-examples-item-iframe-container browser-frame\">\n                    <div class=\"application-examples-item-iframe-wrapper\">\n                        <iframe class=\"application-examples-item-iframe\" data-src=\"https:\/\/elfsight.com\/examples?widget_id=46e6024e-fee8-45d9-b1b4-8f796f5f8018&padding=28px+0+28px+0\" width=\"100%\" allow=\"autoplay; fullscreen\"><\/iframe>\n                    <\/div>\n\n                    <div class=\"application-examples-item-loader\"><\/div>\n                <\/div>\n            <\/div>\n\n\n<div class=\"application-examples-item application-examples-item-loading\">\n                            <div class=\"col-row\">\n                                <div class=\"col-6 col-m-8 col-s-12\"><h3 class=\"application-examples-item-title\">Exemple 5: Des produits<\/h3><div class=\"application-examples-item-description\">Pr\u00e9sentez vos offres en grande pompe! Gr\u00e2ce \u00e0 des photos en gros plan, il est si facile de visualiser toutes les meilleures fonctionnalit\u00e9s de vos produits ou services. L'effet de parallaxe des images de diapositives les rend cool et accrocheurs! Vous pouvez modifier la disposition du texte et de l'image pour chaque diapositive et m\u00eame d\u00e9finir manuellement la position du contenu pour obtenir le meilleur aspect.<\/div><\/div>\n                <\/div>\n\n                <div class=\"application-examples-item-iframe-container browser-frame\">\n                    <div class=\"application-examples-item-iframe-wrapper\">\n                        <iframe class=\"application-examples-item-iframe\" data-src=\"https:\/\/elfsight.com\/examples?widget_id=4395b7f9-800c-4b3c-aacd-7bfc7ad546d7&padding=28px+0+28px+0\" width=\"100%\" allow=\"autoplay; fullscreen\"><\/iframe>\n                    <\/div>\n\n                    <div class=\"application-examples-item-loader\"><\/div>\n                <\/div>\n            <\/div>\n\n\n<div class=\"application-examples-item application-examples-item-loading\">\n                            <div class=\"col-row\">\n                                <div class=\"col-6 col-m-8 col-s-12\"><h3 class=\"application-examples-item-title\">Exemple 6: Vaisselle<\/h3><div class=\"application-examples-item-description\">Rendez vos chefs-d'\u0153uvre de cuisine irr\u00e9sistibles! Les utilisateurs seront condamn\u00e9s \u00e0 commander, lorsque les photos de vos plats savoureux attireront leur attention. Vous pouvez placer toutes les photos sur un fond de th\u00e8me pour que les plats ressemblent \u00e0 la vraie vie. Les utilisateurs seront impatients de tous les v\u00e9rifier, un par un, en basculant entre les diapositives \u00e0 l'aide de fl\u00e8ches ou en glissant.<\/div><\/div>\n                <\/div>\n\n                <div class=\"application-examples-item-iframe-container browser-frame\">\n                    <div class=\"application-examples-item-iframe-wrapper\">\n                        <iframe class=\"application-examples-item-iframe\" data-src=\"https:\/\/elfsight.com\/examples?widget_id=09a8fe64-92d0-4e28-9600-dac0f08792a9&padding=28px+0+28px+0\" width=\"100%\" allow=\"autoplay; fullscreen\"><\/iframe>\n                    <\/div>\n\n                    <div class=\"application-examples-item-loader\"><\/div>\n                <\/div>\n            <\/div>\n\n\n<div class=\"application-examples-item application-examples-item-loading\">\n                            <div class=\"col-row\">\n                                <div class=\"col-6 col-m-8 col-s-12\"><h3 class=\"application-examples-item-title\">Exemple 7: R\u00e9servation<\/h3><div class=\"application-examples-item-description\">Obtenez un excellent curseur pour votre site qui remplit tout l'espace de la zone de contenu gr\u00e2ce \u00e0 l'option Largeur automatique. L'image de superposition masquera l'arri\u00e8re-plan du site Web et concentrera l'attention des utilisateurs sur le contenu de la diapositive. Par exemple, il constitue un cadre id\u00e9al pour afficher les t\u00e9moignages de clients ou pour d\u00e9crire les fonctionnalit\u00e9s de vos offres. Vous pouvez placer des \u00e9l\u00e9ments de navigation \u00e0 l'int\u00e9rieur ou \u00e0 l'ext\u00e9rieur du curseur et choisir l'alignement.<\/div><\/div>\n                <\/div>\n\n                <div class=\"application-examples-item-iframe-container browser-frame\">\n                    <div class=\"application-examples-item-iframe-wrapper\">\n                        <iframe class=\"application-examples-item-iframe\" data-src=\"https:\/\/elfsight.com\/examples?widget_id=ff36e138-3274-4cc2-abbc-41bc356ea407&padding=28px+0+28px+0\" width=\"100%\" allow=\"autoplay; fullscreen\"><\/iframe>\n                    <\/div>\n\n                    <div class=\"application-examples-item-loader\"><\/div>\n                <\/div>\n            <\/div>\n\n\n<div class=\"application-examples-item application-examples-item-loading\">\n                            <div class=\"col-row\">\n                                <div class=\"col-6 col-m-8 col-s-12\"><h3 class=\"application-examples-item-title\">Exemple 8: Vente saisonni\u00e8re<\/h3><div class=\"application-examples-item-description\">Vous annoncez un Black Friday, une vente de No\u00ebl ou une autre grande vente? Slider vous aidera \u00e0 le rendre le plus efficace possible! Les mod\u00e8les attrayants pr\u00eats \u00e0 l'emploi ne n\u00e9cessitent que quelques lignes de votre propre texte - et une banni\u00e8re est pr\u00eate! Ajoutez un bouton d'appel \u00e0 l'action qui rendra le parcours d'achat beaucoup plus court. Votre curseur sera parfait sur tous les appareils - vous pouvez le v\u00e9rifier directement dans l'\u00e9diteur.<\/div><\/div>\n                <\/div>\n\n                <div class=\"application-examples-item-iframe-container browser-frame\">\n                    <div class=\"application-examples-item-iframe-wrapper\">\n                        <iframe class=\"application-examples-item-iframe\" data-src=\"https:\/\/elfsight.com\/examples?widget_id=b7d8dc16-65b0-4da1-b8f7-6be537c384c5&padding=28px+0+28px+0\" width=\"100%\" allow=\"autoplay; fullscreen\"><\/iframe>\n                    <\/div>\n\n                    <div class=\"application-examples-item-loader\"><\/div>\n                <\/div>\n            <\/div>\n\n\n<!--[application_example title=\"Exemple 9: Vid\u00e9o\" description=\"Vous pensez qu'un curseur n'est pas un bon endroit pour les vid\u00e9os? Ensuite, v\u00e9rifiez simplement cet exemple. C'est une combinaison parfaite d'\u00e9l\u00e9ments qui permet aux utilisateurs de visionner la vid\u00e9o et d'acheter des billets sur place. Vous pouvez \u00e9galement cr\u00e9er un curseur avec des instructions vid\u00e9o \u00e9tape par \u00e9tape. Les utilisateurs peuvent voir la suite gr\u00e2ce aux miniatures et avancer ou reculer en un seul clic.\" padding=\"28px 0 28px 0\" link=\"https:\/\/elfsight.com\/examples?widget_id=743aa673-28e9-475d-9fa8-6b2646464880\"]-->\n","protected":false},"excerpt":{"rendered":"","protected":false},"author":12,"featured_media":0,"parent":1532,"menu_order":0,"comment_status":"closed","ping_status":"closed","template":"templates\/template-application-examples.php","meta":{"publish_to_discourse":"","publish_post_category":"","wpdc_auto_publish_overridden":"","wpdc_topic_tags":"","wpdc_pin_topic":"","wpdc_pin_until":"","discourse_post_id":"","discourse_permalink":"","wpdc_publishing_response":"","wpdc_publishing_error":"","footnotes":""},"class_list":["post-1545","page","type-page","status-publish","hentry"],"yoast_head":"<!-- This site is optimized with the Yoast SEO plugin v25.3.1 - https:\/\/yoast.com\/wordpress\/plugins\/seo\/ -->\n<title>TOP 9 des exemples de widgets Video &amp; Image Slider (en 2026)<\/title>\n<meta name=\"description\" content=\"TOP 9 exemples de curseurs de sites Web: articles, mode, produits, plats, r\u00e9servation, vente saisonni\u00e8re, vid\u00e9o et autres widgets pour votre site Web.\" \/>\n<meta name=\"robots\" content=\"index, follow, max-snippet:-1, max-image-preview:large, max-video-preview:-1\" \/>\n<link rel=\"canonical\" href=\"https:\/\/elfsight.com\/fr\/slider-widget\/examples\/\" \/>\n<meta property=\"og:locale\" content=\"fr_FR\" \/>\n<meta property=\"og:type\" content=\"article\" \/>\n<meta property=\"og:title\" content=\"TOP 9 des exemples de widgets Video &amp; Image Slider (en 2026)\" \/>\n<meta property=\"og:description\" content=\"TOP 9 exemples de curseurs de sites Web: articles, mode, produits, plats, r\u00e9servation, vente saisonni\u00e8re, vid\u00e9o et autres widgets pour votre site Web.\" \/>\n<meta property=\"og:url\" content=\"https:\/\/elfsight.com\/fr\/slider-widget\/examples\/\" \/>\n<meta property=\"og:site_name\" content=\"Elfsight FR\" \/>\n<meta property=\"article:modified_time\" content=\"2021-12-03T10:12:54+00:00\" \/>\n<meta name=\"twitter:card\" content=\"summary_large_image\" \/>\n<meta name=\"twitter:label1\" content=\"Dur\u00e9e de lecture estim\u00e9e\" \/>\n\t<meta name=\"twitter:data1\" content=\"3 minutes\" \/>\n<!-- \/ Yoast SEO plugin. -->","yoast_head_json":{"title":"TOP 9 des exemples de widgets Video & Image Slider (en 2026)","description":"TOP 9 exemples de curseurs de sites Web: articles, mode, produits, plats, r\u00e9servation, vente saisonni\u00e8re, vid\u00e9o et autres widgets pour votre site Web.","robots":{"index":"index","follow":"follow","max-snippet":"max-snippet:-1","max-image-preview":"max-image-preview:large","max-video-preview":"max-video-preview:-1"},"canonical":"https:\/\/elfsight.com\/fr\/slider-widget\/examples\/","og_locale":"fr_FR","og_type":"article","og_title":"TOP 9 des exemples de widgets Video & Image Slider (en 2026)","og_description":"TOP 9 exemples de curseurs de sites Web: articles, mode, produits, plats, r\u00e9servation, vente saisonni\u00e8re, vid\u00e9o et autres widgets pour votre site Web.","og_url":"https:\/\/elfsight.com\/fr\/slider-widget\/examples\/","og_site_name":"Elfsight FR","article_modified_time":"2021-12-03T10:12:54+00:00","twitter_card":"summary_large_image","twitter_misc":{"Dur\u00e9e de lecture estim\u00e9e":"3 minutes"},"schema":{"@context":"https:\/\/schema.org","@graph":[{"@type":"WebPage","@id":"https:\/\/elfsight.com\/fr\/slider-widget\/examples\/","url":"https:\/\/elfsight.com\/fr\/slider-widget\/examples\/","name":"TOP 9 des exemples de widgets Video & Image Slider (en 2026)","isPartOf":{"@id":"https:\/\/elfsight.com\/fr\/#website"},"datePublished":"2020-07-29T20:24:55+00:00","dateModified":"2021-12-03T10:12:54+00:00","description":"TOP 9 exemples de curseurs de sites Web: articles, mode, produits, plats, r\u00e9servation, vente saisonni\u00e8re, vid\u00e9o et autres widgets pour votre site Web.","breadcrumb":{"@id":"https:\/\/elfsight.com\/fr\/slider-widget\/examples\/#breadcrumb"},"inLanguage":"fr-FR","potentialAction":[{"@type":"ReadAction","target":["https:\/\/elfsight.com\/fr\/slider-widget\/examples\/"]}]},{"@type":"BreadcrumbList","@id":"https:\/\/elfsight.com\/fr\/slider-widget\/examples\/#breadcrumb","itemListElement":[{"@type":"ListItem","position":1,"name":"Home","item":"https:\/\/elfsight.com\/fr\/"},{"@type":"ListItem","position":2,"name":"Slider","item":"https:\/\/elfsight.com\/fr\/slider-widget\/"},{"@type":"ListItem","position":3,"name":"Slider &#8211; Examples"}]},{"@type":"WebSite","@id":"https:\/\/elfsight.com\/fr\/#website","url":"https:\/\/elfsight.com\/fr\/","name":"Elfsight FR","description":"","potentialAction":[{"@type":"SearchAction","target":{"@type":"EntryPoint","urlTemplate":"https:\/\/elfsight.com\/fr\/?s={search_term_string}"},"query-input":{"@type":"PropertyValueSpecification","valueRequired":true,"valueName":"search_term_string"}}],"inLanguage":"fr-FR"}]}},"meta_box":{"industry":"","seo_heading":"","heading":"","description":"","cta_heading":"","cta_description":"","application":"1525","h1":"","h1_caption":"","application_category":[],"applications_title":"","applications_request_title":"","applications_request_button_text":"","hero_text":"","hero_video":"","hero_video_schema_markup":"","selling_points_title":"","selling_points_caption":"","selling_points":[],"selling_points_cta_text":"","features_title":"","features":"","ed_cta_examples_text":"","ed_cta_examples_hidden":"","ed_cta_demo_text":"","ed_cta_demo_hidden":"","why_caption":"","why_editor_title":"","why_editor_text":"","why_team_title":"","why_team_text":"","why_service_title":"","why_service_text":"","template_catalog_visible":"","template_catalog_title":"","template_catalog_text":"","template_catalog_categories_visible":"","demo_title":"","demo_caption":"","default_faq_hidden":"","app_template_category":[],"platform":"","template_public_id":"","codecanyon_url":"","codecanyon_item_id":"","codecanyon_price":"","pricing_caption":"","pricing_elfsight_apps_hide_column":"","pricing_elfsight_apps_url":"","pricing_codecanyon_price_caption":"","integration_category":[],"integration_request_title":"","integration_request_cta":"","integration_platform":"","integrations":[],"platform_category":[],"video_schema_markup":"","price":"","trial":"","benefits":[],"button_url":"","button_target_blank":"","button_nofollow":"","attributes":[],"tags":[],"tags_disable_links":"","hide_more_platforms":"","video_object":"","demo_hide_cta":"","demo_hide_cloud_options":"","pricing_title":"","pricing":[],"related_apps_title":"","related_apps_hidden":"","author":"","image":[],"title":"","job":"","social_networks":[]},"_links":{"self":[{"href":"https:\/\/elfsight.com\/fr\/wp-json\/wp\/v2\/pages\/1545","targetHints":{"allow":["GET"]}}],"collection":[{"href":"https:\/\/elfsight.com\/fr\/wp-json\/wp\/v2\/pages"}],"about":[{"href":"https:\/\/elfsight.com\/fr\/wp-json\/wp\/v2\/types\/page"}],"author":[{"embeddable":true,"href":"https:\/\/elfsight.com\/fr\/wp-json\/wp\/v2\/users\/12"}],"replies":[{"embeddable":true,"href":"https:\/\/elfsight.com\/fr\/wp-json\/wp\/v2\/comments?post=1545"}],"version-history":[{"count":1,"href":"https:\/\/elfsight.com\/fr\/wp-json\/wp\/v2\/pages\/1545\/revisions"}],"predecessor-version":[{"id":1546,"href":"https:\/\/elfsight.com\/fr\/wp-json\/wp\/v2\/pages\/1545\/revisions\/1546"}],"up":[{"embeddable":true,"href":"https:\/\/elfsight.com\/fr\/wp-json\/wp\/v2\/pages\/1532"}],"wp:attachment":[{"href":"https:\/\/elfsight.com\/fr\/wp-json\/wp\/v2\/media?parent=1545"}],"curies":[{"name":"wp","href":"https:\/\/api.w.org\/{rel}","templated":true}]}}