{"id":15445,"date":"2024-09-30T18:27:29","date_gmt":"2024-09-30T18:27:29","guid":{"rendered":"https:\/\/elfsight.com\/fr\/?page_id=15445"},"modified":"2024-12-20T11:14:23","modified_gmt":"2024-12-20T11:14:23","slug":"opencart","status":"publish","type":"page","link":"https:\/\/elfsight.com\/fr\/appointment-booking-widget\/opencart\/","title":{"rendered":"Appointment Booking &#8211; OpenCart"},"content":{"rendered":"\n<div class=\"application-platform-content-item-description application-platform-content-item\" id=\"description\" data-nav-section=\"description\">\n  <h2>Int\u00e9grez la prise de rendez-vous sur OpenCart avec l&rsquo;extension Elfsight !<\/h2>\n  <p>L&rsquo;extension de prise de rendez-vous est con\u00e7ue pour aider vos clients potentiels \u00e0 r\u00e9server des cr\u00e9neaux horaires directement sur votre site Web OpenCart, r\u00e9duisant ainsi les t\u00e2ches manuelles de votre part, comme la surveillance constante des messages, des appels et des e-mails. C&rsquo;est comme si vous aviez un assistant virtuel disponible 24h\/24, capable d&rsquo;envoyer des alertes automatis\u00e9es et de se synchroniser avec des int\u00e9grations externes, telles que Google Agenda.<\/p>\n  <p>Offrez davantage d&rsquo;informations sur vos services ou \u00e9v\u00e9nements : d\u00e9crivez le calendrier, partagez les informations de contact et d\u00e9finissez les prix pour simplifier la prise de d\u00e9cision de vos clients. De plus, personnalisez l&rsquo;apparence de l&rsquo;extension en ajustant les \u00e9l\u00e9ments et fonctionnalit\u00e9s sans avoir besoin de comp\u00e9tences en codage ou de recruter un d\u00e9veloppeur qualifi\u00e9 !<\/p>\n  <p><b>Laissez votre entreprise \u00e9voluer et devenez accessible \u00e0 une client\u00e8le plus large gr\u00e2ce \u00e0 la prise de rendez-vous en ligne sur votre site !<\/b><\/p>\n<\/div>\n\n<div class=\"application-platform-content-item-features application-platform-content-item\" id=\"features\" data-nav-section=\"features\">\n  <h2>D\u00e9couvrez les fonctionnalit\u00e9s puissantes de l&rsquo;extension :<\/h2>\n  <ul>\n    <li>Fournissez une description compl\u00e8te de votre service (nom, d\u00e9tails, photo et dur\u00e9e) et configurez les tarifs dans diff\u00e9rentes devises.<\/li>\n    <li>Envoyez des alertes automatis\u00e9es pour valider les cr\u00e9neaux r\u00e9serv\u00e9s, aussi bien aux clients qu&rsquo;\u00e0 vous-m\u00eame.<\/li>\n    <li>Synchronisez le widget avec des int\u00e9grations tierces, comme Google Agenda, pour garder vos horaires \u00e0 jour en temps r\u00e9el.<\/li>\n    <li>Affichez les coordonn\u00e9es de votre entreprise comme preuve sociale et permettez aux utilisateurs de vous contacter en cas de situations impr\u00e9vues.<\/li>\n    <li>Personnalisation facile sans codage : choisissez parmi des mod\u00e8les, couleurs, mises en page, polices, \u00e9diteurs CSS et JS personnalis\u00e9s, et bien plus encore.<\/li>\n  <\/ul>\n  <p><a href=\"#demo\">Essayez le widget avec notre d\u00e9mo interactive<\/a><\/p>\n<\/div>\n\n<div class=\"application-platform-content-item-installation application-platform-content-item\" id=\"installation\" data-nav-section=\"installation\">\n  <h2>Comment ajouter la prise de rendez-vous \u00e0 mon site Web OpenCart ?<\/h2>\n  <p>Pour int\u00e9grer la prise de rendez-vous sur votre site Web OpenCart, suivez ces \u00e9tapes :<\/p>\n  <ol>\n    <li><b>Ouvrez notre \u00e9diteur gratuit et commencez \u00e0 cr\u00e9er votre plugin personnalis\u00e9.<\/b><br> Choisissez la pr\u00e9sentation et les fonctionnalit\u00e9s du plugin qui correspondent \u00e0 vos besoins, puis enregistrez les modifications.<\/li>\n    <li><b>Obtenez votre code unique affich\u00e9 dans la fen\u00eatre des applications Elfsight.<\/b><br> D\u00e8s que la configuration de votre widget est termin\u00e9e, copiez le code fourni dans la fen\u00eatre et conservez-le pour une utilisation ult\u00e9rieure.<\/li>\n    <li><b>Commencez \u00e0 utiliser le widget sur votre site Web OpenCart.<\/b><br> Int\u00e9grez le code copi\u00e9 dans votre site Web et appliquez les modifications n\u00e9cessaires.<\/li>\n    <li><b>L&rsquo;installation est termin\u00e9e avec succ\u00e8s.<\/b><br> Acc\u00e9dez \u00e0 votre site Web pour voir l&rsquo;outil en action et v\u00e9rifier son bon fonctionnement.<\/li>\n  <\/ol>\n  <p>Si vous avez des questions ou rencontrez des difficult\u00e9s, n&rsquo;h\u00e9sitez pas \u00e0 contacter notre \u00e9quipe d&rsquo;assistance. Nos collaborateurs se feront un plaisir de r\u00e9soudre toute question que vous pourriez avoir concernant le produit.<\/p>\n<\/div>\n\n","protected":false},"excerpt":{"rendered":"","protected":false},"author":9,"featured_media":0,"parent":15252,"menu_order":0,"comment_status":"closed","ping_status":"closed","template":"templates\/template-application-platform.php","meta":{"publish_to_discourse":"","publish_post_category":"","wpdc_auto_publish_overridden":"","wpdc_topic_tags":"","wpdc_pin_topic":"","wpdc_pin_until":"","discourse_post_id":"","discourse_permalink":"","wpdc_publishing_response":"","wpdc_publishing_error":"","footnotes":""},"class_list":["post-15445","page","type-page","status-publish","hentry"],"yoast_head":"<!-- This site is optimized with the Yoast SEO plugin v25.3.1 - https:\/\/yoast.com\/wordpress\/plugins\/seo\/ -->\n<title>Widget de prise de rendez-vous \u2013 Int\u00e9grer la r\u00e9servation sur le site Web OpenCart<\/title>\n<meta name=\"description\" content=\"Ajoutez une application de prise de rendez-vous sans codage au site Web OpenCart et permettez aux clients de r\u00e9server des cr\u00e9neaux en quelques clics\u00a0!\" \/>\n<meta name=\"robots\" content=\"index, follow, max-snippet:-1, max-image-preview:large, max-video-preview:-1\" \/>\n<link rel=\"canonical\" href=\"https:\/\/elfsight.com\/fr\/appointment-booking-widget\/opencart\/\" \/>\n<meta property=\"og:locale\" content=\"fr_FR\" \/>\n<meta property=\"og:type\" content=\"article\" \/>\n<meta property=\"og:title\" content=\"Widget de prise de rendez-vous \u2013 Int\u00e9grer la r\u00e9servation sur le site Web OpenCart\" \/>\n<meta property=\"og:description\" content=\"Ajoutez une application de prise de rendez-vous sans codage au site Web OpenCart et permettez aux clients de r\u00e9server des cr\u00e9neaux en quelques clics\u00a0!\" \/>\n<meta property=\"og:url\" content=\"https:\/\/elfsight.com\/fr\/appointment-booking-widget\/opencart\/\" \/>\n<meta property=\"og:site_name\" content=\"Elfsight FR\" \/>\n<meta property=\"article:modified_time\" content=\"2024-12-20T11:14:23+00:00\" \/>\n<meta name=\"twitter:card\" content=\"summary_large_image\" \/>\n<meta name=\"twitter:label1\" content=\"Dur\u00e9e de lecture estim\u00e9e\" \/>\n\t<meta name=\"twitter:data1\" content=\"3 minutes\" \/>\n<!-- \/ Yoast SEO plugin. -->","yoast_head_json":{"title":"Widget de prise de rendez-vous \u2013 Int\u00e9grer la r\u00e9servation sur le site Web OpenCart","description":"Ajoutez une application de prise de rendez-vous sans codage au site Web OpenCart et permettez aux clients de r\u00e9server des cr\u00e9neaux en quelques clics\u00a0!","robots":{"index":"index","follow":"follow","max-snippet":"max-snippet:-1","max-image-preview":"max-image-preview:large","max-video-preview":"max-video-preview:-1"},"canonical":"https:\/\/elfsight.com\/fr\/appointment-booking-widget\/opencart\/","og_locale":"fr_FR","og_type":"article","og_title":"Widget de prise de rendez-vous \u2013 Int\u00e9grer la r\u00e9servation sur le site Web OpenCart","og_description":"Ajoutez une application de prise de rendez-vous sans codage au site Web OpenCart et permettez aux clients de r\u00e9server des cr\u00e9neaux en quelques clics\u00a0!","og_url":"https:\/\/elfsight.com\/fr\/appointment-booking-widget\/opencart\/","og_site_name":"Elfsight FR","article_modified_time":"2024-12-20T11:14:23+00:00","twitter_card":"summary_large_image","twitter_misc":{"Dur\u00e9e de lecture estim\u00e9e":"3 minutes"},"schema":{"@context":"https:\/\/schema.org","@graph":[{"@type":"WebPage","@id":"https:\/\/elfsight.com\/fr\/appointment-booking-widget\/opencart\/","url":"https:\/\/elfsight.com\/fr\/appointment-booking-widget\/opencart\/","name":"Widget de prise de rendez-vous \u2013 Int\u00e9grer la r\u00e9servation sur le site Web OpenCart","isPartOf":{"@id":"https:\/\/elfsight.com\/fr\/#website"},"datePublished":"2024-09-30T18:27:29+00:00","dateModified":"2024-12-20T11:14:23+00:00","description":"Ajoutez une application de prise de rendez-vous sans codage au site Web OpenCart et permettez aux clients de r\u00e9server des cr\u00e9neaux en quelques clics\u00a0!","breadcrumb":{"@id":"https:\/\/elfsight.com\/fr\/appointment-booking-widget\/opencart\/#breadcrumb"},"inLanguage":"fr-FR","potentialAction":[{"@type":"ReadAction","target":["https:\/\/elfsight.com\/fr\/appointment-booking-widget\/opencart\/"]}]},{"@type":"BreadcrumbList","@id":"https:\/\/elfsight.com\/fr\/appointment-booking-widget\/opencart\/#breadcrumb","itemListElement":[{"@type":"ListItem","position":1,"name":"Home","item":"https:\/\/elfsight.com\/fr\/"},{"@type":"ListItem","position":2,"name":"Appointment Booking","item":"https:\/\/elfsight.com\/fr\/appointment-booking-widget\/"},{"@type":"ListItem","position":3,"name":"Appointment Booking &#8211; OpenCart"}]},{"@type":"WebSite","@id":"https:\/\/elfsight.com\/fr\/#website","url":"https:\/\/elfsight.com\/fr\/","name":"Elfsight FR","description":"","potentialAction":[{"@type":"SearchAction","target":{"@type":"EntryPoint","urlTemplate":"https:\/\/elfsight.com\/fr\/?s={search_term_string}"},"query-input":{"@type":"PropertyValueSpecification","valueRequired":true,"valueName":"search_term_string"}}],"inLanguage":"fr-FR"}]}},"meta_box":{"industry":"","seo_heading":"","heading":"","description":"","cta_heading":"","cta_description":"","application":"15251","h1":"Extension de prise de rendez-vous OpenCart","h1_caption":"Permettez aux utilisateurs de planifier facilement des rendez-vous directement depuis votre site Web Opencart, am\u00e9liorant ainsi la commodit\u00e9 et rationalisant le processus de r\u00e9servation.","application_category":[],"applications_title":"","applications_request_title":"","applications_request_button_text":"","hero_text":"","hero_video":"","hero_video_schema_markup":"","selling_points_title":"","selling_points_caption":"","selling_points":[],"selling_points_cta_text":"","features_title":"","features":"","ed_cta_examples_text":"","ed_cta_examples_hidden":"","ed_cta_demo_text":"","ed_cta_demo_hidden":"","why_caption":"","why_editor_title":"","why_editor_text":"","why_team_title":"","why_team_text":"","why_service_title":"","why_service_text":"","template_catalog_visible":"0","template_catalog_title":"","template_catalog_text":"","template_catalog_categories_visible":"","demo_title":"Cr\u00e9ez votre extension de prise de rendez-vous","demo_caption":"Configurez votre prise de rendez-vous et ajoutez-la gratuitement \u00e0 votre site Web OpenCart\u00a0!","default_faq_hidden":"","app_template_category":[],"platform":"359","template_public_id":"","codecanyon_url":"","codecanyon_item_id":"","codecanyon_price":"","pricing_caption":"","pricing_elfsight_apps_hide_column":"","pricing_elfsight_apps_url":"","pricing_codecanyon_price_caption":"","integration_category":[],"integration_request_title":"","integration_request_cta":"","integration_platform":"","integrations":[],"platform_category":[],"video_schema_markup":"","price":"\u00e0 partir de 0$ \/ mois","trial":"","benefits":[{"text":"Aide \u00e0 l'installation gratuite"},{"text":"Service client efficace"},{"text":"Garantie de remboursement de 14 jours"},{"text":"Mise \u00e0 jour constante"}],"button_url":"#demo","button_target_blank":"0","button_nofollow":"0","attributes":[{"name":"Installations","content":"1,000 - 5,000"},{"name":"Sensible","content":"Oui"},{"name":"Navigateurs compatibles","content":"Firefox, Safari, Opera, Chrome, Edge"}],"tags":[],"tags_disable_links":"0","hide_more_platforms":"","video_object":"","demo_hide_cta":"0","demo_hide_cloud_options":"0","pricing_title":"","pricing":[{"pricing_icon":"platform","pricing_title":"Elfsight Apps","pricing_title_caption":"Solution num\u00e9rique ind\u00e9pendante de la plateforme qui s'adapte \u00e0 n'importe quel site Web","pricing_price":"\u00c0 partir de 0$ \/ mois","pricing_price_caption":"Commencez avec un forfait gratuit","pricing_benefits":[{"text":"Sites Web illimit\u00e9s"},{"text":"Support premium et bien document\u00e9"},{"text":"Aide \u00e0 l'installation gratuite"}],"pricing_button_text":"Ajouter au site Web","pricing_button_url":"#demo"}],"related_apps_title":"","related_apps_hidden":"0","author":"","image":[],"title":"","job":"","social_networks":[]},"_links":{"self":[{"href":"https:\/\/elfsight.com\/fr\/wp-json\/wp\/v2\/pages\/15445","targetHints":{"allow":["GET"]}}],"collection":[{"href":"https:\/\/elfsight.com\/fr\/wp-json\/wp\/v2\/pages"}],"about":[{"href":"https:\/\/elfsight.com\/fr\/wp-json\/wp\/v2\/types\/page"}],"author":[{"embeddable":true,"href":"https:\/\/elfsight.com\/fr\/wp-json\/wp\/v2\/users\/9"}],"replies":[{"embeddable":true,"href":"https:\/\/elfsight.com\/fr\/wp-json\/wp\/v2\/comments?post=15445"}],"version-history":[{"count":1,"href":"https:\/\/elfsight.com\/fr\/wp-json\/wp\/v2\/pages\/15445\/revisions"}],"predecessor-version":[{"id":15449,"href":"https:\/\/elfsight.com\/fr\/wp-json\/wp\/v2\/pages\/15445\/revisions\/15449"}],"up":[{"embeddable":true,"href":"https:\/\/elfsight.com\/fr\/wp-json\/wp\/v2\/pages\/15252"}],"wp:attachment":[{"href":"https:\/\/elfsight.com\/fr\/wp-json\/wp\/v2\/media?parent=15445"}],"curies":[{"name":"wp","href":"https:\/\/api.w.org\/{rel}","templated":true}]}}