{"id":15444,"date":"2024-09-30T18:27:29","date_gmt":"2024-09-30T18:27:29","guid":{"rendered":"https:\/\/elfsight.com\/fr\/?page_id=15444"},"modified":"2025-07-09T09:57:03","modified_gmt":"2025-07-09T09:57:03","slug":"jquery","status":"publish","type":"page","link":"https:\/\/elfsight.com\/fr\/appointment-booking-widget\/jquery\/","title":{"rendered":"Appointment Booking &#8211; jQuery"},"content":{"rendered":"<div class=\"application-platform-content-item-description application-platform-content-item\" id=\"description\" data-nav-section=\"description\"><h2>Int\u00e9grez la prise de rendez-vous sur jQuery avec le plugin Elfsight\u00a0!<\/h2> <p>Le plugin Appointment Booking est disponible pour aider les clients potentiels \u00e0 r\u00e9server des cr\u00e9neaux horaires directement sur votre site Web jQuery et vous d\u00e9chargez du fardeau des efforts manuels, comme la gestion constante des messages, des appels et des e-mails. Il fonctionne comme une r\u00e9ceptionniste de garde travaillant 24h\/24 et 7j\/7, capable \u00e9galement d&rsquo;envoyer des notifications automatis\u00e9es et de se connecter \u00e0 des int\u00e9grations sp\u00e9cialis\u00e9es, telles que Google Agenda.<\/p> <p>C&rsquo;est le bon moment pour offrir plus d&rsquo;informations sur votre service ou occasion, d\u00e9finissez la dur\u00e9e, divulguez les coordonn\u00e9es et d\u00e9cidez du prix pour permettre aux clients de prendre leur d\u00e9cision si facilement. De plus, personnalisez l&rsquo;apparence du plugin en modifiant des \u00e9l\u00e9ments et des fonctionnalit\u00e9s personnalis\u00e9s sans avoir besoin d&rsquo;am\u00e9liorer les capacit\u00e9s de codage ou de faire appel \u00e0 un d\u00e9veloppeur qualifi\u00e9\u00a0!<\/p> <p><b>Permettez \u00e0 votre entreprise de prosp\u00e9rer et de devenir accessible \u00e0 tous les clients potentiels avec prise de rendez-vous en ligne sur votre site Web\u00a0!<\/b><\/p> <\/div> <div class=\"application-platform-content-item-features application-platform-content-item\" id=\"features\" data-nav-section=\"features\"> <h2>Vous trouverez ci-dessous les principales fonctionnalit\u00e9s du widget\u00a0:<\/h2> <ul><li>Pr\u00e9sentez un aper\u00e7u clair de votre service (nom, d\u00e9tails, photo et dur\u00e9e) et \u00e9tablissez les tarifs dans diff\u00e9rentes devises.<\/li><li>Envoyez des notifications automatiques pour confirmer les rendez-vous r\u00e9serv\u00e9s aux clients et \u00e0 vous-m\u00eame. .<\/li><li>Synchronisez le widget avec des services externes, comme Google Agenda, pour maintenir une pertinence continue.<\/li><li>Affichez les coordonn\u00e9es de votre entreprise pour plus de cr\u00e9dibilit\u00e9 et permettez aux utilisateurs de vous contacter en cas de situations inattendues. <\/li><li>Personnalisation avanc\u00e9e sans avoir besoin de coder\u00a0: mod\u00e8les pr\u00e9d\u00e9finis, couleurs, mises en page accessibles, polices, \u00e9diteur CSS personnalis\u00e9, \u00e9diteur JS personnalis\u00e9, et bien plus encore.<\/li><\/ul><p><a href=\"#demo\">Explorez toutes les fonctionnalit\u00e9s de personnalisation dans leur int\u00e9gralit\u00e9 -d\u00e9mo en vedette<\/a><\/p> <\/div> <div class=\"application-platform-content-item-installation application-platform-content-item\" id=\"installation\" data-nav-section=\"installation\"> <h2>Comment int\u00e9grer la prise de rendez-vous sur mon jQuery site Web\u00a0?<\/h2> <p>Si vous souhaitez int\u00e9grer la prise de rendez-vous sur votre site Web jQuery, suivez ces instructions\u00a0:<\/p> <ol><li><b>Effectuez notre configurateur gratuit et commencez \u00e0 cr\u00e9er votre site Web sur mesure. Widget de flux LinkedIn.<\/b><br> Sp\u00e9cifiez l&rsquo;interface personnalis\u00e9e et les param\u00e8tres du widget et appliquez les modifications.<\/li> <li><b>Obtenez le code personnel expos\u00e9 dans la fen\u00eatre sur les applications Elfsight.<\/b><br> Une fois la personnalisation de votre outil effectu\u00e9e, copiez le code individuel de la fen\u00eatre contextuelle qui appara\u00eet et conservez-le pour une utilisation ult\u00e9rieure.<\/li> <li><b>Commencez l&rsquo;application du plugin sur votre site Web jQuery.<\/b><br> Placez le code que vous avez enregistr\u00e9 r\u00e9cemment. dans votre site Web et appliquez les ajustements.<\/li> <li><b>L&rsquo;installation est termin\u00e9e avec succ\u00e8s.<\/b><br> Visitez votre site Web pour examiner les performances du widget.<\/li><\/ol> <p>Si vous rencontrez des complications, n&rsquo;h\u00e9sitez pas \u00e0 \u00e9crire \u00e0 notre \u00e9quipe d&rsquo;assistance. Nos sp\u00e9cialistes sont impatients de vous aider avec toutes les difficult\u00e9s que vous pourriez rencontrer avec le plugin.<\/p> <\/div> ","protected":false},"excerpt":{"rendered":"","protected":false},"author":9,"featured_media":0,"parent":15252,"menu_order":0,"comment_status":"closed","ping_status":"closed","template":"templates\/template-application-platform.php","meta":{"publish_to_discourse":"","publish_post_category":"","wpdc_auto_publish_overridden":"","wpdc_topic_tags":"","wpdc_pin_topic":"","wpdc_pin_until":"","discourse_post_id":"","discourse_permalink":"","wpdc_publishing_response":"","wpdc_publishing_error":"","footnotes":""},"class_list":["post-15444","page","type-page","status-publish","hentry"],"yoast_head":"<!-- This site is optimized with the Yoast SEO plugin v25.3.1 - https:\/\/yoast.com\/wordpress\/plugins\/seo\/ -->\n<title>Widget de prise de rendez-vous \u2013 Int\u00e9grer la r\u00e9servation sur le site Web jQuery<\/title>\n<meta name=\"description\" content=\"Ajoutez une application de prise de rendez-vous sans codage au site Web jQuery et permettez aux clients de r\u00e9server des cr\u00e9neaux en quelques clics\u00a0!\" \/>\n<meta name=\"robots\" content=\"index, follow, max-snippet:-1, max-image-preview:large, max-video-preview:-1\" \/>\n<link rel=\"canonical\" href=\"https:\/\/elfsight.com\/fr\/appointment-booking-widget\/jquery\/\" \/>\n<meta property=\"og:locale\" content=\"fr_FR\" \/>\n<meta property=\"og:type\" content=\"article\" \/>\n<meta property=\"og:title\" content=\"Widget de prise de rendez-vous \u2013 Int\u00e9grer la r\u00e9servation sur le site Web jQuery\" \/>\n<meta property=\"og:description\" content=\"Ajoutez une application de prise de rendez-vous sans codage au site Web jQuery et permettez aux clients de r\u00e9server des cr\u00e9neaux en quelques clics\u00a0!\" \/>\n<meta property=\"og:url\" content=\"https:\/\/elfsight.com\/fr\/appointment-booking-widget\/jquery\/\" \/>\n<meta property=\"og:site_name\" content=\"Elfsight FR\" \/>\n<meta property=\"article:modified_time\" content=\"2025-07-09T09:57:03+00:00\" \/>\n<meta name=\"twitter:card\" content=\"summary_large_image\" \/>\n<meta name=\"twitter:label1\" content=\"Dur\u00e9e de lecture estim\u00e9e\" \/>\n\t<meta name=\"twitter:data1\" content=\"3 minutes\" \/>\n<!-- \/ Yoast SEO plugin. -->","yoast_head_json":{"title":"Widget de prise de rendez-vous \u2013 Int\u00e9grer la r\u00e9servation sur le site Web jQuery","description":"Ajoutez une application de prise de rendez-vous sans codage au site Web jQuery et permettez aux clients de r\u00e9server des cr\u00e9neaux en quelques clics\u00a0!","robots":{"index":"index","follow":"follow","max-snippet":"max-snippet:-1","max-image-preview":"max-image-preview:large","max-video-preview":"max-video-preview:-1"},"canonical":"https:\/\/elfsight.com\/fr\/appointment-booking-widget\/jquery\/","og_locale":"fr_FR","og_type":"article","og_title":"Widget de prise de rendez-vous \u2013 Int\u00e9grer la r\u00e9servation sur le site Web jQuery","og_description":"Ajoutez une application de prise de rendez-vous sans codage au site Web jQuery et permettez aux clients de r\u00e9server des cr\u00e9neaux en quelques clics\u00a0!","og_url":"https:\/\/elfsight.com\/fr\/appointment-booking-widget\/jquery\/","og_site_name":"Elfsight FR","article_modified_time":"2025-07-09T09:57:03+00:00","twitter_card":"summary_large_image","twitter_misc":{"Dur\u00e9e de lecture estim\u00e9e":"3 minutes"},"schema":{"@context":"https:\/\/schema.org","@graph":[{"@type":"WebPage","@id":"https:\/\/elfsight.com\/fr\/appointment-booking-widget\/jquery\/","url":"https:\/\/elfsight.com\/fr\/appointment-booking-widget\/jquery\/","name":"Widget de prise de rendez-vous \u2013 Int\u00e9grer la r\u00e9servation sur le site Web jQuery","isPartOf":{"@id":"https:\/\/elfsight.com\/fr\/#website"},"datePublished":"2024-09-30T18:27:29+00:00","dateModified":"2025-07-09T09:57:03+00:00","description":"Ajoutez une application de prise de rendez-vous sans codage au site Web jQuery et permettez aux clients de r\u00e9server des cr\u00e9neaux en quelques clics\u00a0!","breadcrumb":{"@id":"https:\/\/elfsight.com\/fr\/appointment-booking-widget\/jquery\/#breadcrumb"},"inLanguage":"fr-FR","potentialAction":[{"@type":"ReadAction","target":["https:\/\/elfsight.com\/fr\/appointment-booking-widget\/jquery\/"]}]},{"@type":"BreadcrumbList","@id":"https:\/\/elfsight.com\/fr\/appointment-booking-widget\/jquery\/#breadcrumb","itemListElement":[{"@type":"ListItem","position":1,"name":"Home","item":"https:\/\/elfsight.com\/fr\/"},{"@type":"ListItem","position":2,"name":"Appointment Booking","item":"https:\/\/elfsight.com\/fr\/appointment-booking-widget\/"},{"@type":"ListItem","position":3,"name":"Appointment Booking &#8211; jQuery"}]},{"@type":"WebSite","@id":"https:\/\/elfsight.com\/fr\/#website","url":"https:\/\/elfsight.com\/fr\/","name":"Elfsight FR","description":"","potentialAction":[{"@type":"SearchAction","target":{"@type":"EntryPoint","urlTemplate":"https:\/\/elfsight.com\/fr\/?s={search_term_string}"},"query-input":{"@type":"PropertyValueSpecification","valueRequired":true,"valueName":"search_term_string"}}],"inLanguage":"fr-FR"}]}},"meta_box":{"industry":"","seo_heading":"","heading":"","description":"","cta_heading":"","cta_description":"","application":"15251","h1":"Plugin de r\u00e9servation de rendez-vous jQuery","h1_caption":"Permettez aux utilisateurs de planifier facilement des rendez-vous directement depuis votre site Web jQuery, am\u00e9liorant ainsi la commodit\u00e9 et rationalisant le processus de r\u00e9servation.","application_category":[],"applications_title":"","applications_request_title":"","applications_request_button_text":"","hero_text":"","hero_video":"","hero_video_schema_markup":"","selling_points_title":"","selling_points_caption":"","selling_points":[],"selling_points_cta_text":"","features_title":"","features":"","ed_cta_examples_text":"","ed_cta_examples_hidden":"","ed_cta_demo_text":"","ed_cta_demo_hidden":"","why_caption":"","why_editor_title":"","why_editor_text":"","why_team_title":"","why_team_text":"","why_service_title":"","why_service_text":"","template_catalog_visible":"","template_catalog_title":"","template_catalog_text":"","template_catalog_categories_visible":"","demo_title":"Cr\u00e9ez votre plugin de prise de rendez-vous","demo_caption":"Configurez votre prise de rendez-vous et ajoutez-la gratuitement \u00e0 votre site Web jQuery\u00a0!","default_faq_hidden":"","app_template_category":[],"platform":"355","template_public_id":"","codecanyon_url":"","codecanyon_item_id":"","codecanyon_price":"","pricing_caption":"","pricing_elfsight_apps_hide_column":"","pricing_elfsight_apps_url":"","pricing_codecanyon_price_caption":"","integration_category":[],"integration_request_title":"","integration_request_cta":"","integration_platform":"","integrations":[],"platform_category":[],"video_schema_markup":"","price":"\u00e0 partir de 0$ \/ mois","trial":"","benefits":[{"text":"Service d'installation gratuit"},{"text":"Support client exp\u00e9riment\u00e9"},{"text":"Garantie de remboursement de 14 jours"},{"text":"D\u00e9veloppement continu"}],"button_url":"#demo","button_target_blank":"","button_nofollow":"","attributes":[{"name":"Installations","content":"1,000 - 5,000"},{"name":"Sensible","content":"Oui"},{"name":"Navigateurs compatibles","content":"Firefox, Safari, Opera, Chrome, Edge"}],"tags":[],"tags_disable_links":"","hide_more_platforms":"","video_object":"","demo_hide_cta":"","demo_hide_cloud_options":"","pricing_title":"","pricing":[{"pricing_icon":"platform","pricing_title":"Elfsight Apps","pricing_title_caption":"Solution multiplateforme adapt\u00e9e \u00e0 n'importe quel site Web","pricing_price":"\u00c0 partir de 0$ \/ mois","pricing_price_caption":"Commencez avec un forfait gratuit","pricing_benefits":[{"text":"Sites Web illimit\u00e9s"},{"text":"Assistance 24h\/24 et 7j\/7, ponctuelle et bien document\u00e9e"},{"text":"Assistance \u00e0 l'installation gratuite"}],"pricing_button_text":"Ajouter au site Web","pricing_button_url":"#demo"}],"related_apps_title":"","related_apps_hidden":"","author":"","image":[],"title":"","job":"","social_networks":[]},"_links":{"self":[{"href":"https:\/\/elfsight.com\/fr\/wp-json\/wp\/v2\/pages\/15444","targetHints":{"allow":["GET"]}}],"collection":[{"href":"https:\/\/elfsight.com\/fr\/wp-json\/wp\/v2\/pages"}],"about":[{"href":"https:\/\/elfsight.com\/fr\/wp-json\/wp\/v2\/types\/page"}],"author":[{"embeddable":true,"href":"https:\/\/elfsight.com\/fr\/wp-json\/wp\/v2\/users\/9"}],"replies":[{"embeddable":true,"href":"https:\/\/elfsight.com\/fr\/wp-json\/wp\/v2\/comments?post=15444"}],"version-history":[{"count":1,"href":"https:\/\/elfsight.com\/fr\/wp-json\/wp\/v2\/pages\/15444\/revisions"}],"predecessor-version":[{"id":15448,"href":"https:\/\/elfsight.com\/fr\/wp-json\/wp\/v2\/pages\/15444\/revisions\/15448"}],"up":[{"embeddable":true,"href":"https:\/\/elfsight.com\/fr\/wp-json\/wp\/v2\/pages\/15252"}],"wp:attachment":[{"href":"https:\/\/elfsight.com\/fr\/wp-json\/wp\/v2\/media?parent=15444"}],"curies":[{"name":"wp","href":"https:\/\/api.w.org\/{rel}","templated":true}]}}