{"id":15439,"date":"2024-09-30T18:27:29","date_gmt":"2024-09-30T18:27:29","guid":{"rendered":"https:\/\/elfsight.com\/fr\/?page_id=15439"},"modified":"2025-07-09T09:57:54","modified_gmt":"2025-07-09T09:57:54","slug":"webnode","status":"publish","type":"page","link":"https:\/\/elfsight.com\/fr\/appointment-booking-widget\/webnode\/","title":{"rendered":"Appointment Booking &#8211; Webnode"},"content":{"rendered":"<div class=\"application-platform-content-item-description application-platform-content-item\" id=\"description\" data-nav-section=\"description\"><h2>Int\u00e9grez la prise de rendez-vous sur Webnode avec le widget Elfsight\u00a0!<\/h2> <p>Le widget de prise de rendez-vous est l\u00e0 pour aider les clients potentiels \u00e0 r\u00e9server du temps directement sur votre site Web Webnode, minimisant ainsi le travail manuel de votre part, comme la surveillance constante des messages, des appels et des e-mails. Il fonctionne comme un r\u00e9ceptionniste d\u00e9di\u00e9 en attente 24 heures sur 24, qui d\u00e9livre des alertes automatis\u00e9es et peut \u00eatre connect\u00e9 \u00e0 des int\u00e9grations externes, telles que Google Agenda.<\/p> <p>C&rsquo;est le bon moment pour \u00e9laborer davantage sur votre service ou votre \u00e9v\u00e9nement, pr\u00e9cisez le d\u00e9lai, partager les coordonn\u00e9es et clarifier les prix pour aider les clients \u00e0 faire des choix \u00e9clair\u00e9s. De plus, personnalisez l&rsquo;apparence du widget en ajustant les \u00e9l\u00e9ments et fonctionnalit\u00e9s personnalis\u00e9s sans avoir besoin de ma\u00eetriser le savoir-faire en programmation ou de faire appel \u00e0 un programmeur\u00a0!<\/p> <p><b>Permettez \u00e0 votre entreprise de prosp\u00e9rer et d&rsquo;\u00eatre accessible \u00e0 un public plus large. en proposant la prise de rendez-vous en ligne sur votre site Web\u00a0!<\/b><\/p> <\/div> <div class=\"application-platform-content-item-features application-platform-content-item\" id=\"features\" data-nav-section=\"features\"> <h2>Les fonctionnalit\u00e9s essentielles du widget contiennent\u00a0:<\/h2> <ul><li>Fournissez une repr\u00e9sentation compl\u00e8te de votre service (nom, d\u00e9tails, photo et dur\u00e9e) et organisez les tarifs dans plusieurs devises.<\/li><li>Envoyez des alertes automatis\u00e9es pour v\u00e9rifier les rendez-vous s\u00e9curis\u00e9s aux clients et \u00e0 vous-m\u00eame. .<\/li><li>Synchronisez le widget avec des applications d&rsquo;externalisation, telles que Google Agenda, pour rester toujours \u00e0 jour.<\/li><li>Affichez les coordonn\u00e9es de votre entreprise pour plus de cr\u00e9dibilit\u00e9 et permettez aux utilisateurs de vous contacter en cas de probl\u00e8me. impr\u00e9vu occurrences.<\/li><li>Personnalisation sans code avec param\u00e8tres de conception avanc\u00e9s\u00a0: mod\u00e8les pr\u00eats \u00e0 l&#8217;emploi, couleurs, mises en page multiples, polices, \u00e9diteur CSS personnalis\u00e9, \u00e9diteur JS personnalis\u00e9, etc.<\/li><\/ul><p><a href=\"#demo\">Cochez simplement cette d\u00e9mo pour comprendre les fonctionnalit\u00e9s du widget<\/a><\/p> <\/div> <div class=\"application-platform-content-item-installation application-platform-content-item\" id=\"installation\" data-nav-section=\"installation\"> <h2>Comment puis-je ajouter la prise de rendez-vous \u00e0 mon site Webnode ?<\/h2> <p>Pour ajouter la prise de rendez-vous \u00e0 votre site Webnode, proc\u00e9dez comme suit\u00a0:<\/p> <ol><li><b>Lancez notre configurateur gratuit et commencez \u00e0 fa\u00e7onner votre plugin de flux LinkedIn personnalis\u00e9.<\/b><br> D\u00e9terminez la forme et les fonctionnalit\u00e9s pr\u00e9f\u00e9rables de l&rsquo;outil et enregistrez les corrections.<\/li> <li><b>Copiez votre code personnel qui est affich\u00e9 dans le formulaire sp\u00e9cial. sur Elfsight Applications.<\/b><br> Une fois la g\u00e9n\u00e9ration de votre plugin personnel termin\u00e9e, copiez le code individuel dans la zone qui appara\u00eet et enregistrez-le pour une utilisation ult\u00e9rieure.<\/li> <li><b>Commencez \u00e0 utiliser l&rsquo;outil sur votre site Webnode.<\/b><br> Ajoutez le code copi\u00e9 auparavant sur votre site Web et enregistrez les modifications.<\/li> <li><b>Le tour est jou\u00e9 ! L&rsquo;int\u00e9gration est enti\u00e8rement r\u00e9alis\u00e9e.<\/b><br> Rendez-vous sur votre site internet pour voir le fonctionnement du plugin.<\/li><\/ol> <p>\u00c0 condition d&rsquo;avoir des questions ou de rencontrer des difficult\u00e9s, n&rsquo;h\u00e9sitez pas pour s&rsquo;adresser \u00e0 notre personnel du service client. Nos consultants se feront un plaisir de r\u00e9soudre toutes les questions que vous pourriez avoir sur le produit.<\/p> <\/div> ","protected":false},"excerpt":{"rendered":"","protected":false},"author":9,"featured_media":0,"parent":15252,"menu_order":0,"comment_status":"closed","ping_status":"closed","template":"templates\/template-application-platform.php","meta":{"publish_to_discourse":"","publish_post_category":"","wpdc_auto_publish_overridden":"","wpdc_topic_tags":"","wpdc_pin_topic":"","wpdc_pin_until":"","discourse_post_id":"","discourse_permalink":"","wpdc_publishing_response":"","wpdc_publishing_error":"","footnotes":""},"class_list":["post-15439","page","type-page","status-publish","hentry"],"yoast_head":"<!-- This site is optimized with the Yoast SEO plugin v25.3.1 - https:\/\/yoast.com\/wordpress\/plugins\/seo\/ -->\n<title>Widget de prise de rendez-vous \u2014 Int\u00e9grer la r\u00e9servation sur le site Webnode<\/title>\n<meta name=\"description\" content=\"Ajoutez une application de prise de rendez-vous sans codage au site Webnode et permettez aux clients de r\u00e9server des cr\u00e9neaux en quelques clics !\" \/>\n<meta name=\"robots\" content=\"index, follow, max-snippet:-1, max-image-preview:large, max-video-preview:-1\" \/>\n<link rel=\"canonical\" href=\"https:\/\/elfsight.com\/fr\/appointment-booking-widget\/webnode\/\" \/>\n<meta property=\"og:locale\" content=\"fr_FR\" \/>\n<meta property=\"og:type\" content=\"article\" \/>\n<meta property=\"og:title\" content=\"Widget de prise de rendez-vous \u2014 Int\u00e9grer la r\u00e9servation sur le site Webnode\" \/>\n<meta property=\"og:description\" content=\"Ajoutez une application de prise de rendez-vous sans codage au site Webnode et permettez aux clients de r\u00e9server des cr\u00e9neaux en quelques clics !\" \/>\n<meta property=\"og:url\" content=\"https:\/\/elfsight.com\/fr\/appointment-booking-widget\/webnode\/\" \/>\n<meta property=\"og:site_name\" content=\"Elfsight FR\" \/>\n<meta property=\"article:modified_time\" content=\"2025-07-09T09:57:54+00:00\" \/>\n<meta name=\"twitter:card\" content=\"summary_large_image\" \/>\n<meta name=\"twitter:label1\" content=\"Dur\u00e9e de lecture estim\u00e9e\" \/>\n\t<meta name=\"twitter:data1\" content=\"3 minutes\" \/>\n<!-- \/ Yoast SEO plugin. -->","yoast_head_json":{"title":"Widget de prise de rendez-vous \u2014 Int\u00e9grer la r\u00e9servation sur le site Webnode","description":"Ajoutez une application de prise de rendez-vous sans codage au site Webnode et permettez aux clients de r\u00e9server des cr\u00e9neaux en quelques clics !","robots":{"index":"index","follow":"follow","max-snippet":"max-snippet:-1","max-image-preview":"max-image-preview:large","max-video-preview":"max-video-preview:-1"},"canonical":"https:\/\/elfsight.com\/fr\/appointment-booking-widget\/webnode\/","og_locale":"fr_FR","og_type":"article","og_title":"Widget de prise de rendez-vous \u2014 Int\u00e9grer la r\u00e9servation sur le site Webnode","og_description":"Ajoutez une application de prise de rendez-vous sans codage au site Webnode et permettez aux clients de r\u00e9server des cr\u00e9neaux en quelques clics !","og_url":"https:\/\/elfsight.com\/fr\/appointment-booking-widget\/webnode\/","og_site_name":"Elfsight FR","article_modified_time":"2025-07-09T09:57:54+00:00","twitter_card":"summary_large_image","twitter_misc":{"Dur\u00e9e de lecture estim\u00e9e":"3 minutes"},"schema":{"@context":"https:\/\/schema.org","@graph":[{"@type":"WebPage","@id":"https:\/\/elfsight.com\/fr\/appointment-booking-widget\/webnode\/","url":"https:\/\/elfsight.com\/fr\/appointment-booking-widget\/webnode\/","name":"Widget de prise de rendez-vous \u2014 Int\u00e9grer la r\u00e9servation sur le site Webnode","isPartOf":{"@id":"https:\/\/elfsight.com\/fr\/#website"},"datePublished":"2024-09-30T18:27:29+00:00","dateModified":"2025-07-09T09:57:54+00:00","description":"Ajoutez une application de prise de rendez-vous sans codage au site Webnode et permettez aux clients de r\u00e9server des cr\u00e9neaux en quelques clics !","breadcrumb":{"@id":"https:\/\/elfsight.com\/fr\/appointment-booking-widget\/webnode\/#breadcrumb"},"inLanguage":"fr-FR","potentialAction":[{"@type":"ReadAction","target":["https:\/\/elfsight.com\/fr\/appointment-booking-widget\/webnode\/"]}]},{"@type":"BreadcrumbList","@id":"https:\/\/elfsight.com\/fr\/appointment-booking-widget\/webnode\/#breadcrumb","itemListElement":[{"@type":"ListItem","position":1,"name":"Home","item":"https:\/\/elfsight.com\/fr\/"},{"@type":"ListItem","position":2,"name":"Appointment Booking","item":"https:\/\/elfsight.com\/fr\/appointment-booking-widget\/"},{"@type":"ListItem","position":3,"name":"Appointment Booking &#8211; Webnode"}]},{"@type":"WebSite","@id":"https:\/\/elfsight.com\/fr\/#website","url":"https:\/\/elfsight.com\/fr\/","name":"Elfsight FR","description":"","potentialAction":[{"@type":"SearchAction","target":{"@type":"EntryPoint","urlTemplate":"https:\/\/elfsight.com\/fr\/?s={search_term_string}"},"query-input":{"@type":"PropertyValueSpecification","valueRequired":true,"valueName":"search_term_string"}}],"inLanguage":"fr-FR"}]}},"meta_box":{"industry":"","seo_heading":"","heading":"","description":"","cta_heading":"","cta_description":"","application":"15251","h1":"Widget de prise de rendez-vous Webnode","h1_caption":"Permettez aux utilisateurs de planifier facilement des rendez-vous directement depuis votre site Web Webnode, am\u00e9liorant ainsi la commodit\u00e9 et rationalisant le processus de r\u00e9servation.","application_category":[],"applications_title":"","applications_request_title":"","applications_request_button_text":"","hero_text":"","hero_video":"","hero_video_schema_markup":"","selling_points_title":"","selling_points_caption":"","selling_points":[],"selling_points_cta_text":"","features_title":"","features":"","ed_cta_examples_text":"","ed_cta_examples_hidden":"","ed_cta_demo_text":"","ed_cta_demo_hidden":"","why_caption":"","why_editor_title":"","why_editor_text":"","why_team_title":"","why_team_text":"","why_service_title":"","why_service_text":"","template_catalog_visible":"","template_catalog_title":"","template_catalog_text":"","template_catalog_categories_visible":"","demo_title":"Cr\u00e9ez votre widget de prise de rendez-vous","demo_caption":"Configurez votre prise de rendez-vous et ajoutez-la gratuitement \u00e0 votre site Webnode !","default_faq_hidden":"","app_template_category":[],"platform":"364","template_public_id":"","codecanyon_url":"","codecanyon_item_id":"","codecanyon_price":"","pricing_caption":"","pricing_elfsight_apps_hide_column":"","pricing_elfsight_apps_url":"","pricing_codecanyon_price_caption":"","integration_category":[],"integration_request_title":"","integration_request_cta":"","integration_platform":"","integrations":[],"platform_category":[],"video_schema_markup":"","price":"\u00e0 partir de 0$ \/ mois","trial":"","benefits":[{"text":"Aide \u00e0 l'installation gratuite"},{"text":"Service client professionnel"},{"text":"Garantie de remboursement de 14 jours"},{"text":"Am\u00e9liorations continues"}],"button_url":"#demo","button_target_blank":"","button_nofollow":"","attributes":[{"name":"Installations","content":"1,000 - 5,000"},{"name":"Sensible","content":"Oui"},{"name":"Navigateurs compatibles","content":"Firefox, Safari, Opera, Chrome, Edge"}],"tags":[],"tags_disable_links":"","hide_more_platforms":"","video_object":"","demo_hide_cta":"","demo_hide_cloud_options":"","pricing_title":"","pricing":[{"pricing_icon":"platform","pricing_title":"Elfsight Apps","pricing_title_caption":"Logiciel multiplateforme qui fonctionne sur n'importe quel site Web","pricing_price":"\u00c0 partir de 0$ \/ mois","pricing_price_caption":"Commencez avec un forfait gratuit","pricing_benefits":[{"text":"Sites Web illimit\u00e9s"},{"text":"Accompagnement professionnel de l'entreprise"},{"text":"Assistance \u00e0 l'installation gratuite"}],"pricing_button_text":"Ajouter au site Web","pricing_button_url":"#demo"}],"related_apps_title":"","related_apps_hidden":"","author":"","image":[],"title":"","job":"","social_networks":[]},"_links":{"self":[{"href":"https:\/\/elfsight.com\/fr\/wp-json\/wp\/v2\/pages\/15439","targetHints":{"allow":["GET"]}}],"collection":[{"href":"https:\/\/elfsight.com\/fr\/wp-json\/wp\/v2\/pages"}],"about":[{"href":"https:\/\/elfsight.com\/fr\/wp-json\/wp\/v2\/types\/page"}],"author":[{"embeddable":true,"href":"https:\/\/elfsight.com\/fr\/wp-json\/wp\/v2\/users\/9"}],"replies":[{"embeddable":true,"href":"https:\/\/elfsight.com\/fr\/wp-json\/wp\/v2\/comments?post=15439"}],"version-history":[{"count":1,"href":"https:\/\/elfsight.com\/fr\/wp-json\/wp\/v2\/pages\/15439\/revisions"}],"predecessor-version":[{"id":15443,"href":"https:\/\/elfsight.com\/fr\/wp-json\/wp\/v2\/pages\/15439\/revisions\/15443"}],"up":[{"embeddable":true,"href":"https:\/\/elfsight.com\/fr\/wp-json\/wp\/v2\/pages\/15252"}],"wp:attachment":[{"href":"https:\/\/elfsight.com\/fr\/wp-json\/wp\/v2\/media?parent=15439"}],"curies":[{"name":"wp","href":"https:\/\/api.w.org\/{rel}","templated":true}]}}