{"id":15438,"date":"2024-09-30T18:27:29","date_gmt":"2024-09-30T18:27:29","guid":{"rendered":"https:\/\/elfsight.com\/fr\/?page_id=15438"},"modified":"2025-07-09T09:56:51","modified_gmt":"2025-07-09T09:56:51","slug":"jimdo","status":"publish","type":"page","link":"https:\/\/elfsight.com\/fr\/appointment-booking-widget\/jimdo\/","title":{"rendered":"Appointment Booking &#8211; Jimdo"},"content":{"rendered":"<div class=\"application-platform-content-item-description application-platform-content-item\" id=\"description\" data-nav-section=\"description\"><h2>Int\u00e9grez la prise de rendez-vous sur Jimdo avec le widget Elfsight\u00a0!<\/h2> <p>Le widget de prise de rendez-vous est disponible pour aider les clients potentiels \u00e0 s\u00e9curiser des cr\u00e9neaux horaires. facilement sur votre site Web Jimdo, all\u00e9geant ainsi le fardeau de la charge de travail manuelle (comme \u00eatre constamment pr\u00e9sent pour \u00e9viter de manquer des messages, des appels et des e-mails) de votre part. C&rsquo;est comme avoir un assistant d\u00e9di\u00e9 en veille 24 heures sur 24, \u00e9galement capable d&rsquo;envoyer des confirmations automatis\u00e9es et de se synchroniser avec des applications tierces, comme Google Agenda.<\/p> <p>C&rsquo;est l&rsquo;occasion id\u00e9ale d&rsquo;en dire plus sur votre service ou votre \u00e9v\u00e9nement, D\u00e9crivez le calendrier, fournissez les coordonn\u00e9es et fixez les prix pour simplifier la prise de d\u00e9cision pour les clients. En plus de cela, personnalisez l&rsquo;apparence du widget en modifiant les \u00e9l\u00e9ments et fonctionnalit\u00e9s personnalis\u00e9s sans avoir besoin d&rsquo;affiner les comp\u00e9tences en codage ou de recruter un d\u00e9veloppeur\u00a0!<\/p> <p><b>Laissez votre entreprise \u00e9voluer et soyez disponible pour chaque client potentiel via prise de rendez-vous en ligne sur votre site internet !<\/b><\/p> <\/div> <div class=\"application-platform-content-item-features application-platform-content-item\" id=\"features\" data-nav-section=\"features\"> <h2>Le widget offre des fonctionnalit\u00e9s pratiques et rapides, consultez quelques-unes d&rsquo;entre elles leur\u00a0:<\/h2> <ul><li>Offrez une explication d\u00e9taill\u00e9e de votre service (nom, d\u00e9tails, photo et dur\u00e9e) et d\u00e9finissez le prix dans diverses devises.<\/li><li>Envoyez des alertes automatiques pour confirmer le cr\u00e9neaux programm\u00e9s pour les clients et vous-m\u00eame.<\/li><li>Connectez le widget \u00e0 des int\u00e9grations externes, comme Google Agenda, pour rester toujours \u00e0 jour.<\/li><li>Pr\u00e9sentez les coordonn\u00e9es de votre entreprise comme preuve sociale et permettez aux utilisateurs de contacter vous en cas de sc\u00e9narios inattendus.<\/li><li>Options de personnalisation faciles sans avoir besoin d&rsquo;\u00e9crire du code\u00a0: mod\u00e8les pr\u00e9d\u00e9finis, couleurs, mises en page, polices, \u00e9diteur CSS personnalis\u00e9, \u00e9diteur JS personnalis\u00e9, et bien plus encore.<\/li><\/ul><p><a href=\"#demo\"> Vous pouvez d\u00e9couvrir ce que vaut le widget en utilisant la d\u00e9mo<\/a><\/p> <\/div> <div class=\"application-platform-content-item-installation application-platform-content-item\" id=\"installation\" data-nav-section=\"installation\"> <h2>Comment int\u00e9grer la prise de rendez-vous sur mon Jimdo site Web\u00a0?<\/h2> <p>Pour int\u00e9grer la prise de rendez-vous sur votre site Web Jimdo, suivez ces \u00e9tapes\u00a0:<\/p> <ol><li><b>G\u00e9rez notre d\u00e9mo gratuite et commencez \u00e0 cr\u00e9er votre plugin de flux LinkedIn unique.<\/b><br> Recherchez l&rsquo;apparence et les sp\u00e9cifications souhait\u00e9es du widget et enregistrez les modifications.<\/li> <li><b>Recevez le code unique qui appara\u00eet dans la bo\u00eete sur les applications Elfsight.<\/b><br> Juste apr\u00e8s la configuration de votre outil personnel, copiez le code personnel dans la fen\u00eatre contextuelle apparue et conservez-le pour de futures occasions.<\/li> <li><b>Entrez sur l&rsquo;utilisation du plugin sur votre site Jimdo.<\/b><br> Ins\u00e9rez le code que vous avez copi\u00e9 r\u00e9cemment dans votre site Web et enregistrez les modifications.<\/li> <li><b>Termin\u00e9\u00a0! La configuration est enti\u00e8rement effectu\u00e9e.<\/b><br> Acc\u00e9dez \u00e0 votre site Web pour voir comment fonctionne le plugin.<\/li><\/ol> <p>Si vous rencontrez des probl\u00e8mes, veuillez contacter notre client. personnel de service. Nos collaborateurs seront ravis de vous aider avec toutes les difficult\u00e9s que vous pourriez rencontrer avec l&rsquo;outil.<\/p> <\/div> ","protected":false},"excerpt":{"rendered":"","protected":false},"author":9,"featured_media":0,"parent":15252,"menu_order":0,"comment_status":"closed","ping_status":"closed","template":"templates\/template-application-platform.php","meta":{"publish_to_discourse":"","publish_post_category":"","wpdc_auto_publish_overridden":"","wpdc_topic_tags":"","wpdc_pin_topic":"","wpdc_pin_until":"","discourse_post_id":"","discourse_permalink":"","wpdc_publishing_response":"","wpdc_publishing_error":"","footnotes":""},"class_list":["post-15438","page","type-page","status-publish","hentry"],"yoast_head":"<!-- This site is optimized with the Yoast SEO plugin v25.3.1 - https:\/\/yoast.com\/wordpress\/plugins\/seo\/ -->\n<title>Widget de prise de rendez-vous \u2014 Int\u00e9grer la r\u00e9servation sur le site Jimdo<\/title>\n<meta name=\"description\" content=\"Ajoutez une application de prise de rendez-vous sans codage au site Jimdo et permettez aux clients de r\u00e9server des cr\u00e9neaux en quelques clics !\" \/>\n<meta name=\"robots\" content=\"index, follow, max-snippet:-1, max-image-preview:large, max-video-preview:-1\" \/>\n<link rel=\"canonical\" href=\"https:\/\/elfsight.com\/fr\/appointment-booking-widget\/jimdo\/\" \/>\n<meta property=\"og:locale\" content=\"fr_FR\" \/>\n<meta property=\"og:type\" content=\"article\" \/>\n<meta property=\"og:title\" content=\"Widget de prise de rendez-vous \u2014 Int\u00e9grer la r\u00e9servation sur le site Jimdo\" \/>\n<meta property=\"og:description\" content=\"Ajoutez une application de prise de rendez-vous sans codage au site Jimdo et permettez aux clients de r\u00e9server des cr\u00e9neaux en quelques clics !\" \/>\n<meta property=\"og:url\" content=\"https:\/\/elfsight.com\/fr\/appointment-booking-widget\/jimdo\/\" \/>\n<meta property=\"og:site_name\" content=\"Elfsight FR\" \/>\n<meta property=\"article:modified_time\" content=\"2025-07-09T09:56:51+00:00\" \/>\n<meta name=\"twitter:card\" content=\"summary_large_image\" \/>\n<meta name=\"twitter:label1\" content=\"Dur\u00e9e de lecture estim\u00e9e\" \/>\n\t<meta name=\"twitter:data1\" content=\"3 minutes\" \/>\n<!-- \/ Yoast SEO plugin. -->","yoast_head_json":{"title":"Widget de prise de rendez-vous \u2014 Int\u00e9grer la r\u00e9servation sur le site Jimdo","description":"Ajoutez une application de prise de rendez-vous sans codage au site Jimdo et permettez aux clients de r\u00e9server des cr\u00e9neaux en quelques clics !","robots":{"index":"index","follow":"follow","max-snippet":"max-snippet:-1","max-image-preview":"max-image-preview:large","max-video-preview":"max-video-preview:-1"},"canonical":"https:\/\/elfsight.com\/fr\/appointment-booking-widget\/jimdo\/","og_locale":"fr_FR","og_type":"article","og_title":"Widget de prise de rendez-vous \u2014 Int\u00e9grer la r\u00e9servation sur le site Jimdo","og_description":"Ajoutez une application de prise de rendez-vous sans codage au site Jimdo et permettez aux clients de r\u00e9server des cr\u00e9neaux en quelques clics !","og_url":"https:\/\/elfsight.com\/fr\/appointment-booking-widget\/jimdo\/","og_site_name":"Elfsight FR","article_modified_time":"2025-07-09T09:56:51+00:00","twitter_card":"summary_large_image","twitter_misc":{"Dur\u00e9e de lecture estim\u00e9e":"3 minutes"},"schema":{"@context":"https:\/\/schema.org","@graph":[{"@type":"WebPage","@id":"https:\/\/elfsight.com\/fr\/appointment-booking-widget\/jimdo\/","url":"https:\/\/elfsight.com\/fr\/appointment-booking-widget\/jimdo\/","name":"Widget de prise de rendez-vous \u2014 Int\u00e9grer la r\u00e9servation sur le site Jimdo","isPartOf":{"@id":"https:\/\/elfsight.com\/fr\/#website"},"datePublished":"2024-09-30T18:27:29+00:00","dateModified":"2025-07-09T09:56:51+00:00","description":"Ajoutez une application de prise de rendez-vous sans codage au site Jimdo et permettez aux clients de r\u00e9server des cr\u00e9neaux en quelques clics !","breadcrumb":{"@id":"https:\/\/elfsight.com\/fr\/appointment-booking-widget\/jimdo\/#breadcrumb"},"inLanguage":"fr-FR","potentialAction":[{"@type":"ReadAction","target":["https:\/\/elfsight.com\/fr\/appointment-booking-widget\/jimdo\/"]}]},{"@type":"BreadcrumbList","@id":"https:\/\/elfsight.com\/fr\/appointment-booking-widget\/jimdo\/#breadcrumb","itemListElement":[{"@type":"ListItem","position":1,"name":"Home","item":"https:\/\/elfsight.com\/fr\/"},{"@type":"ListItem","position":2,"name":"Appointment Booking","item":"https:\/\/elfsight.com\/fr\/appointment-booking-widget\/"},{"@type":"ListItem","position":3,"name":"Appointment Booking &#8211; Jimdo"}]},{"@type":"WebSite","@id":"https:\/\/elfsight.com\/fr\/#website","url":"https:\/\/elfsight.com\/fr\/","name":"Elfsight FR","description":"","potentialAction":[{"@type":"SearchAction","target":{"@type":"EntryPoint","urlTemplate":"https:\/\/elfsight.com\/fr\/?s={search_term_string}"},"query-input":{"@type":"PropertyValueSpecification","valueRequired":true,"valueName":"search_term_string"}}],"inLanguage":"fr-FR"}]}},"meta_box":{"industry":"","seo_heading":"","heading":"","description":"","cta_heading":"","cta_description":"","application":"15251","h1":"Widget de prise de rendez-vous Jimdo","h1_caption":"Permettez aux utilisateurs de planifier facilement des rendez-vous directement depuis votre site Web Jimdo, am\u00e9liorant ainsi la commodit\u00e9 et rationalisant le processus de r\u00e9servation.","application_category":[],"applications_title":"","applications_request_title":"","applications_request_button_text":"","hero_text":"","hero_video":"","hero_video_schema_markup":"","selling_points_title":"","selling_points_caption":"","selling_points":[],"selling_points_cta_text":"","features_title":"","features":"","ed_cta_examples_text":"","ed_cta_examples_hidden":"","ed_cta_demo_text":"","ed_cta_demo_hidden":"","why_caption":"","why_editor_title":"","why_editor_text":"","why_team_title":"","why_team_text":"","why_service_title":"","why_service_text":"","template_catalog_visible":"","template_catalog_title":"","template_catalog_text":"","template_catalog_categories_visible":"","demo_title":"Cr\u00e9ez votre widget de prise de rendez-vous","demo_caption":"Configurez votre prise de rendez-vous et ajoutez-la gratuitement \u00e0 votre site Jimdo !","default_faq_hidden":"","app_template_category":[],"platform":"372","template_public_id":"","codecanyon_url":"","codecanyon_item_id":"","codecanyon_price":"","pricing_caption":"","pricing_elfsight_apps_hide_column":"","pricing_elfsight_apps_url":"","pricing_codecanyon_price_caption":"","integration_category":[],"integration_request_title":"","integration_request_cta":"","integration_platform":"","integrations":[],"platform_category":[],"video_schema_markup":"","price":"\u00e0 partir de 0$ \/ mois","trial":"","benefits":[{"text":"Aide \u00e0 l'installation gratuite"},{"text":"Soutien exceptionnel"},{"text":"Garantie de remboursement de 14 jours"},{"text":"Mises \u00e0 jour gratuites et continues"}],"button_url":"#demo","button_target_blank":"","button_nofollow":"","attributes":[{"name":"Installations","content":"1,000 - 5,000"},{"name":"Sensible","content":"Oui"},{"name":"Navigateurs compatibles","content":"Firefox, Safari, Opera, Chrome, Edge"}],"tags":[],"tags_disable_links":"","hide_more_platforms":"","video_object":"","demo_hide_cta":"","demo_hide_cloud_options":"","pricing_title":"","pricing":[{"pricing_icon":"platform","pricing_title":"Elfsight Apps","pricing_title_caption":"Solution num\u00e9rique multiplateforme qui fonctionne sur n'importe quel site Web","pricing_price":"\u00c0 partir de 0$ \/ mois","pricing_price_caption":"Commencez avec un forfait gratuit","pricing_benefits":[{"text":"Sites Web illimit\u00e9s"},{"text":"Assistance gratuite"},{"text":"Service d'installation gratuit"}],"pricing_button_text":"Ajouter au site Web","pricing_button_url":"#demo"}],"related_apps_title":"","related_apps_hidden":"","author":"","image":[],"title":"","job":"","social_networks":[]},"_links":{"self":[{"href":"https:\/\/elfsight.com\/fr\/wp-json\/wp\/v2\/pages\/15438","targetHints":{"allow":["GET"]}}],"collection":[{"href":"https:\/\/elfsight.com\/fr\/wp-json\/wp\/v2\/pages"}],"about":[{"href":"https:\/\/elfsight.com\/fr\/wp-json\/wp\/v2\/types\/page"}],"author":[{"embeddable":true,"href":"https:\/\/elfsight.com\/fr\/wp-json\/wp\/v2\/users\/9"}],"replies":[{"embeddable":true,"href":"https:\/\/elfsight.com\/fr\/wp-json\/wp\/v2\/comments?post=15438"}],"version-history":[{"count":1,"href":"https:\/\/elfsight.com\/fr\/wp-json\/wp\/v2\/pages\/15438\/revisions"}],"predecessor-version":[{"id":15442,"href":"https:\/\/elfsight.com\/fr\/wp-json\/wp\/v2\/pages\/15438\/revisions\/15442"}],"up":[{"embeddable":true,"href":"https:\/\/elfsight.com\/fr\/wp-json\/wp\/v2\/pages\/15252"}],"wp:attachment":[{"href":"https:\/\/elfsight.com\/fr\/wp-json\/wp\/v2\/media?parent=15438"}],"curies":[{"name":"wp","href":"https:\/\/api.w.org\/{rel}","templated":true}]}}