{"id":15430,"date":"2024-08-01T13:16:37","date_gmt":"2024-08-01T13:16:37","guid":{"rendered":"https:\/\/elfsight.com\/fr\/?page_id=15430"},"modified":"2025-07-09T17:29:30","modified_gmt":"2025-07-09T17:29:30","slug":"html","status":"publish","type":"page","link":"https:\/\/elfsight.com\/fr\/flipbook-widget\/html\/","title":{"rendered":"Flipbook &#8211; HTML"},"content":{"rendered":"<div class=\"application-platform-content-item-description application-platform-content-item\" id=\"description\" data-nav-section=\"description\"><h2>Comment le widget Flipbook pour HTML peut am\u00e9liorer l&rsquo;engagement sur votre site web<\/h2><p>Le widget Flipbook pour HTML vous permet d&rsquo;ajouter un affichage de contenu dynamique et interactif \u00e0 votre site web en quelques clics. Ce widget transforme n&rsquo;importe quel document, pr\u00e9sentation ou livre num\u00e9rique en un format visuellement attrayant que les visiteurs peuvent parcourir en toute fluidit\u00e9. En int\u00e9grant cette fonctionnalit\u00e9, vous offrez une exp\u00e9rience engageante et immersive, qui stimule l&rsquo;interaction des utilisateurs et rend votre contenu plus attrayant.<\/p><p>Que vous soyez \u00e9diteur, marketeur ou chef d&rsquo;entreprise, ce widget personnalisable offre un moyen simple de pr\u00e9senter du contenu num\u00e9rique. Il s&rsquo;int\u00e8gre parfaitement au design de votre site web, offrant un aspect soign\u00e9 et personnalisable \u00e0 votre marque. Avec un processus de configuration facile et aucune comp\u00e9tence en codage requise, il est parfait pour les utilisateurs de tous niveaux d&rsquo;expertise.<\/p><p><b>Commencez \u00e0 utiliser ce puissant widget sur votre site Web HTML d\u00e8s aujourd&rsquo;hui : essayez-le gratuitement et am\u00e9liorez l&rsquo;engagement en int\u00e9grant votre contenu en quelques \u00e9tapes simples.<\/b><\/p><\/div><div class=\"application-platform-content-item-features application-platform-content-item\" id=\"features\" data-nav-section=\"features\"><h2>Principales fonctionnalit\u00e9s du widget HTML Flipbook<\/h2><p>Le widget Flipbook offre une vari\u00e9t\u00e9 de fonctionnalit\u00e9s puissantes qui am\u00e9lioreront l&rsquo;exp\u00e9rience utilisateur de votre site Web\u00a0:<\/p><ul> <li><strong>Conception enti\u00e8rement personnalisable\u00a0:<\/strong> Ajustez l&rsquo;apparence du flipbook pour qu&rsquo;il corresponde \u00e0 l&rsquo;image de marque de votre site Web. Personnalisez les couleurs, les polices et les boutons pour garantir une ad\u00e9quation parfaite avec votre esth\u00e9tique globale.<\/li> <li><strong>Exp\u00e9rience utilisateur interactive\u00a0:<\/strong> Les visiteurs peuvent interagir avec votre contenu en parcourant les pages, offrant ainsi une exp\u00e9rience immersive qui retient les utilisateurs plus longtemps sur votre site.<\/li> <li><strong>Prise en charge de plusieurs types de contenu\u00a0:<\/strong> Qu&rsquo;il s&rsquo;agisse d&rsquo;un PDF, d&rsquo;une galerie d&rsquo;images ou d&rsquo;une pr\u00e9sentation, Elfsight fonctionne avec une vari\u00e9t\u00e9 de formats de contenu, ce qui le rend polyvalent pour diff\u00e9rents cas d&rsquo;utilisation.<\/li> <li><strong>R\u00e9actif et adapt\u00e9 aux mobiles\u00a0:<\/strong> Optimis\u00e9 pour tous les appareils, garantissant aux utilisateurs une exp\u00e9rience coh\u00e9rente, qu&rsquo;ils soient sur un ordinateur de bureau, une tablette ou un smartphone.<\/li> <li><strong>Int\u00e9gration rapide et facile\u00a0:<\/strong> Int\u00e9grez le widget \u00e0 votre site rapidement et facilement. Aucun codage requis\u00a0: copiez et collez simplement le code g\u00e9n\u00e9r\u00e9 dans vos pages HTML.<\/li> <li><strong>Options de personnalisation\u00a0:<\/strong> Personnalisez la vitesse de rotation des pages, les effets de transition et bien plus encore, pour une exp\u00e9rience utilisateur plus personnalis\u00e9e.<\/li><\/ul><p><a href=\"#demo\">Explorez d\u00e8s maintenant toutes les fonctionnalit\u00e9s de l&rsquo;\u00e9diteur convivial sans inscription et d\u00e9couvrez comment il am\u00e9liore votre site web\u00a0!<\/a><\/p><\/div><div class=\"application-platform-content-item-installation application-platform-content-item\" id=\"installation\" data-nav-section=\"installation\"><h2>Comment ajouter un Flipbook au format HTML<\/h2><p>Int\u00e9grer le code HTML d&rsquo;un Flipbook est facile avec Elfsight et ne n\u00e9cessite aucune comp\u00e9tence en codage. Suivez ces \u00e9tapes simples pour int\u00e9grer le widget\u00a0:<\/p><ol> <li><strong>S\u00e9lectionnez votre mod\u00e8le\u00a0:<\/strong> Acc\u00e9dez \u00e0 l&rsquo;\u00e9diteur Elfsight et choisissez le mod\u00e8le qui correspond le mieux au style et aux fonctionnalit\u00e9s de votre site web.<\/li> <li><strong>Personnalisez votre widget\u00a0:<\/strong> Personnalisez les param\u00e8tres, le design et le contenu. Ajustez les polices, les couleurs et bien plus encore pour qu&rsquo;elles correspondent \u00e0 l&rsquo;esth\u00e9tique de votre site web.<\/li> <li><strong>Copiez le code HTML\u00a0:<\/strong> Une fois satisfait de la personnalisation, copiez le code g\u00e9n\u00e9r\u00e9.<\/li> <li><strong>Int\u00e9grez le code\u00a0:<\/strong> Collez le code dans la section appropri\u00e9e du code HTML de votre site web, soit dans un bloc de code, soit directement dans les param\u00e8tres de votre page.<\/li> <li><strong>Publiez et profitez\u00a0:<\/strong> Enregistrez vos modifications et publiez votre site web pour activer le widget. Vos visiteurs peuvent d\u00e9sormais parcourir votre contenu de mani\u00e8re interactive et attrayante.<\/li><\/ol><p>Vous souhaitez des instructions plus d\u00e9taill\u00e9es\u00a0? Consultez notre guide sur l&rsquo;<a href=\"https:\/\/elfsight.com\/blog\/how-to-embed-flipbook-on-website\/\" target=\"_blank\">comment int\u00e9grer un flipbook sur votre site web<\/a>.<\/p><p>Si vous avez besoin d&rsquo;aide pour l&rsquo;installation ou si vous rencontrez des probl\u00e8mes, n&rsquo;h\u00e9sitez pas \u00e0 contacter notre \u00e9quipe d&rsquo;assistance. Nous serons ravis de vous aider \u00e0 configurer le code HTML pour garantir un fonctionnement optimal.<\/p><\/div><div class=\"faq\" data-component=\"FAQ\"><div class=\"faq-item\">\r\n\t\t\t\t\t<div class=\"faq-item-question\">\r\n\t\t\t\t\t\t<h3 class=\"faq-item-question-text\">Qu'est-ce qu'un widget Flipbook ?<\/h3>\r\n\r\n\t\t\t\t\t\t<div class=\"faq-item-question-icon\"><\/div>\r\n\t\t\t\t\t<\/div>\r\n\r\n\t\t\t\t\t<div class=\"faq-item-answer\">\r\n\t\t\t\t\t\t<div class=\"faq-item-answer-text\">Un Flipbook est un widget qui vous permet d&rsquo;afficher vos documents, pr\u00e9sentations ou autres contenus de mani\u00e8re interactive et en feuilletant les pages. C&rsquo;est un excellent moyen d&rsquo;engager les visiteurs de votre site web en leur offrant une exp\u00e9rience de navigation immersive.<\/div>\r\n\t\t\t\t\t<\/div>\r\n\t\t\t\t<\/div><div class=\"faq-item\">\r\n\t\t\t\t\t<div class=\"faq-item-question\">\r\n\t\t\t\t\t\t<h3 class=\"faq-item-question-text\">Puis-je personnaliser le Flipbook Elfsight ?<\/h3>\r\n\r\n\t\t\t\t\t\t<div class=\"faq-item-question-icon\"><\/div>\r\n\t\t\t\t\t<\/div>\r\n\r\n\t\t\t\t\t<div class=\"faq-item-answer\">\r\n\t\t\t\t\t\t<div class=\"faq-item-answer-text\">Oui, tous les widgets Elfsight sont enti\u00e8rement personnalisables. Vous pouvez ajuster le design, la mise en page, les couleurs et m\u00eame contr\u00f4ler la vitesse de rotation des pages et les effets pour que le widget s&rsquo;int\u00e8gre parfaitement \u00e0 l&rsquo;esth\u00e9tique de votre site web.<\/div>\r\n\t\t\t\t\t<\/div>\r\n\t\t\t\t<\/div><div class=\"faq-item\">\r\n\t\t\t\t\t<div class=\"faq-item-question\">\r\n\t\t\t\t\t\t<h3 class=\"faq-item-question-text\">Le Flipbook est-il compatible avec les appareils mobiles ?<\/h3>\r\n\r\n\t\t\t\t\t\t<div class=\"faq-item-question-icon\"><\/div>\r\n\t\t\t\t\t<\/div>\r\n\r\n\t\t\t\t\t<div class=\"faq-item-answer\">\r\n\t\t\t\t\t\t<div class=\"faq-item-answer-text\">Absolument\u00a0! Le widget Flipbook est responsive, ce qui garantit son esth\u00e9tique et son fonctionnement fluide sur tous les appareils, y compris les ordinateurs de bureau, les tablettes et les smartphones.<\/div>\r\n\t\t\t\t\t<\/div>\r\n\t\t\t\t<\/div><div class=\"faq-item\">\r\n\t\t\t\t\t<div class=\"faq-item-question\">\r\n\t\t\t\t\t\t<h3 class=\"faq-item-question-text\">Ai-je besoin de comp\u00e9tences en codage pour utiliser le Flip Book ?<\/h3>\r\n\r\n\t\t\t\t\t\t<div class=\"faq-item-question-icon\"><\/div>\r\n\t\t\t\t\t<\/div>\r\n\r\n\t\t\t\t\t<div class=\"faq-item-answer\">\r\n\t\t\t\t\t\t<div class=\"faq-item-answer-text\">Non, aucune connaissance en codage n&rsquo;est requise pour utiliser le widget. Il est con\u00e7u pour \u00eatre facile \u00e0 utiliser et vous pouvez l&rsquo;int\u00e9grer \u00e0 votre site web HTML en quelques \u00e9tapes simples.<\/div>\r\n\t\t\t\t\t<\/div>\r\n\t\t\t\t<\/div><div class=\"faq-item\">\r\n\t\t\t\t\t<div class=\"faq-item-question\">\r\n\t\t\t\t\t\t<h3 class=\"faq-item-question-text\">O\u00f9 puis-je trouver le code HTML du Flipbook ?<\/h3>\r\n\r\n\t\t\t\t\t\t<div class=\"faq-item-question-icon\"><\/div>\r\n\t\t\t\t\t<\/div>\r\n\r\n\t\t\t\t\t<div class=\"faq-item-answer\">\r\n\t\t\t\t\t\t<div class=\"faq-item-answer-text\">Une fois votre widget personnalis\u00e9 dans l&rsquo;\u00e9diteur Elfsight, vous pourrez g\u00e9n\u00e9rer le code HTML gratuit du Flip Book et le copier directement depuis le tableau de bord. Vous pourrez ensuite l&rsquo;int\u00e9grer \u00e0 votre site web.<\/div>\r\n\t\t\t\t\t<\/div>\r\n\t\t\t\t<\/div><\/div>","protected":false},"excerpt":{"rendered":"","protected":false},"author":9,"featured_media":0,"parent":14226,"menu_order":0,"comment_status":"closed","ping_status":"closed","template":"templates\/template-application-platform.php","meta":{"publish_to_discourse":"","publish_post_category":"","wpdc_auto_publish_overridden":"","wpdc_topic_tags":"","wpdc_pin_topic":"","wpdc_pin_until":"","discourse_post_id":"","discourse_permalink":"","wpdc_publishing_response":"","wpdc_publishing_error":"","footnotes":""},"class_list":["post-15430","page","type-page","status-publish","hentry"],"yoast_head":"<!-- This site is optimized with the Yoast SEO plugin v25.3.1 - https:\/\/yoast.com\/wordpress\/plugins\/seo\/ -->\n<title>Flipbook HTML - Ajoutez un flipbook \u00e0 votre site Web HTML [gratuitement]<\/title>\n<meta name=\"description\" content=\"Ajoutez un widget Flipbook personnalisable sans code \u00e0 votre site Web HTML pour am\u00e9liorer l&#039;affichage du contenu et l&#039;engagement des utilisateurs.\" \/>\n<meta name=\"robots\" content=\"index, follow, max-snippet:-1, max-image-preview:large, max-video-preview:-1\" \/>\n<link rel=\"canonical\" href=\"https:\/\/elfsight.com\/fr\/flipbook-widget\/html\/\" \/>\n<meta property=\"og:locale\" content=\"fr_FR\" \/>\n<meta property=\"og:type\" content=\"article\" \/>\n<meta property=\"og:title\" content=\"Flipbook HTML - Ajoutez un flipbook \u00e0 votre site Web HTML [gratuitement]\" \/>\n<meta property=\"og:description\" content=\"Ajoutez un widget Flipbook personnalisable sans code \u00e0 votre site Web HTML pour am\u00e9liorer l&#039;affichage du contenu et l&#039;engagement des utilisateurs.\" \/>\n<meta property=\"og:url\" content=\"https:\/\/elfsight.com\/fr\/flipbook-widget\/html\/\" \/>\n<meta property=\"og:site_name\" content=\"Elfsight FR\" \/>\n<meta property=\"article:modified_time\" content=\"2025-07-09T17:29:30+00:00\" \/>\n<meta name=\"twitter:card\" content=\"summary_large_image\" \/>\n<meta name=\"twitter:label1\" content=\"Dur\u00e9e de lecture estim\u00e9e\" \/>\n\t<meta name=\"twitter:data1\" content=\"4 minutes\" \/>\n<!-- \/ Yoast SEO plugin. -->","yoast_head_json":{"title":"Flipbook HTML - Ajoutez un flipbook \u00e0 votre site Web HTML [gratuitement]","description":"Ajoutez un widget Flipbook personnalisable sans code \u00e0 votre site Web HTML pour am\u00e9liorer l'affichage du contenu et l'engagement des utilisateurs.","robots":{"index":"index","follow":"follow","max-snippet":"max-snippet:-1","max-image-preview":"max-image-preview:large","max-video-preview":"max-video-preview:-1"},"canonical":"https:\/\/elfsight.com\/fr\/flipbook-widget\/html\/","og_locale":"fr_FR","og_type":"article","og_title":"Flipbook HTML - Ajoutez un flipbook \u00e0 votre site Web HTML [gratuitement]","og_description":"Ajoutez un widget Flipbook personnalisable sans code \u00e0 votre site Web HTML pour am\u00e9liorer l'affichage du contenu et l'engagement des utilisateurs.","og_url":"https:\/\/elfsight.com\/fr\/flipbook-widget\/html\/","og_site_name":"Elfsight FR","article_modified_time":"2025-07-09T17:29:30+00:00","twitter_card":"summary_large_image","twitter_misc":{"Dur\u00e9e de lecture estim\u00e9e":"4 minutes"},"schema":{"@context":"https:\/\/schema.org","@graph":[{"@type":"WebPage","@id":"https:\/\/elfsight.com\/fr\/flipbook-widget\/html\/","url":"https:\/\/elfsight.com\/fr\/flipbook-widget\/html\/","name":"Flipbook HTML - Ajoutez un flipbook \u00e0 votre site Web HTML [gratuitement]","isPartOf":{"@id":"https:\/\/elfsight.com\/fr\/#website"},"datePublished":"2024-08-01T13:16:37+00:00","dateModified":"2025-07-09T17:29:30+00:00","description":"Ajoutez un widget Flipbook personnalisable sans code \u00e0 votre site Web HTML pour am\u00e9liorer l'affichage du contenu et l'engagement des utilisateurs.","breadcrumb":{"@id":"https:\/\/elfsight.com\/fr\/flipbook-widget\/html\/#breadcrumb"},"inLanguage":"fr-FR","potentialAction":[{"@type":"ReadAction","target":["https:\/\/elfsight.com\/fr\/flipbook-widget\/html\/"]}]},{"@type":"BreadcrumbList","@id":"https:\/\/elfsight.com\/fr\/flipbook-widget\/html\/#breadcrumb","itemListElement":[{"@type":"ListItem","position":1,"name":"Home","item":"https:\/\/elfsight.com\/fr\/"},{"@type":"ListItem","position":2,"name":"Flipbook","item":"https:\/\/elfsight.com\/fr\/flipbook-widget\/"},{"@type":"ListItem","position":3,"name":"Flipbook &#8211; HTML"}]},{"@type":"WebSite","@id":"https:\/\/elfsight.com\/fr\/#website","url":"https:\/\/elfsight.com\/fr\/","name":"Elfsight FR","description":"","potentialAction":[{"@type":"SearchAction","target":{"@type":"EntryPoint","urlTemplate":"https:\/\/elfsight.com\/fr\/?s={search_term_string}"},"query-input":{"@type":"PropertyValueSpecification","valueRequired":true,"valueName":"search_term_string"}}],"inLanguage":"fr-FR"}]}},"meta_box":{"industry":"","seo_heading":"","heading":"","description":"","cta_heading":"","cta_description":"","application":"14221","h1":"Widget Flipbook HTML","h1_caption":"Am\u00e9liorez votre site web HTML avec un affichage de contenu interactif et personnalisable. Captivez vos visiteurs et stimulez leur interaction en int\u00e9grant facilement un flipbook dynamique.","application_category":[],"applications_title":"","applications_request_title":"","applications_request_button_text":"","hero_text":"","hero_video":"","hero_video_schema_markup":"","selling_points_title":"","selling_points_caption":"","selling_points":[],"selling_points_cta_text":"","features_title":"","features":"","ed_cta_examples_text":"","ed_cta_examples_hidden":"","ed_cta_demo_text":"","ed_cta_demo_hidden":"","why_caption":"","why_editor_title":"","why_editor_text":"","why_team_title":"","why_team_text":"","why_service_title":"","why_service_text":"","template_catalog_visible":"","template_catalog_title":"","template_catalog_text":"","template_catalog_categories_visible":"","demo_title":"Cr\u00e9ez votre widget Flipbook","demo_caption":"Configurez votre widget et ajoutez-le gratuitement \u00e0 votre site Web HTML\u00a0!","default_faq_hidden":"","app_template_category":[],"platform":"352","template_public_id":"","codecanyon_url":"","codecanyon_item_id":"","codecanyon_price":"","pricing_caption":"","pricing_elfsight_apps_hide_column":"","pricing_elfsight_apps_url":"","pricing_codecanyon_price_caption":"","integration_category":[],"integration_request_title":"","integration_request_cta":"","integration_platform":"","integrations":[],"platform_category":[],"video_schema_markup":"","price":"\u00e0 partir de 0 $ \/ mois","trial":"","benefits":[{"text":"Service d'installation gratuit"},{"text":"Support client exp\u00e9riment\u00e9"},{"text":"Garantie de remboursement de 14 jours"},{"text":"Des am\u00e9liorations r\u00e9guli\u00e8res"}],"button_url":"#demo","button_target_blank":"0","button_nofollow":"","attributes":[{"name":"Installations","content":"50,000 - 100,000","_state":""},{"name":"Sensible","content":"Oui","_state":""},{"name":"Navigateurs compatibles","content":"Firefox, Safari, Opera, Chrome, Edge","_state":""}],"tags":[],"tags_disable_links":"","hide_more_platforms":"","video_object":"","demo_hide_cta":"","demo_hide_cloud_options":"","pricing_title":"","pricing":[{"pricing_icon":"platform","pricing_title":"Elfsight Apps","pricing_title_caption":"Version ind\u00e9pendante de la plateforme","pricing_price":"\u00e0 partir de 0 $ \/ mois","pricing_price_caption":"commencer avec un plan gratuit","pricing_benefits":[{"text":"Domaines illimit\u00e9s"},{"text":"Support rapide de l'entreprise et bien document\u00e9"},{"text":"Service d'installation gratuit"}],"pricing_button_text":"Ajouter au site Web","pricing_button_url":"#demo"}],"related_apps_title":"","related_apps_hidden":"","author":"","image":[],"title":"","job":"","social_networks":[]},"_links":{"self":[{"href":"https:\/\/elfsight.com\/fr\/wp-json\/wp\/v2\/pages\/15430","targetHints":{"allow":["GET"]}}],"collection":[{"href":"https:\/\/elfsight.com\/fr\/wp-json\/wp\/v2\/pages"}],"about":[{"href":"https:\/\/elfsight.com\/fr\/wp-json\/wp\/v2\/types\/page"}],"author":[{"embeddable":true,"href":"https:\/\/elfsight.com\/fr\/wp-json\/wp\/v2\/users\/9"}],"replies":[{"embeddable":true,"href":"https:\/\/elfsight.com\/fr\/wp-json\/wp\/v2\/comments?post=15430"}],"version-history":[{"count":2,"href":"https:\/\/elfsight.com\/fr\/wp-json\/wp\/v2\/pages\/15430\/revisions"}],"predecessor-version":[{"id":16577,"href":"https:\/\/elfsight.com\/fr\/wp-json\/wp\/v2\/pages\/15430\/revisions\/16577"}],"up":[{"embeddable":true,"href":"https:\/\/elfsight.com\/fr\/wp-json\/wp\/v2\/pages\/14226"}],"wp:attachment":[{"href":"https:\/\/elfsight.com\/fr\/wp-json\/wp\/v2\/media?parent=15430"}],"curies":[{"name":"wp","href":"https:\/\/api.w.org\/{rel}","templated":true}]}}