{"id":15422,"date":"2024-08-01T13:31:59","date_gmt":"2024-08-01T13:31:59","guid":{"rendered":"https:\/\/elfsight.com\/fr\/?page_id=15422"},"modified":"2025-07-09T17:28:57","modified_gmt":"2025-07-09T17:28:57","slug":"elementor","status":"publish","type":"page","link":"https:\/\/elfsight.com\/fr\/flipbook-widget\/elementor\/","title":{"rendered":"Flipbook &#8211; Elementor"},"content":{"rendered":"<div class=\"application-platform-content-item-description application-platform-content-item\" id=\"description\" data-nav-section=\"description\"> <h2>Comment le Flipbook pour Elementor peut am\u00e9liorer votre site web<\/h2><p>Le widget Flipbook d&rsquo;Elfsight vous permet de cr\u00e9er un flipbook attrayant et interactif, parfaitement int\u00e9gr\u00e9 \u00e0 votre site web Elementor. Ce widget dynamique offre une fa\u00e7on moderne d&rsquo;afficher votre contenu, qu&rsquo;il s&rsquo;agisse de catalogues, de brochures, de portfolios ou m\u00eame de magazines num\u00e9riques. Il am\u00e9liore votre site web en le rendant plus interactif et attrayant pour les visiteurs, les encourageant ainsi \u00e0 s&rsquo;y int\u00e9resser plus longtemps.<\/p><p>Avec Elfsight, vous pouvez pr\u00e9senter votre contenu de mani\u00e8re innovante et conviviale. Ce widget cr\u00e9e une exp\u00e9rience de lecture hautement interactive, transformant des PDF statiques ou des fichiers image en un format num\u00e9rique visuellement attrayant. Id\u00e9al pour les entreprises de tous les secteurs, qu&rsquo;il s&rsquo;agisse de la vente au d\u00e9tail, de l&rsquo;immobilier ou de l&rsquo;\u00e9ducation, le Flipbook vous permet d&rsquo;afficher un contenu riche qui trouve un \u00e9cho aupr\u00e8s de votre public.<\/p><p><b>Commencez \u00e0 utiliser gratuitement le Flipbook Elfsight sur votre site web Elementor d\u00e8s aujourd&rsquo;hui et profitez de tous ses avantages\u00a0!<\/b><\/p><\/div><div class=\"application-platform-content-item-features application-platform-content-item\" id=\"features\" data-nav-section=\"features\"><h2>Principales fonctionnalit\u00e9s du Flipbook Elementor<\/h2><p>Le Flipbook Elfsight offre un \u00e9ventail de fonctionnalit\u00e9s qui le distinguent des autres widgets d&rsquo;affichage de contenu\u00a0:<\/p><ul> <li><b>Design enti\u00e8rement personnalisable\u00a0:<\/b> Adaptez l&rsquo;apparence \u00e0 l&rsquo;image de votre marque en ajustant les couleurs, les polices et la mise en page.<\/li> <li><b>Effet de retournement de page interactif\u00a0:<\/b> Ajoutez une animation de retournement fluide et r\u00e9aliste pour impliquer les utilisateurs et rendre le contenu interactif.<\/li> <li><b>Mises en page multiples\u00a0:<\/b> Choisissez parmi diff\u00e9rents modes d&rsquo;affichage. modes, y compris les mises en page sur une ou deux pages, pour s&rsquo;adapter au mieux \u00e0 votre contenu.<\/li> <li><b>Fonctionnalit\u00e9 de zoom avant\/arri\u00e8re\u00a0:<\/b> Permettez \u00e0 vos utilisateurs de zoomer pour examiner de plus pr\u00e8s les images ou le texte d\u00e9taill\u00e9s du flipbook.<\/li> <li><b>Adaptatif aux mobiles\u00a0:<\/b> Le widget Flipbook Elementor est enti\u00e8rement r\u00e9actif, ce qui garantit un affichage parfait sur tous les appareils, du bureau au mobile.<\/li> <li><b>Navigation facile\u00a0:<\/b> Ajoutez des fl\u00e8ches de navigation ou une mini barre de navigation pour permettre aux utilisateurs de se d\u00e9placer facilement dans les pages.<\/li><\/ul><p><a href=\"#demo\">Essayez le widget dans l&rsquo;\u00e9diteur intuitif et d\u00e9couvrez l&rsquo;exp\u00e9rience interactive par vous-m\u00eame\u00a0\u2013 aucune inscription requise\u00a0!<\/a><\/p><\/div><div class=\"application-platform-content-item-installation application-platform-content-item\" id=\"installation\" data-nav-section=\"installation\"><h2>Comment ajouter le Flipbook \u00e0 Elementor<\/h2><p>Suivez ces instructions simples pour ajouter le widget Flipbook \u00e0 votre site Web \u00e0 l&rsquo;aide d&rsquo;Elfsight. Le processus est rapide et ne n\u00e9cessite aucune comp\u00e9tence en codage\u00a0:<\/p><ol> <li><strong>S\u00e9lectionnez votre mod\u00e8le\u00a0:<\/strong> Acc\u00e9dez \u00e0 l\u2019\u00e9diteur Elementor et choisissez le mod\u00e8le qui correspond le mieux \u00e0 vos besoins.<\/li> <li><strong>Personnalisez votre widget\u00a0:<\/strong> T\u00e9l\u00e9chargez des PDF ou ajoutez-les par lien, ajustez les param\u00e8tres et les \u00e9l\u00e9ments de conception.<\/li> <li><strong>Copiez le code g\u00e9n\u00e9r\u00e9\u00a0:<\/strong> Une fois que vous \u00eates satisfait de la conception et des param\u00e8tres, copiez le code d\u2019int\u00e9gration g\u00e9n\u00e9r\u00e9.<\/li> <li><strong>Int\u00e9grez le code\u00a0:<\/strong> Collez le code dans la section appropri\u00e9e de votre page Elementor (g\u00e9n\u00e9ralement un bloc de code ou une section de widget) pour afficher le flipbook.<\/li><\/ol><p>Vous souhaitez plus d\u2019options de personnalisation\u00a0? Apprenez \u00e0 <a href=\"https:\/\/elfsight.com\/blog\/how-to-embed-flipbook-on-website\/\" target=\"_blank\">int\u00e9grer un Flipbook sur votre site Web<\/a> gr\u00e2ce \u00e0 notre guide expert.<\/p><p>Si vous avez besoin d&rsquo;aide, l&rsquo;\u00e9quipe d&rsquo;assistance d&rsquo;Elfsight est toujours l\u00e0 pour vous aider\u00a0!<\/p><\/div><div class=\"faq\" data-component=\"FAQ\"><div class=\"faq-item\">\r\n\t\t\t\t\t<div class=\"faq-item-question\">\r\n\t\t\t\t\t\t<h3 class=\"faq-item-question-text\">Puis-je utiliser le widget Flipbook sur mon site Web adapt\u00e9 aux mobiles ?<\/h3>\r\n\r\n\t\t\t\t\t\t<div class=\"faq-item-question-icon\"><\/div>\r\n\t\t\t\t\t<\/div>\r\n\r\n\t\t\t\t\t<div class=\"faq-item-answer\">\r\n\t\t\t\t\t\t<div class=\"faq-item-answer-text\">Oui, le Flipbook Elfsight est enti\u00e8rement adapt\u00e9 aux mobiles, ce qui signifie qu&rsquo;il s&rsquo;adaptera parfaitement \u00e0 toutes les tailles d&rsquo;\u00e9cran pour une exp\u00e9rience utilisateur optimale sur n&rsquo;importe quel appareil.<\/div>\r\n\t\t\t\t\t<\/div>\r\n\t\t\t\t<\/div><div class=\"faq-item\">\r\n\t\t\t\t\t<div class=\"faq-item-question\">\r\n\t\t\t\t\t\t<h3 class=\"faq-item-question-text\">Comment puis-je ajouter du contenu au widget Flipbook ?<\/h3>\r\n\r\n\t\t\t\t\t\t<div class=\"faq-item-question-icon\"><\/div>\r\n\t\t\t\t\t<\/div>\r\n\r\n\t\t\t\t\t<div class=\"faq-item-answer\">\r\n\t\t\t\t\t\t<div class=\"faq-item-answer-text\">Vous pouvez t\u00e9l\u00e9charger votre contenu sous forme de PDF directement via l&rsquo;\u00e9diteur intuitif, ou vous pouvez l&rsquo;ajouter \u00e0 l&rsquo;aide d&rsquo;un lien. Une fois t\u00e9l\u00e9charg\u00e9, vous pouvez ajuster l&rsquo;apparence et les fonctionnalit\u00e9s, comme les param\u00e8tres de zoom et les transitions de page.<\/div>\r\n\t\t\t\t\t<\/div>\r\n\t\t\t\t<\/div><div class=\"faq-item\">\r\n\t\t\t\t\t<div class=\"faq-item-question\">\r\n\t\t\t\t\t\t<h3 class=\"faq-item-question-text\">Le Flipbook Elfsight est-il personnalisable en termes de design ?<\/h3>\r\n\r\n\t\t\t\t\t\t<div class=\"faq-item-question-icon\"><\/div>\r\n\t\t\t\t\t<\/div>\r\n\r\n\t\t\t\t\t<div class=\"faq-item-answer\">\r\n\t\t\t\t\t\t<div class=\"faq-item-answer-text\">Absolument\u00a0! Vous pouvez modifier les couleurs, les polices et la mise en page du flipbook, afin qu&rsquo;il corresponde \u00e0 l&rsquo;esth\u00e9tique et \u00e0 l&rsquo;identit\u00e9 de votre site web.<\/div>\r\n\t\t\t\t\t<\/div>\r\n\t\t\t\t<\/div><div class=\"faq-item\">\r\n\t\t\t\t\t<div class=\"faq-item-question\">\r\n\t\t\t\t\t\t<h3 class=\"faq-item-question-text\">Ai-je besoin de connaissances en codage pour utiliser le widget ?<\/h3>\r\n\r\n\t\t\t\t\t\t<div class=\"faq-item-question-icon\"><\/div>\r\n\t\t\t\t\t<\/div>\r\n\r\n\t\t\t\t\t<div class=\"faq-item-answer\">\r\n\t\t\t\t\t\t<div class=\"faq-item-answer-text\">Pas du tout\u00a0! Le Flipbook Elfsight est con\u00e7u pour \u00eatre facile \u00e0 utiliser gr\u00e2ce \u00e0 une interface glisser-d\u00e9poser. Aucune connaissance en codage n&rsquo;est requise pour l&rsquo;installation ou la personnalisation.<\/div>\r\n\t\t\t\t\t<\/div>\r\n\t\t\t\t<\/div><div class=\"faq-item\">\r\n\t\t\t\t\t<div class=\"faq-item-question\">\r\n\t\t\t\t\t\t<h3 class=\"faq-item-question-text\">Puis-je essayer le Flipbook avant de l'acheter ?<\/h3>\r\n\r\n\t\t\t\t\t\t<div class=\"faq-item-question-icon\"><\/div>\r\n\t\t\t\t\t<\/div>\r\n\r\n\t\t\t\t\t<div class=\"faq-item-answer\">\r\n\t\t\t\t\t\t<div class=\"faq-item-answer-text\">Oui, Elfsight propose une formule gratuite. Vous pouvez donc l&rsquo;essayer et d\u00e9couvrir toutes ses fonctionnalit\u00e9s avant de souscrire \u00e0 une formule payante.<\/div>\r\n\t\t\t\t\t<\/div>\r\n\t\t\t\t<\/div><\/div>","protected":false},"excerpt":{"rendered":"","protected":false},"author":9,"featured_media":0,"parent":14226,"menu_order":0,"comment_status":"closed","ping_status":"closed","template":"templates\/template-application-platform.php","meta":{"publish_to_discourse":"","publish_post_category":"","wpdc_auto_publish_overridden":"","wpdc_topic_tags":"","wpdc_pin_topic":"","wpdc_pin_until":"","discourse_post_id":"","discourse_permalink":"","wpdc_publishing_response":"","wpdc_publishing_error":"","footnotes":""},"class_list":["post-15422","page","type-page","status-publish","hentry"],"yoast_head":"<!-- This site is optimized with the Yoast SEO plugin v25.3.1 - https:\/\/yoast.com\/wordpress\/plugins\/seo\/ -->\n<title>Flipbook Elementor - Ajouter un flipbook \u00e0 Elementor [gratuitement]<\/title>\n<meta name=\"description\" content=\"Ajoutez le meilleur Flipbook \u00e0 votre site Web Elementor pour am\u00e9liorer l&#039;exp\u00e9rience utilisateur, pr\u00e9senter le contenu et stimuler l&#039;engagement.\" \/>\n<meta name=\"robots\" content=\"index, follow, max-snippet:-1, max-image-preview:large, max-video-preview:-1\" \/>\n<link rel=\"canonical\" href=\"https:\/\/elfsight.com\/fr\/flipbook-widget\/elementor\/\" \/>\n<meta property=\"og:locale\" content=\"fr_FR\" \/>\n<meta property=\"og:type\" content=\"article\" \/>\n<meta property=\"og:title\" content=\"Flipbook Elementor - Ajouter un flipbook \u00e0 Elementor [gratuitement]\" \/>\n<meta property=\"og:description\" content=\"Ajoutez le meilleur Flipbook \u00e0 votre site Web Elementor pour am\u00e9liorer l&#039;exp\u00e9rience utilisateur, pr\u00e9senter le contenu et stimuler l&#039;engagement.\" \/>\n<meta property=\"og:url\" content=\"https:\/\/elfsight.com\/fr\/flipbook-widget\/elementor\/\" \/>\n<meta property=\"og:site_name\" content=\"Elfsight FR\" \/>\n<meta property=\"article:modified_time\" content=\"2025-07-09T17:28:57+00:00\" \/>\n<meta name=\"twitter:card\" content=\"summary_large_image\" \/>\n<meta name=\"twitter:label1\" content=\"Dur\u00e9e de lecture estim\u00e9e\" \/>\n\t<meta name=\"twitter:data1\" content=\"3 minutes\" \/>\n<!-- \/ Yoast SEO plugin. -->","yoast_head_json":{"title":"Flipbook Elementor - Ajouter un flipbook \u00e0 Elementor [gratuitement]","description":"Ajoutez le meilleur Flipbook \u00e0 votre site Web Elementor pour am\u00e9liorer l'exp\u00e9rience utilisateur, pr\u00e9senter le contenu et stimuler l'engagement.","robots":{"index":"index","follow":"follow","max-snippet":"max-snippet:-1","max-image-preview":"max-image-preview:large","max-video-preview":"max-video-preview:-1"},"canonical":"https:\/\/elfsight.com\/fr\/flipbook-widget\/elementor\/","og_locale":"fr_FR","og_type":"article","og_title":"Flipbook Elementor - Ajouter un flipbook \u00e0 Elementor [gratuitement]","og_description":"Ajoutez le meilleur Flipbook \u00e0 votre site Web Elementor pour am\u00e9liorer l'exp\u00e9rience utilisateur, pr\u00e9senter le contenu et stimuler l'engagement.","og_url":"https:\/\/elfsight.com\/fr\/flipbook-widget\/elementor\/","og_site_name":"Elfsight FR","article_modified_time":"2025-07-09T17:28:57+00:00","twitter_card":"summary_large_image","twitter_misc":{"Dur\u00e9e de lecture estim\u00e9e":"3 minutes"},"schema":{"@context":"https:\/\/schema.org","@graph":[{"@type":"WebPage","@id":"https:\/\/elfsight.com\/fr\/flipbook-widget\/elementor\/","url":"https:\/\/elfsight.com\/fr\/flipbook-widget\/elementor\/","name":"Flipbook Elementor - Ajouter un flipbook \u00e0 Elementor [gratuitement]","isPartOf":{"@id":"https:\/\/elfsight.com\/fr\/#website"},"datePublished":"2024-08-01T13:31:59+00:00","dateModified":"2025-07-09T17:28:57+00:00","description":"Ajoutez le meilleur Flipbook \u00e0 votre site Web Elementor pour am\u00e9liorer l'exp\u00e9rience utilisateur, pr\u00e9senter le contenu et stimuler l'engagement.","breadcrumb":{"@id":"https:\/\/elfsight.com\/fr\/flipbook-widget\/elementor\/#breadcrumb"},"inLanguage":"fr-FR","potentialAction":[{"@type":"ReadAction","target":["https:\/\/elfsight.com\/fr\/flipbook-widget\/elementor\/"]}]},{"@type":"BreadcrumbList","@id":"https:\/\/elfsight.com\/fr\/flipbook-widget\/elementor\/#breadcrumb","itemListElement":[{"@type":"ListItem","position":1,"name":"Home","item":"https:\/\/elfsight.com\/fr\/"},{"@type":"ListItem","position":2,"name":"Flipbook","item":"https:\/\/elfsight.com\/fr\/flipbook-widget\/"},{"@type":"ListItem","position":3,"name":"Flipbook &#8211; Elementor"}]},{"@type":"WebSite","@id":"https:\/\/elfsight.com\/fr\/#website","url":"https:\/\/elfsight.com\/fr\/","name":"Elfsight FR","description":"","potentialAction":[{"@type":"SearchAction","target":{"@type":"EntryPoint","urlTemplate":"https:\/\/elfsight.com\/fr\/?s={search_term_string}"},"query-input":{"@type":"PropertyValueSpecification","valueRequired":true,"valueName":"search_term_string"}}],"inLanguage":"fr-FR"}]}},"meta_box":{"industry":"","seo_heading":"","heading":"","description":"","cta_heading":"","cta_description":"","application":"14221","h1":"Widget Flipbook Elementor","h1_caption":"Ajoutez un flipbook num\u00e9rique \u00e0 votre site Web Elementor et engagez les utilisateurs avec un affichage de contenu interactif et visuellement attrayant.","application_category":[],"applications_title":"","applications_request_title":"","applications_request_button_text":"","hero_text":"","hero_video":"","hero_video_schema_markup":"","selling_points_title":"","selling_points_caption":"","selling_points":[],"selling_points_cta_text":"","features_title":"","features":"","ed_cta_examples_text":"","ed_cta_examples_hidden":"","ed_cta_demo_text":"","ed_cta_demo_hidden":"","why_caption":"","why_editor_title":"","why_editor_text":"","why_team_title":"","why_team_text":"","why_service_title":"","why_service_text":"","template_catalog_visible":"","template_catalog_title":"","template_catalog_text":"","template_catalog_categories_visible":"","demo_title":"Cr\u00e9ez votre widget Flipbook","demo_caption":"Configurez votre widget et ajoutez-le gratuitement \u00e0 votre site Web Elementor\u00a0!","default_faq_hidden":"","app_template_category":[],"platform":"385","template_public_id":"","codecanyon_url":"","codecanyon_item_id":"","codecanyon_price":"","pricing_caption":"","pricing_elfsight_apps_hide_column":"","pricing_elfsight_apps_url":"","pricing_codecanyon_price_caption":"","integration_category":[],"integration_request_title":"","integration_request_cta":"","integration_platform":"","integrations":[],"platform_category":[],"video_schema_markup":"","price":"\u00e0 partir de 0 $ \/ mois","trial":"","benefits":[{"text":"Service d'installation gratuit"},{"text":"Support client exp\u00e9riment\u00e9"},{"text":"Garantie de remboursement de 14 jours"},{"text":"Mises \u00e0 jour en cours"}],"button_url":"#demo","button_target_blank":"0","button_nofollow":"","attributes":[{"name":"Installations","content":"50,000 - 100,000","_state":""},{"name":"Sensible","content":"Oui","_state":""},{"name":"Navigateurs compatibles","content":"Firefox, Safari, Opera, Chrome, Edge","_state":""}],"tags":[],"tags_disable_links":"","hide_more_platforms":"","video_object":"","demo_hide_cta":"","demo_hide_cloud_options":"","pricing_title":"","pricing":[{"pricing_icon":"platform","pricing_title":"Elfsight Apps","pricing_title_caption":"Solution num\u00e9rique multiplateforme","pricing_price":"\u00e0 partir de 0 $ \/ mois","pricing_price_caption":"commencer avec un plan gratuit","pricing_benefits":[{"text":"Domaines illimit\u00e9s"},{"text":"Support gratuit et bien document\u00e9"},{"text":"Service d'installation gratuit"}],"pricing_button_text":"Ajouter au site Web","pricing_button_url":"#demo"}],"related_apps_title":"","related_apps_hidden":"","author":"","image":[],"title":"","job":"","social_networks":[]},"_links":{"self":[{"href":"https:\/\/elfsight.com\/fr\/wp-json\/wp\/v2\/pages\/15422","targetHints":{"allow":["GET"]}}],"collection":[{"href":"https:\/\/elfsight.com\/fr\/wp-json\/wp\/v2\/pages"}],"about":[{"href":"https:\/\/elfsight.com\/fr\/wp-json\/wp\/v2\/types\/page"}],"author":[{"embeddable":true,"href":"https:\/\/elfsight.com\/fr\/wp-json\/wp\/v2\/users\/9"}],"replies":[{"embeddable":true,"href":"https:\/\/elfsight.com\/fr\/wp-json\/wp\/v2\/comments?post=15422"}],"version-history":[{"count":2,"href":"https:\/\/elfsight.com\/fr\/wp-json\/wp\/v2\/pages\/15422\/revisions"}],"predecessor-version":[{"id":16573,"href":"https:\/\/elfsight.com\/fr\/wp-json\/wp\/v2\/pages\/15422\/revisions\/16573"}],"up":[{"embeddable":true,"href":"https:\/\/elfsight.com\/fr\/wp-json\/wp\/v2\/pages\/14226"}],"wp:attachment":[{"href":"https:\/\/elfsight.com\/fr\/wp-json\/wp\/v2\/media?parent=15422"}],"curies":[{"name":"wp","href":"https:\/\/api.w.org\/{rel}","templated":true}]}}