{"id":15421,"date":"2024-08-01T13:36:00","date_gmt":"2024-08-01T13:36:00","guid":{"rendered":"https:\/\/elfsight.com\/fr\/?page_id=15421"},"modified":"2025-07-09T17:29:16","modified_gmt":"2025-07-09T17:29:16","slug":"google-sites","status":"publish","type":"page","link":"https:\/\/elfsight.com\/fr\/flipbook-widget\/google-sites\/","title":{"rendered":"Flipbook &#8211; Google Sites"},"content":{"rendered":"<div class=\"application-platform-content-item-description application-platform-content-item\" id=\"description\" data-nav-section=\"description\"> <h2>Int\u00e9grer un Flipbook \u00e0 Google Sites avec un plugin Elfsight<\/h2> <p>Le plugin Flipbook pour Google Sites est une m\u00e9thode \u00e9l\u00e9gante pour afficher du contenu visuel sur votre site web. Il transforme vos fichiers PDF en magazines dynamiques avec des images anim\u00e9es et une navigation avanc\u00e9e. Il est con\u00e7u pour pr\u00e9senter des revues, des catalogues, des manuels et du mat\u00e9riel promotionnel de mani\u00e8re agr\u00e9able pour le lecteur, augmentant ainsi la notori\u00e9t\u00e9 de votre marque et l&rsquo;accessibilit\u00e9 du contenu. <\/p><p>Vous pouvez rapidement envoyer un lien vers votre catalogue PDF, le partager sur les r\u00e9seaux sociaux et offrir aux utilisateurs un moyen simple de le t\u00e9l\u00e9charger ou de l&rsquo;imprimer. De plus, le plugin est enti\u00e8rement personnalisable afin de s&rsquo;adapter aux couleurs de votre site web ou de votre marque. Le Flipbook se charge rapidement sur vos pages et s&rsquo;affiche parfaitement sur tous les appareils. <\/p><p><b>Am\u00e9liorez la qualit\u00e9 de vos pr\u00e9sentations de produits et de r\u00e9alisations gr\u00e2ce \u00e0 l&rsquo;album PDF personnalis\u00e9. <\/b><\/p><\/div> <div class=\"application-platform-content-item-features application-platform-content-item\" id=\"features\" data-nav-section=\"features\"> <h2>Retrouvez ci-dessous les fonctionnalit\u00e9s essentielles du plugin\u00a0: <\/h2><ul><li><b>Tournage de page r\u00e9aliste pour votre PDF int\u00e9gr\u00e9. <\/b> Ajoutez simplement n&rsquo;importe quel fichier PDF pour l&rsquo;animer avec des effets de retournement de page authentiques et un son de papier pour une exp\u00e9rience utilisateur extraordinaire. <\/li><li><b>Recherchez, zoomez et d\u00e9zoomez, sautez au d\u00e9but ou \u00e0 la fin. <\/b>Le Flipbook dispose de plusieurs boutons interactifs et d&rsquo;options pour travailler avec le livret et l&rsquo;explorer de mani\u00e8re transparente. <\/li><li><b>Partagez, t\u00e9l\u00e9chargez ou imprimez la brochure facilement. <\/b>Il est possible d&rsquo;envoyer un lien vers le catalogue, de le partager via les r\u00e9seaux sociaux ou de donner la possibilit\u00e9 de le t\u00e9l\u00e9charger et de l&rsquo;imprimer pour le spectateur. <\/li><li><b>Plus de modes d&rsquo;affichage pour une belle pr\u00e9sentation. <\/b>Les modes d&rsquo;affichage Miniature, Page unique et Plein \u00e9cran sont disponibles dans le Flipbook pour am\u00e9liorer encore plus la navigation. <\/li><li><b>Personnalisation, optimisation et localisation avanc\u00e9es. <\/b>Le Flipbook offre de nombreuses options de personnalisation, s&rsquo;affiche parfaitement sur n&rsquo;importe quel appareil et est localis\u00e9 pour 76 pays. <\/li><\/ul><p><a href=\"#demo\">Consultez simplement cette d\u00e9mo pour avoir une id\u00e9e compl\u00e8te<\/a><\/p><\/div> <div class=\"application-platform-content-item-installation application-platform-content-item\" id=\"installation\" data-nav-section=\"installation\"> <h2>Comment puis-je int\u00e9grer Flipbook \u00e0 ma page Web Google Sites\u00a0? <\/h2><p>Retrouvez ce guide simple pour configurer le plugin sur vos sites Google. Cela ne vous prendra que quelques minutes et ne n\u00e9cessite aucune programmation.<\/p> <ol><li><strong>Cr\u00e9ez votre propre plugin Flipbook<\/strong><br> Commencez avec un mod\u00e8le dans l&rsquo;\u00e9diteur, connectez votre profil ou les hashtags souhait\u00e9s, et ajustez le plugin selon le style et les options souhait\u00e9s.<\/li><li><strong>Recevez le code personnel pour int\u00e9grer le plugin<\/strong><br> D\u00e8s que vous aurez termin\u00e9 la cr\u00e9ation du plugin, vous recevrez un code HTML personnalis\u00e9 dans votre tableau de bord. Copiez ce code qui contient toutes les informations sur les param\u00e8tres de votre plugin.<\/li> <li><strong>Pr\u00e9sentez le plugin sur vos sites Google<\/strong><br> S\u00e9lectionnez les zones de votre site web o\u00f9 vous souhaitez afficher le plugin et collez-y le code. Enregistrez les modifications.<\/li> <\/ol><p>C&rsquo;est tout\u00a0! Maintenant, voyez comment le plugin fonctionne sur votre site web.<\/p><p>En cas de probl\u00e8me lors de l&rsquo;int\u00e9gration du plugin \u00e0 un site web, n&rsquo;h\u00e9sitez pas \u00e0 contacter notre centre d&rsquo;aide. Nous serons heureux de vous conseiller sur l&rsquo;ajout et l&rsquo;ajustement de votre Flipbook.<\/p><\/div>","protected":false},"excerpt":{"rendered":"","protected":false},"author":9,"featured_media":0,"parent":14226,"menu_order":0,"comment_status":"closed","ping_status":"closed","template":"templates\/template-application-platform.php","meta":{"publish_to_discourse":"","publish_post_category":"","wpdc_auto_publish_overridden":"","wpdc_topic_tags":"","wpdc_pin_topic":"","wpdc_pin_until":"","discourse_post_id":"","discourse_permalink":"","wpdc_publishing_response":"","wpdc_publishing_error":"","footnotes":""},"class_list":["post-15421","page","type-page","status-publish","hentry"],"yoast_head":"<!-- This site is optimized with the Yoast SEO plugin v25.3.1 - https:\/\/yoast.com\/wordpress\/plugins\/seo\/ -->\n<title>Plugin Flipbook pour Google Sites\u00a0: int\u00e9grez de superbes brochures \u00e0 votre site Web<\/title>\n<meta name=\"description\" content=\"Ajoutez un plugin Flipbook sans code \u00e0 votre site Google Sites. D\u00e9couvrez la d\u00e9mo en ligne d&#039;Elfsight pour cr\u00e9er facilement votre solution personnalis\u00e9e.\" \/>\n<meta name=\"robots\" content=\"index, follow, max-snippet:-1, max-image-preview:large, max-video-preview:-1\" \/>\n<link rel=\"canonical\" href=\"https:\/\/elfsight.com\/fr\/flipbook-widget\/google-sites\/\" \/>\n<meta property=\"og:locale\" content=\"fr_FR\" \/>\n<meta property=\"og:type\" content=\"article\" \/>\n<meta property=\"og:title\" content=\"Plugin Flipbook pour Google Sites\u00a0: int\u00e9grez de superbes brochures \u00e0 votre site Web\" \/>\n<meta property=\"og:description\" content=\"Ajoutez un plugin Flipbook sans code \u00e0 votre site Google Sites. D\u00e9couvrez la d\u00e9mo en ligne d&#039;Elfsight pour cr\u00e9er facilement votre solution personnalis\u00e9e.\" \/>\n<meta property=\"og:url\" content=\"https:\/\/elfsight.com\/fr\/flipbook-widget\/google-sites\/\" \/>\n<meta property=\"og:site_name\" content=\"Elfsight FR\" \/>\n<meta property=\"article:modified_time\" content=\"2025-07-09T17:29:16+00:00\" \/>\n<meta name=\"twitter:card\" content=\"summary_large_image\" \/>\n<meta name=\"twitter:label1\" content=\"Dur\u00e9e de lecture estim\u00e9e\" \/>\n\t<meta name=\"twitter:data1\" content=\"3 minutes\" \/>\n<!-- \/ Yoast SEO plugin. -->","yoast_head_json":{"title":"Plugin Flipbook pour Google Sites\u00a0: int\u00e9grez de superbes brochures \u00e0 votre site Web","description":"Ajoutez un plugin Flipbook sans code \u00e0 votre site Google Sites. D\u00e9couvrez la d\u00e9mo en ligne d'Elfsight pour cr\u00e9er facilement votre solution personnalis\u00e9e.","robots":{"index":"index","follow":"follow","max-snippet":"max-snippet:-1","max-image-preview":"max-image-preview:large","max-video-preview":"max-video-preview:-1"},"canonical":"https:\/\/elfsight.com\/fr\/flipbook-widget\/google-sites\/","og_locale":"fr_FR","og_type":"article","og_title":"Plugin Flipbook pour Google Sites\u00a0: int\u00e9grez de superbes brochures \u00e0 votre site Web","og_description":"Ajoutez un plugin Flipbook sans code \u00e0 votre site Google Sites. D\u00e9couvrez la d\u00e9mo en ligne d'Elfsight pour cr\u00e9er facilement votre solution personnalis\u00e9e.","og_url":"https:\/\/elfsight.com\/fr\/flipbook-widget\/google-sites\/","og_site_name":"Elfsight FR","article_modified_time":"2025-07-09T17:29:16+00:00","twitter_card":"summary_large_image","twitter_misc":{"Dur\u00e9e de lecture estim\u00e9e":"3 minutes"},"schema":{"@context":"https:\/\/schema.org","@graph":[{"@type":"WebPage","@id":"https:\/\/elfsight.com\/fr\/flipbook-widget\/google-sites\/","url":"https:\/\/elfsight.com\/fr\/flipbook-widget\/google-sites\/","name":"Plugin Flipbook pour Google Sites\u00a0: int\u00e9grez de superbes brochures \u00e0 votre site Web","isPartOf":{"@id":"https:\/\/elfsight.com\/fr\/#website"},"datePublished":"2024-08-01T13:36:00+00:00","dateModified":"2025-07-09T17:29:16+00:00","description":"Ajoutez un plugin Flipbook sans code \u00e0 votre site Google Sites. D\u00e9couvrez la d\u00e9mo en ligne d'Elfsight pour cr\u00e9er facilement votre solution personnalis\u00e9e.","breadcrumb":{"@id":"https:\/\/elfsight.com\/fr\/flipbook-widget\/google-sites\/#breadcrumb"},"inLanguage":"fr-FR","potentialAction":[{"@type":"ReadAction","target":["https:\/\/elfsight.com\/fr\/flipbook-widget\/google-sites\/"]}]},{"@type":"BreadcrumbList","@id":"https:\/\/elfsight.com\/fr\/flipbook-widget\/google-sites\/#breadcrumb","itemListElement":[{"@type":"ListItem","position":1,"name":"Home","item":"https:\/\/elfsight.com\/fr\/"},{"@type":"ListItem","position":2,"name":"Flipbook","item":"https:\/\/elfsight.com\/fr\/flipbook-widget\/"},{"@type":"ListItem","position":3,"name":"Flipbook &#8211; Google Sites"}]},{"@type":"WebSite","@id":"https:\/\/elfsight.com\/fr\/#website","url":"https:\/\/elfsight.com\/fr\/","name":"Elfsight FR","description":"","potentialAction":[{"@type":"SearchAction","target":{"@type":"EntryPoint","urlTemplate":"https:\/\/elfsight.com\/fr\/?s={search_term_string}"},"query-input":{"@type":"PropertyValueSpecification","valueRequired":true,"valueName":"search_term_string"}}],"inLanguage":"fr-FR"}]}},"meta_box":{"industry":"","seo_heading":"","heading":"","description":"","cta_heading":"","cta_description":"","application":"14221","h1":"Plugin Flipbook de Google Sites","h1_caption":"Convertissez des fichiers PDF ou des images en flipbooks interactifs, offrant ainsi une mani\u00e8re plus attrayante de pr\u00e9senter des documents ou des catalogues sur vos sites Google sans effort.","application_category":[],"applications_title":"","applications_request_title":"","applications_request_button_text":"","hero_text":"","hero_video":"","hero_video_schema_markup":"","selling_points_title":"","selling_points_caption":"","selling_points":[],"selling_points_cta_text":"","features_title":"","features":"","ed_cta_examples_text":"","ed_cta_examples_hidden":"","ed_cta_demo_text":"","ed_cta_demo_hidden":"","why_caption":"","why_editor_title":"","why_editor_text":"","why_team_title":"","why_team_text":"","why_service_title":"","why_service_text":"","template_catalog_visible":"","template_catalog_title":"","template_catalog_text":"","template_catalog_categories_visible":"","demo_title":"Cr\u00e9ez votre widget Flipbook","demo_caption":"Configurez votre Flipbook et ajoutez-le gratuitement \u00e0 votre site Web Google Sites\u00a0!","default_faq_hidden":"","app_template_category":[],"platform":"423","template_public_id":"","codecanyon_url":"","codecanyon_item_id":"","codecanyon_price":"","pricing_caption":"","pricing_elfsight_apps_hide_column":"","pricing_elfsight_apps_url":"","pricing_codecanyon_price_caption":"","integration_category":[],"integration_request_title":"","integration_request_cta":"","integration_platform":"","integrations":[],"platform_category":[],"video_schema_markup":"","price":"\u00e0 partir de 0 $ \/ mois","trial":"","benefits":[{"text":"Aide \u00e0 l'installation gratuite"},{"text":"Support client exp\u00e9riment\u00e9"},{"text":"Garantie de remboursement de 14 jours"},{"text":"En constante mise \u00e0 jour"}],"button_url":"#demo","button_target_blank":"0","button_nofollow":"","attributes":[{"name":"Installations","content":"50,000 - 100,000","_state":""},{"name":"Sensible","content":"Oui","_state":""},{"name":"Navigateurs compatibles","content":"Firefox, Safari, Opera, Chrome, Edge","_state":""}],"tags":[],"tags_disable_links":"","hide_more_platforms":"","video_object":"","demo_hide_cta":"","demo_hide_cloud_options":"","pricing_title":"","pricing":[{"pricing_icon":"platform","pricing_title":"Elfsight Apps","pricing_title_caption":"Version multiplateforme","pricing_price":"\u00e0 partir de 0 $ \/ mois","pricing_price_caption":"commencer avec un plan gratuit","pricing_benefits":[{"text":"Domaines illimit\u00e9s"},{"text":"Assistance professionnelle, ponctuelle et bien document\u00e9e"},{"text":"Assistance \u00e0 l'installation gratuite"}],"pricing_button_text":"Ajouter au site Web","pricing_button_url":"#demo"}],"related_apps_title":"","related_apps_hidden":"","author":"","image":[],"title":"","job":"","social_networks":[]},"_links":{"self":[{"href":"https:\/\/elfsight.com\/fr\/wp-json\/wp\/v2\/pages\/15421","targetHints":{"allow":["GET"]}}],"collection":[{"href":"https:\/\/elfsight.com\/fr\/wp-json\/wp\/v2\/pages"}],"about":[{"href":"https:\/\/elfsight.com\/fr\/wp-json\/wp\/v2\/types\/page"}],"author":[{"embeddable":true,"href":"https:\/\/elfsight.com\/fr\/wp-json\/wp\/v2\/users\/9"}],"replies":[{"embeddable":true,"href":"https:\/\/elfsight.com\/fr\/wp-json\/wp\/v2\/comments?post=15421"}],"version-history":[{"count":2,"href":"https:\/\/elfsight.com\/fr\/wp-json\/wp\/v2\/pages\/15421\/revisions"}],"predecessor-version":[{"id":16572,"href":"https:\/\/elfsight.com\/fr\/wp-json\/wp\/v2\/pages\/15421\/revisions\/16572"}],"up":[{"embeddable":true,"href":"https:\/\/elfsight.com\/fr\/wp-json\/wp\/v2\/pages\/14226"}],"wp:attachment":[{"href":"https:\/\/elfsight.com\/fr\/wp-json\/wp\/v2\/media?parent=15421"}],"curies":[{"name":"wp","href":"https:\/\/api.w.org\/{rel}","templated":true}]}}