{"id":15381,"date":"2024-09-30T18:27:29","date_gmt":"2024-09-30T18:27:29","guid":{"rendered":"https:\/\/elfsight.com\/fr\/?page_id=15381"},"modified":"2025-07-09T16:49:40","modified_gmt":"2025-07-09T16:49:40","slug":"html","status":"publish","type":"page","link":"https:\/\/elfsight.com\/fr\/blog-widget\/html\/","title":{"rendered":"Blog &#8211; HTML"},"content":{"rendered":"<div class=\"application-platform-content-item-description application-platform-content-item\" id=\"description\" data-nav-section=\"description\"> <h2>Int\u00e9grez un blog au format HTML avec un widget Elfsight<\/h2> <p>Le widget Blog am\u00e9liore la strat\u00e9gie de contenu de votre site Web et l&rsquo;engagement de votre audience. Cr\u00e9ez et g\u00e9rez des articles captivants avec des \u00e9l\u00e9ments multim\u00e9dias, pr\u00e9sentez les publications populaires dans des curseurs dynamiques et assurez-vous que votre contenu s&rsquo;affiche parfaitement sur n&rsquo;importe quel appareil. La r\u00e9daction et la gestion du contenu d&rsquo;un blog n&rsquo;ont jamais \u00e9t\u00e9 aussi simples et efficaces. <\/p><p>L&rsquo;ajout de nouveaux articles est incroyablement simple avec le widget Blog\u00a0: un seul clic et votre contenu est en ligne. Vous pouvez facilement partager des publications via des liens directs, et gr\u00e2ce aux fonctionnalit\u00e9s d&rsquo;IA, vous pouvez non seulement cr\u00e9er des articles rapidement, mais vous pouvez \u00e9galement g\u00e9n\u00e9rer des visuels pour am\u00e9liorer vos publications. Ce widget vous aide \u00e0 partager l\u2019histoire de votre entreprise et \u00e0 \u00e9tablir votre entreprise en tant qu\u2019acteur leader du secteur. <\/p><p><b>Cr\u00e9ez votre section personnelle avec des histoires pour engager le public et mettre en valeur la comp\u00e9tence de votre marque\u00a0! <\/b><\/p><\/div> <div class=\"application-platform-content-item-features application-platform-content-item\" id=\"features\" data-nav-section=\"features\"> <h2>Affichez la liste des meilleures fonctionnalit\u00e9s\u00a0: <\/h2><ul><li><b>Ajoutez facilement le blog \u00e0 n&rsquo;importe quel site web. <\/b> Commencez \u00e0 cr\u00e9er votre widget de blog personnalis\u00e9 qui garantit des performances incroyables sur tout type de cr\u00e9ateur de site Web. <\/li><li><b>Utilisez l&rsquo;IA pour g\u00e9n\u00e9rer r\u00e9guli\u00e8rement du contenu. <\/b> Les caract\u00e9ristiques IA du widget vous offrent un moyen simple de mettre r\u00e9guli\u00e8rement \u00e0 jour le flux et de publier des articles rapidement. <\/li><li><b>Cr\u00e9ez des publications avec un \u00e9diteur intuitif. <\/b> Notre \u00e9diteur qui fonctionne de mani\u00e8re similaire \u00e0 Notion vous permet de cr\u00e9er facilement l&rsquo;article sans manuels suppl\u00e9mentaires. <\/li><li><b>Ajoutez de nombreux \u00e9l\u00e9ments pour d\u00e9corer les articles. <\/b> L&rsquo;\u00e9diteur de blog dispose d&rsquo;un large \u00e9ventail d&rsquo;\u00e9l\u00e9ments textuels et visuels pour cr\u00e9er un article riche et attrayant. <\/li><li><b>Partagez des publications via un lien direct.<\/b> Chaque publication aura une adresse URL unique que vous pourrez partager pour obtenir plus de vues et d&rsquo;engagement. <\/li><\/ul><p><a href=\"#demo\">Testez simplement tous les ajustements de notre widget dans la d\u00e9mo directement sur cette page<\/a><\/p><\/div> <div class=\"application-platform-content-item-installation application-platform-content-item\" id=\"installation\" data-nav-section=\"installation\"> <h2>Comment puis-je int\u00e9grer un blog dans mon site HTML\u00a0? <\/h2><p>Regardez ce guide simple pour configurer le widget sur votre site Web HTML. Cela ne prendra que quelques minutes et ne n\u00e9cessite aucun codage. <\/p> <ol><li><strong>Cr\u00e9ez votre widget de blog personnalis\u00e9<\/strong><br> Commencez avec n&rsquo;importe quel mod\u00e8le de la d\u00e9mo, travaillez avec les \u00e9l\u00e9ments pratiques de l&rsquo;\u00e9diteur et ajustez le widget \u00e0 votre design pr\u00e9f\u00e9r\u00e9. et les param\u00e8tres. <\/li><li><strong>Recevez le code personnel pour int\u00e9grer le widget<\/strong><br> Une fois le widget construit, vous obtiendrez un code HTML individuel dans votre tableau de bord. Copiez le qui contient tous les d\u00e9tails concernant vos param\u00e8tres. <\/li> <li><strong>Affichez le widget sur votre site HTML<\/strong><br> S\u00e9lectionnez les sections de votre site Web dans lesquelles vous souhaitez pr\u00e9senter le Blog, et collez-y le code. Enregistrez vos modifications. <\/li> <\/ol><p>C&rsquo;est tout\u00a0! Maintenant, voyez comment le widget fonctionne sur votre site Web. <\/p><p>Si vous rencontrez des probl\u00e8mes lors de l&rsquo;int\u00e9gration du widget dans votre site Web, assurez-vous de contacter notre centre d&rsquo;aide. Nous serons heureux de vous aider \u00e0 ajouter et \u00e0 g\u00e9rer votre blog. <\/p><\/div>","protected":false},"excerpt":{"rendered":"","protected":false},"author":9,"featured_media":0,"parent":14228,"menu_order":0,"comment_status":"closed","ping_status":"closed","template":"templates\/template-application-platform.php","meta":{"publish_to_discourse":"","publish_post_category":"","wpdc_auto_publish_overridden":"","wpdc_topic_tags":"","wpdc_pin_topic":"","wpdc_pin_until":"","discourse_post_id":"","discourse_permalink":"","wpdc_publishing_response":"","wpdc_publishing_error":"","footnotes":""},"class_list":["post-15381","page","type-page","status-publish","hentry"],"yoast_head":"<!-- This site is optimized with the Yoast SEO plugin v25.3.1 - https:\/\/yoast.com\/wordpress\/plugins\/seo\/ -->\n<title>Widget HTML Blog - Ajoutez un blog \u00e0 votre site Web HTML [Gratuit]<\/title>\n<meta name=\"description\" content=\"Ajoutez un widget Blog sans code \u00e0 votre site Web HTML. D\u00e9couvrez la d\u00e9mo simple d&#039;Elfsight pour cr\u00e9er sans effort votre solution personnelle.\" \/>\n<meta name=\"robots\" content=\"index, follow, max-snippet:-1, max-image-preview:large, max-video-preview:-1\" \/>\n<link rel=\"canonical\" href=\"https:\/\/elfsight.com\/fr\/blog-widget\/html\/\" \/>\n<meta property=\"og:locale\" content=\"fr_FR\" \/>\n<meta property=\"og:type\" content=\"article\" \/>\n<meta property=\"og:title\" content=\"Widget HTML Blog - Ajoutez un blog \u00e0 votre site Web HTML [Gratuit]\" \/>\n<meta property=\"og:description\" content=\"Ajoutez un widget Blog sans code \u00e0 votre site Web HTML. D\u00e9couvrez la d\u00e9mo simple d&#039;Elfsight pour cr\u00e9er sans effort votre solution personnelle.\" \/>\n<meta property=\"og:url\" content=\"https:\/\/elfsight.com\/fr\/blog-widget\/html\/\" \/>\n<meta property=\"og:site_name\" content=\"Elfsight FR\" \/>\n<meta property=\"article:modified_time\" content=\"2025-07-09T16:49:40+00:00\" \/>\n<meta name=\"twitter:card\" content=\"summary_large_image\" \/>\n<meta name=\"twitter:label1\" content=\"Dur\u00e9e de lecture estim\u00e9e\" \/>\n\t<meta name=\"twitter:data1\" content=\"3 minutes\" \/>\n<!-- \/ Yoast SEO plugin. -->","yoast_head_json":{"title":"Widget HTML Blog - Ajoutez un blog \u00e0 votre site Web HTML [Gratuit]","description":"Ajoutez un widget Blog sans code \u00e0 votre site Web HTML. D\u00e9couvrez la d\u00e9mo simple d'Elfsight pour cr\u00e9er sans effort votre solution personnelle.","robots":{"index":"index","follow":"follow","max-snippet":"max-snippet:-1","max-image-preview":"max-image-preview:large","max-video-preview":"max-video-preview:-1"},"canonical":"https:\/\/elfsight.com\/fr\/blog-widget\/html\/","og_locale":"fr_FR","og_type":"article","og_title":"Widget HTML Blog - Ajoutez un blog \u00e0 votre site Web HTML [Gratuit]","og_description":"Ajoutez un widget Blog sans code \u00e0 votre site Web HTML. D\u00e9couvrez la d\u00e9mo simple d'Elfsight pour cr\u00e9er sans effort votre solution personnelle.","og_url":"https:\/\/elfsight.com\/fr\/blog-widget\/html\/","og_site_name":"Elfsight FR","article_modified_time":"2025-07-09T16:49:40+00:00","twitter_card":"summary_large_image","twitter_misc":{"Dur\u00e9e de lecture estim\u00e9e":"3 minutes"},"schema":{"@context":"https:\/\/schema.org","@graph":[{"@type":"WebPage","@id":"https:\/\/elfsight.com\/fr\/blog-widget\/html\/","url":"https:\/\/elfsight.com\/fr\/blog-widget\/html\/","name":"Widget HTML Blog - Ajoutez un blog \u00e0 votre site Web HTML [Gratuit]","isPartOf":{"@id":"https:\/\/elfsight.com\/fr\/#website"},"datePublished":"2024-09-30T18:27:29+00:00","dateModified":"2025-07-09T16:49:40+00:00","description":"Ajoutez un widget Blog sans code \u00e0 votre site Web HTML. D\u00e9couvrez la d\u00e9mo simple d'Elfsight pour cr\u00e9er sans effort votre solution personnelle.","breadcrumb":{"@id":"https:\/\/elfsight.com\/fr\/blog-widget\/html\/#breadcrumb"},"inLanguage":"fr-FR","potentialAction":[{"@type":"ReadAction","target":["https:\/\/elfsight.com\/fr\/blog-widget\/html\/"]}]},{"@type":"BreadcrumbList","@id":"https:\/\/elfsight.com\/fr\/blog-widget\/html\/#breadcrumb","itemListElement":[{"@type":"ListItem","position":1,"name":"Home","item":"https:\/\/elfsight.com\/fr\/"},{"@type":"ListItem","position":2,"name":"Blog","item":"https:\/\/elfsight.com\/fr\/blog-widget\/"},{"@type":"ListItem","position":3,"name":"Blog &#8211; HTML"}]},{"@type":"WebSite","@id":"https:\/\/elfsight.com\/fr\/#website","url":"https:\/\/elfsight.com\/fr\/","name":"Elfsight FR","description":"","potentialAction":[{"@type":"SearchAction","target":{"@type":"EntryPoint","urlTemplate":"https:\/\/elfsight.com\/fr\/?s={search_term_string}"},"query-input":{"@type":"PropertyValueSpecification","valueRequired":true,"valueName":"search_term_string"}}],"inLanguage":"fr-FR"}]}},"meta_box":{"industry":"","seo_heading":"","heading":"","description":"","cta_heading":"","cta_description":"","application":"14223","h1":"Ajouter un blog au site Web HTML","h1_caption":"Affichez facilement les articles de blog sur votre site Web avec une mise en page personnalisable, offrant ainsi un moyen dynamique et attrayant de partager du contenu et de tenir les visiteurs inform\u00e9s de votre site Web HTML sans effort.","application_category":[],"applications_title":"","applications_request_title":"","applications_request_button_text":"","hero_text":"","hero_video":"","hero_video_schema_markup":"","selling_points_title":"","selling_points_caption":"","selling_points":[],"selling_points_cta_text":"","features_title":"","features":"","ed_cta_examples_text":"","ed_cta_examples_hidden":"","ed_cta_demo_text":"","ed_cta_demo_hidden":"","why_caption":"","why_editor_title":"","why_editor_text":"","why_team_title":"","why_team_text":"","why_service_title":"","why_service_text":"","template_catalog_visible":"","template_catalog_title":"","template_catalog_text":"","template_catalog_categories_visible":"","demo_title":"Cr\u00e9ez votre widget Blog","demo_caption":"Configurez votre blog et ajoutez-le \u00e0 votre site HTML gratuitement\u00a0!","default_faq_hidden":"","app_template_category":[],"platform":"352","template_public_id":"","codecanyon_url":"","codecanyon_item_id":"","codecanyon_price":"","pricing_caption":"","pricing_elfsight_apps_hide_column":"","pricing_elfsight_apps_url":"","pricing_codecanyon_price_caption":"","integration_category":[],"integration_request_title":"","integration_request_cta":"","integration_platform":"","integrations":[],"platform_category":[],"video_schema_markup":"","price":"\u00e0 partir de 0$ \/ mois","trial":"","benefits":[{"text":"Assistance \u00e0 l'installation gratuite"},{"text":"Support client exp\u00e9riment\u00e9"},{"text":"Garantie de remboursement de 14 jours"},{"text":"Mise \u00e0 jour constante"}],"button_url":"#demo","button_target_blank":"","button_nofollow":"","attributes":[{"name":"Installations","content":"50,000 - 100,000"},{"name":"Sensible","content":"Oui"},{"name":"Navigateurs compatibles","content":"Firefox, Safari, Opera, Chrome, Edge"}],"tags":[],"tags_disable_links":"","hide_more_platforms":"","video_object":"","demo_hide_cta":"","demo_hide_cloud_options":"","pricing_title":"","pricing":[{"pricing_icon":"platform","pricing_title":"Elfsight Apps","pricing_title_caption":"Logiciel multiplateforme","pricing_price":"\u00e0 partir de 0$ \/ mois","pricing_price_caption":"commencez avec un forfait gratuit","pricing_benefits":[{"text":"Sites Web illimit\u00e9s"},{"text":"Assistance 24h\/24 et 7j\/7"},{"text":"Aide \u00e0 l'installation gratuite"}],"pricing_button_text":"Ajouter au site Web","pricing_button_url":"#demo"}],"related_apps_title":"","related_apps_hidden":"","author":"","image":[],"title":"","job":"","social_networks":[]},"_links":{"self":[{"href":"https:\/\/elfsight.com\/fr\/wp-json\/wp\/v2\/pages\/15381","targetHints":{"allow":["GET"]}}],"collection":[{"href":"https:\/\/elfsight.com\/fr\/wp-json\/wp\/v2\/pages"}],"about":[{"href":"https:\/\/elfsight.com\/fr\/wp-json\/wp\/v2\/types\/page"}],"author":[{"embeddable":true,"href":"https:\/\/elfsight.com\/fr\/wp-json\/wp\/v2\/users\/9"}],"replies":[{"embeddable":true,"href":"https:\/\/elfsight.com\/fr\/wp-json\/wp\/v2\/comments?post=15381"}],"version-history":[{"count":1,"href":"https:\/\/elfsight.com\/fr\/wp-json\/wp\/v2\/pages\/15381\/revisions"}],"predecessor-version":[{"id":15385,"href":"https:\/\/elfsight.com\/fr\/wp-json\/wp\/v2\/pages\/15381\/revisions\/15385"}],"up":[{"embeddable":true,"href":"https:\/\/elfsight.com\/fr\/wp-json\/wp\/v2\/pages\/14228"}],"wp:attachment":[{"href":"https:\/\/elfsight.com\/fr\/wp-json\/wp\/v2\/media?parent=15381"}],"curies":[{"name":"wp","href":"https:\/\/api.w.org\/{rel}","templated":true}]}}