{"id":15380,"date":"2024-09-30T18:27:29","date_gmt":"2024-09-30T18:27:29","guid":{"rendered":"https:\/\/elfsight.com\/fr\/?page_id=15380"},"modified":"2025-07-09T16:51:28","modified_gmt":"2025-07-09T16:51:28","slug":"webflow","status":"publish","type":"page","link":"https:\/\/elfsight.com\/fr\/blog-widget\/webflow\/","title":{"rendered":"Blog &#8211; Webflow"},"content":{"rendered":"<div class=\"application-platform-content-item-description application-platform-content-item\" id=\"description\" data-nav-section=\"description\"> <h2>Int\u00e9grez un blog dans Webflow avec un widget Elfsight<\/h2> <p>Le widget Blog am\u00e9liore la strat\u00e9gie de contenu de votre site Web et l&rsquo;engagement de votre audience. Cr\u00e9ez et g\u00e9rez des articles captivants avec des \u00e9l\u00e9ments multim\u00e9dias, pr\u00e9sentez les publications populaires dans des curseurs dynamiques et assurez-vous que votre contenu s&rsquo;affiche parfaitement sur n&rsquo;importe quel appareil. La r\u00e9daction et la gestion du contenu d&rsquo;un blog n&rsquo;ont jamais \u00e9t\u00e9 aussi simples et efficaces. <\/p><p>L&rsquo;ajout de nouveaux articles est incroyablement simple avec le widget Blog\u00a0: quelques clics suffisent et votre contenu est en ligne. Vous pouvez facilement diffuser des publications via des liens directs et, gr\u00e2ce aux fonctionnalit\u00e9s d&rsquo;IA, vous pouvez non seulement cr\u00e9er des articles sans effort, mais vous pouvez \u00e9galement g\u00e9n\u00e9rer des images pour am\u00e9liorer vos publications. Ce widget vous aide \u00e0 partager votre histoire et \u00e0 consolider votre entreprise en tant qu&rsquo;autorit\u00e9 sectorielle. <\/p><p><b>Cr\u00e9ez votre bloc personnel avec des posts pour attirer les clients et mettre en valeur l&rsquo;expertise de votre marque\u00a0! <\/b><\/p><\/div> <div class=\"application-platform-content-item-features application-platform-content-item\" id=\"features\" data-nav-section=\"features\"> <h2>Trouvez ci-dessous les fonctionnalit\u00e9s fondamentales du widget\u00a0: <\/h2><ul><li><b>Ajoutez facilement le blog \u00e0 n&rsquo;importe quel site web. <\/b> Commencez \u00e0 cr\u00e9er votre widget Blog personnel qui garantit des performances parfaites sur tout type de plateforme de site Web. <\/li><li><b>B\u00e9n\u00e9ficiez de l&rsquo;IA pour g\u00e9n\u00e9rer du contenu r\u00e9guli\u00e8rement. <\/b> Les fonctionnalit\u00e9s d&rsquo;IA du widget vous offrent une approche simple pour mettre r\u00e9guli\u00e8rement \u00e0 jour le contenu et publier des articles rapidement. <\/li><li><b>Cr\u00e9ez des publications avec un \u00e9diteur intuitif. <\/b> Notre \u00e9diteur qui fonctionne de mani\u00e8re similaire \u00e0 Notion vous permet de cr\u00e9er facilement l&rsquo;article sans manuels suppl\u00e9mentaires. <\/li><li><b>Ajoutez divers \u00e9l\u00e9ments pour d\u00e9corer les articles. <\/b> Le cr\u00e9ateur du blog dispose d&rsquo;un large \u00e9ventail d&rsquo;\u00e9l\u00e9ments textuels et visuels pour cr\u00e9er un article sain et attrayant. <\/li><li><b>Partagez des publications \u00e0 l&rsquo;aide d&rsquo;un lien direct.<\/b> Chaque publication recevra une adresse URL unique que vous pourrez partager pour inspirer des vues et une implication suppl\u00e9mentaires. <\/li><\/ul><p><a href=\"#demo\">D\u00e9couvrez la d\u00e9mo en ligne pour voir ce que notre widget peut faire<\/a><\/p><\/div> <div class=\"application-platform-content-item-installation  application-platform-content-item\" id=\"installation \" data-nav-section=\"installation \"> <h2>Comment int\u00e9grer un blog dans mon site Web Webflow\u00a0? <\/h2><p>Voici un moyen simple d&rsquo;avoir le widget sur votre site Web Webflow. Cela ne prendra que quelques minutes et ne n\u00e9cessite aucun codage. <\/p> <ol><li><strong>Cr\u00e9ez votre widget de blog personnalis\u00e9<\/strong><br> Commencez avec n&rsquo;importe quel mod\u00e8le de la d\u00e9mo, travaillez avec les \u00e9l\u00e9ments conviviaux de l&rsquo;\u00e9diteur et ajustez le widget \u00e0 votre style et param\u00e8tres pr\u00e9f\u00e9r\u00e9s. <\/li><li><strong>Recevez le code personnel pour int\u00e9grer le widget<\/strong><br> Une fois le widget construit, vous obtiendrez un code HTML individuel dans votre tableau de bord. Copiez le qui contient tous les d\u00e9tails concernant vos param\u00e8tres. <\/li> <li><strong>Pr\u00e9sentez le widget sur votre site Web Webflow<\/strong><br> Choisissez les zones de votre site Web dans lesquelles vous comptez pr\u00e9senter le blog et collez-y le code. Enregistrez les modifications. <\/li> <\/ol><p>Fait\u00a0! Maintenant, v\u00e9rifiez les performances du widget sur votre site Web. <\/p><p>Si vous rencontrez des probl\u00e8mes lors de l&rsquo;int\u00e9gration du widget dans un site Web, n&rsquo;h\u00e9sitez pas \u00e0 contacter notre service client. Nous serons heureux de vous guider dans l\u2019ajout et la gestion de votre blog. <\/p><\/div>","protected":false},"excerpt":{"rendered":"","protected":false},"author":9,"featured_media":0,"parent":14228,"menu_order":0,"comment_status":"closed","ping_status":"closed","template":"templates\/template-application-platform.php","meta":{"publish_to_discourse":"","publish_post_category":"","wpdc_auto_publish_overridden":"","wpdc_topic_tags":"","wpdc_pin_topic":"","wpdc_pin_until":"","discourse_post_id":"","discourse_permalink":"","wpdc_publishing_response":"","wpdc_publishing_error":"","footnotes":""},"class_list":["post-15380","page","type-page","status-publish","hentry"],"yoast_head":"<!-- This site is optimized with the Yoast SEO plugin v25.3.1 - https:\/\/yoast.com\/wordpress\/plugins\/seo\/ -->\n<title>Widget Webflow Blog - Ajoutez un blog \u00e0 votre site Web Webflow [Gratuit]<\/title>\n<meta name=\"description\" content=\"Ajoutez un widget Blog sans code \u00e0 votre site Web Webflow. Consultez la d\u00e9mo en ligne d\u2019Elfsight pour cr\u00e9er sans effort votre solution personnelle.\" \/>\n<meta name=\"robots\" content=\"index, follow, max-snippet:-1, max-image-preview:large, max-video-preview:-1\" \/>\n<link rel=\"canonical\" href=\"https:\/\/elfsight.com\/fr\/blog-widget\/webflow\/\" \/>\n<meta property=\"og:locale\" content=\"fr_FR\" \/>\n<meta property=\"og:type\" content=\"article\" \/>\n<meta property=\"og:title\" content=\"Widget Webflow Blog - Ajoutez un blog \u00e0 votre site Web Webflow [Gratuit]\" \/>\n<meta property=\"og:description\" content=\"Ajoutez un widget Blog sans code \u00e0 votre site Web Webflow. Consultez la d\u00e9mo en ligne d\u2019Elfsight pour cr\u00e9er sans effort votre solution personnelle.\" \/>\n<meta property=\"og:url\" content=\"https:\/\/elfsight.com\/fr\/blog-widget\/webflow\/\" \/>\n<meta property=\"og:site_name\" content=\"Elfsight FR\" \/>\n<meta property=\"article:modified_time\" content=\"2025-07-09T16:51:28+00:00\" \/>\n<meta name=\"twitter:card\" content=\"summary_large_image\" \/>\n<meta name=\"twitter:label1\" content=\"Dur\u00e9e de lecture estim\u00e9e\" \/>\n\t<meta name=\"twitter:data1\" content=\"3 minutes\" \/>\n<!-- \/ Yoast SEO plugin. -->","yoast_head_json":{"title":"Widget Webflow Blog - Ajoutez un blog \u00e0 votre site Web Webflow [Gratuit]","description":"Ajoutez un widget Blog sans code \u00e0 votre site Web Webflow. Consultez la d\u00e9mo en ligne d\u2019Elfsight pour cr\u00e9er sans effort votre solution personnelle.","robots":{"index":"index","follow":"follow","max-snippet":"max-snippet:-1","max-image-preview":"max-image-preview:large","max-video-preview":"max-video-preview:-1"},"canonical":"https:\/\/elfsight.com\/fr\/blog-widget\/webflow\/","og_locale":"fr_FR","og_type":"article","og_title":"Widget Webflow Blog - Ajoutez un blog \u00e0 votre site Web Webflow [Gratuit]","og_description":"Ajoutez un widget Blog sans code \u00e0 votre site Web Webflow. Consultez la d\u00e9mo en ligne d\u2019Elfsight pour cr\u00e9er sans effort votre solution personnelle.","og_url":"https:\/\/elfsight.com\/fr\/blog-widget\/webflow\/","og_site_name":"Elfsight FR","article_modified_time":"2025-07-09T16:51:28+00:00","twitter_card":"summary_large_image","twitter_misc":{"Dur\u00e9e de lecture estim\u00e9e":"3 minutes"},"schema":{"@context":"https:\/\/schema.org","@graph":[{"@type":"WebPage","@id":"https:\/\/elfsight.com\/fr\/blog-widget\/webflow\/","url":"https:\/\/elfsight.com\/fr\/blog-widget\/webflow\/","name":"Widget Webflow Blog - Ajoutez un blog \u00e0 votre site Web Webflow [Gratuit]","isPartOf":{"@id":"https:\/\/elfsight.com\/fr\/#website"},"datePublished":"2024-09-30T18:27:29+00:00","dateModified":"2025-07-09T16:51:28+00:00","description":"Ajoutez un widget Blog sans code \u00e0 votre site Web Webflow. Consultez la d\u00e9mo en ligne d\u2019Elfsight pour cr\u00e9er sans effort votre solution personnelle.","breadcrumb":{"@id":"https:\/\/elfsight.com\/fr\/blog-widget\/webflow\/#breadcrumb"},"inLanguage":"fr-FR","potentialAction":[{"@type":"ReadAction","target":["https:\/\/elfsight.com\/fr\/blog-widget\/webflow\/"]}]},{"@type":"BreadcrumbList","@id":"https:\/\/elfsight.com\/fr\/blog-widget\/webflow\/#breadcrumb","itemListElement":[{"@type":"ListItem","position":1,"name":"Home","item":"https:\/\/elfsight.com\/fr\/"},{"@type":"ListItem","position":2,"name":"Blog","item":"https:\/\/elfsight.com\/fr\/blog-widget\/"},{"@type":"ListItem","position":3,"name":"Blog &#8211; Webflow"}]},{"@type":"WebSite","@id":"https:\/\/elfsight.com\/fr\/#website","url":"https:\/\/elfsight.com\/fr\/","name":"Elfsight FR","description":"","potentialAction":[{"@type":"SearchAction","target":{"@type":"EntryPoint","urlTemplate":"https:\/\/elfsight.com\/fr\/?s={search_term_string}"},"query-input":{"@type":"PropertyValueSpecification","valueRequired":true,"valueName":"search_term_string"}}],"inLanguage":"fr-FR"}]}},"meta_box":{"industry":"","seo_heading":"","heading":"","description":"","cta_heading":"","cta_description":"","application":"14223","h1":"Ajouter un blog au site Web Webflow","h1_caption":"Affichez facilement les articles de blog sur votre site Web avec une mise en page personnalisable, offrant ainsi un moyen dynamique et attrayant de partager du contenu et de tenir les visiteurs inform\u00e9s de votre site Web Webflow sans effort.","application_category":[],"applications_title":"","applications_request_title":"","applications_request_button_text":"","hero_text":"","hero_video":"","hero_video_schema_markup":"","selling_points_title":"","selling_points_caption":"","selling_points":[],"selling_points_cta_text":"","features_title":"","features":"","ed_cta_examples_text":"","ed_cta_examples_hidden":"","ed_cta_demo_text":"","ed_cta_demo_hidden":"","why_caption":"","why_editor_title":"","why_editor_text":"","why_team_title":"","why_team_text":"","why_service_title":"","why_service_text":"","template_catalog_visible":"","template_catalog_title":"","template_catalog_text":"","template_catalog_categories_visible":"","demo_title":"Cr\u00e9ez votre widget Blog","demo_caption":"Configurez votre blog et ajoutez-le gratuitement \u00e0 votre site Webflow\u00a0!","default_faq_hidden":"","app_template_category":[],"platform":"362","template_public_id":"","codecanyon_url":"","codecanyon_item_id":"","codecanyon_price":"","pricing_caption":"","pricing_elfsight_apps_hide_column":"","pricing_elfsight_apps_url":"","pricing_codecanyon_price_caption":"","integration_category":[],"integration_request_title":"","integration_request_cta":"","integration_platform":"","integrations":[],"platform_category":[],"video_schema_markup":"","price":"\u00e0 partir de 0$ \/ mois","trial":"","benefits":[{"text":"Aide \u00e0 l'installation gratuite"},{"text":"Support client exp\u00e9riment\u00e9"},{"text":"Garantie de remboursement de 14 jours"},{"text":"Am\u00e9liorations futures"}],"button_url":"#demo","button_target_blank":"","button_nofollow":"","attributes":[{"name":"Installations","content":"50,000 - 100,000"},{"name":"Sensible","content":"Oui"},{"name":"Navigateurs compatibles","content":"Firefox, Safari, Opera, Chrome, Edge"}],"tags":[],"tags_disable_links":"","hide_more_platforms":"","video_object":"","demo_hide_cta":"","demo_hide_cloud_options":"","pricing_title":"","pricing":[{"pricing_icon":"platform","pricing_title":"Elfsight Apps","pricing_title_caption":"Version ind\u00e9pendante de la plate-forme qui convient \u00e0 n'importe quel site Web","pricing_price":"\u00e0 partir de 0$ \/ mois","pricing_price_caption":"commencez avec un forfait gratuit","pricing_benefits":[{"text":"Sites Web illimit\u00e9s"},{"text":"Assistance premium"},{"text":"Assistance \u00e0 l'installation gratuite"}],"pricing_button_text":"Ajouter au site Web","pricing_button_url":"#demo"}],"related_apps_title":"","related_apps_hidden":"","author":"","image":[],"title":"","job":"","social_networks":[]},"_links":{"self":[{"href":"https:\/\/elfsight.com\/fr\/wp-json\/wp\/v2\/pages\/15380","targetHints":{"allow":["GET"]}}],"collection":[{"href":"https:\/\/elfsight.com\/fr\/wp-json\/wp\/v2\/pages"}],"about":[{"href":"https:\/\/elfsight.com\/fr\/wp-json\/wp\/v2\/types\/page"}],"author":[{"embeddable":true,"href":"https:\/\/elfsight.com\/fr\/wp-json\/wp\/v2\/users\/9"}],"replies":[{"embeddable":true,"href":"https:\/\/elfsight.com\/fr\/wp-json\/wp\/v2\/comments?post=15380"}],"version-history":[{"count":1,"href":"https:\/\/elfsight.com\/fr\/wp-json\/wp\/v2\/pages\/15380\/revisions"}],"predecessor-version":[{"id":15384,"href":"https:\/\/elfsight.com\/fr\/wp-json\/wp\/v2\/pages\/15380\/revisions\/15384"}],"up":[{"embeddable":true,"href":"https:\/\/elfsight.com\/fr\/wp-json\/wp\/v2\/pages\/14228"}],"wp:attachment":[{"href":"https:\/\/elfsight.com\/fr\/wp-json\/wp\/v2\/media?parent=15380"}],"curies":[{"name":"wp","href":"https:\/\/api.w.org\/{rel}","templated":true}]}}