{"id":15311,"date":"2024-09-30T18:27:29","date_gmt":"2024-09-30T18:27:29","guid":{"rendered":"https:\/\/elfsight.com\/fr\/?page_id=15311"},"modified":"2025-07-10T12:32:39","modified_gmt":"2025-07-10T12:32:39","slug":"jquery","status":"publish","type":"page","link":"https:\/\/elfsight.com\/fr\/poll-widget\/jquery\/","title":{"rendered":"Poll &#8211; jQuery"},"content":{"rendered":"<div class=\"application-platform-content-item-description application-platform-content-item\" id=\"description\" data-nav-section=\"description\"> <h2>Int\u00e9grez Poll dans jQuery avec un plugin Elfsight<\/h2> <p>Ajoutez facilement un plugin Poll personnalis\u00e9 \u00e0 votre site Web pour stimuler l&rsquo;engagement des utilisateurs et recueillir des id\u00e9es. En quelques \u00e9tapes seulement, vous pouvez cr\u00e9er des enqu\u00eates interactives comportant de nombreux types de questions, telles que des \u00e9chelles \u00e0 choix multiples et d&rsquo;\u00e9valuation. \u00c9tablir votre sondage est simple et rapide. <\/p><p>R\u00e9aliser de nouveaux sondages ne prend qu&rsquo;un seul clic et les r\u00e9sultats sont pr\u00e9sent\u00e9s en temps r\u00e9el. Avec la logique conditionnelle, vous pouvez personnaliser les questions en fonction des r\u00e9ponses des clients. Le plugin s&rsquo;int\u00e8gre \u00e9galement aux outils CRM et de messagerie populaires, facilitant l&rsquo;organisation de vos donn\u00e9es et la mise \u00e0 niveau de vos services en fonction des attentes des clients. <\/p><p><b>Cr\u00e9ez facilement des enqu\u00eates individuelles pour savoir ce que votre public attend de votre entreprise\u00a0! <\/b><\/p><\/div> <div class=\"application-platform-content-item-features application-platform-content-item\" id=\"features\" data-nav-section=\"features\"> <h2>Vous trouverez ci-dessous les fonctionnalit\u00e9s de base du plugin\u00a0: <\/h2><ul><li><b>Personnalisez vos sondages avec des conditions logique. <\/b> Vous pouvez modifier dynamiquement les questions \u00e0 venir, offrant ainsi une exp\u00e9rience d&rsquo;enqu\u00eate plus individuelle et plus raisonnable. <\/li><li><b>Cr\u00e9ez des sondages attrayants en quelques clics seulement. <\/b> Notre \u00e9diteur convivial facilite la cr\u00e9ation de sondages attrayants pour recueillir des r\u00e9ponses et des opinions sans aucun probl\u00e8me. <\/li><li><b>Transformez les r\u00e9ponses en ventes en temps r\u00e9el. <\/b> Comprenez instantan\u00e9ment les attentes des utilisateurs et proposez imm\u00e9diatement des solutions pertinentes, transformant les r\u00e9ponses en opportunit\u00e9s commerciales. <\/li><li><b>Utilisez diff\u00e9rents types de champs et de donn\u00e9es de saisie. <\/b> Ajustez votre sondage personnalis\u00e9 pour obtenir les donn\u00e9es n\u00e9cessaires \u00e0 l&rsquo;aide de boutons radio, de listes d\u00e9roulantes, de cases \u00e0 cocher, de champs de texte et de nombreux autres \u00e9l\u00e9ments. <\/li><li><b>Commencez avec un mod\u00e8le pr\u00e9d\u00e9fini parfait. <\/b> Choisissez parmi un ensemble d&rsquo;id\u00e9es de sondages con\u00e7ues par des professionnels, optimis\u00e9es pour diff\u00e9rents types d&rsquo;enqu\u00eates et objectifs commerciaux. <\/li><\/ul><p><a href=\"#demo\">Essayez l&rsquo;\u00e9diteur intuitif pour d\u00e9couvrir comment fonctionne le plugin<\/a><\/p><\/div> <div class=\"application-platform-content-item-installation application-platform-content-item\" id=\"installation\" data-nav-section=\"installation\"> <h2>Comment int\u00e9grer Poll dans mon site Web jQuery\u00a0? <\/h2><p>Nous proposons un guide simple pour configurer le plugin sur votre site Web jQuery. Cela ne prendra que quelques minutes et ne n\u00e9cessite aucun codage. <\/p> <ol><li><strong>Cr\u00e9ez votre plugin de sondage personnalis\u00e9<\/strong><br> Commencez avec n&rsquo;importe quel mod\u00e8le dans l&rsquo;\u00e9diteur, travaillez avec les \u00e9l\u00e9ments pratiques de l&rsquo;\u00e9diteur et ajustez le plugin au design souhait\u00e9. et les param\u00e8tres. <\/li><li><strong>Recevez le code personnel pour int\u00e9grer le plugin<\/strong><br> D\u00e8s que vous aurez termin\u00e9 de cr\u00e9er le plugin, vous obtiendrez un code HTML individuel dans votre tableau de bord. Copiez ce code qui contient toutes les informations sur vos r\u00e9glages. <\/li> <li><strong>Affichez le plugin sur votre site jQuery<\/strong><br> D\u00e9finissez les sections de votre site Web dans lesquelles vous souhaitez afficher le sondage, et collez-y le code. Enregistrez les modifications. <\/li> <\/ol><p>\u00c7a y est\u00a0! Maintenant, v\u00e9rifiez comment le plugin fonctionne sur votre site Web. <\/p><p>Si vous rencontrez des inconv\u00e9nients lors de l&rsquo;int\u00e9gration du plugin dans un site Web, contactez simplement notre centre d&rsquo;aide. Nous serons heureux de vous montrer comment ajouter et g\u00e9rer votre sondage. <\/p><\/div>","protected":false},"excerpt":{"rendered":"","protected":false},"author":9,"featured_media":0,"parent":14233,"menu_order":0,"comment_status":"closed","ping_status":"closed","template":"templates\/template-application-platform.php","meta":{"publish_to_discourse":"","publish_post_category":"","wpdc_auto_publish_overridden":"","wpdc_topic_tags":"","wpdc_pin_topic":"","wpdc_pin_until":"","discourse_post_id":"","discourse_permalink":"","wpdc_publishing_response":"","wpdc_publishing_error":"","footnotes":""},"class_list":["post-15311","page","type-page","status-publish","hentry"],"yoast_head":"<!-- This site is optimized with the Yoast SEO plugin v25.3.1 - https:\/\/yoast.com\/wordpress\/plugins\/seo\/ -->\n<title>Plugin jQuery Poll - Ajoutez un sondage \u00e0 votre site Web jQuery [GRATUIT]<\/title>\n<meta name=\"description\" content=\"Ajoutez un plugin Poll sans code \u00e0 votre site Web jQuery. Consultez l\u2019\u00e9diteur rapide d\u2019Elfsight pour cr\u00e9er facilement votre solution personnelle.\" \/>\n<meta name=\"robots\" content=\"index, follow, max-snippet:-1, max-image-preview:large, max-video-preview:-1\" \/>\n<link rel=\"canonical\" href=\"https:\/\/elfsight.com\/fr\/poll-widget\/jquery\/\" \/>\n<meta property=\"og:locale\" content=\"fr_FR\" \/>\n<meta property=\"og:type\" content=\"article\" \/>\n<meta property=\"og:title\" content=\"Plugin jQuery Poll - Ajoutez un sondage \u00e0 votre site Web jQuery [GRATUIT]\" \/>\n<meta property=\"og:description\" content=\"Ajoutez un plugin Poll sans code \u00e0 votre site Web jQuery. Consultez l\u2019\u00e9diteur rapide d\u2019Elfsight pour cr\u00e9er facilement votre solution personnelle.\" \/>\n<meta property=\"og:url\" content=\"https:\/\/elfsight.com\/fr\/poll-widget\/jquery\/\" \/>\n<meta property=\"og:site_name\" content=\"Elfsight FR\" \/>\n<meta property=\"article:modified_time\" content=\"2025-07-10T12:32:39+00:00\" \/>\n<meta name=\"twitter:card\" content=\"summary_large_image\" \/>\n<meta name=\"twitter:label1\" content=\"Dur\u00e9e de lecture estim\u00e9e\" \/>\n\t<meta name=\"twitter:data1\" content=\"3 minutes\" \/>\n<!-- \/ Yoast SEO plugin. -->","yoast_head_json":{"title":"Plugin jQuery Poll - Ajoutez un sondage \u00e0 votre site Web jQuery [GRATUIT]","description":"Ajoutez un plugin Poll sans code \u00e0 votre site Web jQuery. Consultez l\u2019\u00e9diteur rapide d\u2019Elfsight pour cr\u00e9er facilement votre solution personnelle.","robots":{"index":"index","follow":"follow","max-snippet":"max-snippet:-1","max-image-preview":"max-image-preview:large","max-video-preview":"max-video-preview:-1"},"canonical":"https:\/\/elfsight.com\/fr\/poll-widget\/jquery\/","og_locale":"fr_FR","og_type":"article","og_title":"Plugin jQuery Poll - Ajoutez un sondage \u00e0 votre site Web jQuery [GRATUIT]","og_description":"Ajoutez un plugin Poll sans code \u00e0 votre site Web jQuery. Consultez l\u2019\u00e9diteur rapide d\u2019Elfsight pour cr\u00e9er facilement votre solution personnelle.","og_url":"https:\/\/elfsight.com\/fr\/poll-widget\/jquery\/","og_site_name":"Elfsight FR","article_modified_time":"2025-07-10T12:32:39+00:00","twitter_card":"summary_large_image","twitter_misc":{"Dur\u00e9e de lecture estim\u00e9e":"3 minutes"},"schema":{"@context":"https:\/\/schema.org","@graph":[{"@type":"WebPage","@id":"https:\/\/elfsight.com\/fr\/poll-widget\/jquery\/","url":"https:\/\/elfsight.com\/fr\/poll-widget\/jquery\/","name":"Plugin jQuery Poll - Ajoutez un sondage \u00e0 votre site Web jQuery [GRATUIT]","isPartOf":{"@id":"https:\/\/elfsight.com\/fr\/#website"},"datePublished":"2024-09-30T18:27:29+00:00","dateModified":"2025-07-10T12:32:39+00:00","description":"Ajoutez un plugin Poll sans code \u00e0 votre site Web jQuery. Consultez l\u2019\u00e9diteur rapide d\u2019Elfsight pour cr\u00e9er facilement votre solution personnelle.","breadcrumb":{"@id":"https:\/\/elfsight.com\/fr\/poll-widget\/jquery\/#breadcrumb"},"inLanguage":"fr-FR","potentialAction":[{"@type":"ReadAction","target":["https:\/\/elfsight.com\/fr\/poll-widget\/jquery\/"]}]},{"@type":"BreadcrumbList","@id":"https:\/\/elfsight.com\/fr\/poll-widget\/jquery\/#breadcrumb","itemListElement":[{"@type":"ListItem","position":1,"name":"Home","item":"https:\/\/elfsight.com\/fr\/"},{"@type":"ListItem","position":2,"name":"Poll","item":"https:\/\/elfsight.com\/fr\/poll-widget\/"},{"@type":"ListItem","position":3,"name":"Poll &#8211; jQuery"}]},{"@type":"WebSite","@id":"https:\/\/elfsight.com\/fr\/#website","url":"https:\/\/elfsight.com\/fr\/","name":"Elfsight FR","description":"","potentialAction":[{"@type":"SearchAction","target":{"@type":"EntryPoint","urlTemplate":"https:\/\/elfsight.com\/fr\/?s={search_term_string}"},"query-input":{"@type":"PropertyValueSpecification","valueRequired":true,"valueName":"search_term_string"}}],"inLanguage":"fr-FR"}]}},"meta_box":{"industry":"","seo_heading":"","heading":"","description":"","cta_heading":"","cta_description":"","application":"14224","h1":"Ajouter un sondage au site Web jQuery","h1_caption":"Engagez les visiteurs de votre site Web jQuery en cr\u00e9ant des sondages interactifs, vous aidant ainsi \u00e0 recueillir des commentaires et des informations pr\u00e9cieux pour am\u00e9liorer vos produits et services.","application_category":[],"applications_title":"","applications_request_title":"","applications_request_button_text":"","hero_text":"","hero_video":"","hero_video_schema_markup":"","selling_points_title":"","selling_points_caption":"","selling_points":[],"selling_points_cta_text":"","features_title":"","features":"","ed_cta_examples_text":"","ed_cta_examples_hidden":"","ed_cta_demo_text":"","ed_cta_demo_hidden":"","why_caption":"","why_editor_title":"","why_editor_text":"","why_team_title":"","why_team_text":"","why_service_title":"","why_service_text":"","template_catalog_visible":"","template_catalog_title":"","template_catalog_text":"","template_catalog_categories_visible":"","demo_title":"Cr\u00e9ez votre plugin de sondage","demo_caption":"Configurez votre sondage et ajoutez-le \u00e0 votre site Web jQuery gratuitement\u00a0!","default_faq_hidden":"","app_template_category":[],"platform":"355","template_public_id":"","codecanyon_url":"","codecanyon_item_id":"","codecanyon_price":"","pricing_caption":"","pricing_elfsight_apps_hide_column":"","pricing_elfsight_apps_url":"","pricing_codecanyon_price_caption":"","integration_category":[],"integration_request_title":"","integration_request_cta":"","integration_platform":"","integrations":[],"platform_category":[],"video_schema_markup":"","price":"\u00e0 partir de 0$ \/ mois","trial":"","benefits":[{"text":"Service d'installation gratuit"},{"text":"Assistance premium"},{"text":"Garantie de remboursement de 14 jours"},{"text":"Am\u00e9liorations continues"}],"button_url":"#demo","button_target_blank":"","button_nofollow":"","attributes":[{"name":"Installations","content":"50,000 - 100,000"},{"name":"Sensible","content":"Oui"},{"name":"Navigateurs compatibles","content":"Firefox, Safari, Opera, Chrome, Edge"}],"tags":[],"tags_disable_links":"","hide_more_platforms":"","video_object":"","demo_hide_cta":"","demo_hide_cloud_options":"","pricing_title":"","pricing":[{"pricing_icon":"platform","pricing_title":"Elfsight Apps","pricing_title_caption":"Solution num\u00e9rique multiplateforme adapt\u00e9e \u00e0 tous les sites","pricing_price":"\u00e0 partir de 0$ \/ mois","pricing_price_caption":"commencez avec un forfait gratuit","pricing_benefits":[{"text":"Domaines illimit\u00e9s"},{"text":"Accompagnement professionnel de l'entreprise"},{"text":"Aide \u00e0 l'installation gratuite"}],"pricing_button_text":"Ajouter au site Web","pricing_button_url":"#demo"}],"related_apps_title":"","related_apps_hidden":"","author":"","image":[],"title":"","job":"","social_networks":[]},"_links":{"self":[{"href":"https:\/\/elfsight.com\/fr\/wp-json\/wp\/v2\/pages\/15311","targetHints":{"allow":["GET"]}}],"collection":[{"href":"https:\/\/elfsight.com\/fr\/wp-json\/wp\/v2\/pages"}],"about":[{"href":"https:\/\/elfsight.com\/fr\/wp-json\/wp\/v2\/types\/page"}],"author":[{"embeddable":true,"href":"https:\/\/elfsight.com\/fr\/wp-json\/wp\/v2\/users\/9"}],"replies":[{"embeddable":true,"href":"https:\/\/elfsight.com\/fr\/wp-json\/wp\/v2\/comments?post=15311"}],"version-history":[{"count":1,"href":"https:\/\/elfsight.com\/fr\/wp-json\/wp\/v2\/pages\/15311\/revisions"}],"predecessor-version":[{"id":15315,"href":"https:\/\/elfsight.com\/fr\/wp-json\/wp\/v2\/pages\/15311\/revisions\/15315"}],"up":[{"embeddable":true,"href":"https:\/\/elfsight.com\/fr\/wp-json\/wp\/v2\/pages\/14233"}],"wp:attachment":[{"href":"https:\/\/elfsight.com\/fr\/wp-json\/wp\/v2\/media?parent=15311"}],"curies":[{"name":"wp","href":"https:\/\/api.w.org\/{rel}","templated":true}]}}