{"id":15302,"date":"2024-09-30T18:27:29","date_gmt":"2024-09-30T18:27:29","guid":{"rendered":"https:\/\/elfsight.com\/fr\/?page_id=15302"},"modified":"2025-07-10T12:31:05","modified_gmt":"2025-07-10T12:31:05","slug":"blogger","status":"publish","type":"page","link":"https:\/\/elfsight.com\/fr\/poll-widget\/blogger\/","title":{"rendered":"Poll &#8211; Blogger"},"content":{"rendered":"<div class=\"application-platform-content-item-description application-platform-content-item\" id=\"description\" data-nav-section=\"description\"> <h2>Int\u00e9grer un sondage dans Blogger avec un widget Elfsight<\/h2> <p>Ajoutez facilement un widget de sondage personnel \u00e0 votre site Web pour augmenter l&rsquo;engagement des clients et obtenir des informations. En quelques \u00e9tapes seulement, vous pouvez cr\u00e9er des questionnaires interactifs comprenant de nombreux types de questions comme des \u00e9chelles \u00e0 choix multiples et d&rsquo;\u00e9valuation. La configuration de votre sondage est simple et rapide. <\/p><p>Cr\u00e9er de nouveaux sondages ne prend qu&rsquo;un seul clic et les r\u00e9sultats sont affich\u00e9s en temps r\u00e9el. Avec la logique conditionnelle, vous pouvez personnaliser les questions en fonction des r\u00e9ponses des clients. Le widget s&rsquo;int\u00e8gre \u00e9galement \u00e0 des outils CRM et de messagerie largement utilis\u00e9s, ce qui facilite l&rsquo;organisation de vos donn\u00e9es et la mise \u00e0 niveau de vos services en tenant compte des attentes des clients. <\/p><p><b>Cr\u00e9ez rapidement des enqu\u00eates personnalis\u00e9es pour d\u00e9couvrir ce que les clients attendent de votre marque\u00a0! <\/b><\/p><\/div> <div class=\"application-platform-content-item-features application-platform-content-item\" id=\"features\" data-nav-section=\"features\"> <h2>Voici quelques-unes des riches fonctionnalit\u00e9s du widget\u00a0: <\/h2><ul><li><b>Rendez vos sondages flexibles avec une logique conditionnelle. <\/b> Vous pouvez ajuster dynamiquement les questions \u00e0 venir, garantissant ainsi une exp\u00e9rience d&rsquo;enqu\u00eate plus individuelle et plus raisonnable. <\/li><li><b>Cr\u00e9ez des sondages passionnants en quelques clics seulement. <\/b> Notre g\u00e9n\u00e9rateur convivial facilite la cr\u00e9ation de sondages attrayants pour recueillir des r\u00e9ponses et des opinions sans tracas. <\/li><li><b>Convertissez les r\u00e9ponses en conversions en temps r\u00e9el. <\/b> Comprenez instantan\u00e9ment les besoins des clients et sugg\u00e9rez imm\u00e9diatement des solutions pertinentes, transformant les r\u00e9ponses en opportunit\u00e9s commerciales. <\/li><li><b>Utilisez plusieurs types de champs et de donn\u00e9es de saisie. <\/b> Cr\u00e9ez votre sondage personnel pour obtenir les donn\u00e9es n\u00e9cessaires \u00e0 l&rsquo;aide de champs de texte, de cases \u00e0 cocher, de boutons radio, de listes d\u00e9roulantes et de nombreux autres \u00e9l\u00e9ments. <\/li><li><b>Commencez avec un mod\u00e8le pr\u00e9d\u00e9fini parfait. <\/b> Choisissez parmi une vari\u00e9t\u00e9 d&rsquo;id\u00e9es de sondages d\u00e9velopp\u00e9es par des professionnels, optimis\u00e9es pour diff\u00e9rents types d&rsquo;enqu\u00eates et t\u00e2ches commerciales. <\/li><\/ul><p><a href=\"#demo\">L&rsquo;\u00e9diteur en ligne peut vous montrer comment fonctionnent les fonctionnalit\u00e9s et les options directement sur cette page<\/a><\/p><\/div> <div class=\"application-platform-content-item-installation application-platform-content-item\" id=\"installation\" data-nav-section=\"installation\"> <h2>Comment puis-je int\u00e9grer Poll dans mon site Web Blogger\u00a0? <\/h2><p>Voici un moyen simple de configurer le widget sur votre site Web Blogger. Cela ne prendra que quelques minutes et ne n\u00e9cessite aucun codage. <\/p> <ol><li><strong>Cr\u00e9ez votre widget de sondage individuel<\/strong><br> Commencez avec n&rsquo;importe quel mod\u00e8le dans l&rsquo;\u00e9diteur, travaillez avec les \u00e9l\u00e9ments pratiques de l&rsquo;\u00e9diteur et ajustez le widget selon votre conception pr\u00e9f\u00e9r\u00e9e. et options. <\/li><li><strong>Obtenir le code personnel pour int\u00e9grer le widget<\/strong><br> Une fois le widget construit, vous recevrez un code HTML individuel dans votre tableau de bord. Copiez ce code qui contient tous les d\u00e9tails sur vos param\u00e8tres. <\/li> <li><strong>Affichez le widget sur votre site Blogger<\/strong><br> D\u00e9finissez les zones de votre site Web o\u00f9 vous souhaitez pr\u00e9senter le sondage, et collez-y le code. Enregistrez les modifications. <\/li> <\/ol><p>Fait\u00a0! Maintenant, v\u00e9rifiez les performances du widget sur votre site Web. <\/p><p>Si vous rencontrez des difficult\u00e9s lors de l&rsquo;int\u00e9gration du widget dans un site Web, contactez simplement notre service client. Nous serons heureux de vous consulter sur l\u2019ajout et la gestion de votre sondage. <\/p><\/div>","protected":false},"excerpt":{"rendered":"","protected":false},"author":9,"featured_media":0,"parent":14233,"menu_order":0,"comment_status":"closed","ping_status":"closed","template":"templates\/template-application-platform.php","meta":{"publish_to_discourse":"","publish_post_category":"","wpdc_auto_publish_overridden":"","wpdc_topic_tags":"","wpdc_pin_topic":"","wpdc_pin_until":"","discourse_post_id":"","discourse_permalink":"","wpdc_publishing_response":"","wpdc_publishing_error":"","footnotes":""},"class_list":["post-15302","page","type-page","status-publish","hentry"],"yoast_head":"<!-- This site is optimized with the Yoast SEO plugin v25.3.1 - https:\/\/yoast.com\/wordpress\/plugins\/seo\/ -->\n<title>Widget de sondage Blogger - Ajoutez un sondage \u00e0 votre site Web Blogger [GRATUIT]<\/title>\n<meta name=\"description\" content=\"Ajoutez un widget de sondage transparent \u00e0 votre site Web Blogger. Utilisez l&#039;\u00e9diteur convivial d&#039;Elfsight pour g\u00e9n\u00e9rer sans effort votre solution unique.\" \/>\n<meta name=\"robots\" content=\"index, follow, max-snippet:-1, max-image-preview:large, max-video-preview:-1\" \/>\n<link rel=\"canonical\" href=\"https:\/\/elfsight.com\/fr\/poll-widget\/blogger\/\" \/>\n<meta property=\"og:locale\" content=\"fr_FR\" \/>\n<meta property=\"og:type\" content=\"article\" \/>\n<meta property=\"og:title\" content=\"Widget de sondage Blogger - Ajoutez un sondage \u00e0 votre site Web Blogger [GRATUIT]\" \/>\n<meta property=\"og:description\" content=\"Ajoutez un widget de sondage transparent \u00e0 votre site Web Blogger. Utilisez l&#039;\u00e9diteur convivial d&#039;Elfsight pour g\u00e9n\u00e9rer sans effort votre solution unique.\" \/>\n<meta property=\"og:url\" content=\"https:\/\/elfsight.com\/fr\/poll-widget\/blogger\/\" \/>\n<meta property=\"og:site_name\" content=\"Elfsight FR\" \/>\n<meta property=\"article:modified_time\" content=\"2025-07-10T12:31:05+00:00\" \/>\n<meta name=\"twitter:card\" content=\"summary_large_image\" \/>\n<meta name=\"twitter:label1\" content=\"Dur\u00e9e de lecture estim\u00e9e\" \/>\n\t<meta name=\"twitter:data1\" content=\"3 minutes\" \/>\n<!-- \/ Yoast SEO plugin. -->","yoast_head_json":{"title":"Widget de sondage Blogger - Ajoutez un sondage \u00e0 votre site Web Blogger [GRATUIT]","description":"Ajoutez un widget de sondage transparent \u00e0 votre site Web Blogger. Utilisez l'\u00e9diteur convivial d'Elfsight pour g\u00e9n\u00e9rer sans effort votre solution unique.","robots":{"index":"index","follow":"follow","max-snippet":"max-snippet:-1","max-image-preview":"max-image-preview:large","max-video-preview":"max-video-preview:-1"},"canonical":"https:\/\/elfsight.com\/fr\/poll-widget\/blogger\/","og_locale":"fr_FR","og_type":"article","og_title":"Widget de sondage Blogger - Ajoutez un sondage \u00e0 votre site Web Blogger [GRATUIT]","og_description":"Ajoutez un widget de sondage transparent \u00e0 votre site Web Blogger. Utilisez l'\u00e9diteur convivial d'Elfsight pour g\u00e9n\u00e9rer sans effort votre solution unique.","og_url":"https:\/\/elfsight.com\/fr\/poll-widget\/blogger\/","og_site_name":"Elfsight FR","article_modified_time":"2025-07-10T12:31:05+00:00","twitter_card":"summary_large_image","twitter_misc":{"Dur\u00e9e de lecture estim\u00e9e":"3 minutes"},"schema":{"@context":"https:\/\/schema.org","@graph":[{"@type":"WebPage","@id":"https:\/\/elfsight.com\/fr\/poll-widget\/blogger\/","url":"https:\/\/elfsight.com\/fr\/poll-widget\/blogger\/","name":"Widget de sondage Blogger - Ajoutez un sondage \u00e0 votre site Web Blogger [GRATUIT]","isPartOf":{"@id":"https:\/\/elfsight.com\/fr\/#website"},"datePublished":"2024-09-30T18:27:29+00:00","dateModified":"2025-07-10T12:31:05+00:00","description":"Ajoutez un widget de sondage transparent \u00e0 votre site Web Blogger. Utilisez l'\u00e9diteur convivial d'Elfsight pour g\u00e9n\u00e9rer sans effort votre solution unique.","breadcrumb":{"@id":"https:\/\/elfsight.com\/fr\/poll-widget\/blogger\/#breadcrumb"},"inLanguage":"fr-FR","potentialAction":[{"@type":"ReadAction","target":["https:\/\/elfsight.com\/fr\/poll-widget\/blogger\/"]}]},{"@type":"BreadcrumbList","@id":"https:\/\/elfsight.com\/fr\/poll-widget\/blogger\/#breadcrumb","itemListElement":[{"@type":"ListItem","position":1,"name":"Home","item":"https:\/\/elfsight.com\/fr\/"},{"@type":"ListItem","position":2,"name":"Poll","item":"https:\/\/elfsight.com\/fr\/poll-widget\/"},{"@type":"ListItem","position":3,"name":"Poll &#8211; Blogger"}]},{"@type":"WebSite","@id":"https:\/\/elfsight.com\/fr\/#website","url":"https:\/\/elfsight.com\/fr\/","name":"Elfsight FR","description":"","potentialAction":[{"@type":"SearchAction","target":{"@type":"EntryPoint","urlTemplate":"https:\/\/elfsight.com\/fr\/?s={search_term_string}"},"query-input":{"@type":"PropertyValueSpecification","valueRequired":true,"valueName":"search_term_string"}}],"inLanguage":"fr-FR"}]}},"meta_box":{"industry":"","seo_heading":"","heading":"","description":"","cta_heading":"","cta_description":"","application":"14224","h1":"Ajouter un sondage au site Web Blogger","h1_caption":"Engagez les visiteurs de votre site Web Blogger en cr\u00e9ant des sondages interactifs, vous aidant ainsi \u00e0 recueillir des commentaires et des informations pr\u00e9cieux pour am\u00e9liorer vos produits et services.","application_category":[],"applications_title":"","applications_request_title":"","applications_request_button_text":"","hero_text":"","hero_video":"","hero_video_schema_markup":"","selling_points_title":"","selling_points_caption":"","selling_points":[],"selling_points_cta_text":"","features_title":"","features":"","ed_cta_examples_text":"","ed_cta_examples_hidden":"","ed_cta_demo_text":"","ed_cta_demo_hidden":"","why_caption":"","why_editor_title":"","why_editor_text":"","why_team_title":"","why_team_text":"","why_service_title":"","why_service_text":"","template_catalog_visible":"","template_catalog_title":"","template_catalog_text":"","template_catalog_categories_visible":"","demo_title":"Cr\u00e9ez votre widget de sondage","demo_caption":"Configurez votre sondage et ajoutez-le gratuitement \u00e0 votre site Web Blogger\u00a0!","default_faq_hidden":"","app_template_category":[],"platform":"348","template_public_id":"","codecanyon_url":"","codecanyon_item_id":"","codecanyon_price":"","pricing_caption":"","pricing_elfsight_apps_hide_column":"","pricing_elfsight_apps_url":"","pricing_codecanyon_price_caption":"","integration_category":[],"integration_request_title":"","integration_request_cta":"","integration_platform":"","integrations":[],"platform_category":[],"video_schema_markup":"","price":"\u00e0 partir de 0$ \/ mois","trial":"","benefits":[{"text":"Assistance \u00e0 l'installation gratuite"},{"text":"Service client professionnel"},{"text":"Garantie de remboursement de 14 jours"},{"text":"D\u00e9veloppement continu"}],"button_url":"#demo","button_target_blank":"","button_nofollow":"","attributes":[{"name":"Installations","content":"50,000 - 100,000"},{"name":"Sensible","content":"Oui"},{"name":"Navigateurs compatibles","content":"Firefox, Safari, Opera, Chrome, Edge"}],"tags":[],"tags_disable_links":"","hide_more_platforms":"","video_object":"","demo_hide_cta":"","demo_hide_cloud_options":"","pricing_title":"","pricing":[{"pricing_icon":"platform","pricing_title":"Elfsight Apps","pricing_title_caption":"Solution multiplateforme adapt\u00e9e \u00e0 n'importe quel site Web","pricing_price":"\u00e0 partir de 0$ \/ mois","pricing_price_caption":"commencez avec un forfait gratuit","pricing_benefits":[{"text":"Domaines illimit\u00e9s"},{"text":"Assistance rapide et ponctuelle"},{"text":"Assistance \u00e0 l'installation gratuite"}],"pricing_button_text":"Ajouter au site Web","pricing_button_url":"#demo"}],"related_apps_title":"","related_apps_hidden":"","author":"","image":[],"title":"","job":"","social_networks":[]},"_links":{"self":[{"href":"https:\/\/elfsight.com\/fr\/wp-json\/wp\/v2\/pages\/15302","targetHints":{"allow":["GET"]}}],"collection":[{"href":"https:\/\/elfsight.com\/fr\/wp-json\/wp\/v2\/pages"}],"about":[{"href":"https:\/\/elfsight.com\/fr\/wp-json\/wp\/v2\/types\/page"}],"author":[{"embeddable":true,"href":"https:\/\/elfsight.com\/fr\/wp-json\/wp\/v2\/users\/9"}],"replies":[{"embeddable":true,"href":"https:\/\/elfsight.com\/fr\/wp-json\/wp\/v2\/comments?post=15302"}],"version-history":[{"count":1,"href":"https:\/\/elfsight.com\/fr\/wp-json\/wp\/v2\/pages\/15302\/revisions"}],"predecessor-version":[{"id":15306,"href":"https:\/\/elfsight.com\/fr\/wp-json\/wp\/v2\/pages\/15302\/revisions\/15306"}],"up":[{"embeddable":true,"href":"https:\/\/elfsight.com\/fr\/wp-json\/wp\/v2\/pages\/14233"}],"wp:attachment":[{"href":"https:\/\/elfsight.com\/fr\/wp-json\/wp\/v2\/media?parent=15302"}],"curies":[{"name":"wp","href":"https:\/\/api.w.org\/{rel}","templated":true}]}}