{"id":15294,"date":"2024-09-30T18:27:29","date_gmt":"2024-09-30T18:27:29","guid":{"rendered":"https:\/\/elfsight.com\/fr\/?page_id=15294"},"modified":"2025-07-10T12:31:31","modified_gmt":"2025-07-10T12:31:31","slug":"facebook","status":"publish","type":"page","link":"https:\/\/elfsight.com\/fr\/poll-widget\/facebook\/","title":{"rendered":"Poll &#8211; Facebook Page"},"content":{"rendered":"<div class=\"application-platform-content-item-description application-platform-content-item\" id=\"description\" data-nav-section=\"description\"> <h2>Int\u00e9grer un sondage dans une page Facebook avec une application Elfsight<\/h2> <p>Ajoutez facilement une application de sondage personnelle \u00e0 votre site Web pour stimuler l&rsquo;engagement des utilisateurs et recueillir des informations. En quelques \u00e9tapes seulement, vous pouvez cr\u00e9er des sondages interactifs comportant de nombreux types de questions, comme des \u00e9chelles \u00e0 choix multiples et d&rsquo;\u00e9valuation. Lancer votre sondage est simple et rapide. <\/p><p>R\u00e9aliser de nouveaux sondages ne prend qu&rsquo;un simple clic et les r\u00e9sultats sont affich\u00e9s en temps r\u00e9el. Avec la logique conditionnelle, vous pouvez personnaliser les questions en fonction des r\u00e9ponses des clients. L&rsquo;application fonctionne parfaitement avec les outils CRM et de messagerie largement utilis\u00e9s, facilitant ainsi la structuration de vos donn\u00e9es et l&rsquo;am\u00e9lioration de vos services gr\u00e2ce aux avis des clients. <\/p><p><b>Cr\u00e9ez rapidement des questionnaires individuels pour d\u00e9couvrir ce que vos clients attendent de votre entreprise\u00a0! <\/b><\/p><\/div> <div class=\"application-platform-content-item-features application-platform-content-item\" id=\"features\" data-nav-section=\"features\"> <h2>Les fonctionnalit\u00e9s les plus pr\u00e9cieuses de l&rsquo;application contiennent<\/h2><ul><li><b>Rendez vos sondages plus intelligents gr\u00e2ce \u00e0 la logique conditionnelle. <\/b> Vous pouvez modifier dynamiquement les questions de suivi, garantissant ainsi une exp\u00e9rience d&rsquo;enqu\u00eate plus individuelle et plus raisonnable. <\/li><li><b>Cr\u00e9ez des sondages attrayants en quelques minutes seulement. <\/b> Notre \u00e9diteur intuitif facilite le lancement de sondages attrayants pour recueillir des r\u00e9ponses et des opinions sans tracas. <\/li><li><b>Convertissez les r\u00e9ponses en ventes en temps r\u00e9el. <\/b> Comprenez instantan\u00e9ment les besoins des utilisateurs et sugg\u00e9rez imm\u00e9diatement des solutions pertinentes, transformant les r\u00e9ponses en opportunit\u00e9s commerciales. <\/li><li><b>Utilisez de nombreux types de champs et de donn\u00e9es de saisie. <\/b> Cr\u00e9ez votre sondage personnalis\u00e9 pour collecter les donn\u00e9es n\u00e9cessaires \u00e0 l&rsquo;aide de cases \u00e0 cocher, de listes d\u00e9roulantes, de champs de texte, de boutons radio et de nombreux autres \u00e9l\u00e9ments. <\/li><li><b>Commencez avec un mod\u00e8le pr\u00e9d\u00e9fini appropri\u00e9. <\/b> Faites votre choix parmi un ensemble de mod\u00e8les de sondages d\u00e9velopp\u00e9s par des professionnels, optimis\u00e9s pour divers types d&rsquo;enqu\u00eates et t\u00e2ches commerciales. <\/li><\/ul><p><a href=\"#demo\">Consultez l&rsquo;\u00e9diteur en ligne pour voir ce que notre application peut faire<\/a><\/p><\/div> <div class=\"application-platform-content-item-installation  application-platform-content-item\" id=\"installation \" data-nav-section=\"installation \"> <h2>Comment int\u00e9grer Poll dans ma page Facebook\u00a0? <\/h2><div class=\"tip-yellow tip\"><b>En raison des r\u00e9cents changements sur Facebook et de la transition vers la nouvelle exp\u00e9rience de page, l&rsquo;utilisation n&rsquo;est actuellement possible qu&rsquo;en ajoutant un lien direct vers le widget. Nous recherchons activement une solution et mettrons \u00e0 jour la configuration de la page Facebook d\u00e8s que nous trouverons un moyen.<\/b><\/div><p>Regardez ce guide simple pour configurer l&rsquo;application sur votre page Facebook. Cela ne prendra que quelques minutes et ne n\u00e9cessite aucun codage. <\/p> <ol><li><strong>Cr\u00e9ez votre application de sondage personnalis\u00e9e<\/strong><br> Commencez avec n&rsquo;importe quel mod\u00e8le de l&rsquo;\u00e9diteur, travaillez avec les \u00e9l\u00e9ments conviviaux de l&rsquo;\u00e9diteur et personnalisez l&rsquo;application selon vos besoins. conception et param\u00e8tres pr\u00e9f\u00e9r\u00e9s. <\/li><li><strong>Obtenez le code personnel pour int\u00e9grer l&rsquo;application<\/strong><br> Une fois que vous avez cr\u00e9\u00e9 votre application, vous recevrez un code HTML individuel dans votre tableau de bord. Copiez ce code qui contient toutes les informations sur vos r\u00e9glages. <\/li> <li><strong>Pr\u00e9sentez l&rsquo;application sur votre page Facebook<\/strong><br> D\u00e9finissez les zones de votre site Web dans lesquelles vous souhaitez pr\u00e9senter le sondage et collez-y le code. Enregistrez vos modifications. <\/li> <\/ol><p>Fait\u00a0! Maintenant, voyez comment l\u2019application fonctionne sur votre site Web. <\/p><p>Si vous rencontrez des probl\u00e8mes lors de l&rsquo;int\u00e9gration de l&rsquo;application dans un site Web, assurez-vous de contacter nos responsables du support. Nous serons heureux de vous montrer comment ajouter et ajuster votre sondage. <\/p><\/div>","protected":false},"excerpt":{"rendered":"","protected":false},"author":9,"featured_media":0,"parent":14233,"menu_order":0,"comment_status":"closed","ping_status":"closed","template":"templates\/template-application-platform.php","meta":{"publish_to_discourse":"","publish_post_category":"","wpdc_auto_publish_overridden":"","wpdc_topic_tags":"","wpdc_pin_topic":"","wpdc_pin_until":"","discourse_post_id":"","discourse_permalink":"","wpdc_publishing_response":"","wpdc_publishing_error":"","footnotes":""},"class_list":["post-15294","page","type-page","status-publish","hentry"],"yoast_head":"<!-- This site is optimized with the Yoast SEO plugin v25.3.1 - https:\/\/yoast.com\/wordpress\/plugins\/seo\/ -->\n<title>Application Facebook Page Poll - Ajoutez un sondage \u00e0 votre site Web de page Facebook [GRATUIT]<\/title>\n<meta name=\"description\" content=\"Ajoutez une application de sondage transparente sur votre site Web de page Facebook. D\u00e9couvrez l&#039;\u00e9diteur convivial d&#039;Elfsight pour cr\u00e9er sans effort votre solution unique.\" \/>\n<meta name=\"robots\" content=\"index, follow, max-snippet:-1, max-image-preview:large, max-video-preview:-1\" \/>\n<link rel=\"canonical\" href=\"https:\/\/elfsight.com\/fr\/poll-widget\/facebook\/\" \/>\n<meta property=\"og:locale\" content=\"fr_FR\" \/>\n<meta property=\"og:type\" content=\"article\" \/>\n<meta property=\"og:title\" content=\"Application Facebook Page Poll - Ajoutez un sondage \u00e0 votre site Web de page Facebook [GRATUIT]\" \/>\n<meta property=\"og:description\" content=\"Ajoutez une application de sondage transparente sur votre site Web de page Facebook. D\u00e9couvrez l&#039;\u00e9diteur convivial d&#039;Elfsight pour cr\u00e9er sans effort votre solution unique.\" \/>\n<meta property=\"og:url\" content=\"https:\/\/elfsight.com\/fr\/poll-widget\/facebook\/\" \/>\n<meta property=\"og:site_name\" content=\"Elfsight FR\" \/>\n<meta property=\"article:modified_time\" content=\"2025-07-10T12:31:31+00:00\" \/>\n<meta name=\"twitter:card\" content=\"summary_large_image\" \/>\n<meta name=\"twitter:label1\" content=\"Dur\u00e9e de lecture estim\u00e9e\" \/>\n\t<meta name=\"twitter:data1\" content=\"3 minutes\" \/>\n<!-- \/ Yoast SEO plugin. -->","yoast_head_json":{"title":"Application Facebook Page Poll - Ajoutez un sondage \u00e0 votre site Web de page Facebook [GRATUIT]","description":"Ajoutez une application de sondage transparente sur votre site Web de page Facebook. D\u00e9couvrez l'\u00e9diteur convivial d'Elfsight pour cr\u00e9er sans effort votre solution unique.","robots":{"index":"index","follow":"follow","max-snippet":"max-snippet:-1","max-image-preview":"max-image-preview:large","max-video-preview":"max-video-preview:-1"},"canonical":"https:\/\/elfsight.com\/fr\/poll-widget\/facebook\/","og_locale":"fr_FR","og_type":"article","og_title":"Application Facebook Page Poll - Ajoutez un sondage \u00e0 votre site Web de page Facebook [GRATUIT]","og_description":"Ajoutez une application de sondage transparente sur votre site Web de page Facebook. D\u00e9couvrez l'\u00e9diteur convivial d'Elfsight pour cr\u00e9er sans effort votre solution unique.","og_url":"https:\/\/elfsight.com\/fr\/poll-widget\/facebook\/","og_site_name":"Elfsight FR","article_modified_time":"2025-07-10T12:31:31+00:00","twitter_card":"summary_large_image","twitter_misc":{"Dur\u00e9e de lecture estim\u00e9e":"3 minutes"},"schema":{"@context":"https:\/\/schema.org","@graph":[{"@type":"WebPage","@id":"https:\/\/elfsight.com\/fr\/poll-widget\/facebook\/","url":"https:\/\/elfsight.com\/fr\/poll-widget\/facebook\/","name":"Application Facebook Page Poll - Ajoutez un sondage \u00e0 votre site Web de page Facebook [GRATUIT]","isPartOf":{"@id":"https:\/\/elfsight.com\/fr\/#website"},"datePublished":"2024-09-30T18:27:29+00:00","dateModified":"2025-07-10T12:31:31+00:00","description":"Ajoutez une application de sondage transparente sur votre site Web de page Facebook. D\u00e9couvrez l'\u00e9diteur convivial d'Elfsight pour cr\u00e9er sans effort votre solution unique.","breadcrumb":{"@id":"https:\/\/elfsight.com\/fr\/poll-widget\/facebook\/#breadcrumb"},"inLanguage":"fr-FR","potentialAction":[{"@type":"ReadAction","target":["https:\/\/elfsight.com\/fr\/poll-widget\/facebook\/"]}]},{"@type":"BreadcrumbList","@id":"https:\/\/elfsight.com\/fr\/poll-widget\/facebook\/#breadcrumb","itemListElement":[{"@type":"ListItem","position":1,"name":"Home","item":"https:\/\/elfsight.com\/fr\/"},{"@type":"ListItem","position":2,"name":"Poll","item":"https:\/\/elfsight.com\/fr\/poll-widget\/"},{"@type":"ListItem","position":3,"name":"Poll &#8211; Facebook Page"}]},{"@type":"WebSite","@id":"https:\/\/elfsight.com\/fr\/#website","url":"https:\/\/elfsight.com\/fr\/","name":"Elfsight FR","description":"","potentialAction":[{"@type":"SearchAction","target":{"@type":"EntryPoint","urlTemplate":"https:\/\/elfsight.com\/fr\/?s={search_term_string}"},"query-input":{"@type":"PropertyValueSpecification","valueRequired":true,"valueName":"search_term_string"}}],"inLanguage":"fr-FR"}]}},"meta_box":{"industry":"","seo_heading":"","heading":"","description":"","cta_heading":"","cta_description":"","application":"14224","h1":"Ajouter un sondage \u00e0 la page Facebook","h1_caption":"Engagez les visiteurs de votre page Facebook en cr\u00e9ant des sondages interactifs, vous aidant \u00e0 recueillir des commentaires et des informations pr\u00e9cieux pour am\u00e9liorer vos produits et services.","application_category":[],"applications_title":"","applications_request_title":"","applications_request_button_text":"","hero_text":"","hero_video":"","hero_video_schema_markup":"","selling_points_title":"","selling_points_caption":"","selling_points":[],"selling_points_cta_text":"","features_title":"","features":"","ed_cta_examples_text":"","ed_cta_examples_hidden":"","ed_cta_demo_text":"","ed_cta_demo_hidden":"","why_caption":"","why_editor_title":"","why_editor_text":"","why_team_title":"","why_team_text":"","why_service_title":"","why_service_text":"","template_catalog_visible":"","template_catalog_title":"","template_catalog_text":"","template_catalog_categories_visible":"","demo_title":"Cr\u00e9ez votre widget de sondage","demo_caption":"Configurez votre sondage et ajoutez-le gratuitement \u00e0 votre page Facebook\u00a0!","default_faq_hidden":"","app_template_category":[],"platform":"394","template_public_id":"","codecanyon_url":"","codecanyon_item_id":"","codecanyon_price":"","pricing_caption":"","pricing_elfsight_apps_hide_column":"","pricing_elfsight_apps_url":"","pricing_codecanyon_price_caption":"","integration_category":[],"integration_request_title":"","integration_request_cta":"","integration_platform":"","integrations":[],"platform_category":[],"video_schema_markup":"","price":"\u00e0 partir de 0$ \/ mois","trial":"","benefits":[{"text":"Aide \u00e0 l'installation gratuite"},{"text":"Un accompagnement exceptionnel"},{"text":"Garantie de remboursement de 14 jours"},{"text":"D\u00e9veloppement continu"}],"button_url":"#demo","button_target_blank":"","button_nofollow":"","attributes":[{"name":"Installations","content":"50,000 - 100,000"},{"name":"Sensible","content":"Oui"},{"name":"Navigateurs compatibles","content":"Firefox, Safari, Opera, Chrome, Edge"}],"tags":[],"tags_disable_links":"","hide_more_platforms":"","video_object":"","demo_hide_cta":"","demo_hide_cloud_options":"","pricing_title":"","pricing":[{"pricing_icon":"platform","pricing_title":"Elfsight Apps","pricing_title_caption":"Solution num\u00e9rique ind\u00e9pendante de la plateforme","pricing_price":"\u00e0 partir de 0$ \/ mois","pricing_price_caption":"commencez avec un forfait gratuit","pricing_benefits":[{"text":"Sites Web illimit\u00e9s"},{"text":"Assistance client 24h\/24 et 7j\/7"},{"text":"Assistance \u00e0 l'installation gratuite"}],"pricing_button_text":"Ajouter au site Web","pricing_button_url":"#demo"}],"related_apps_title":"","related_apps_hidden":"","author":"","image":[],"title":"","job":"","social_networks":[]},"_links":{"self":[{"href":"https:\/\/elfsight.com\/fr\/wp-json\/wp\/v2\/pages\/15294","targetHints":{"allow":["GET"]}}],"collection":[{"href":"https:\/\/elfsight.com\/fr\/wp-json\/wp\/v2\/pages"}],"about":[{"href":"https:\/\/elfsight.com\/fr\/wp-json\/wp\/v2\/types\/page"}],"author":[{"embeddable":true,"href":"https:\/\/elfsight.com\/fr\/wp-json\/wp\/v2\/users\/9"}],"replies":[{"embeddable":true,"href":"https:\/\/elfsight.com\/fr\/wp-json\/wp\/v2\/comments?post=15294"}],"version-history":[{"count":1,"href":"https:\/\/elfsight.com\/fr\/wp-json\/wp\/v2\/pages\/15294\/revisions"}],"predecessor-version":[{"id":15298,"href":"https:\/\/elfsight.com\/fr\/wp-json\/wp\/v2\/pages\/15294\/revisions\/15298"}],"up":[{"embeddable":true,"href":"https:\/\/elfsight.com\/fr\/wp-json\/wp\/v2\/pages\/14233"}],"wp:attachment":[{"href":"https:\/\/elfsight.com\/fr\/wp-json\/wp\/v2\/media?parent=15294"}],"curies":[{"name":"wp","href":"https:\/\/api.w.org\/{rel}","templated":true}]}}