{"id":15286,"date":"2024-09-30T18:27:29","date_gmt":"2024-09-30T18:27:29","guid":{"rendered":"https:\/\/elfsight.com\/fr\/?page_id=15286"},"modified":"2025-07-10T12:32:06","modified_gmt":"2025-07-10T12:32:06","slug":"html","status":"publish","type":"page","link":"https:\/\/elfsight.com\/fr\/poll-widget\/html\/","title":{"rendered":"Poll &#8211; HTML"},"content":{"rendered":"<div class=\"application-platform-content-item-description application-platform-content-item\" id=\"description\" data-nav-section=\"description\"> <h2>Int\u00e9grer un sondage au format HTML avec un widget Elfsight<\/h2> <p>Ajoutez facilement un widget de sondage individuel \u00e0 n&rsquo;importe quel site Web pour stimuler l&rsquo;engagement du public et recueillir des id\u00e9es. En quelques \u00e9tapes seulement, vous pouvez cr\u00e9er des enqu\u00eates interactives comportant plusieurs types de questions, telles que des \u00e9chelles \u00e0 choix multiples et d&rsquo;\u00e9valuation. La configuration de votre sondage est simple et rapide. <\/p><p>Cr\u00e9er de nouveaux sondages ne prend qu&rsquo;un seul clic et les r\u00e9sultats sont pr\u00e9sent\u00e9s en temps r\u00e9el. Avec la logique conditionnelle, vous pouvez ajuster les questions en fonction des r\u00e9ponses des utilisateurs. Le widget s&rsquo;int\u00e8gre \u00e9galement \u00e0 des outils CRM et de messagerie largement utilis\u00e9s, ce qui facilite l&rsquo;organisation de vos donn\u00e9es et l&rsquo;am\u00e9lioration de vos services en fonction des avis des clients. <\/p><p><b>Cr\u00e9ez facilement des enqu\u00eates individuelles pour savoir ce que le public attend de votre entreprise\u00a0! <\/b><\/p><\/div> <div class=\"application-platform-content-item-features application-platform-content-item\" id=\"features\" data-nav-section=\"features\"> <h2>Vous trouverez ci-dessous les principales fonctionnalit\u00e9s du widget\u00a0: <\/h2><ul><li><b>Rendez vos sondages flexibles gr\u00e2ce aux conditions logique. <\/b> Vous pouvez ajuster dynamiquement les questions \u00e0 venir, garantissant ainsi une exp\u00e9rience d&rsquo;enqu\u00eate plus orient\u00e9e utilisateur et plus raisonnable. <\/li><li><b>Cr\u00e9ez des sondages passionnants en quelques clics seulement. <\/b> Notre \u00e9diteur intuitif facilite le lancement de sondages attrayants pour recueillir des r\u00e9ponses et des opinions sans aucun probl\u00e8me. <\/li><li><b>Convertissez les r\u00e9ponses en ventes en temps r\u00e9el. <\/b> Comprenez instantan\u00e9ment les besoins des utilisateurs et sugg\u00e9rez imm\u00e9diatement des solutions pertinentes, transformant les r\u00e9ponses en opportunit\u00e9s commerciales. <\/li><li><b>Utilisez diff\u00e9rents types de champs et de donn\u00e9es de saisie. <\/b> Ajustez votre sondage personnel pour collecter des donn\u00e9es \u00e0 l&rsquo;aide de champs de texte, de boutons radio, de cases \u00e0 cocher, de listes d\u00e9roulantes et de nombreuses autres options. <\/li><li><b>Commencez avec un mod\u00e8le pr\u00eat \u00e0 l&#8217;emploi appropri\u00e9. <\/b> Faites votre choix parmi un ensemble de mod\u00e8les de sondages con\u00e7us par des professionnels, optimis\u00e9s pour diff\u00e9rents types d&rsquo;enqu\u00eates et t\u00e2ches commerciales. <\/li><\/ul><p><a href=\"#demo\">D\u00e9couvrez l&rsquo;\u00e9diteur convivial pour d\u00e9couvrir ce que le widget peut faire<\/a><\/p><\/div> <div class=\"application-platform-content-item-installation application-platform-content-item\" id=\"installation\" data-nav-section=\"installation\"> <h2>Comment puis-je int\u00e9grer Poll dans mon site Web HTML\u00a0? <\/h2><p>Regardez cette mani\u00e8re simple de configurer le widget sur votre site Web HTML. Cela ne prendra que quelques minutes et ne n\u00e9cessite aucun codage. <\/p> <ol><li><strong>Cr\u00e9ez votre widget de sondage personnel<\/strong><br> Commencez avec n&rsquo;importe quel mod\u00e8le de l&rsquo;\u00e9diteur, travaillez avec les \u00e9l\u00e9ments conviviaux de l&rsquo;\u00e9diteur et personnalisez le widget selon vos pr\u00e9f\u00e9rences. style et param\u00e8tres souhait\u00e9s. <\/li><li><strong>Obtenez le code personnel pour int\u00e9grer le widget<\/strong><br> Une fois que vous avez construit votre widget, vous obtiendrez un code HTML individuel dans votre tableau de bord. Copiez ce code qui contient tous les d\u00e9tails concernant vos r\u00e9glages. <\/li> <li><strong>Affichez le widget sur votre site Web HTML<\/strong><br> S\u00e9lectionnez les zones de votre site Web dans lesquelles vous souhaitez pr\u00e9senter le sondage et collez-y le code. Enregistrez les modifications. <\/li> <\/ol><p>\u00c7a y est\u00a0! Maintenant, v\u00e9rifiez les performances du widget sur votre site Web. <\/p><p>Si vous rencontrez des probl\u00e8mes lors de l&rsquo;int\u00e9gration du widget dans un site Web, n&rsquo;h\u00e9sitez pas \u00e0 contacter nos responsables du support. Nous serons heureux de vous aider \u00e0 ajouter et \u00e0 ajuster votre sondage. <\/p><\/div>","protected":false},"excerpt":{"rendered":"","protected":false},"author":9,"featured_media":0,"parent":14233,"menu_order":0,"comment_status":"closed","ping_status":"closed","template":"templates\/template-application-platform.php","meta":{"publish_to_discourse":"","publish_post_category":"","wpdc_auto_publish_overridden":"","wpdc_topic_tags":"","wpdc_pin_topic":"","wpdc_pin_until":"","discourse_post_id":"","discourse_permalink":"","wpdc_publishing_response":"","wpdc_publishing_error":"","footnotes":""},"class_list":["post-15286","page","type-page","status-publish","hentry"],"yoast_head":"<!-- This site is optimized with the Yoast SEO plugin v25.3.1 - https:\/\/yoast.com\/wordpress\/plugins\/seo\/ -->\n<title>Widget de sondage HTML - Ajoutez un sondage \u00e0 votre site Web HTML [GRATUIT]<\/title>\n<meta name=\"description\" content=\"Ajoutez un widget de sondage sans code sur votre site Web HTML. Essayez l&#039;\u00e9diteur simple d&#039;Elfsight pour cr\u00e9er facilement votre solution personnelle.\" \/>\n<meta name=\"robots\" content=\"index, follow, max-snippet:-1, max-image-preview:large, max-video-preview:-1\" \/>\n<link rel=\"canonical\" href=\"https:\/\/elfsight.com\/fr\/poll-widget\/html\/\" \/>\n<meta property=\"og:locale\" content=\"fr_FR\" \/>\n<meta property=\"og:type\" content=\"article\" \/>\n<meta property=\"og:title\" content=\"Widget de sondage HTML - Ajoutez un sondage \u00e0 votre site Web HTML [GRATUIT]\" \/>\n<meta property=\"og:description\" content=\"Ajoutez un widget de sondage sans code sur votre site Web HTML. Essayez l&#039;\u00e9diteur simple d&#039;Elfsight pour cr\u00e9er facilement votre solution personnelle.\" \/>\n<meta property=\"og:url\" content=\"https:\/\/elfsight.com\/fr\/poll-widget\/html\/\" \/>\n<meta property=\"og:site_name\" content=\"Elfsight FR\" \/>\n<meta property=\"article:modified_time\" content=\"2025-07-10T12:32:06+00:00\" \/>\n<meta name=\"twitter:card\" content=\"summary_large_image\" \/>\n<meta name=\"twitter:label1\" content=\"Dur\u00e9e de lecture estim\u00e9e\" \/>\n\t<meta name=\"twitter:data1\" content=\"3 minutes\" \/>\n<!-- \/ Yoast SEO plugin. -->","yoast_head_json":{"title":"Widget de sondage HTML - Ajoutez un sondage \u00e0 votre site Web HTML [GRATUIT]","description":"Ajoutez un widget de sondage sans code sur votre site Web HTML. Essayez l'\u00e9diteur simple d'Elfsight pour cr\u00e9er facilement votre solution personnelle.","robots":{"index":"index","follow":"follow","max-snippet":"max-snippet:-1","max-image-preview":"max-image-preview:large","max-video-preview":"max-video-preview:-1"},"canonical":"https:\/\/elfsight.com\/fr\/poll-widget\/html\/","og_locale":"fr_FR","og_type":"article","og_title":"Widget de sondage HTML - Ajoutez un sondage \u00e0 votre site Web HTML [GRATUIT]","og_description":"Ajoutez un widget de sondage sans code sur votre site Web HTML. Essayez l'\u00e9diteur simple d'Elfsight pour cr\u00e9er facilement votre solution personnelle.","og_url":"https:\/\/elfsight.com\/fr\/poll-widget\/html\/","og_site_name":"Elfsight FR","article_modified_time":"2025-07-10T12:32:06+00:00","twitter_card":"summary_large_image","twitter_misc":{"Dur\u00e9e de lecture estim\u00e9e":"3 minutes"},"schema":{"@context":"https:\/\/schema.org","@graph":[{"@type":"WebPage","@id":"https:\/\/elfsight.com\/fr\/poll-widget\/html\/","url":"https:\/\/elfsight.com\/fr\/poll-widget\/html\/","name":"Widget de sondage HTML - Ajoutez un sondage \u00e0 votre site Web HTML [GRATUIT]","isPartOf":{"@id":"https:\/\/elfsight.com\/fr\/#website"},"datePublished":"2024-09-30T18:27:29+00:00","dateModified":"2025-07-10T12:32:06+00:00","description":"Ajoutez un widget de sondage sans code sur votre site Web HTML. Essayez l'\u00e9diteur simple d'Elfsight pour cr\u00e9er facilement votre solution personnelle.","breadcrumb":{"@id":"https:\/\/elfsight.com\/fr\/poll-widget\/html\/#breadcrumb"},"inLanguage":"fr-FR","potentialAction":[{"@type":"ReadAction","target":["https:\/\/elfsight.com\/fr\/poll-widget\/html\/"]}]},{"@type":"BreadcrumbList","@id":"https:\/\/elfsight.com\/fr\/poll-widget\/html\/#breadcrumb","itemListElement":[{"@type":"ListItem","position":1,"name":"Home","item":"https:\/\/elfsight.com\/fr\/"},{"@type":"ListItem","position":2,"name":"Poll","item":"https:\/\/elfsight.com\/fr\/poll-widget\/"},{"@type":"ListItem","position":3,"name":"Poll &#8211; HTML"}]},{"@type":"WebSite","@id":"https:\/\/elfsight.com\/fr\/#website","url":"https:\/\/elfsight.com\/fr\/","name":"Elfsight FR","description":"","potentialAction":[{"@type":"SearchAction","target":{"@type":"EntryPoint","urlTemplate":"https:\/\/elfsight.com\/fr\/?s={search_term_string}"},"query-input":{"@type":"PropertyValueSpecification","valueRequired":true,"valueName":"search_term_string"}}],"inLanguage":"fr-FR"}]}},"meta_box":{"industry":"","seo_heading":"","heading":"","description":"","cta_heading":"","cta_description":"","application":"14224","h1":"Ajouter un sondage au site Web HTML","h1_caption":"Engagez les visiteurs de votre site Web HTML en cr\u00e9ant des sondages interactifs, vous aidant ainsi \u00e0 recueillir des commentaires et des informations pr\u00e9cieux pour am\u00e9liorer vos produits et services.","application_category":[],"applications_title":"","applications_request_title":"","applications_request_button_text":"","hero_text":"","hero_video":"","hero_video_schema_markup":"","selling_points_title":"","selling_points_caption":"","selling_points":[],"selling_points_cta_text":"","features_title":"","features":"","ed_cta_examples_text":"","ed_cta_examples_hidden":"","ed_cta_demo_text":"","ed_cta_demo_hidden":"","why_caption":"","why_editor_title":"","why_editor_text":"","why_team_title":"","why_team_text":"","why_service_title":"","why_service_text":"","template_catalog_visible":"","template_catalog_title":"","template_catalog_text":"","template_catalog_categories_visible":"","demo_title":"Cr\u00e9ez votre widget de sondage","demo_caption":"Configurez votre sondage et ajoutez-le \u00e0 votre site HTML gratuitement\u00a0!","default_faq_hidden":"","app_template_category":[],"platform":"352","template_public_id":"","codecanyon_url":"","codecanyon_item_id":"","codecanyon_price":"","pricing_caption":"","pricing_elfsight_apps_hide_column":"","pricing_elfsight_apps_url":"","pricing_codecanyon_price_caption":"","integration_category":[],"integration_request_title":"","integration_request_cta":"","integration_platform":"","integrations":[],"platform_category":[],"video_schema_markup":"","price":"\u00e0 partir de 0$ \/ mois","trial":"","benefits":[{"text":"Service d'installation gratuit"},{"text":"Service client comp\u00e9tent"},{"text":"Garantie de remboursement de 14 jours"},{"text":"Am\u00e9liorations gratuites r\u00e9guli\u00e8res"}],"button_url":"#demo","button_target_blank":"","button_nofollow":"","attributes":[{"name":"Installations","content":"50,000 - 100,000"},{"name":"Sensible","content":"Oui"},{"name":"Navigateurs compatibles","content":"Firefox, Safari, Opera, Chrome, Edge"}],"tags":[],"tags_disable_links":"","hide_more_platforms":"","video_object":"","demo_hide_cta":"","demo_hide_cloud_options":"","pricing_title":"","pricing":[{"pricing_icon":"platform","pricing_title":"Elfsight Apps","pricing_title_caption":"Version ind\u00e9pendante de la plate-forme qui fonctionne sur n'importe quel site Web","pricing_price":"\u00e0 partir de 0$ \/ mois","pricing_price_caption":"commencez avec un forfait gratuit","pricing_benefits":[{"text":"Sites Web illimit\u00e9s"},{"text":"Assistance entreprise 24h\/24 et 7j\/7"},{"text":"Aide \u00e0 l'installation gratuite"}],"pricing_button_text":"Ajouter au site Web","pricing_button_url":"#demo"}],"related_apps_title":"","related_apps_hidden":"","author":"","image":[],"title":"","job":"","social_networks":[]},"_links":{"self":[{"href":"https:\/\/elfsight.com\/fr\/wp-json\/wp\/v2\/pages\/15286","targetHints":{"allow":["GET"]}}],"collection":[{"href":"https:\/\/elfsight.com\/fr\/wp-json\/wp\/v2\/pages"}],"about":[{"href":"https:\/\/elfsight.com\/fr\/wp-json\/wp\/v2\/types\/page"}],"author":[{"embeddable":true,"href":"https:\/\/elfsight.com\/fr\/wp-json\/wp\/v2\/users\/9"}],"replies":[{"embeddable":true,"href":"https:\/\/elfsight.com\/fr\/wp-json\/wp\/v2\/comments?post=15286"}],"version-history":[{"count":1,"href":"https:\/\/elfsight.com\/fr\/wp-json\/wp\/v2\/pages\/15286\/revisions"}],"predecessor-version":[{"id":15290,"href":"https:\/\/elfsight.com\/fr\/wp-json\/wp\/v2\/pages\/15286\/revisions\/15290"}],"up":[{"embeddable":true,"href":"https:\/\/elfsight.com\/fr\/wp-json\/wp\/v2\/pages\/14233"}],"wp:attachment":[{"href":"https:\/\/elfsight.com\/fr\/wp-json\/wp\/v2\/media?parent=15286"}],"curies":[{"name":"wp","href":"https:\/\/api.w.org\/{rel}","templated":true}]}}