{"id":15269,"date":"2024-09-30T18:27:29","date_gmt":"2024-09-30T18:27:29","guid":{"rendered":"https:\/\/elfsight.com\/fr\/?page_id=15269"},"modified":"2025-07-10T13:37:12","modified_gmt":"2025-07-10T13:37:12","slug":"webnode","status":"publish","type":"page","link":"https:\/\/elfsight.com\/fr\/spinning-wheel-widget\/webnode\/","title":{"rendered":"Spinning Wheel &#8211; Webnode"},"content":{"rendered":"<div class=\"application-platform-content-item-description application-platform-content-item\" id=\"description\" data-nav-section=\"description\"><h2>Int\u00e9grez un rouet avec le widget Elfsight<\/h2> <p>Incorporez un rouet dynamique et interactif dans votre site Web\u00a0! Personnalisez jusqu&rsquo;\u00e0 10 prix avec du contenu personnalis\u00e9, des images, des codes promotionnels exclusifs et des appels \u00e0 l&rsquo;action. Collectez des e-mails avant que les utilisateurs ne tournent, envoyez des notifications automatiques aux gagnants, obtenez des mises \u00e0 jour en temps r\u00e9el et g\u00e9rez les chances de gagner pour chaque prix. Optimisez la visibilit\u00e9 avec des d\u00e9clencheurs intelligents et un ciblage sp\u00e9cifique \u00e0 l&rsquo;appareil. Le widget prend en charge plus de 70 langues et est enti\u00e8rement r\u00e9actif. Vous pouvez \u00e9galement ajuster son apparence et son comportement \u00e0 l&rsquo;aide de CSS et de JavaScript personnalis\u00e9s.<\/p> <p><b>Am\u00e9liorez l&rsquo;engagement des utilisateurs et augmentez les conversions en offrant des r\u00e9compenses attrayantes aux visiteurs de votre site\u00a0!<\/b><\/p> [\/application_platform_content_item ] <div class=\"application-platform-content-item-features application-platform-content-item\" id=\"features\" data-nav-section=\"features\"><\/div> <h2>Principales fonctionnalit\u00e9s du widget Spinning Wheel pour Webnode<\/h2> <p>Voici un aper\u00e7u complet des fonctionnalit\u00e9s du widget Spinning Wheel, sp\u00e9cifiquement adapt\u00e9es \u00e0 Webnode. Ces options sont disponibles dans l&rsquo;\u00e9diteur pour vous aider \u00e0 configurer le widget en fonction de vos besoins pr\u00e9cis.<\/p> <ul> <li>Ajoutez jusqu&rsquo;\u00e0 10 prix uniques au rouet interactif.<\/li> <li>Contenu personnalis\u00e9 pour chaque prix.<\/li> <li>Chaque prix peut comporter son propre code promotionnel exclusif.<\/li> <li>Bouton d&rsquo;action d\u00e9di\u00e9 pour chaque prix.<\/li> <li>Option de collecter les e-mails des utilisateurs avant de lancer la rotation. la roue.<\/li> <\/ul> <p>Ce widget est id\u00e9al pour les utilisateurs de Webnode qui souhaitent int\u00e9grer des fonctionnalit\u00e9s interactives dans leur site Web.<\/p> <p><a href=\"#demo\">Explorez toutes les fonctionnalit\u00e9s suppl\u00e9mentaires dans la d\u00e9mo<\/a><\/p> <\/div> <div class=\"application-platform-content-item-installation application-platform-content-item\" id=\"installation\" data-nav-section=\"installation\"> <h2>Comment int\u00e9grer le Spinning Wheel sur mon site Webnode ?<\/h2> <p>Pour int\u00e9grer le widget dans votre site Web Webnode, suivez ces \u00e9tapes\u00a0:<\/p> <ul> <li><b>Cr\u00e9ez votre widget Spinning Wheel personnalis\u00e9<\/b><br> Utilisez notre d\u00e9mo gratuite pour concevoir le widget avec votre style et vos fonctionnalit\u00e9s pr\u00e9f\u00e9r\u00e9s. .<\/li> <li><b>Copiez le code unique pour int\u00e9grer le widget<\/b><br> Une fois que vous avez configur\u00e9 votre widget, vous recevrez un code unique dans la fen\u00eatre contextuelle des applications Elfsight. Enregistrez ce code pour une utilisation ult\u00e9rieure.<\/li> <li><b>Ajoutez le widget Spinning Wheel \u00e0 votre site Webnode<\/b><br> Acc\u00e9dez \u00e0 la section dans laquelle vous souhaitez int\u00e9grer le widget, collez le code copi\u00e9, et appliquez les modifications.<\/li> <li><b>Le widget a \u00e9t\u00e9 int\u00e9gr\u00e9 avec succ\u00e8s !<\/b><br> Visitez votre site Webnode pour voir le widget en action.<\/li> <\/ul> <p>Si vous Si vous avez besoin d&rsquo;aide ou si vous avez des questions, n&rsquo;h\u00e9sitez pas \u00e0 contacter notre \u00e9quipe d&rsquo;assistance. Nous sommes toujours heureux de vous aider, en particulier pour les utilisateurs de Webnode.<\/p> <div class=\"faq\" data-component=\"FAQ\"> <div class=\"faq-item\">\r\n\t\t\t\t\t<div class=\"faq-item-question\">\r\n\t\t\t\t\t\t<h3 class=\"faq-item-question-text\">Comment puis-je ajouter le Spinning Wheel \u00e0 mon site Web Webnode sans exp\u00e9rience en codage ?<\/h3>\r\n\r\n\t\t\t\t\t\t<div class=\"faq-item-question-icon\"><\/div>\r\n\t\t\t\t\t<\/div>\r\n\r\n\t\t\t\t\t<div class=\"faq-item-answer\">\r\n\t\t\t\t\t\t<div class=\"faq-item-answer-text\"> <p>Elfsight fournit une plateforme SaaS qui vous permet de cr\u00e9er un widget Spinning Wheel sans aucune comp\u00e9tence en codage. Utilisez l&rsquo;\u00e9diteur en ligne pour configurer votre widget. Choisissez un mod\u00e8le, ajustez les param\u00e8tres, ajoutez votre contenu et personnalisez la mise en page et les couleurs. Une fois termin\u00e9, enregistrez le widget et copiez le code d&rsquo;installation pour l&rsquo;int\u00e9grer sur votre site Webnode. Aucun abonnement ni carte de cr\u00e9dit n&rsquo;est requis pour utiliser le service. Si vous rencontrez des probl\u00e8mes, notre \u00e9quipe d&rsquo;assistance technique est toujours disponible pour vous aider.<\/p> <\/div>\r\n\t\t\t\t\t<\/div>\r\n\t\t\t\t<\/div> <\/div> <\/div> ","protected":false},"excerpt":{"rendered":"","protected":false},"author":9,"featured_media":0,"parent":14227,"menu_order":0,"comment_status":"closed","ping_status":"closed","template":"templates\/template-application-platform.php","meta":{"publish_to_discourse":"","publish_post_category":"","wpdc_auto_publish_overridden":"","wpdc_topic_tags":"","wpdc_pin_topic":"","wpdc_pin_until":"","discourse_post_id":"","discourse_permalink":"","wpdc_publishing_response":"","wpdc_publishing_error":"","footnotes":""},"class_list":["post-15269","page","type-page","status-publish","hentry"],"yoast_head":"<!-- This site is optimized with the Yoast SEO plugin v25.3.1 - https:\/\/yoast.com\/wordpress\/plugins\/seo\/ -->\n<title>Widget Spinning Wheel - Int\u00e9grer Luck Spin sur le site Web [GRATUIT]<\/title>\n<meta name=\"description\" content=\"Int\u00e9grez un rouet interactif sur le site Webnode. D\u00e9couvrez toutes les fonctionnalit\u00e9s du plugin Webnode Spinning Wheel que vous pouvez ajouter au site Web.\" \/>\n<meta name=\"robots\" content=\"index, follow, max-snippet:-1, max-image-preview:large, max-video-preview:-1\" \/>\n<link rel=\"canonical\" href=\"https:\/\/elfsight.com\/fr\/spinning-wheel-widget\/webnode\/\" \/>\n<meta property=\"og:locale\" content=\"fr_FR\" \/>\n<meta property=\"og:type\" content=\"article\" \/>\n<meta property=\"og:title\" content=\"Widget Spinning Wheel - Int\u00e9grer Luck Spin sur le site Web [GRATUIT]\" \/>\n<meta property=\"og:description\" content=\"Int\u00e9grez un rouet interactif sur le site Webnode. D\u00e9couvrez toutes les fonctionnalit\u00e9s du plugin Webnode Spinning Wheel que vous pouvez ajouter au site Web.\" \/>\n<meta property=\"og:url\" content=\"https:\/\/elfsight.com\/fr\/spinning-wheel-widget\/webnode\/\" \/>\n<meta property=\"og:site_name\" content=\"Elfsight FR\" \/>\n<meta property=\"article:modified_time\" content=\"2025-07-10T13:37:12+00:00\" \/>\n<meta name=\"twitter:card\" content=\"summary_large_image\" \/>\n<meta name=\"twitter:label1\" content=\"Dur\u00e9e de lecture estim\u00e9e\" \/>\n\t<meta name=\"twitter:data1\" content=\"3 minutes\" \/>\n<!-- \/ Yoast SEO plugin. -->","yoast_head_json":{"title":"Widget Spinning Wheel - Int\u00e9grer Luck Spin sur le site Web [GRATUIT]","description":"Int\u00e9grez un rouet interactif sur le site Webnode. D\u00e9couvrez toutes les fonctionnalit\u00e9s du plugin Webnode Spinning Wheel que vous pouvez ajouter au site Web.","robots":{"index":"index","follow":"follow","max-snippet":"max-snippet:-1","max-image-preview":"max-image-preview:large","max-video-preview":"max-video-preview:-1"},"canonical":"https:\/\/elfsight.com\/fr\/spinning-wheel-widget\/webnode\/","og_locale":"fr_FR","og_type":"article","og_title":"Widget Spinning Wheel - Int\u00e9grer Luck Spin sur le site Web [GRATUIT]","og_description":"Int\u00e9grez un rouet interactif sur le site Webnode. D\u00e9couvrez toutes les fonctionnalit\u00e9s du plugin Webnode Spinning Wheel que vous pouvez ajouter au site Web.","og_url":"https:\/\/elfsight.com\/fr\/spinning-wheel-widget\/webnode\/","og_site_name":"Elfsight FR","article_modified_time":"2025-07-10T13:37:12+00:00","twitter_card":"summary_large_image","twitter_misc":{"Dur\u00e9e de lecture estim\u00e9e":"3 minutes"},"schema":{"@context":"https:\/\/schema.org","@graph":[{"@type":"WebPage","@id":"https:\/\/elfsight.com\/fr\/spinning-wheel-widget\/webnode\/","url":"https:\/\/elfsight.com\/fr\/spinning-wheel-widget\/webnode\/","name":"Widget Spinning Wheel - Int\u00e9grer Luck Spin sur le site Web [GRATUIT]","isPartOf":{"@id":"https:\/\/elfsight.com\/fr\/#website"},"datePublished":"2024-09-30T18:27:29+00:00","dateModified":"2025-07-10T13:37:12+00:00","description":"Int\u00e9grez un rouet interactif sur le site Webnode. D\u00e9couvrez toutes les fonctionnalit\u00e9s du plugin Webnode Spinning Wheel que vous pouvez ajouter au site Web.","breadcrumb":{"@id":"https:\/\/elfsight.com\/fr\/spinning-wheel-widget\/webnode\/#breadcrumb"},"inLanguage":"fr-FR","potentialAction":[{"@type":"ReadAction","target":["https:\/\/elfsight.com\/fr\/spinning-wheel-widget\/webnode\/"]}]},{"@type":"BreadcrumbList","@id":"https:\/\/elfsight.com\/fr\/spinning-wheel-widget\/webnode\/#breadcrumb","itemListElement":[{"@type":"ListItem","position":1,"name":"Home","item":"https:\/\/elfsight.com\/fr\/"},{"@type":"ListItem","position":2,"name":"Spinning Wheel","item":"https:\/\/elfsight.com\/fr\/spinning-wheel-widget\/"},{"@type":"ListItem","position":3,"name":"Spinning Wheel &#8211; Webnode"}]},{"@type":"WebSite","@id":"https:\/\/elfsight.com\/fr\/#website","url":"https:\/\/elfsight.com\/fr\/","name":"Elfsight FR","description":"","potentialAction":[{"@type":"SearchAction","target":{"@type":"EntryPoint","urlTemplate":"https:\/\/elfsight.com\/fr\/?s={search_term_string}"},"query-input":{"@type":"PropertyValueSpecification","valueRequired":true,"valueName":"search_term_string"}}],"inLanguage":"fr-FR"}]}},"meta_box":{"industry":"","seo_heading":"","heading":"","description":"","cta_heading":"","cta_description":"","application":"14222","h1":"Widget Rouet pour Webnode","h1_caption":"Boostez l'engagement et augmentez les conversions avec une roue tournante amusante pour Webnode qui offre aux visiteurs la chance de gagner des remises, des r\u00e9compenses ou d'autres incitations.","application_category":[],"applications_title":"","applications_request_title":"","applications_request_button_text":"","hero_text":"","hero_video":"","hero_video_schema_markup":"","selling_points_title":"","selling_points_caption":"","selling_points":[],"selling_points_cta_text":"","features_title":"","features":"","ed_cta_examples_text":"","ed_cta_examples_hidden":"","ed_cta_demo_text":"","ed_cta_demo_hidden":"","why_caption":"","why_editor_title":"","why_editor_text":"","why_team_title":"","why_team_text":"","why_service_title":"","why_service_text":"","template_catalog_visible":"","template_catalog_title":"","template_catalog_text":"","template_catalog_categories_visible":"","demo_title":"Cr\u00e9ez votre widget Rouet","demo_caption":"Configurez votre Spinning Wheel et ajoutez-le gratuitement \u00e0 votre site Webnode !","default_faq_hidden":"","app_template_category":[],"platform":"364","template_public_id":"","codecanyon_url":"","codecanyon_item_id":"","codecanyon_price":"","pricing_caption":"","pricing_elfsight_apps_hide_column":"","pricing_elfsight_apps_url":"","pricing_codecanyon_price_caption":"","integration_category":[],"integration_request_title":"","integration_request_cta":"","integration_platform":"","integrations":[],"platform_category":[],"video_schema_markup":"","price":"\u00e0 partir de 0$ \/ mois","trial":"","benefits":[{"text":"Aide \u00e0 l'installation gratuite"},{"text":"Assistance premium"},{"text":"Garantie de remboursement de 14 jours"},{"text":"Am\u00e9liorations gratuites et continues"}],"button_url":"#demo","button_target_blank":"","button_nofollow":"","attributes":[{"name":"Installations","content":"1,000 - 5,000"},{"name":"Sensible","content":"Oui"},{"name":"Navigateurs compatibles","content":"IE11, Firefox, Safari, Opera, Chrome, Edge"}],"tags":[],"tags_disable_links":"","hide_more_platforms":"","video_object":"","demo_hide_cta":"","demo_hide_cloud_options":"","pricing_title":"","pricing":[{"pricing_icon":"platform","pricing_title":"Elfsight Apps","pricing_title_caption":"Solution ind\u00e9pendante de la plate-forme qui fonctionne sur n'importe quel site Web","pricing_price":"\u00e0 partir de 0$ \/ mois","pricing_price_caption":"commencez avec un forfait gratuit","pricing_benefits":[{"text":"Domaines illimit\u00e9s"},{"text":"Assistance premium"},{"text":"Aide \u00e0 l'installation gratuite"}],"pricing_button_text":"Ajouter au site Web","pricing_button_url":"#demo"}],"related_apps_title":"","related_apps_hidden":"","author":"","image":[],"title":"","job":"","social_networks":[]},"_links":{"self":[{"href":"https:\/\/elfsight.com\/fr\/wp-json\/wp\/v2\/pages\/15269","targetHints":{"allow":["GET"]}}],"collection":[{"href":"https:\/\/elfsight.com\/fr\/wp-json\/wp\/v2\/pages"}],"about":[{"href":"https:\/\/elfsight.com\/fr\/wp-json\/wp\/v2\/types\/page"}],"author":[{"embeddable":true,"href":"https:\/\/elfsight.com\/fr\/wp-json\/wp\/v2\/users\/9"}],"replies":[{"embeddable":true,"href":"https:\/\/elfsight.com\/fr\/wp-json\/wp\/v2\/comments?post=15269"}],"version-history":[{"count":1,"href":"https:\/\/elfsight.com\/fr\/wp-json\/wp\/v2\/pages\/15269\/revisions"}],"predecessor-version":[{"id":15273,"href":"https:\/\/elfsight.com\/fr\/wp-json\/wp\/v2\/pages\/15269\/revisions\/15273"}],"up":[{"embeddable":true,"href":"https:\/\/elfsight.com\/fr\/wp-json\/wp\/v2\/pages\/14227"}],"wp:attachment":[{"href":"https:\/\/elfsight.com\/fr\/wp-json\/wp\/v2\/media?parent=15269"}],"curies":[{"name":"wp","href":"https:\/\/api.w.org\/{rel}","templated":true}]}}