{"id":15258,"date":"2024-07-10T17:01:08","date_gmt":"2024-07-10T17:01:08","guid":{"rendered":"https:\/\/elfsight.com\/fr\/?page_id=15258"},"modified":"2025-07-09T09:55:31","modified_gmt":"2025-07-09T09:55:31","slug":"create","status":"publish","type":"page","link":"https:\/\/elfsight.com\/fr\/appointment-booking-widget\/create\/","title":{"rendered":"Appointment Booking &#8211; Create"},"content":{"rendered":"<div class=\"faq\" data-component=\"FAQ\"><div class=\"faq\" data-component=\"FAQ\"><\/div><div class=\"faq-item\">\r\n\t\t\t\t\t<div class=\"faq-item-question\">\r\n\t\t\t\t\t\t<h3 class=\"faq-item-question-text\">Y a-t-il une possibilit\u00e9 de modifier le style du widget ?<\/h3>\r\n\r\n\t\t\t\t\t\t<div class=\"faq-item-question-icon\"><\/div>\r\n\t\t\t\t\t<\/div>\r\n\r\n\t\t\t\t\t<div class=\"faq-item-answer\">\r\n\t\t\t\t\t\t<div class=\"faq-item-answer-text\">Certainement ! Vous pouvez effectuer toutes les modifications n\u00e9cessaires dans notre \u00e9diteur en direct. Tout ce dont vous avez besoin est d&rsquo;ouvrir l&rsquo;onglet \u00ab\u00a0Conception\u00a0\u00bb et de soumettre toutes les modifications requises. Une fois que vous avez termin\u00e9, enregistrez les ajustements.<\/div>\r\n\t\t\t\t\t<\/div>\r\n\t\t\t\t<\/div><div class=\"faq-item\">\r\n\t\t\t\t\t<div class=\"faq-item-question\">\r\n\t\t\t\t\t\t<h3 class=\"faq-item-question-text\">Comment puis-je int\u00e9grer la prise de rendez-vous dans mon mod\u00e8le de site ?<\/h3>\r\n\r\n\t\t\t\t\t\t<div class=\"faq-item-question-icon\"><\/div>\r\n\t\t\t\t\t<\/div>\r\n\r\n\t\t\t\t\t<div class=\"faq-item-answer\">\r\n\t\t\t\t\t\t<div class=\"faq-item-answer-text\">Cr\u00e9ez votre outil, ajustez son style et enregistrez les r\u00e9sultats. Copiez ensuite le code de l&rsquo;outil que vous venez de fa\u00e7onner et introduisez-le dans le mod\u00e8le que vous utilisez actuellement.<\/div>\r\n\t\t\t\t\t<\/div>\r\n\t\t\t\t<\/div><div class=\"faq-item\">\r\n\t\t\t\t\t<div class=\"faq-item-question\">\r\n\t\t\t\t\t\t<h3 class=\"faq-item-question-text\">Est-ce que tous vos widgets fonctionnent avec ma plateforme de site web ?<\/h3>\r\n\r\n\t\t\t\t\t\t<div class=\"faq-item-question-icon\"><\/div>\r\n\t\t\t\t\t<\/div>\r\n\r\n\t\t\t\t\t<div class=\"faq-item-answer\">\r\n\t\t\t\t\t\t<div class=\"faq-item-answer-text\">Bien s\u00fbr ! Nos widgets sont cr\u00e9\u00e9s pour fonctionner parfaitement sur toutes les plateformes de sites Web connues, par exemple Shopify, et sur toutes les plateformes avec du HTML personnalis\u00e9 (Blogger et bien d&rsquo;autres). De plus, en supposant que vous rencontriez des difficult\u00e9s, vous \u00eates toujours invit\u00e9s \u00e0 vous adresser \u00e0 notre \u00e9quipe d&rsquo;assistance.<\/div>\r\n\t\t\t\t\t<\/div>\r\n\t\t\t\t<\/div><div class=\"faq-item\">\r\n\t\t\t\t\t<div class=\"faq-item-question\">\r\n\t\t\t\t\t\t<h3 class=\"faq-item-question-text\">Votre widget est-il r\u00e9actif sur mobile ?<\/h3>\r\n\r\n\t\t\t\t\t\t<div class=\"faq-item-question-icon\"><\/div>\r\n\t\t\t\t\t<\/div>\r\n\r\n\t\t\t\t\t<div class=\"faq-item-answer\">\r\n\t\t\t\t\t\t<div class=\"faq-item-answer-text\">S\u00fbrement\u00a0! Vous n&rsquo;avez pas \u00e0 vous soucier de son efficacit\u00e9\u00a0: nos plugins sont stables et s&rsquo;affichent de mani\u00e8re fluide sur n&rsquo;importe quel appareil que vous utilisez.<\/div>\r\n\t\t\t\t\t<\/div>\r\n\t\t\t\t<\/div><div class=\"faq-item\">\r\n\t\t\t\t\t<div class=\"faq-item-question\">\r\n\t\t\t\t\t\t<h3 class=\"faq-item-question-text\">Puis-je modifier la taille de la prise de rendez-vous ?<\/h3>\r\n\r\n\t\t\t\t\t\t<div class=\"faq-item-question-icon\"><\/div>\r\n\t\t\t\t\t<\/div>\r\n\r\n\t\t\t\t\t<div class=\"faq-item-answer\">\r\n\t\t\t\t\t\t<div class=\"faq-item-answer-text\">Oui. Il ne vous reste plus qu&rsquo;\u00e0 vous rendre dans l&rsquo;\u00e9diteur et \u00e0 modifier la largeur du plugin en pixels. Vous pouvez \u00e9galement choisir l&rsquo;opportunit\u00e9 Auto afin qu&rsquo;elle puisse s&rsquo;adapter rapidement \u00e0 l&#8217;emplacement disponible sur votre page Web.<\/div>\r\n\t\t\t\t\t<\/div>\r\n\t\t\t\t<\/div><\/div>","protected":false},"excerpt":{"rendered":"","protected":false},"author":9,"featured_media":0,"parent":15252,"menu_order":0,"comment_status":"closed","ping_status":"closed","template":"templates\/template-application-create.php","meta":{"publish_to_discourse":"","publish_post_category":"","wpdc_auto_publish_overridden":"","wpdc_topic_tags":"","wpdc_pin_topic":"","wpdc_pin_until":"","discourse_post_id":"","discourse_permalink":"","wpdc_publishing_response":"","wpdc_publishing_error":"","footnotes":""},"class_list":["post-15258","page","type-page","status-publish","hentry"],"yoast_head":"<!-- This site is optimized with the Yoast SEO plugin v25.3.1 - https:\/\/yoast.com\/wordpress\/plugins\/seo\/ -->\n<title>Cr\u00e9er un widget de prise de rendez-vous pour le site Web [gratuitement]<\/title>\n<meta name=\"description\" content=\"Cr\u00e9ez votre propre widget de prise de rendez-vous pour votre site Web \u00e0 l&#039;aide de l&#039;\u00e9diteur en ligne. C&#039;est gratuit et rapide avec Elfsight.\" \/>\n<meta name=\"robots\" content=\"index, follow, max-snippet:-1, max-image-preview:large, max-video-preview:-1\" \/>\n<link rel=\"canonical\" href=\"https:\/\/elfsight.com\/fr\/appointment-booking-widget\/create\/\" \/>\n<meta property=\"og:locale\" content=\"fr_FR\" \/>\n<meta property=\"og:type\" content=\"article\" \/>\n<meta property=\"og:title\" content=\"Cr\u00e9er un widget de prise de rendez-vous pour le site Web [gratuitement]\" \/>\n<meta property=\"og:description\" content=\"Cr\u00e9ez votre propre widget de prise de rendez-vous pour votre site Web \u00e0 l&#039;aide de l&#039;\u00e9diteur en ligne. C&#039;est gratuit et rapide avec Elfsight.\" \/>\n<meta property=\"og:url\" content=\"https:\/\/elfsight.com\/fr\/appointment-booking-widget\/create\/\" \/>\n<meta property=\"og:site_name\" content=\"Elfsight FR\" \/>\n<meta property=\"article:modified_time\" content=\"2025-07-09T09:55:31+00:00\" \/>\n<meta name=\"twitter:card\" content=\"summary_large_image\" \/>\n<meta name=\"twitter:label1\" content=\"Dur\u00e9e de lecture estim\u00e9e\" \/>\n\t<meta name=\"twitter:data1\" content=\"1 minute\" \/>\n<!-- \/ Yoast SEO plugin. -->","yoast_head_json":{"title":"Cr\u00e9er un widget de prise de rendez-vous pour le site Web [gratuitement]","description":"Cr\u00e9ez votre propre widget de prise de rendez-vous pour votre site Web \u00e0 l'aide de l'\u00e9diteur en ligne. C'est gratuit et rapide avec Elfsight.","robots":{"index":"index","follow":"follow","max-snippet":"max-snippet:-1","max-image-preview":"max-image-preview:large","max-video-preview":"max-video-preview:-1"},"canonical":"https:\/\/elfsight.com\/fr\/appointment-booking-widget\/create\/","og_locale":"fr_FR","og_type":"article","og_title":"Cr\u00e9er un widget de prise de rendez-vous pour le site Web [gratuitement]","og_description":"Cr\u00e9ez votre propre widget de prise de rendez-vous pour votre site Web \u00e0 l'aide de l'\u00e9diteur en ligne. C'est gratuit et rapide avec Elfsight.","og_url":"https:\/\/elfsight.com\/fr\/appointment-booking-widget\/create\/","og_site_name":"Elfsight FR","article_modified_time":"2025-07-09T09:55:31+00:00","twitter_card":"summary_large_image","twitter_misc":{"Dur\u00e9e de lecture estim\u00e9e":"1 minute"},"schema":{"@context":"https:\/\/schema.org","@graph":[{"@type":"WebPage","@id":"https:\/\/elfsight.com\/fr\/appointment-booking-widget\/create\/","url":"https:\/\/elfsight.com\/fr\/appointment-booking-widget\/create\/","name":"Cr\u00e9er un widget de prise de rendez-vous pour le site Web [gratuitement]","isPartOf":{"@id":"https:\/\/elfsight.com\/fr\/#website"},"datePublished":"2024-07-10T17:01:08+00:00","dateModified":"2025-07-09T09:55:31+00:00","description":"Cr\u00e9ez votre propre widget de prise de rendez-vous pour votre site Web \u00e0 l'aide de l'\u00e9diteur en ligne. C'est gratuit et rapide avec Elfsight.","breadcrumb":{"@id":"https:\/\/elfsight.com\/fr\/appointment-booking-widget\/create\/#breadcrumb"},"inLanguage":"fr-FR","potentialAction":[{"@type":"ReadAction","target":["https:\/\/elfsight.com\/fr\/appointment-booking-widget\/create\/"]}]},{"@type":"BreadcrumbList","@id":"https:\/\/elfsight.com\/fr\/appointment-booking-widget\/create\/#breadcrumb","itemListElement":[{"@type":"ListItem","position":1,"name":"Home","item":"https:\/\/elfsight.com\/fr\/"},{"@type":"ListItem","position":2,"name":"Appointment Booking","item":"https:\/\/elfsight.com\/fr\/appointment-booking-widget\/"},{"@type":"ListItem","position":3,"name":"Appointment Booking &#8211; Create"}]},{"@type":"WebSite","@id":"https:\/\/elfsight.com\/fr\/#website","url":"https:\/\/elfsight.com\/fr\/","name":"Elfsight FR","description":"","potentialAction":[{"@type":"SearchAction","target":{"@type":"EntryPoint","urlTemplate":"https:\/\/elfsight.com\/fr\/?s={search_term_string}"},"query-input":{"@type":"PropertyValueSpecification","valueRequired":true,"valueName":"search_term_string"}}],"inLanguage":"fr-FR"}]}},"meta_box":{"industry":"","seo_heading":"","heading":"","description":"","cta_heading":"","cta_description":"","application":"44110","h1":"","h1_caption":"","application_category":[],"applications_title":"","applications_request_title":"","applications_request_button_text":"","hero_text":"","hero_video":"","hero_video_schema_markup":"","selling_points_title":"","selling_points_caption":"","selling_points":[],"selling_points_cta_text":"","features_title":"","features":"","ed_cta_examples_text":"","ed_cta_examples_hidden":"","ed_cta_demo_text":"","ed_cta_demo_hidden":"","why_caption":"","why_editor_title":"","why_editor_text":"","why_team_title":"","why_team_text":"","why_service_title":"","why_service_text":"","template_catalog_visible":"","template_catalog_title":"","template_catalog_text":"","template_catalog_categories_visible":"","demo_title":"","demo_caption":"","default_faq_hidden":"","app_template_category":[],"platform":"","template_public_id":"","codecanyon_url":"","codecanyon_item_id":"","codecanyon_price":"","pricing_caption":"","pricing_elfsight_apps_hide_column":"","pricing_elfsight_apps_url":"","pricing_codecanyon_price_caption":"","integration_category":[],"integration_request_title":"","integration_request_cta":"","integration_platform":"","integrations":[],"platform_category":[],"video_schema_markup":"","price":"","trial":"","benefits":[],"button_url":"","button_target_blank":"","button_nofollow":"","attributes":[],"tags":[],"tags_disable_links":"","hide_more_platforms":"","video_object":"","demo_hide_cta":"","demo_hide_cloud_options":"","pricing_title":"","pricing":[],"related_apps_title":"","related_apps_hidden":"","author":"","image":[],"title":"","job":"","social_networks":[]},"_links":{"self":[{"href":"https:\/\/elfsight.com\/fr\/wp-json\/wp\/v2\/pages\/15258","targetHints":{"allow":["GET"]}}],"collection":[{"href":"https:\/\/elfsight.com\/fr\/wp-json\/wp\/v2\/pages"}],"about":[{"href":"https:\/\/elfsight.com\/fr\/wp-json\/wp\/v2\/types\/page"}],"author":[{"embeddable":true,"href":"https:\/\/elfsight.com\/fr\/wp-json\/wp\/v2\/users\/9"}],"replies":[{"embeddable":true,"href":"https:\/\/elfsight.com\/fr\/wp-json\/wp\/v2\/comments?post=15258"}],"version-history":[{"count":1,"href":"https:\/\/elfsight.com\/fr\/wp-json\/wp\/v2\/pages\/15258\/revisions"}],"predecessor-version":[{"id":15259,"href":"https:\/\/elfsight.com\/fr\/wp-json\/wp\/v2\/pages\/15258\/revisions\/15259"}],"up":[{"embeddable":true,"href":"https:\/\/elfsight.com\/fr\/wp-json\/wp\/v2\/pages\/15252"}],"wp:attachment":[{"href":"https:\/\/elfsight.com\/fr\/wp-json\/wp\/v2\/media?parent=15258"}],"curies":[{"name":"wp","href":"https:\/\/api.w.org\/{rel}","templated":true}]}}